{"id":9519,"date":"2025-07-17T15:41:37","date_gmt":"2025-07-17T13:41:37","guid":{"rendered":"https:\/\/dat.dk\/interline-samarbejdspartnere\/"},"modified":"2025-08-06T11:37:32","modified_gmt":"2025-08-06T09:37:32","slug":"interline-samarbeidspartnere","status":"publish","type":"page","link":"https:\/\/dat.dk\/no\/interline-samarbeidspartnere\/","title":{"rendered":"Interline \/ Samarbeidspartnere"},"content":{"rendered":"\t\t<div data-elementor-type=\"wp-page\" data-elementor-id=\"9519\" class=\"elementor elementor-9519 elementor-9507\">\n\t\t\t\t<div class=\"elementor-element elementor-element-c54a014 e-con-full e-flex e-con e-parent\" data-id=\"c54a014\" data-element_type=\"container\" data-e-type=\"container\" data-settings=\"{&quot;background_background&quot;:&quot;classic&quot;}\">\n\t\t<div class=\"elementor-element elementor-element-3816595 e-flex e-con-boxed e-con e-child\" data-id=\"3816595\" data-element_type=\"container\" data-e-type=\"container\">\n\t\t\t\t\t<div class=\"e-con-inner\">\n\t\t<div class=\"elementor-element elementor-element-e4c41e3 e-con-full e-flex e-con e-child\" data-id=\"e4c41e3\" data-element_type=\"container\" data-e-type=\"container\">\n\t\t\t\t<div class=\"elementor-element elementor-element-66225f7 elementor-widget elementor-widget-heading\" data-id=\"66225f7\" data-element_type=\"widget\" data-e-type=\"widget\" data-widget_type=\"heading.default\">\n\t\t\t\t<div class=\"elementor-widget-container\">\n\t\t\t\t\t<h1 class=\"elementor-heading-title elementor-size-default\">Interline \/ Samarbeidspartnere<\/h1>\t\t\t\t<\/div>\n\t\t\t\t<\/div>\n\t\t<div class=\"elementor-element elementor-element-8f9d4e1 e-con-full elementor-hidden-desktop e-flex e-con e-child\" data-id=\"8f9d4e1\" data-element_type=\"container\" data-e-type=\"container\" data-settings=\"{&quot;background_background&quot;:&quot;classic&quot;}\">\n\t\t\t\t<\/div>\n\t\t\t\t<div class=\"elementor-element elementor-element-91db10f elementor-widget elementor-widget-text-editor\" data-id=\"91db10f\" data-element_type=\"widget\" data-e-type=\"widget\" data-widget_type=\"text-editor.default\">\n\t\t\t\t<div class=\"elementor-widget-container\">\n\t\t\t\t\t\t\t\t\t<p><strong>Bestill hos de &laquo;store&raquo; \u2013 fly med oss<\/strong><\/p><p>DAT har interline-avtaler med SAS, Finnair, Emirates, Wider\u00f8e og Qatar Airways. Avtalene kobler v\u00e5re ruter til et st\u00f8rre nettverk fra disse flyselskapene. For DAT-passasjerer betyr dette at du kan kj\u00f8pe billetter fra\/til flyplasser hvor DAT opererer, til andre destinasjoner med SAS, Finnair, Emirates, Wider\u00f8e eller Qatar Airways. Billetten kj\u00f8pes hos det selskapet du reiser videre med.<\/p><p>For eksempel: Hvis du \u00f8nsker \u00e5 reise fra London til R\u00f8ros, tilbyr SAS en komplett forbindelse med mellomlanding i Oslo. SAS opererer den f\u00f8rste flyvningen fra London til Oslo, og DAT flyr den siste delen av reisen til R\u00f8ros. Hele reisen m\u00e5 bestilles p\u00e5 SAS\u2019 nettside.<\/p>\t\t\t\t\t\t\t\t<\/div>\n\t\t\t\t<\/div>\n\t\t\t\t<\/div>\n\t\t<div class=\"elementor-element elementor-element-e160b3f e-con-full elementor-hidden-tablet elementor-hidden-mobile e-flex e-con e-child\" data-id=\"e160b3f\" data-element_type=\"container\" data-e-type=\"container\" data-settings=\"{&quot;background_background&quot;:&quot;classic&quot;}\">\n\t\t\t\t<\/div>\n\t\t\t\t\t<\/div>\n\t\t\t\t<\/div>\n\t\t<div class=\"elementor-element elementor-element-209280a e-flex e-con-boxed e-con e-child\" data-id=\"209280a\" data-element_type=\"container\" data-e-type=\"container\">\n\t\t\t\t\t<div class=\"e-con-inner\">\n\t\t<div class=\"elementor-element elementor-element-121911a e-flex e-con-boxed e-con e-child\" data-id=\"121911a\" data-element_type=\"container\" data-e-type=\"container\" data-settings=\"{&quot;background_background&quot;:&quot;classic&quot;}\">\n\t\t\t\t\t<div class=\"e-con-inner\">\n\t\t\t\t<div class=\"elementor-element elementor-element-328c620 elementor-widget elementor-widget-heading\" data-id=\"328c620\" data-element_type=\"widget\" data-e-type=\"widget\" data-widget_type=\"heading.default\">\n\t\t\t\t<div class=\"elementor-widget-container\">\n\t\t\t\t\t<h2 class=\"elementor-heading-title elementor-size-default\">Bestill hos v\u00e5re partnere:\n<\/h2>\t\t\t\t<\/div>\n\t\t\t\t<\/div>\n\t\t<div class=\"elementor-element elementor-element-ee01ff9 e-con-full e-flex e-con e-child\" data-id=\"ee01ff9\" data-element_type=\"container\" data-e-type=\"container\">\n\t\t<a class=\"elementor-element elementor-element-c389423 e-con-full e-flex e-con e-child\" data-id=\"c389423\" data-element_type=\"container\" data-e-type=\"container\" data-settings=\"{&quot;background_background&quot;:&quot;classic&quot;}\" href=\"https:\/\/www.sas.dk\/\">\n\t\t\t\t<div class=\"elementor-element elementor-element-860dbb5 elementor-widget elementor-widget-text-editor\" data-id=\"860dbb5\" data-element_type=\"widget\" data-e-type=\"widget\" data-widget_type=\"text-editor.default\">\n\t\t\t\t<div class=\"elementor-widget-container\">\n\t\t\t\t\t\t\t\t\t<p>G\u00e5 til SAS<\/p>\t\t\t\t\t\t\t\t<\/div>\n\t\t\t\t<\/div>\n\t\t\t\t<\/a>\n\t\t<a class=\"elementor-element elementor-element-875a6f8 e-con-full e-flex e-con e-child\" data-id=\"875a6f8\" data-element_type=\"container\" data-e-type=\"container\" data-settings=\"{&quot;background_background&quot;:&quot;classic&quot;}\" href=\"https:\/\/www.finnair.com\/\">\n\t\t\t\t<div class=\"elementor-element elementor-element-c3d0ab8 elementor-widget elementor-widget-text-editor\" data-id=\"c3d0ab8\" data-element_type=\"widget\" data-e-type=\"widget\" data-widget_type=\"text-editor.default\">\n\t\t\t\t<div class=\"elementor-widget-container\">\n\t\t\t\t\t\t\t\t\t<p>G\u00e5 til Finnair<\/p>\t\t\t\t\t\t\t\t<\/div>\n\t\t\t\t<\/div>\n\t\t\t\t<\/a>\n\t\t<a class=\"elementor-element elementor-element-89ba659 e-con-full e-flex e-con e-child\" data-id=\"89ba659\" data-element_type=\"container\" data-e-type=\"container\" data-settings=\"{&quot;background_background&quot;:&quot;classic&quot;}\" href=\"https:\/\/www.emirates.com\/\">\n\t\t\t\t<div class=\"elementor-element elementor-element-8002599 elementor-widget elementor-widget-text-editor\" data-id=\"8002599\" data-element_type=\"widget\" data-e-type=\"widget\" data-widget_type=\"text-editor.default\">\n\t\t\t\t<div class=\"elementor-widget-container\">\n\t\t\t\t\t\t\t\t\t<p>G\u00e5 til Emirates<\/p>\t\t\t\t\t\t\t\t<\/div>\n\t\t\t\t<\/div>\n\t\t\t\t<\/a>\n\t\t<a class=\"elementor-element elementor-element-05cafe1 e-con-full e-flex e-con e-child\" data-id=\"05cafe1\" data-element_type=\"container\" data-e-type=\"container\" data-settings=\"{&quot;background_background&quot;:&quot;classic&quot;}\" href=\"https:\/\/wideroe.no\/\">\n\t\t\t\t<div class=\"elementor-element elementor-element-cd36d49 elementor-widget elementor-widget-text-editor\" data-id=\"cd36d49\" data-element_type=\"widget\" data-e-type=\"widget\" data-widget_type=\"text-editor.default\">\n\t\t\t\t<div class=\"elementor-widget-container\">\n\t\t\t\t\t\t\t\t\t<p>G\u00e5 til Wider\u00f8e<\/p>\t\t\t\t\t\t\t\t<\/div>\n\t\t\t\t<\/div>\n\t\t\t\t<\/a>\n\t\t<a class=\"elementor-element elementor-element-e4fdd25 e-con-full e-flex e-con e-child\" data-id=\"e4fdd25\" data-element_type=\"container\" data-e-type=\"container\" data-settings=\"{&quot;background_background&quot;:&quot;classic&quot;}\" href=\"https:\/\/www.qatarairways.com\/\">\n\t\t\t\t<div class=\"elementor-element elementor-element-1d97406 elementor-widget elementor-widget-text-editor\" data-id=\"1d97406\" data-element_type=\"widget\" data-e-type=\"widget\" data-widget_type=\"text-editor.default\">\n\t\t\t\t<div class=\"elementor-widget-container\">\n\t\t\t\t\t\t\t\t\t<p>G\u00e5 til Qatar Airways<\/p>\t\t\t\t\t\t\t\t<\/div>\n\t\t\t\t<\/div>\n\t\t\t\t<\/a>\n\t\t\t\t<\/div>\n\t\t\t\t<div class=\"elementor-element elementor-element-9b54a8c elementor-widget elementor-widget-text-editor\" data-id=\"9b54a8c\" data-element_type=\"widget\" data-e-type=\"widget\" data-widget_type=\"text-editor.default\">\n\t\t\t\t<div class=\"elementor-widget-container\">\n\t\t\t\t\t\t\t\t\t<div><b style=\"color: var( --e-global-color-text ); font-family: var( --e-global-typography-text-font-family ), Sans-serif; text-align: var(--text-align); background-color: var( --e-global-color-66edef0 );\">Billetten kan ikke bookes ved dat.dk.<\/b><\/div>\n<p>N\u00e5r en billet bookes via <a href=\"https:\/\/www.sas.dk\/\">sas.dk<\/a>, <a href=\"https:\/\/www.finnair.com\/\">finnair.com<\/a>, <a href=\"https:\/\/www.emirates.com\/\">emirates.com<\/a>, <a href=\"https:\/\/wideroe.no\/\">wider\u00f8e.no<\/a> eller <a href=\"https:\/\/www.qatarairways.com\/\">qatarairways.com<\/a> er det SAS\/Finnair\/Emirates\/Wider\u00f8e\/Qatar Airways, der st\u00e5r for prisfasts\u00e6ttelsen af billetten for hele rejsen.&nbsp; DAT fasts\u00e6tter alts\u00e5 ikke billetprisen for den del af rejsen, hvor du flyver med DAT.<\/p>\t\t\t\t\t\t\t\t<\/div>\n\t\t\t\t<\/div>\n\t\t\t\t\t<\/div>\n\t\t\t\t<\/div>\n\t\t<div class=\"elementor-element elementor-element-5a8b451 e-flex e-con-boxed e-con e-child\" data-id=\"5a8b451\" data-element_type=\"container\" data-e-type=\"container\">\n\t\t\t\t\t<div class=\"e-con-inner\">\n\t\t\t\t<div class=\"elementor-element elementor-element-e7911bc elementor-widget__width-inherit elementor-widget elementor-widget-text-editor\" data-id=\"e7911bc\" data-element_type=\"widget\" data-e-type=\"widget\" data-widget_type=\"text-editor.default\">\n\t\t\t\t<div class=\"elementor-widget-container\">\n\t\t\t\t\t\t\t\t\t<h2>Inter-hva-for-noe?<\/h2><p>En interline-avtale er en avtale mellom to flyselskaper, der selskapene har inng\u00e5tt et billettsamarbeid, og hvor de blant annet samarbeider om:<\/p><ul><li><p>Gjennomg\u00e5ende priser (\u00e9n pris hele veien, uansett antall stopp\/bytter)<\/p><\/li><li><p>Innsjekket bagasje hele veien (bagasjen sendes automatisk til din sluttdestinasjon n\u00e5r du bytter fly)<\/p><\/li><li><p>Hjelp ved driftsforstyrrelser og ufrivillige overnattinger<\/p><\/li><li><p>Full service til barn som reiser alene<\/p><\/li><\/ul><p>DAT har interline-avtaler med SAS, Finnair, Emirates, Wider\u00f8e og Qatar Airways.\u00a0<\/p>\t\t\t\t\t\t\t\t<\/div>\n\t\t\t\t<\/div>\n\t\t\t\t<div class=\"elementor-element elementor-element-68772da elementor-widget__width-inherit elementor-widget elementor-widget-text-editor\" data-id=\"68772da\" data-element_type=\"widget\" data-e-type=\"widget\" data-widget_type=\"text-editor.default\">\n\t\t\t\t<div class=\"elementor-widget-container\">\n\t\t\t\t\t\t\t\t\t<h2>Bagasjesamarbejd<\/h2><p>I tillegg til v\u00e5re interline-avtaler tilbyr DAT bagasjesamarbeid med f\u00f8lgende flyselskaper:<\/p><ul><li><p>Air Greenland<\/p><\/li><li><p>Alsie Express<\/p><\/li><li><p>Atlantic Airways<\/p><\/li><\/ul><p>N\u00e5r du reiser videre med et av disse selskapene, kan du sjekke inn bagasjen direkte til sluttm\u00e5let. Det betyr at du ikke trenger \u00e5 hente bagasjen underveis, sjekke den inn p\u00e5 nytt eller g\u00e5 gjennom sikkerhetskontrollen igjen.<\/p><p><strong>Viktig \u00e5 vite:<\/strong><br \/>Selv om det finnes bagasjesamarbeid, finnes det ikke billettsamarbeid med disse selskapene. Derfor m\u00e5 du:<\/p><ul><li><p>Kj\u00f8pe billetter separat for hver del av reisen.<\/p><\/li><li><p>Sjekke inn separat p\u00e5 de forskjellige flyplassene du reiser gjennom.<\/p><\/li><\/ul><p>Med denne l\u00f8sningen slipper du imidlertid bryderiet med bagasjen og kan heller fokusere p\u00e5 \u00e5 nyte reisen!<\/p>\t\t\t\t\t\t\t\t<\/div>\n\t\t\t\t<\/div>\n\t\t\t\t\t<\/div>\n\t\t\t\t<\/div>\n\t\t\t\t\t<\/div>\n\t\t\t\t<\/div>\n\t\t\t\t<\/div>\n\t\t\t\t<\/div>\n\t\t","protected":false},"excerpt":{"rendered":"<p>Bestill hos de &laquo;store&raquo; \u2013 fly med oss DAT har interline-avtaler med SAS, Finnair, Emirates, Wider\u00f8e og Qatar Airways. Avtalene kobler v\u00e5re ruter til et st\u00f8rre nettverk fra disse flyselskapene. For DAT-passasjerer betyr dette at du kan kj\u00f8pe billetter fra\/til flyplasser hvor DAT opererer, til andre destinasjoner med SAS, Finnair, Emirates, Wider\u00f8e eller Qatar Airways. [&hellip;]<\/p>\n","protected":false},"author":2,"featured_media":0,"parent":0,"menu_order":0,"comment_status":"closed","ping_status":"closed","template":"","meta":{"_acf_changed":false,"_seopress_robots_primary_cat":"","_seopress_titles_title":"Skal du rejse videre med et andet flyselskab?","_seopress_titles_desc":"DAT har interline- og samarbeidsavtaler med flere store flyselskaper, slik at du enkelt kan reise videre ut i verden! Les mer her.","_seopress_robots_index":"","footnotes":""},"region":[64,96,67],"class_list":["post-9519","page","type-page","status-publish","hentry","region-da","region-en","region-no"],"acf":[],"_links":{"self":[{"href":"https:\/\/dat.dk\/no\/wp-json\/wp\/v2\/pages\/9519","targetHints":{"allow":["GET"]}}],"collection":[{"href":"https:\/\/dat.dk\/no\/wp-json\/wp\/v2\/pages"}],"about":[{"href":"https:\/\/dat.dk\/no\/wp-json\/wp\/v2\/types\/page"}],"author":[{"embeddable":true,"href":"https:\/\/dat.dk\/no\/wp-json\/wp\/v2\/users\/2"}],"replies":[{"embeddable":true,"href":"https:\/\/dat.dk\/no\/wp-json\/wp\/v2\/comments?post=9519"}],"version-history":[{"count":3,"href":"https:\/\/dat.dk\/no\/wp-json\/wp\/v2\/pages\/9519\/revisions"}],"predecessor-version":[{"id":9739,"href":"https:\/\/dat.dk\/no\/wp-json\/wp\/v2\/pages\/9519\/revisions\/9739"}],"wp:attachment":[{"href":"https:\/\/dat.dk\/no\/wp-json\/wp\/v2\/media?parent=9519"}],"wp:term":[{"taxonomy":"region","embeddable":true,"href":"https:\/\/dat.dk\/no\/wp-json\/wp\/v2\/region?post=9519"}],"curies":[{"name":"wp","href":"https:\/\/api.w.org\/{rel}","templated":true}]}}