{"id":8812,"date":"2025-05-13T13:47:12","date_gmt":"2025-05-13T11:47:12","guid":{"rendered":"https:\/\/dat.dk\/grupperejser\/"},"modified":"2025-08-06T11:14:25","modified_gmt":"2025-08-06T09:14:25","slug":"gruppereiser","status":"publish","type":"page","link":"https:\/\/dat.dk\/no\/gruppereiser\/","title":{"rendered":"Gruppereiser"},"content":{"rendered":"\t\t<div data-elementor-type=\"wp-page\" data-elementor-id=\"8812\" class=\"elementor elementor-8812 elementor-8806\">\n\t\t\t\t<div class=\"elementor-element elementor-element-81d7238 e-flex e-con-boxed e-con e-parent\" data-id=\"81d7238\" data-element_type=\"container\" data-e-type=\"container\">\n\t\t\t\t\t<div class=\"e-con-inner\">\n\t\t\t\t<div class=\"elementor-element elementor-element-9c11f37 elementor-widget elementor-widget-text-editor\" data-id=\"9c11f37\" data-element_type=\"widget\" data-e-type=\"widget\" data-widget_type=\"text-editor.default\">\n\t\t\t\t<div class=\"elementor-widget-container\">\n\t\t\t\t\t\t\t\t\t<p>Skal dere mange avg\u00e5rde p\u00e5 reise mot nye opplevelser? Hvis dere er en gruppe p\u00e5 minimum 10 personer som reiser samlet, kan dere oppn\u00e5 gunstige priser.<\/p>\n<p><strong>Fordeler med gruppebestillinger<\/strong><\/p>\n<p>N\u00e5r man reiser i st\u00f8rre grupper, har man ofte behov for mer fleksibilitet. Derfor er det enklere \u00e5 endre navn p\u00e5 de reisende og ombooke dato og tid for reisen. Det gj\u00f8r reiseplanleggingen litt mer fleksibel.<\/p>\n<p>I tillegg gir vi gode priser til grupper.<\/p>\n<p><strong>Forventet svartid p\u00e5 gruppeforesp\u00f8rsler:<\/strong> 1 uke \/ 7 arbeidsdager<\/p>\t\t\t\t\t\t\t\t<\/div>\n\t\t\t\t<\/div>\n\t\t\t\t<div class=\"elementor-element elementor-element-f4cf379 elementor-widget elementor-widget-wp-widget-fs_wp_widget\" data-id=\"f4cf379\" data-element_type=\"widget\" data-e-type=\"widget\" data-widget_type=\"wp-widget-fs_wp_widget.default\">\n\t\t\t\t<div class=\"elementor-widget-container\">\n\t\t\t\t\t<div class=\"jupiterx-widget widget_fs_wp_widget\"><div class=\"jupiterx-widget-content\">\n\t\t<div class=\"fs_wp_sidebar\">\n\t\t\t<script type=\"text\/javascript\" src=\"https:\/\/www.formstack.com\/forms\/js.php?2971569-WrC2XxNhlS\"><\/script>\n\t\t\t<noscript>\n\t\t\t\t<a href=\"https:\/\/www.formstack.com\/forms\/?2971569-WrC2XxNhlS\" title=\"Online Form\">Online Form<\/a>\n\t\t\t<\/noscript>\n\t\t\t\t\t<\/div>\n\t<\/div><\/div>\t\t\t\t<\/div>\n\t\t\t\t<\/div>\n\t\t\t\t\t<\/div>\n\t\t\t\t<\/div>\n\t\t\t\t<\/div>\n\t\t","protected":false},"excerpt":{"rendered":"<p>Skal dere mange avg\u00e5rde p\u00e5 reise mot nye opplevelser? Hvis dere er en gruppe p\u00e5 minimum 10 personer som reiser samlet, kan dere oppn\u00e5 gunstige priser. Fordeler med gruppebestillinger N\u00e5r man reiser i st\u00f8rre grupper, har man ofte behov for mer fleksibilitet. Derfor er det enklere \u00e5 endre navn p\u00e5 de reisende og ombooke dato [&hellip;]<\/p>\n","protected":false},"author":2,"featured_media":0,"parent":0,"menu_order":0,"comment_status":"closed","ping_status":"closed","template":"","meta":{"_acf_changed":false,"_seopress_robots_primary_cat":"","_seopress_titles_title":"Gruppereiser","_seopress_titles_desc":"Er dere en st\u00f8rre gruppe som skal ut og reise? DAT tilbyr spesielt gunstige priser til grupper p\u00e5 mer enn 10 personer. Les mer her!","_seopress_robots_index":"","footnotes":""},"region":[64,96],"class_list":["post-8812","page","type-page","status-publish","hentry","region-da","region-en"],"acf":[],"_links":{"self":[{"href":"https:\/\/dat.dk\/no\/wp-json\/wp\/v2\/pages\/8812","targetHints":{"allow":["GET"]}}],"collection":[{"href":"https:\/\/dat.dk\/no\/wp-json\/wp\/v2\/pages"}],"about":[{"href":"https:\/\/dat.dk\/no\/wp-json\/wp\/v2\/types\/page"}],"author":[{"embeddable":true,"href":"https:\/\/dat.dk\/no\/wp-json\/wp\/v2\/users\/2"}],"replies":[{"embeddable":true,"href":"https:\/\/dat.dk\/no\/wp-json\/wp\/v2\/comments?post=8812"}],"version-history":[{"count":3,"href":"https:\/\/dat.dk\/no\/wp-json\/wp\/v2\/pages\/8812\/revisions"}],"predecessor-version":[{"id":9733,"href":"https:\/\/dat.dk\/no\/wp-json\/wp\/v2\/pages\/8812\/revisions\/9733"}],"wp:attachment":[{"href":"https:\/\/dat.dk\/no\/wp-json\/wp\/v2\/media?parent=8812"}],"wp:term":[{"taxonomy":"region","embeddable":true,"href":"https:\/\/dat.dk\/no\/wp-json\/wp\/v2\/region?post=8812"}],"curies":[{"name":"wp","href":"https:\/\/api.w.org\/{rel}","templated":true}]}}