{"id":8759,"date":"2024-08-16T09:53:05","date_gmt":"2024-08-16T07:53:05","guid":{"rendered":"https:\/\/dat.dk\/domestic-transfer\/"},"modified":"2025-08-06T11:12:50","modified_gmt":"2025-08-06T09:12:50","slug":"domestic-transfer","status":"publish","type":"page","link":"https:\/\/dat.dk\/no\/domestic-transfer\/","title":{"rendered":"Domestic Transfer"},"content":{"rendered":"\t\t<div data-elementor-type=\"wp-page\" data-elementor-id=\"8759\" class=\"elementor elementor-8759 elementor-5634\">\n\t\t\t\t<div class=\"elementor-element elementor-element-838e7f5 e-flex e-con-boxed e-con e-parent\" data-id=\"838e7f5\" data-element_type=\"container\" data-e-type=\"container\">\n\t\t\t\t\t<div class=\"e-con-inner\">\n\t\t\t\t<div class=\"elementor-element elementor-element-44d2e00 elementor-widget elementor-widget-text-editor\" data-id=\"44d2e00\" data-element_type=\"widget\" data-e-type=\"widget\" data-widget_type=\"text-editor.default\">\n\t\t\t\t<div class=\"elementor-widget-container\">\n\t\t\t\t\t\t\t\t\t<p>Det er gode nyheter for deg som kommer til Oslo fra utlandet med SAS, Wider\u00f8e eller Atlantic Airways og reiser innenlands med DAT.<\/p><p>Det er n\u00e5 mulig \u00e5 benytte Domestic Transfer, noe som betyr at du ikke lenger trenger \u00e5 hente bagasjen din p\u00e5 Oslo lufthavn. Bagasjen din blir sendt direkte til din endelige destinasjon. For \u00e5 benytte Domestic Transfer ved ankomst Oslo, m\u00e5 du s\u00f8rge for at bagasjen er merket helt frem til din endelige destinasjon og benytte kanalen ved gate D2 i Oslo tollstasjon &#8211; bare f\u00f8lg skiltene for Domestic Transfer\/Transfer innland.<\/p><p>Sjekk ut v\u00e5rt utvidede rutenett her.<\/p>\t\t\t\t\t\t\t\t<\/div>\n\t\t\t\t<\/div>\n\t\t\t\t<div class=\"elementor-element elementor-element-465fb19 elementor-widget elementor-widget-image\" data-id=\"465fb19\" data-element_type=\"widget\" data-e-type=\"widget\" data-widget_type=\"image.default\">\n\t\t\t\t<div class=\"elementor-widget-container\">\n\t\t\t\t\t\t\t\t\t\t\t\t\t\t\t<img alt=\"\" fetchpriority=\"high\" decoding=\"async\" width=\"768\" height=\"848\" src=\"https:\/\/dat.dk\/wp-content\/uploads\/2024\/08\/DAT_Norway_map_2024Q3-768x848.png\" class=\"attachment-medium_large size-medium_large wp-image-5640\" alt=\"\" srcset=\"https:\/\/dat.dk\/wp-content\/uploads\/2024\/08\/DAT_Norway_map_2024Q3-768x848.png 768w, https:\/\/dat.dk\/wp-content\/uploads\/2024\/08\/DAT_Norway_map_2024Q3-272x300.png 272w, https:\/\/dat.dk\/wp-content\/uploads\/2024\/08\/DAT_Norway_map_2024Q3-928x1024.png 928w, https:\/\/dat.dk\/wp-content\/uploads\/2024\/08\/DAT_Norway_map_2024Q3-1392x1536.png 1392w, https:\/\/dat.dk\/wp-content\/uploads\/2024\/08\/DAT_Norway_map_2024Q3-1856x2048.png 1856w, https:\/\/dat.dk\/wp-content\/uploads\/2024\/08\/DAT_Norway_map_2024Q3-181x200.png 181w\" sizes=\"(max-width: 768px) 100vw, 768px\" \/>\t\t\t\t\t\t\t\t\t\t\t\t\t\t\t<\/div>\n\t\t\t\t<\/div>\n\t\t\t\t<div class=\"elementor-element elementor-element-e3e789c elementor-widget elementor-widget-text-editor\" data-id=\"e3e789c\" data-element_type=\"widget\" data-e-type=\"widget\" data-widget_type=\"text-editor.default\">\n\t\t\t\t<div class=\"elementor-widget-container\">\n\t\t\t\t\t\t\t\t\t<p><em>&laquo;Vi er sv\u00e6rt glade for denne betydelige forenklingen for v\u00e5re passasjerer, som gj\u00f8r reisen smidigere&raquo;, <\/em>sier Robert Rungholm, kommersiell direkt\u00f8r i DAT, og fortsetter: <em>&laquo;Vi har lenge hatt s\u00e5kalte interline-avtaler med v\u00e5re kolleger som forbinder Norge med andre land, men n\u00e5 kan v\u00e5re passasjerer f\u00e5 alle fordelene av denne avtalen.&raquo;<\/em><\/p><p>Ha en fin reise!<\/p>\t\t\t\t\t\t\t\t<\/div>\n\t\t\t\t<\/div>\n\t\t\t\t\t<\/div>\n\t\t\t\t<\/div>\n\t\t\t\t<\/div>\n\t\t","protected":false},"excerpt":{"rendered":"<p>Det er gode nyheter for deg som kommer til Oslo fra utlandet med SAS, Wider\u00f8e eller Atlantic Airways og reiser innenlands med DAT. Det er n\u00e5 mulig \u00e5 benytte Domestic Transfer, noe som betyr at du ikke lenger trenger \u00e5 hente bagasjen din p\u00e5 Oslo lufthavn. Bagasjen din blir sendt direkte til din endelige destinasjon. [&hellip;]<\/p>\n","protected":false},"author":2,"featured_media":0,"parent":0,"menu_order":0,"comment_status":"closed","ping_status":"closed","template":"","meta":{"_acf_changed":false,"_seopress_robots_primary_cat":"","_seopress_titles_title":"Domestic Transfer","_seopress_titles_desc":"Ankommer du til Oslo med SAS, Wider\u00f8e eller Atlantic Airways? Da kan du bruke Domestic Transfer og g\u00e5 direkte til din innenriksavgang med DAT!","_seopress_robots_index":"","footnotes":""},"region":[67],"class_list":["post-8759","page","type-page","status-publish","hentry","region-no"],"acf":[],"_links":{"self":[{"href":"https:\/\/dat.dk\/no\/wp-json\/wp\/v2\/pages\/8759","targetHints":{"allow":["GET"]}}],"collection":[{"href":"https:\/\/dat.dk\/no\/wp-json\/wp\/v2\/pages"}],"about":[{"href":"https:\/\/dat.dk\/no\/wp-json\/wp\/v2\/types\/page"}],"author":[{"embeddable":true,"href":"https:\/\/dat.dk\/no\/wp-json\/wp\/v2\/users\/2"}],"replies":[{"embeddable":true,"href":"https:\/\/dat.dk\/no\/wp-json\/wp\/v2\/comments?post=8759"}],"version-history":[{"count":1,"href":"https:\/\/dat.dk\/no\/wp-json\/wp\/v2\/pages\/8759\/revisions"}],"predecessor-version":[{"id":9732,"href":"https:\/\/dat.dk\/no\/wp-json\/wp\/v2\/pages\/8759\/revisions\/9732"}],"wp:attachment":[{"href":"https:\/\/dat.dk\/no\/wp-json\/wp\/v2\/media?parent=8759"}],"wp:term":[{"taxonomy":"region","embeddable":true,"href":"https:\/\/dat.dk\/no\/wp-json\/wp\/v2\/region?post=8759"}],"curies":[{"name":"wp","href":"https:\/\/api.w.org\/{rel}","templated":true}]}}