{"id":8692,"date":"2024-01-25T14:36:31","date_gmt":"2024-01-25T12:36:31","guid":{"rendered":"https:\/\/dat.dk\/rejseinfo\/hittegods\/"},"modified":"2025-08-06T11:53:14","modified_gmt":"2025-08-06T09:53:14","slug":"hittegods","status":"publish","type":"page","link":"https:\/\/dat.dk\/no\/reiseinfo\/hittegods\/","title":{"rendered":"Hittegods\/glemte saker"},"content":{"rendered":"\t\t<div data-elementor-type=\"wp-page\" data-elementor-id=\"8692\" class=\"elementor elementor-8692 elementor-410\">\n\t\t\t\t<div class=\"elementor-element elementor-element-acf3c6d e-flex e-con-boxed e-con e-parent\" data-id=\"acf3c6d\" data-element_type=\"container\" data-e-type=\"container\">\n\t\t\t\t\t<div class=\"e-con-inner\">\n\t\t\t\t<div class=\"elementor-element elementor-element-c365ea2 elementor-widget elementor-widget-text-editor\" data-id=\"c365ea2\" data-element_type=\"widget\" data-e-type=\"widget\" data-widget_type=\"text-editor.default\">\n\t\t\t\t<div class=\"elementor-widget-container\">\n\t\t\t\t\t\t\t\t\t<h3>Har du mistet eller glemt noe?<\/h3><p>N\u00e5r du er p\u00e5 vei p\u00e5 ferie eller til et viktig m\u00f8te, kan tankene dine v\u00e6re et helt annet sted. I slike tilfeller er det lett \u00e5 miste eller glemme noe p\u00e5 flyplassen eller i flyet. Skjer det, kan du alltid henvende deg i enten avgangs- eller ankomstflyplassen, hvor tapte gjenstander blir registrert.<\/p>\t\t\t\t\t\t\t\t<\/div>\n\t\t\t\t<\/div>\n\t\t<div class=\"elementor-element elementor-element-4e61bc7 e-flex e-con-boxed e-con e-child\" data-id=\"4e61bc7\" data-element_type=\"container\" data-e-type=\"container\" data-settings=\"{&quot;background_background&quot;:&quot;classic&quot;}\">\n\t\t\t\t\t<div class=\"e-con-inner\">\n\t\t\t\t<div class=\"elementor-element elementor-element-0b1c9fa elementor-hidden-mobile elementor-widget elementor-widget-raven-icon\" data-id=\"0b1c9fa\" data-element_type=\"widget\" data-e-type=\"widget\" data-widget_type=\"raven-icon.default\">\n\t\t\t\t<div class=\"elementor-widget-container\">\n\t\t\t\t\t\t\t<div class=\"raven-icon-wrapper\">\n\t\t\t<div class=\"raven-icon\">\n\t\t\t\t<svg aria-hidden=\"true\" class=\"e-font-icon-svg e-fas-exclamation\" viewBox=\"0 0 192 512\" xmlns=\"http:\/\/www.w3.org\/2000\/svg\"><path d=\"M176 432c0 44.112-35.888 80-80 80s-80-35.888-80-80 35.888-80 80-80 80 35.888 80 80zM25.26 25.199l13.6 272C39.499 309.972 50.041 320 62.83 320h66.34c12.789 0 23.331-10.028 23.97-22.801l13.6-272C167.425 11.49 156.496 0 142.77 0H49.23C35.504 0 24.575 11.49 25.26 25.199z\"><\/path><\/svg>\t\t\t<\/div>\n\t\t<\/div>\n\t\t\t\t\t\t<\/div>\n\t\t\t\t<\/div>\n\t\t\t\t<div class=\"elementor-element elementor-element-0b45dce elementor-widget elementor-widget-text-editor\" data-id=\"0b45dce\" data-element_type=\"widget\" data-e-type=\"widget\" data-widget_type=\"text-editor.default\">\n\t\t\t\t<div class=\"elementor-widget-container\">\n\t\t\t\t\t\t\t\t\t<p><strong>Tips<\/strong>: Sjek jevnlig om du har alt med deg i h\u00e5ndvesken og i lommene \u2013 for eksempel etter sikkerhetskontrollen eller n\u00e5r du g\u00e5r videre etter \u00e5 ha sittet et sted over lengre tid.<\/p>\t\t\t\t\t\t\t\t<\/div>\n\t\t\t\t<\/div>\n\t\t\t\t\t<\/div>\n\t\t\t\t<\/div>\n\t\t<div class=\"elementor-element elementor-element-868a549 e-con-full e-flex e-con e-child\" data-id=\"868a549\" data-element_type=\"container\" data-e-type=\"container\">\n\t\t<div class=\"elementor-element elementor-element-df2090e e-con-full e-flex e-con e-child\" data-id=\"df2090e\" data-element_type=\"container\" data-e-type=\"container\">\n\t\t\t\t<div class=\"elementor-element elementor-element-d317a01 elementor-widget elementor-widget-raven-button\" data-id=\"d317a01\" data-element_type=\"widget\" data-e-type=\"widget\" data-settings=\"{&quot;turn_to_popup_action_button&quot;:&quot;no&quot;}\" data-widget_type=\"raven-button.default\">\n\t\t\t\t<div class=\"elementor-widget-container\">\n\t\t\t\t\t\t\t<div class=\"raven-widget-wrapper\">\n\t\t\t<a class=\"raven-button raven-button-widget-normal-effect-none  raven-button-text-align-center raven-button-link elementor-animation-none\" href=\"https:\/\/dat.dk\/no\/reiseinformasjon\/bagasje\/#delayed-luggage\">\t\t\t\t<div class=\"raven-button-overlay\" ><\/div>\n\t\t\t\t<span class=\"raven-button-content\">\n\t\t\t\t\t\n\t\t\t\t\t<div class=\"button-text-container\">\n\t\t\t\t\t\t\t\t\t\t\t\t<div class=\"raven-button-texts-wrapper\">\n\t\t\t\t\t\t\t<div class=\"button-text\">\n\t\t\t\t\t\t\t\t<span class=\"raven-button-text\">\n\t\t\t\t\t\t\t\t\tHar bagasjen din blitt borte?\t\t\t\t\t\t\t\t<\/span>\n\t\t\t\t\t\t\t<\/div>\n\t\t\t\t\t\t\t\t\t\t\t\t\t<\/div>\n\t\t\t\t\t\t\t\t\t\t\t<\/div>\n\t\t\t\t\t\n\t\t\t\t\t\t\t\t\t<\/span>\n\t\t\t<\/a>\t\t<\/div>\n\t\t\t\t\t\t<\/div>\n\t\t\t\t<\/div>\n\t\t\t\t<\/div>\n\t\t<div class=\"elementor-element elementor-element-bdc5710 e-con-full e-flex e-con e-child\" data-id=\"bdc5710\" data-element_type=\"container\" data-e-type=\"container\">\n\t\t\t\t<\/div>\n\t\t\t\t<\/div>\n\t\t\t\t\t<\/div>\n\t\t\t\t<\/div>\n\t\t\t\t<\/div>\n\t\t","protected":false},"excerpt":{"rendered":"<p>Har du mistet eller glemt noe? N\u00e5r du er p\u00e5 vei p\u00e5 ferie eller til et viktig m\u00f8te, kan tankene dine v\u00e6re et helt annet sted. I slike tilfeller er det lett \u00e5 miste eller glemme noe p\u00e5 flyplassen eller i flyet. Skjer det, kan du alltid henvende deg i enten avgangs- eller ankomstflyplassen, hvor [&hellip;]<\/p>\n","protected":false},"author":2,"featured_media":0,"parent":8688,"menu_order":0,"comment_status":"closed","ping_status":"closed","template":"","meta":{"_acf_changed":false,"_seopress_robots_primary_cat":"","_seopress_titles_title":"Glemte du noe p\u00e5 flyplassen eller om bord p\u00e5 flyet?","_seopress_titles_desc":"Da skal du alltid henvende deg i enten avgangs- eller ankomstflyplassen, hvor tapte gjenstander registreres. Les mer her.","_seopress_robots_index":"","footnotes":""},"region":[64,96,67],"class_list":["post-8692","page","type-page","status-publish","hentry","region-da","region-en","region-no"],"acf":[],"_links":{"self":[{"href":"https:\/\/dat.dk\/no\/wp-json\/wp\/v2\/pages\/8692","targetHints":{"allow":["GET"]}}],"collection":[{"href":"https:\/\/dat.dk\/no\/wp-json\/wp\/v2\/pages"}],"about":[{"href":"https:\/\/dat.dk\/no\/wp-json\/wp\/v2\/types\/page"}],"author":[{"embeddable":true,"href":"https:\/\/dat.dk\/no\/wp-json\/wp\/v2\/users\/2"}],"replies":[{"embeddable":true,"href":"https:\/\/dat.dk\/no\/wp-json\/wp\/v2\/comments?post=8692"}],"version-history":[{"count":3,"href":"https:\/\/dat.dk\/no\/wp-json\/wp\/v2\/pages\/8692\/revisions"}],"predecessor-version":[{"id":9753,"href":"https:\/\/dat.dk\/no\/wp-json\/wp\/v2\/pages\/8692\/revisions\/9753"}],"up":[{"embeddable":true,"href":"https:\/\/dat.dk\/no\/wp-json\/wp\/v2\/pages\/8688"}],"wp:attachment":[{"href":"https:\/\/dat.dk\/no\/wp-json\/wp\/v2\/media?parent=8692"}],"wp:term":[{"taxonomy":"region","embeddable":true,"href":"https:\/\/dat.dk\/no\/wp-json\/wp\/v2\/region?post=8692"}],"curies":[{"name":"wp","href":"https:\/\/api.w.org\/{rel}","templated":true}]}}