{"id":8689,"date":"2024-01-25T11:54:45","date_gmt":"2024-01-25T09:54:45","guid":{"rendered":"https:\/\/dat.dk\/rejseinfo\/dyr\/"},"modified":"2025-08-06T11:46:56","modified_gmt":"2025-08-06T09:46:56","slug":"dyr","status":"publish","type":"page","link":"https:\/\/dat.dk\/no\/reiseinfo\/dyr\/","title":{"rendered":"Dyr"},"content":{"rendered":"\t\t<div data-elementor-type=\"wp-page\" data-elementor-id=\"8689\" class=\"elementor elementor-8689 elementor-366\">\n\t\t\t\t<div class=\"elementor-element elementor-element-c13d7ec e-con-full e-flex e-con e-parent\" data-id=\"c13d7ec\" data-element_type=\"container\" data-e-type=\"container\">\n\t\t<div class=\"elementor-element elementor-element-0f66c4c e-flex e-con-boxed e-con e-child\" data-id=\"0f66c4c\" data-element_type=\"container\" data-e-type=\"container\">\n\t\t\t\t\t<div class=\"e-con-inner\">\n\t\t\t\t<div class=\"elementor-element elementor-element-16f2c49 elementor-widget elementor-widget-text-editor\" data-id=\"16f2c49\" data-element_type=\"widget\" data-e-type=\"widget\" data-widget_type=\"text-editor.default\">\n\t\t\t\t<div class=\"elementor-widget-container\">\n\t\t\t\t\t\t\t\t\t<h3>Kan jeg ta med kj\u00e6ledyr p\u00e5 reisen?<\/h3><p>Kj\u00e6ledyr er ogs\u00e5 hjertelig velkomne om bord p\u00e5 DAT, men v\u00e6r oppmerksom p\u00e5 f\u00f8lgende regler f\u00f8r du reiser.<\/p>\t\t\t\t\t\t\t\t<\/div>\n\t\t\t\t<\/div>\n\t\t\t\t<div class=\"elementor-element elementor-element-f2dc0e9 elementor-widget elementor-widget-raven-advanced-accordion\" data-id=\"f2dc0e9\" data-element_type=\"widget\" data-e-type=\"widget\" data-settings=\"{&quot;scroll_to_content&quot;:&quot;false&quot;}\" data-widget_type=\"raven-advanced-accordion.default\">\n\t\t\t\t<div class=\"elementor-widget-container\">\n\t\t\t\t\t\t\t\t<div id=\"jupiterx-advanced-accordion-wrapper\" class=\"jupiterx-advanced-accordion-wrapper\">\n\t\t\t\t<div class=\"jupiterx-advanced-accordion-inner-wrapper\">\n\t\t\t\t\t\t\t\t\t\t\t\t\t\t<div class=\"jupiterx-single-advanced-accordion-wrapper  jx-ac-first  jx-ac-active\" id=\"\" >\n\t\t\t\t<div class=\"jx-single-accordion-header\">\n\t\t\t\t\t<div class=\"jx-single-accordion-header-left\">\n\t\t\t\t\t\t<div class=\"jx-single-accordion-header-icon-toggle-wrapper jx-single-accordion-header-icon-toggle-wrapper-hide\" >\n\t\t\t\t\t\t\t\t\t\t\t\t\t<\/div>\n\t\t\t\t\t\t<span class=\"jx-ac-title\">Kj\u00e6ledyr i kabinen<\/span>\t\t\t\t\t<\/div>\n\t\t\t\t\t<div class=\"jx-single-accordion-header-right\">\n\t\t\t\t\t\t<i aria-hidden=\"true\" class=\"jx-ac-icon-body-closed jx-ac-toggle-icon fas fa-chevron-right\"><\/i><i aria-hidden=\"true\" class=\"jx-ac-icon-body-opened jx-ac-toggle-icon fas fa-chevron-down\"><\/i>\t\t\t\t\t<\/div>\n\t\t\t\t<\/div>\n\t\t\t\t<div class=\"jx-single-accordion-body  jx-ac-body-block\">\n\t\t\t\t\t<div class=\"jx-ac-content\">\n\t\t\t\t\t\t<div class=\"jx-ac-content-inner-wrapper\">\n\t\t\t\t\t\t\t<div class=\"jupiterx-ac-content-is-editor\"><ul><li>Reisende m\u00e5 kj\u00f8pe en gyldig flybillett for kj\u00e6ledyret sitt.<\/li><li>F\u00f8rerhunder, servicehunder og politihunder kan medbringes kostnadsfritt.<\/li><li>Kj\u00e6ledyret ditt m\u00e5 reise i en myk koffert som er vanntett i bunnen eller en v\u00e6sketett reiseveske som kan lukkes helt igjen. DAT foretrekker den tillatte \u00abSherpa Bag\u00bb.<\/li><li>Kj\u00e6ledyr (inkl. kasse\/veske) m\u00e5 maksimalt veie 8 kg.<\/li><li>Dimensjonene for h\u00e5ndbagasje m\u00e5 overholdes.<\/li><li>Ta med alle n\u00f8dvendige dokumenter (eksport-\/import- og transitteringstillatelser\/helse- og vaksinasjonsattester) og gj\u00f8r eventuelle andre n\u00f8dvendige forberedelser (f.eks. karantene-\/veterin\u00e6rm\u00f8te ved ankomst).<\/li><li>DAT vurderer om kj\u00e6ledyret kan v\u00e6re til sjenanse for passasjerer med f.eks. astmatiske reaksjoner\/allergi.<\/li><li>Kapteinen har myndighet til b\u00e5de \u00e5 godkjenne og avvise dyr til transport.<\/li><li>DAT aksepterer kun hund, katt og tamkanin (som ikke er gnagere).<\/li><\/ul><p>Reiser du med hund eller katt? Kj\u00f8p dette som en ekstra tjeneste n\u00e5r du bestiller billetten din.<\/p><\/div>\t\t\t\t\t\t<\/div>\n\t\t\t\t\t<\/div>\n\t\t\t\t<\/div>\n\t\t\t<\/div>\n\t\t\t\t\t\t\t\t\t\t\t\t\t\t\t\t<div class=\"jupiterx-single-advanced-accordion-wrapper  jx-ac-active\" id=\"\" >\n\t\t\t\t<div class=\"jx-single-accordion-header\">\n\t\t\t\t\t<div class=\"jx-single-accordion-header-left\">\n\t\t\t\t\t\t<div class=\"jx-single-accordion-header-icon-toggle-wrapper jx-single-accordion-header-icon-toggle-wrapper-hide\" >\n\t\t\t\t\t\t\t\t\t\t\t\t\t<\/div>\n\t\t\t\t\t\t<span class=\"jx-ac-title\">Dyr i lasterommet<\/span>\t\t\t\t\t<\/div>\n\t\t\t\t\t<div class=\"jx-single-accordion-header-right\">\n\t\t\t\t\t\t<i aria-hidden=\"true\" class=\"jx-ac-icon-body-closed jx-ac-toggle-icon fas fa-chevron-right\"><\/i><i aria-hidden=\"true\" class=\"jx-ac-icon-body-opened jx-ac-toggle-icon fas fa-chevron-down\"><\/i>\t\t\t\t\t<\/div>\n\t\t\t\t<\/div>\n\t\t\t\t<div class=\"jx-single-accordion-body  jx-ac-body-block\">\n\t\t\t\t\t<div class=\"jx-ac-content\">\n\t\t\t\t\t\t<div class=\"jx-ac-content-inner-wrapper\">\n\t\t\t\t\t\t\t<div class=\"jupiterx-ac-content-is-editor\"><ul><li>Du m\u00e5 alltid be om tillatelse til \u00e5 ta med kj\u00e6ledyret ditt p\u00e5 reisen p\u00e5 forh\u00e5nd via v\u00e5r kundeservice.<\/li><li>Du m\u00e5 ta med en s\u00e5kalt IATA-godkjent transportkasse for kj\u00e6ledyr for \u00e5 sikre en trygg og komfortabel transport av kj\u00e6ledyret ditt. Den m\u00e5 v\u00e6re vanntett og ha en vannabsorberende matte i bunnen som passer til st\u00f8rrelsen p\u00e5 kassen. I tillegg skal dyret kunne st\u00e5 oppreist, snu seg rundt og legge seg ned komfortabelt.<\/li><li>NB! St\u00e5lkasser med netting er ikke tillatt.<\/li><li>Reisende med dyr m\u00e5 medbringe alle n\u00f8dvendige dokumenter (eksport-\/import-\/transitteringstillatelser\/helse- og vaksinasjonsattester) og gj\u00f8re andre n\u00f8dvendige forberedelser (karantene-\/veterin\u00e6rm\u00f8te ved ankomst).<\/li><li>2 dyr (maks. 14 kg per dyr) er tillatt i samme container hvis dyrene er vant til \u00e5 v\u00e6re sammen.<\/li><li>Dyr som er under 6 m\u00e5neder gamle og fra samme kull kan transporteres i samme transportboks. Det kan imidlertid maksimalt v\u00e6re 3 dyr i hver boks.<\/li><li>DAT tar kun imot hunder, katter og tamkaniner (som ikke er gnagere).<\/li><\/ul><\/div>\t\t\t\t\t\t<\/div>\n\t\t\t\t\t<\/div>\n\t\t\t\t<\/div>\n\t\t\t<\/div>\n\t\t\t\t\t\t\t\t\t\t\t\t\t\t\t\t<div class=\"jupiterx-single-advanced-accordion-wrapper  jx-ac-last  jx-ac-active\" id=\"\" >\n\t\t\t\t<div class=\"jx-single-accordion-header\">\n\t\t\t\t\t<div class=\"jx-single-accordion-header-left\">\n\t\t\t\t\t\t<div class=\"jx-single-accordion-header-icon-toggle-wrapper jx-single-accordion-header-icon-toggle-wrapper-hide\" >\n\t\t\t\t\t\t\t\t\t\t\t\t\t<\/div>\n\t\t\t\t\t\t<span class=\"jx-ac-title\">I tillegg gjelder alltid f\u00f8lgende regler<\/span>\t\t\t\t\t<\/div>\n\t\t\t\t\t<div class=\"jx-single-accordion-header-right\">\n\t\t\t\t\t\t<i aria-hidden=\"true\" class=\"jx-ac-icon-body-closed jx-ac-toggle-icon fas fa-chevron-right\"><\/i><i aria-hidden=\"true\" class=\"jx-ac-icon-body-opened jx-ac-toggle-icon fas fa-chevron-down\"><\/i>\t\t\t\t\t<\/div>\n\t\t\t\t<\/div>\n\t\t\t\t<div class=\"jx-single-accordion-body  jx-ac-body-block\">\n\t\t\t\t\t<div class=\"jx-ac-content\">\n\t\t\t\t\t\t<div class=\"jx-ac-content-inner-wrapper\">\n\t\t\t\t\t\t\t<div class=\"jupiterx-ac-content-is-editor\"><ul><li>DAT p\u00e5tar seg ikke noe ansvar dersom et dyr nektes transitt eller innreise til et land.<\/li><li>DAT aksepterer kun hunder, katter og tamkaniner (som ikke er gnagere).<\/li><li>F\u00f8rerhunder, servicehunder og politihunder kan transporteres kostnadsfritt.<\/li><li>Kapteinen har myndighet til b\u00e5de \u00e5 akseptere og avvise dyr for transport.<\/li><\/ul><\/div>\t\t\t\t\t\t<\/div>\n\t\t\t\t\t<\/div>\n\t\t\t\t<\/div>\n\t\t\t<\/div>\n\t\t\t\t\t\t\t\t\t\t\t<\/div>\n\t\t\t<\/div>\n\t\t\t<script type=\"application\/ld+json\">{\"@context\":\"https:\\\/\\\/schema.org\",\"@type\":\"FAQPage\",\"mainEntity\":[{\"@type\":\"Question\",\"name\":\"Kj\\u00e6ledyr i kabinen\",\"acceptedAnswer\":{\"@type\":\"Answer\",\"text\":\"<ul><li>Reisende m\\u00e5 kj\\u00f8pe en gyldig flybillett for kj\\u00e6ledyret sitt.<\\\/li><li>F\\u00f8rerhunder, servicehunder og politihunder kan medbringes kostnadsfritt.<\\\/li><li>Kj\\u00e6ledyret ditt m\\u00e5 reise i en myk koffert som er vanntett i bunnen eller en v\\u00e6sketett reiseveske som kan lukkes helt igjen. DAT foretrekker den tillatte \\u00abSherpa Bag\\u00bb.<\\\/li><li>Kj\\u00e6ledyr (inkl. kasse\\\/veske) m\\u00e5 maksimalt veie 8 kg.<\\\/li><li>Dimensjonene for h\\u00e5ndbagasje m\\u00e5 overholdes.<\\\/li><li>Ta med alle n\\u00f8dvendige dokumenter (eksport-\\\/import- og transitteringstillatelser\\\/helse- og vaksinasjonsattester) og gj\\u00f8r eventuelle andre n\\u00f8dvendige forberedelser (f.eks. karantene-\\\/veterin\\u00e6rm\\u00f8te ved ankomst).<\\\/li><li>DAT vurderer om kj\\u00e6ledyret kan v\\u00e6re til sjenanse for passasjerer med f.eks. astmatiske reaksjoner\\\/allergi.<\\\/li><li>Kapteinen har myndighet til b\\u00e5de \\u00e5 godkjenne og avvise dyr til transport.<\\\/li><li>DAT aksepterer kun hund, katt og tamkanin (som ikke er gnagere).<\\\/li><\\\/ul><p>Reiser du med hund eller katt? Kj\\u00f8p dette som en ekstra tjeneste n\\u00e5r du bestiller billetten din.<\\\/p>\"}},{\"@type\":\"Question\",\"name\":\"Dyr i lasterommet\",\"acceptedAnswer\":{\"@type\":\"Answer\",\"text\":\"<ul><li>Du m\\u00e5 alltid be om tillatelse til \\u00e5 ta med kj\\u00e6ledyret ditt p\\u00e5 reisen p\\u00e5 forh\\u00e5nd via v\\u00e5r kundeservice.<\\\/li><li>Du m\\u00e5 ta med en s\\u00e5kalt IATA-godkjent transportkasse for kj\\u00e6ledyr for \\u00e5 sikre en trygg og komfortabel transport av kj\\u00e6ledyret ditt. Den m\\u00e5 v\\u00e6re vanntett og ha en vannabsorberende matte i bunnen som passer til st\\u00f8rrelsen p\\u00e5 kassen. I tillegg skal dyret kunne st\\u00e5 oppreist, snu seg rundt og legge seg ned komfortabelt.<\\\/li><li>NB! St\\u00e5lkasser med netting er ikke tillatt.<\\\/li><li>Reisende med dyr m\\u00e5 medbringe alle n\\u00f8dvendige dokumenter (eksport-\\\/import-\\\/transitteringstillatelser\\\/helse- og vaksinasjonsattester) og gj\\u00f8re andre n\\u00f8dvendige forberedelser (karantene-\\\/veterin\\u00e6rm\\u00f8te ved ankomst).<\\\/li><li>2 dyr (maks. 14 kg per dyr) er tillatt i samme container hvis dyrene er vant til \\u00e5 v\\u00e6re sammen.<\\\/li><li>Dyr som er under 6 m\\u00e5neder gamle og fra samme kull kan transporteres i samme transportboks. Det kan imidlertid maksimalt v\\u00e6re 3 dyr i hver boks.<\\\/li><li>DAT tar kun imot hunder, katter og tamkaniner (som ikke er gnagere).<\\\/li><\\\/ul>\"}},{\"@type\":\"Question\",\"name\":\"I tillegg gjelder alltid f\\u00f8lgende regler\",\"acceptedAnswer\":{\"@type\":\"Answer\",\"text\":\"<ul><li>DAT p\\u00e5tar seg ikke noe ansvar dersom et dyr nektes transitt eller innreise til et land.<\\\/li><li>DAT aksepterer kun hunder, katter og tamkaniner (som ikke er gnagere).<\\\/li><li>F\\u00f8rerhunder, servicehunder og politihunder kan transporteres kostnadsfritt.<\\\/li><li>Kapteinen har myndighet til b\\u00e5de \\u00e5 akseptere og avvise dyr for transport.<\\\/li><\\\/ul>\"}}]}<\/script>\t\t\t\t<\/div>\n\t\t\t\t<\/div>\n\t\t<div class=\"elementor-element elementor-element-b0fe32f e-con-full e-flex e-con e-child\" data-id=\"b0fe32f\" data-element_type=\"container\" data-e-type=\"container\">\n\t\t<div class=\"elementor-element elementor-element-21416a1a e-con-full e-flex e-con e-child\" data-id=\"21416a1a\" data-element_type=\"container\" data-e-type=\"container\">\n\t\t\t\t<div class=\"elementor-element elementor-element-d815ed1 elementor-widget elementor-widget-raven-button\" data-id=\"d815ed1\" data-element_type=\"widget\" data-e-type=\"widget\" data-settings=\"{&quot;turn_to_popup_action_button&quot;:&quot;no&quot;}\" data-widget_type=\"raven-button.default\">\n\t\t\t\t<div class=\"elementor-widget-container\">\n\t\t\t\t\t\t\t<div class=\"raven-widget-wrapper\">\n\t\t\t<a class=\"raven-button raven-button-widget-normal-effect-none  raven-button-text-align-center raven-button-link elementor-animation-none\" href=\"\/no\/kundeservice\">\t\t\t\t<div class=\"raven-button-overlay\" ><\/div>\n\t\t\t\t<span class=\"raven-button-content\">\n\t\t\t\t\t\n\t\t\t\t\t<div class=\"button-text-container\">\n\t\t\t\t\t\t\t\t\t\t\t\t<div class=\"raven-button-texts-wrapper\">\n\t\t\t\t\t\t\t<div class=\"button-text\">\n\t\t\t\t\t\t\t\t<span class=\"raven-button-text\">\n\t\t\t\t\t\t\t\t\t Kontakt kundeservice\t\t\t\t\t\t\t\t<\/span>\n\t\t\t\t\t\t\t<\/div>\n\t\t\t\t\t\t\t\t\t\t\t\t\t<\/div>\n\t\t\t\t\t\t\t\t\t\t\t<\/div>\n\t\t\t\t\t\n\t\t\t\t\t\t\t\t\t<\/span>\n\t\t\t<\/a>\t\t<\/div>\n\t\t\t\t\t\t<\/div>\n\t\t\t\t<\/div>\n\t\t\t\t<\/div>\n\t\t<div class=\"elementor-element elementor-element-7c4f8c86 e-con-full e-flex e-con e-child\" data-id=\"7c4f8c86\" data-element_type=\"container\" data-e-type=\"container\">\n\t\t\t\t<\/div>\n\t\t\t\t<\/div>\n\t\t\t\t\t<\/div>\n\t\t\t\t<\/div>\n\t\t\t\t<\/div>\n\t\t<div class=\"elementor-element elementor-element-3becbbf e-flex e-con-boxed e-con e-parent\" data-id=\"3becbbf\" data-element_type=\"container\" data-e-type=\"container\">\n\t\t\t\t\t<div class=\"e-con-inner\">\n\t\t\t\t\t<\/div>\n\t\t\t\t<\/div>\n\t\t\t\t<\/div>\n\t\t","protected":false},"excerpt":{"rendered":"<p>Kan jeg ta med kj\u00e6ledyr p\u00e5 reisen? Kj\u00e6ledyr er ogs\u00e5 hjertelig velkomne om bord p\u00e5 DAT, men v\u00e6r oppmerksom p\u00e5 f\u00f8lgende regler f\u00f8r du reiser. Kj\u00e6ledyr i kabinen Reisende m\u00e5 kj\u00f8pe en gyldig flybillett for kj\u00e6ledyret sitt. F\u00f8rerhunder, servicehunder og politihunder kan medbringes kostnadsfritt. Kj\u00e6ledyret ditt m\u00e5 reise i en myk koffert som er vanntett [&hellip;]<\/p>\n","protected":false},"author":2,"featured_media":0,"parent":8688,"menu_order":0,"comment_status":"closed","ping_status":"closed","template":"","meta":{"_acf_changed":false,"_seopress_robots_primary_cat":"","_seopress_titles_title":"Skal kj\u00e6ledyret ditt v\u00e6re med p\u00e5 reisen?","_seopress_titles_desc":"Hunder og katter er hjertelig velkommen om bord hos DAT \u2013 enten i kabinen eller i lasterommet. Les om reglene her.","_seopress_robots_index":"","footnotes":""},"region":[64,67],"class_list":["post-8689","page","type-page","status-publish","hentry","region-da","region-no"],"acf":[],"_links":{"self":[{"href":"https:\/\/dat.dk\/no\/wp-json\/wp\/v2\/pages\/8689","targetHints":{"allow":["GET"]}}],"collection":[{"href":"https:\/\/dat.dk\/no\/wp-json\/wp\/v2\/pages"}],"about":[{"href":"https:\/\/dat.dk\/no\/wp-json\/wp\/v2\/types\/page"}],"author":[{"embeddable":true,"href":"https:\/\/dat.dk\/no\/wp-json\/wp\/v2\/users\/2"}],"replies":[{"embeddable":true,"href":"https:\/\/dat.dk\/no\/wp-json\/wp\/v2\/comments?post=8689"}],"version-history":[{"count":3,"href":"https:\/\/dat.dk\/no\/wp-json\/wp\/v2\/pages\/8689\/revisions"}],"predecessor-version":[{"id":9749,"href":"https:\/\/dat.dk\/no\/wp-json\/wp\/v2\/pages\/8689\/revisions\/9749"}],"up":[{"embeddable":true,"href":"https:\/\/dat.dk\/no\/wp-json\/wp\/v2\/pages\/8688"}],"wp:attachment":[{"href":"https:\/\/dat.dk\/no\/wp-json\/wp\/v2\/media?parent=8689"}],"wp:term":[{"taxonomy":"region","embeddable":true,"href":"https:\/\/dat.dk\/no\/wp-json\/wp\/v2\/region?post=8689"}],"curies":[{"name":"wp","href":"https:\/\/api.w.org\/{rel}","templated":true}]}}