{"id":8688,"date":"2024-01-25T10:48:31","date_gmt":"2024-01-25T08:48:31","guid":{"rendered":"https:\/\/dat.dk\/rejseinfo\/"},"modified":"2025-08-06T11:42:32","modified_gmt":"2025-08-06T09:42:32","slug":"reiseinfo","status":"publish","type":"page","link":"https:\/\/dat.dk\/no\/reiseinfo\/","title":{"rendered":"Reiseinformasjon"},"content":{"rendered":"\t\t<div data-elementor-type=\"wp-page\" data-elementor-id=\"8688\" class=\"elementor elementor-8688 elementor-355\">\n\t\t\t\t<div class=\"elementor-element elementor-element-9bd8f0d e-flex e-con-boxed e-con e-parent\" data-id=\"9bd8f0d\" data-element_type=\"container\" data-e-type=\"container\">\n\t\t\t\t\t<div class=\"e-con-inner\">\n\t\t\t\t<div class=\"elementor-element elementor-element-c04eba9 elementor-widget elementor-widget-heading\" data-id=\"c04eba9\" data-element_type=\"widget\" data-e-type=\"widget\" data-widget_type=\"heading.default\">\n\t\t\t\t<div class=\"elementor-widget-container\">\n\t\t\t\t\t<h2 class=\"elementor-heading-title elementor-size-default\">Reiseinformasjon<\/h2>\t\t\t\t<\/div>\n\t\t\t\t<\/div>\n\t\t\t\t<div class=\"elementor-element elementor-element-f7a7699 elementor-widget elementor-widget-raven-divider\" data-id=\"f7a7699\" data-element_type=\"widget\" data-e-type=\"widget\" data-widget_type=\"raven-divider.default\">\n\t\t\t\t<div class=\"elementor-widget-container\">\n\t\t\t\t\t\t\t<div class=\"raven-widget-wrapper\">\n\t\t\t<div class=\"raven-divider\">\n\t\t\t\t<span class=\"raven-divider-line raven-divider-solid\"><\/span>\n\t\t\t<\/div>\n\t\t<\/div>\n\t\t\t\t\t\t<\/div>\n\t\t\t\t<\/div>\n\t\t\t\t<div class=\"elementor-element elementor-element-f7f2df5 elementor-widget elementor-widget-jet-listing-grid\" data-id=\"f7f2df5\" data-element_type=\"widget\" data-e-type=\"widget\" data-settings=\"{&quot;columns&quot;:&quot;3&quot;,&quot;columns_tablet&quot;:&quot;2&quot;,&quot;columns_mobile&quot;:&quot;1&quot;}\" data-widget_type=\"jet-listing-grid.default\">\n\t\t\t\t<div class=\"elementor-widget-container\">\n\t\t\t\t\t<div class=\"jet-listing-grid jet-listing-grid--lazy-load jet-listing jet-listing-grid-loading\" data-lazy-load=\"{&quot;offset&quot;:&quot;0px&quot;,&quot;post_id&quot;:8688,&quot;queried_id&quot;:&quot;8688|WP_Post&quot;}\"><div class=\"jet-listing-grid__loader\"><div class=\"jet-listing-grid__loader-spinner\"><\/div><\/div><\/div>\t\t\t\t<\/div>\n\t\t\t\t<\/div>\n\t\t\t\t\t<\/div>\n\t\t\t\t<\/div>\n\t\t\t\t<\/div>\n\t\t","protected":false},"excerpt":{"rendered":"","protected":false},"author":2,"featured_media":0,"parent":0,"menu_order":0,"comment_status":"closed","ping_status":"closed","template":"","meta":{"_acf_changed":false,"_seopress_robots_primary_cat":"","_seopress_titles_title":"Har du sp\u00f8rsm\u00e5l om reisen din?","_seopress_titles_desc":"Her finner du svar p\u00e5 alle dine sp\u00f8rsm\u00e5l i forbindelse med reisen din, for eksempel om bagasje, assistanse og dyr.","_seopress_robots_index":"","footnotes":""},"region":[64,67],"class_list":["post-8688","page","type-page","status-publish","hentry","region-da","region-no"],"acf":[],"_links":{"self":[{"href":"https:\/\/dat.dk\/no\/wp-json\/wp\/v2\/pages\/8688","targetHints":{"allow":["GET"]}}],"collection":[{"href":"https:\/\/dat.dk\/no\/wp-json\/wp\/v2\/pages"}],"about":[{"href":"https:\/\/dat.dk\/no\/wp-json\/wp\/v2\/types\/page"}],"author":[{"embeddable":true,"href":"https:\/\/dat.dk\/no\/wp-json\/wp\/v2\/users\/2"}],"replies":[{"embeddable":true,"href":"https:\/\/dat.dk\/no\/wp-json\/wp\/v2\/comments?post=8688"}],"version-history":[{"count":2,"href":"https:\/\/dat.dk\/no\/wp-json\/wp\/v2\/pages\/8688\/revisions"}],"predecessor-version":[{"id":9744,"href":"https:\/\/dat.dk\/no\/wp-json\/wp\/v2\/pages\/8688\/revisions\/9744"}],"wp:attachment":[{"href":"https:\/\/dat.dk\/no\/wp-json\/wp\/v2\/media?parent=8688"}],"wp:term":[{"taxonomy":"region","embeddable":true,"href":"https:\/\/dat.dk\/no\/wp-json\/wp\/v2\/region?post=8688"}],"curies":[{"name":"wp","href":"https:\/\/api.w.org\/{rel}","templated":true}]}}