{"id":8687,"date":"2024-01-25T09:45:40","date_gmt":"2024-01-25T07:45:40","guid":{"rendered":"https:\/\/dat.dk\/saerlige-behov\/"},"modified":"2025-08-06T11:54:59","modified_gmt":"2025-08-06T09:54:59","slug":"saerlige-behov","status":"publish","type":"page","link":"https:\/\/dat.dk\/no\/reiseinfo\/saerlige-behov\/","title":{"rendered":"S\u00e6rlige behov"},"content":{"rendered":"\t\t<div data-elementor-type=\"wp-page\" data-elementor-id=\"8687\" class=\"elementor elementor-8687 elementor-345\">\n\t\t\t\t<div class=\"elementor-element elementor-element-1d6cf24 e-flex e-con-boxed e-con e-parent\" data-id=\"1d6cf24\" data-element_type=\"container\" data-e-type=\"container\">\n\t\t\t\t\t<div class=\"e-con-inner\">\n\t\t<div class=\"elementor-element elementor-element-5ddf9fe e-flex e-con-boxed e-con e-child\" data-id=\"5ddf9fe\" data-element_type=\"container\" data-e-type=\"container\">\n\t\t\t\t\t<div class=\"e-con-inner\">\n\t\t\t\t<div class=\"elementor-element elementor-element-d5c88e5 elementor-widget elementor-widget-raven-advanced-accordion\" data-id=\"d5c88e5\" data-element_type=\"widget\" data-e-type=\"widget\" id=\"oggetti-vietati\" data-settings=\"{&quot;scroll_to_content&quot;:&quot;false&quot;}\" data-widget_type=\"raven-advanced-accordion.default\">\n\t\t\t\t<div class=\"elementor-widget-container\">\n\t\t\t\t\t\t\t\t<div id=\"jupiterx-advanced-accordion-wrapper\" class=\"jupiterx-advanced-accordion-wrapper\">\n\t\t\t\t<div class=\"jupiterx-advanced-accordion-inner-wrapper\">\n\t\t\t\t\t\t\t\t\t\t\t\t\t\t<div class=\"jupiterx-single-advanced-accordion-wrapper  jx-ac-first  jx-ac-active\" id=\"\" >\n\t\t\t\t<div class=\"jx-single-accordion-header\">\n\t\t\t\t\t<div class=\"jx-single-accordion-header-left\">\n\t\t\t\t\t\t<div class=\"jx-single-accordion-header-icon-toggle-wrapper jx-single-accordion-header-icon-toggle-wrapper-hide\" >\n\t\t\t\t\t\t\t\t\t\t\t\t\t<\/div>\n\t\t\t\t\t\t<span class=\"jx-ac-title\">Kan jeg fly som gravid?<\/span>\t\t\t\t\t<\/div>\n\t\t\t\t\t<div class=\"jx-single-accordion-header-right\">\n\t\t\t\t\t\t<i aria-hidden=\"true\" class=\"jx-ac-icon-body-closed jx-ac-toggle-icon fas fa-chevron-right\"><\/i><i aria-hidden=\"true\" class=\"jx-ac-icon-body-opened jx-ac-toggle-icon fas fa-chevron-down\"><\/i>\t\t\t\t\t<\/div>\n\t\t\t\t<\/div>\n\t\t\t\t<div class=\"jx-single-accordion-body  jx-ac-body-block\">\n\t\t\t\t\t<div class=\"jx-ac-content\">\n\t\t\t\t\t\t<div class=\"jx-ac-content-inner-wrapper\">\n\t\t\t\t\t\t\t<div class=\"jupiterx-ac-content-is-editor\"><p>F\u00f8rst og fremst vil vi gjerne gratulere deg med de lykkelige omstendighetene!<\/p><p>Du kan trygt fly n\u00e5r du er gravid, og du er hjertelig velkommen om bord hos DAT. Vi har imidlertid noen retningslinjer for din og babyens sikkerhet, som gjelder b\u00e5de for utreise og hjemreise.<\/p><h3><strong>Ved graviditet med ett barn:<\/strong><\/h3><ul><li><strong>Til og med uke 34:<\/strong> Ingen spesielle restriksjoner.<\/li><li><strong>Uke 35\u201337:<\/strong> Maksimal flytid p\u00e5 4 timer, og legeerkl\u00e6ring m\u00e5 medbringes.<\/li><li><strong>Fra uke 38:<\/strong> Flyvning er ikke tillatt.<\/li><\/ul><p>Hvis graviditeten har komplikasjoner, m\u00e5 du ha med en <strong>Medical Information Form (MEDIF)<\/strong>, utfylt og signert av en autorisert lege. <strong>Du finner MEDIF-skjemaet her.<\/strong><\/p><h3><strong>Ved graviditet med mer enn ett barn:<\/strong><\/h3><ul><li><strong>Til og med uke 28:<\/strong> Ingen spesielle restriksjoner.<\/li><li><strong>Uke 29\u201331:<\/strong> Legeerkl\u00e6ring m\u00e5 medbringes og fremvises ved behov.<\/li><li><strong>Fra uke 32:<\/strong> Flyvning er ikke tillatt.<\/li><\/ul><p>Ved komplikasjoner m\u00e5 passasjeren medbringe en <strong>MEDIF-form<\/strong>, utfylt og signert av en autorisert lege. <strong>Du finner <a href=\"https:\/\/drive.google.com\/file\/d\/1bV4k9Z99Xb-KBPXd7AHfDfz1aJhQ5q43\/view\">MEDIF-skjemaet<\/a> her.<\/strong><\/p><p><strong>Last ned <a href=\"https:\/\/drive.google.com\/file\/d\/1bV4k9Z99Xb-KBPXd7AHfDfz1aJhQ5q43\/view\">MEDIF-skjemaet her<\/a>.<\/strong><\/p><\/div>\t\t\t\t\t\t<\/div>\n\t\t\t\t\t<\/div>\n\t\t\t\t<\/div>\n\t\t\t<\/div>\n\t\t\t\t\t\t\t\t\t\t\t\t\t\t\t\t<div class=\"jupiterx-single-advanced-accordion-wrapper  jx-ac-active\" id=\"\" >\n\t\t\t\t<div class=\"jx-single-accordion-header\">\n\t\t\t\t\t<div class=\"jx-single-accordion-header-left\">\n\t\t\t\t\t\t<div class=\"jx-single-accordion-header-icon-toggle-wrapper jx-single-accordion-header-icon-toggle-wrapper-hide\" >\n\t\t\t\t\t\t\t\t\t\t\t\t\t<\/div>\n\t\t\t\t\t\t<span class=\"jx-ac-title\">Assistanse<\/span>\t\t\t\t\t<\/div>\n\t\t\t\t\t<div class=\"jx-single-accordion-header-right\">\n\t\t\t\t\t\t<i aria-hidden=\"true\" class=\"jx-ac-icon-body-closed jx-ac-toggle-icon fas fa-chevron-right\"><\/i><i aria-hidden=\"true\" class=\"jx-ac-icon-body-opened jx-ac-toggle-icon fas fa-chevron-down\"><\/i>\t\t\t\t\t<\/div>\n\t\t\t\t<\/div>\n\t\t\t\t<div class=\"jx-single-accordion-body  jx-ac-body-block\">\n\t\t\t\t\t<div class=\"jx-ac-content\">\n\t\t\t\t\t\t<div class=\"jx-ac-content-inner-wrapper\">\n\t\t\t\t\t\t\t<div class=\"jupiterx-ac-content-is-editor\"><p>DAT hjelper deg selvf\u00f8lgelig med \u00e5 komme gjennom flyplassen n\u00e5r du skal til og fra flyet, dersom du har spesielle behov.<\/p><p><strong>Rullestolassistanse<\/strong> er gratis, men det er viktig at du kontakter v\u00e5r kundeservice i \u00e5pningstiden senest 24 timer f\u00f8r avgang, slik at behovet for rullestol kan bli notert p\u00e5 billetten din.<\/p><p>Du kan gratis ta med din egen sammenleggbare rullestol. V\u00e6r oppmerksom p\u00e5 at denne kan m\u00e5tte leveres sammen med bagasjen ved innsjekking i enkelte flyplasser.<\/p><p>I de fleste tilfeller kan du ta med rullatoren helt frem til gaten, hvor den deretter plasseres i lasterommet. Rullatoren vil bli utlevert sammen med bagasjen ved ankomst.<\/p><\/div>\t\t\t\t\t\t<\/div>\n\t\t\t\t\t<\/div>\n\t\t\t\t<\/div>\n\t\t\t<\/div>\n\t\t\t\t\t\t\t\t\t\t\t\t\t\t\t\t<div class=\"jupiterx-single-advanced-accordion-wrapper  jx-ac-last  jx-ac-active\" id=\"\" >\n\t\t\t\t<div class=\"jx-single-accordion-header\">\n\t\t\t\t\t<div class=\"jx-single-accordion-header-left\">\n\t\t\t\t\t\t<div class=\"jx-single-accordion-header-icon-toggle-wrapper jx-single-accordion-header-icon-toggle-wrapper-hide\" >\n\t\t\t\t\t\t\t\t\t\t\t\t\t<\/div>\n\t\t\t\t\t\t<span class=\"jx-ac-title\">Oksygen p\u00e5 flyreisen<\/span>\t\t\t\t\t<\/div>\n\t\t\t\t\t<div class=\"jx-single-accordion-header-right\">\n\t\t\t\t\t\t<i aria-hidden=\"true\" class=\"jx-ac-icon-body-closed jx-ac-toggle-icon fas fa-chevron-right\"><\/i><i aria-hidden=\"true\" class=\"jx-ac-icon-body-opened jx-ac-toggle-icon fas fa-chevron-down\"><\/i>\t\t\t\t\t<\/div>\n\t\t\t\t<\/div>\n\t\t\t\t<div class=\"jx-single-accordion-body  jx-ac-body-block\">\n\t\t\t\t\t<div class=\"jx-ac-content\">\n\t\t\t\t\t\t<div class=\"jx-ac-content-inner-wrapper\">\n\t\t\t\t\t\t\t<div class=\"jupiterx-ac-content-is-editor\"><p>Oksygentrykket i lungene reduseres betydelig under en flyreise, og derfor kan noen passasjerer ha behov for ekstra oksygen underveis \u2013 spesielt de med lungesykdommer, hjerteproblemer og\/eller pustevansker.<\/p><p>Vennligst kontakt DATs kundeservice for registrering av eget oksygen p\u00e5 billetten.<\/p><p>Passasjerer som har en sykdom som sannsynligvis vil kreve ekstra oksygentilf\u00f8rsel under flyreisen, m\u00e5 selv ta med oksygen b\u00e5de for utreisen og hjemreisen \u2013 nok til hele flyreisen samt 50 % ekstra.<\/p><p>I slike tilfeller er en <a href=\"https:\/\/drive.google.com\/file\/d\/1bV4k9Z99Xb-KBPXd7AHfDfz1aJhQ5q43\/view\"><strong>Medical Information Form (MEDIF)<\/strong><\/a>, utfylt og signert av en autorisert lege, et krav. <strong>Du finner <a href=\"https:\/\/drive.google.com\/file\/d\/1bV4k9Z99Xb-KBPXd7AHfDfz1aJhQ5q43\/view\">MEDIF-skjemaet her<\/a>.<\/strong><\/p><p><strong>Tips:<\/strong> DAT anbefaler at du tar med en oksygenkonsentrator fremfor en oksygenflaske.<\/p><\/div>\t\t\t\t\t\t<\/div>\n\t\t\t\t\t<\/div>\n\t\t\t\t<\/div>\n\t\t\t<\/div>\n\t\t\t\t\t\t\t\t\t\t\t<\/div>\n\t\t\t<\/div>\n\t\t\t\t\t\t\t<\/div>\n\t\t\t\t<\/div>\n\t\t\t\t\t<\/div>\n\t\t\t\t<\/div>\n\t\t\t\t\t<\/div>\n\t\t\t\t<\/div>\n\t\t\t\t<\/div>\n\t\t","protected":false},"excerpt":{"rendered":"<p>Kan jeg fly som gravid? F\u00f8rst og fremst vil vi gjerne gratulere deg med de lykkelige omstendighetene! Du kan trygt fly n\u00e5r du er gravid, og du er hjertelig velkommen om bord hos DAT. Vi har imidlertid noen retningslinjer for din og babyens sikkerhet, som gjelder b\u00e5de for utreise og hjemreise. Ved graviditet med ett [&hellip;]<\/p>\n","protected":false},"author":2,"featured_media":0,"parent":8688,"menu_order":0,"comment_status":"closed","ping_status":"closed","template":"","meta":{"_acf_changed":false,"_seopress_robots_primary_cat":"","_seopress_titles_title":"Specielle behov","_seopress_titles_desc":"Trenger du assistanse p\u00e5 reisen? Eller skal du fly som gravid? Da kan du lese mer her.","_seopress_robots_index":"","footnotes":""},"region":[64,67],"class_list":["post-8687","page","type-page","status-publish","hentry","region-da","region-no"],"acf":[],"_links":{"self":[{"href":"https:\/\/dat.dk\/no\/wp-json\/wp\/v2\/pages\/8687","targetHints":{"allow":["GET"]}}],"collection":[{"href":"https:\/\/dat.dk\/no\/wp-json\/wp\/v2\/pages"}],"about":[{"href":"https:\/\/dat.dk\/no\/wp-json\/wp\/v2\/types\/page"}],"author":[{"embeddable":true,"href":"https:\/\/dat.dk\/no\/wp-json\/wp\/v2\/users\/2"}],"replies":[{"embeddable":true,"href":"https:\/\/dat.dk\/no\/wp-json\/wp\/v2\/comments?post=8687"}],"version-history":[{"count":3,"href":"https:\/\/dat.dk\/no\/wp-json\/wp\/v2\/pages\/8687\/revisions"}],"predecessor-version":[{"id":9755,"href":"https:\/\/dat.dk\/no\/wp-json\/wp\/v2\/pages\/8687\/revisions\/9755"}],"up":[{"embeddable":true,"href":"https:\/\/dat.dk\/no\/wp-json\/wp\/v2\/pages\/8688"}],"wp:attachment":[{"href":"https:\/\/dat.dk\/no\/wp-json\/wp\/v2\/media?parent=8687"}],"wp:term":[{"taxonomy":"region","embeddable":true,"href":"https:\/\/dat.dk\/no\/wp-json\/wp\/v2\/region?post=8687"}],"curies":[{"name":"wp","href":"https:\/\/api.w.org\/{rel}","templated":true}]}}