{"id":8681,"date":"2024-01-24T13:11:53","date_gmt":"2024-01-24T11:11:53","guid":{"rendered":"https:\/\/dat.dk\/born\/"},"modified":"2025-10-20T11:24:33","modified_gmt":"2025-10-20T09:24:33","slug":"barn","status":"publish","type":"page","link":"https:\/\/dat.dk\/no\/reiseinfo\/barn\/","title":{"rendered":"Barn"},"content":{"rendered":"\t\t<div data-elementor-type=\"wp-page\" data-elementor-id=\"8681\" class=\"elementor elementor-8681 elementor-236\">\n\t\t\t\t<div class=\"elementor-element elementor-element-9056156 e-flex e-con-boxed e-con e-parent\" data-id=\"9056156\" data-element_type=\"container\" data-e-type=\"container\">\n\t\t\t\t\t<div class=\"e-con-inner\">\n\t\t<div class=\"elementor-element elementor-element-8a451cc e-flex e-con-boxed e-con e-child\" data-id=\"8a451cc\" data-element_type=\"container\" data-e-type=\"container\">\n\t\t\t\t\t<div class=\"e-con-inner\">\n\t\t<div class=\"elementor-element elementor-element-6153ba7 e-flex e-con-boxed e-con e-child\" data-id=\"6153ba7\" data-element_type=\"container\" data-e-type=\"container\">\n\t\t\t\t\t<div class=\"e-con-inner\">\n\t\t\t\t<div class=\"elementor-element elementor-element-3c7370e elementor-widget elementor-widget-text-editor\" data-id=\"3c7370e\" data-element_type=\"widget\" data-e-type=\"widget\" data-widget_type=\"text-editor.default\">\n\t\t\t\t<div class=\"elementor-widget-container\">\n\t\t\t\t\t\t\t\t\t<h3>Barn som reiser alene<\/h3><p>Barnet ditt reiser aldri alene n\u00e5r du reiser med DAT.<\/p><p>Reiser barnet ditt uten ledsager? Bestill en UM-billett (Unaccompanied Minor) for \u00e5 sikre at \u00abjunior\u00bb blir ledsaget av v\u00e5rt oppmerksomme personale. De vil ogs\u00e5 s\u00f8rge for at barnet ditt f\u00e5r en god opplevelse under hele reisen.<\/p><p>UM-tjeneste:<\/p><ul><li>Barnet ditt blir fulgt gjennom flyplassen og helt frem til gaten, der det blir introdusert for kabinpersonalet.<\/li><li>Kabinpersonalet f\u00f8lger barnet ditt gjennom hele reisen og s\u00f8rger for at det f\u00f8ler seg trygt.<\/li><li>Vi s\u00f8rger for at barnet ditt blir overlevert til rett person p\u00e5 destinasjonen, og vi krever \u00e5 se legitimasjon med bilde f\u00f8r barnet ditt overleveres.<\/li><\/ul>\t\t\t\t\t\t\t\t<\/div>\n\t\t\t\t<\/div>\n\t\t<div class=\"elementor-element elementor-element-bbf7ae4 e-con-full e-flex e-con e-child\" data-id=\"bbf7ae4\" data-element_type=\"container\" data-e-type=\"container\">\n\t\t<div class=\"elementor-element elementor-element-60647bc7 e-con-full e-flex e-con e-child\" data-id=\"60647bc7\" data-element_type=\"container\" data-e-type=\"container\">\n\t\t\t\t<div class=\"elementor-element elementor-element-90160e1 elementor-widget elementor-widget-raven-button\" data-id=\"90160e1\" data-element_type=\"widget\" data-e-type=\"widget\" data-settings=\"{&quot;turn_to_popup_action_button&quot;:&quot;no&quot;}\" data-widget_type=\"raven-button.default\">\n\t\t\t\t<div class=\"elementor-widget-container\">\n\t\t\t\t\t\t\t<div class=\"raven-widget-wrapper\">\n\t\t\t<a class=\"raven-button raven-button-widget-normal-effect-none  raven-button-text-align-center raven-button-link elementor-animation-none\" href=\"#um-billet\">\t\t\t\t<div class=\"raven-button-overlay\" ><\/div>\n\t\t\t\t<span class=\"raven-button-content\">\n\t\t\t\t\t\n\t\t\t\t\t<div class=\"button-text-container\">\n\t\t\t\t\t\t\t\t\t\t\t\t<div class=\"raven-button-texts-wrapper\">\n\t\t\t\t\t\t\t<div class=\"button-text\">\n\t\t\t\t\t\t\t\t<span class=\"raven-button-text\">\n\t\t\t\t\t\t\t\t\tBestill en UM-billett\t\t\t\t\t\t\t\t<\/span>\n\t\t\t\t\t\t\t<\/div>\n\t\t\t\t\t\t\t\t\t\t\t\t\t<\/div>\n\t\t\t\t\t\t\t\t\t\t\t<\/div>\n\t\t\t\t\t\n\t\t\t\t\t\t\t\t\t<\/span>\n\t\t\t<\/a>\t\t<\/div>\n\t\t\t\t\t\t<\/div>\n\t\t\t\t<\/div>\n\t\t\t\t<\/div>\n\t\t<div class=\"elementor-element elementor-element-523b82ca e-con-full e-flex e-con e-child\" data-id=\"523b82ca\" data-element_type=\"container\" data-e-type=\"container\">\n\t\t\t\t<\/div>\n\t\t\t\t<\/div>\n\t\t\t\t\t<\/div>\n\t\t\t\t<\/div>\n\t\t<div class=\"elementor-element elementor-element-b76adba e-flex e-con-boxed e-con e-child\" data-id=\"b76adba\" data-element_type=\"container\" data-e-type=\"container\">\n\t\t\t\t\t<div class=\"e-con-inner\">\n\t\t\t\t<div class=\"elementor-element elementor-element-d1ff8c1 elementor-widget elementor-widget-text-editor\" data-id=\"d1ff8c1\" data-element_type=\"widget\" data-e-type=\"widget\" data-widget_type=\"text-editor.default\">\n\t\t\t\t<div class=\"elementor-widget-container\">\n\t\t\t\t\t\t\t\t\t<h4>Hvem kan rejse alene?<\/h4><ul><li>For barn i alderen 5-11 \u00e5r er UM-tjeneste obligatorisk.<\/li><li>Barn mellom 12-15 \u00e5r kan frivillig velge UM-tjeneste.<\/li><li>Barn under 5 \u00e5r m\u00e5 v\u00e6re i f\u00f8lge med en passasjer som er minst 16 \u00e5r og kan ikke reise p\u00e5 en UM-billett.<\/li><\/ul>\t\t\t\t\t\t\t\t<\/div>\n\t\t\t\t<\/div>\n\t\t\t\t\t<\/div>\n\t\t\t\t<\/div>\n\t\t<div class=\"elementor-element elementor-element-a5aab5b e-flex e-con-boxed e-con e-child\" data-id=\"a5aab5b\" data-element_type=\"container\" data-e-type=\"container\">\n\t\t\t\t\t<div class=\"e-con-inner\">\n\t\t\t\t<div class=\"elementor-element elementor-element-3fa3194 elementor-widget elementor-widget-text-editor\" data-id=\"3fa3194\" data-element_type=\"widget\" data-e-type=\"widget\" data-widget_type=\"text-editor.default\">\n\t\t\t\t<div class=\"elementor-widget-container\">\n\t\t\t\t\t\t\t\t\t<h4>F\u00f8r avreise:<\/h4><ol><li>Du m\u00e5 fylle ut et skjema (Handling Advice) for barnet ditt f\u00f8r du reiser. Du finner skjemaet <a href=\"https:\/\/dat.dk\/en\/dat_handling-advice-unaccompanied-minor-2\/\">her<\/a>.<\/li><li>N\u00e5r barnet ditt reiser p\u00e5 en UM-billett, m\u00e5 du ankomme flyplassen og sjekke inn minst 60 minutter f\u00f8r avgang.<\/li><li>Du eller den som leverer barnet ditt p\u00e5 flyplassen, m\u00e5 bli p\u00e5 flyplassen til flyet er i luften.<\/li><li>Personen som henter barnet, m\u00e5 fremvise gyldig legitimasjon med bilde for \u00e5 hente barnet.<\/li><\/ol>\t\t\t\t\t\t\t\t<\/div>\n\t\t\t\t<\/div>\n\t\t\t\t\t<\/div>\n\t\t\t\t<\/div>\n\t\t<div class=\"elementor-element elementor-element-2daf756 e-flex e-con-boxed e-con e-child\" data-id=\"2daf756\" data-element_type=\"container\" data-e-type=\"container\">\n\t\t\t\t\t<div class=\"e-con-inner\">\n\t\t\t\t<div class=\"elementor-element elementor-element-27974a6 elementor-widget elementor-widget-text-editor\" data-id=\"27974a6\" data-element_type=\"widget\" data-e-type=\"widget\" data-widget_type=\"text-editor.default\">\n\t\t\t\t<div class=\"elementor-widget-container\">\n\t\t\t\t\t\t\t\t\t<h3>Spedbarn<\/h3><p>Spedbarn (0-24 m\u00e5neder) som ikke har eget sete, reiser gratis sammen med en voksen p\u00e5 alle billettyper. Barnet m\u00e5 imidlertid legges til i bestillingen slik at det vises p\u00e5 billetten.<\/p>\t\t\t\t\t\t\t\t<\/div>\n\t\t\t\t<\/div>\n\t\t\t\t\t<\/div>\n\t\t\t\t<\/div>\n\t\t\t\t\t<\/div>\n\t\t\t\t<\/div>\n\t\t\t\t\t<\/div>\n\t\t\t\t<\/div>\n\t\t<div class=\"elementor-element elementor-element-003d264 e-flex e-con-boxed e-con e-parent\" data-id=\"003d264\" data-element_type=\"container\" data-e-type=\"container\">\n\t\t\t\t\t<div class=\"e-con-inner\">\n\t\t\t\t<div class=\"elementor-element elementor-element-cfbb15d elementor-widget elementor-widget-raven-advanced-accordion\" data-id=\"cfbb15d\" data-element_type=\"widget\" data-e-type=\"widget\" data-settings=\"{&quot;scroll_to_content&quot;:&quot;false&quot;}\" data-widget_type=\"raven-advanced-accordion.default\">\n\t\t\t\t<div class=\"elementor-widget-container\">\n\t\t\t\t\t\t\t\t<div id=\"jupiterx-advanced-accordion-wrapper\" class=\"jupiterx-advanced-accordion-wrapper\">\n\t\t\t\t<div class=\"jupiterx-advanced-accordion-inner-wrapper\">\n\t\t\t\t\t\t\t\t\t\t\t\t\t\t<div class=\"jupiterx-single-advanced-accordion-wrapper  jx-ac-first  jx-ac-last  jx-ac-inactive\" id=\"\" >\n\t\t\t\t<div class=\"jx-single-accordion-header\">\n\t\t\t\t\t<div class=\"jx-single-accordion-header-left\">\n\t\t\t\t\t\t<div class=\"jx-single-accordion-header-icon-toggle-wrapper jx-single-accordion-header-icon-toggle-wrapper-hide\" >\n\t\t\t\t\t\t\t\t\t\t\t\t\t<\/div>\n\t\t\t\t\t\t<span class=\"jx-ac-title\">Veiledende priser for UM-billetter<\/span>\t\t\t\t\t<\/div>\n\t\t\t\t\t<div class=\"jx-single-accordion-header-right\">\n\t\t\t\t\t\t<i aria-hidden=\"true\" class=\"jx-ac-icon-body-closed jx-ac-toggle-icon fas fa-chevron-right\"><\/i><i aria-hidden=\"true\" class=\"jx-ac-icon-body-opened jx-ac-toggle-icon fas fa-chevron-down\"><\/i>\t\t\t\t\t<\/div>\n\t\t\t\t<\/div>\n\t\t\t\t<div class=\"jx-single-accordion-body  jx-ac-body-none\">\n\t\t\t\t\t<div class=\"jx-ac-content\">\n\t\t\t\t\t\t<div class=\"jx-ac-content-inner-wrapper\">\n\t\t\t\t\t\t\t<div class=\"jupiterx-ac-content-is-editor\"><p>Veiledende priser for UM (Unaccompanied Minor) er for tiden<\/p><table border=\"0\"><tbody><tr><td>Avreise<\/td><td>Ankomst<\/td><td>Pris<\/td><\/tr><tr><td>K\u00f8benhavn<\/td><td>R\u00f8nne<\/td><td>670 DKK<\/td><\/tr><tr><td>R\u00f8nne<\/td><td>K\u00f8benhavn<\/td><td>670 DKK<\/td><\/tr><tr><td>K\u00f8benhavn<\/td><td>Aalborg<\/td><td>779 DKK<\/td><\/tr><tr><td>Aalborg<\/td><td>K\u00f8benhavn<\/td><td>779 DKK<\/td><\/tr><tr><td>Billund<\/td><td>R\u00f8nne<\/td><td>779 DKK<\/td><\/tr><tr><td>R\u00f8nne<\/td><td>Billund<\/td><td>779 DKK<\/td><\/tr><tr><td>Aalborg<\/td><td>R\u00f8nne<\/td><td>799 DKK<\/td><\/tr><tr><td>R\u00f8nne<\/td><td>Aalborg<\/td><td>799 DKK<\/td><\/tr><tr><td>Troms\u00f8<\/td><td>Lakselv<\/td><td>999 NOK<\/td><\/tr><tr><td>Lakselv<\/td><td>Troms\u00f8<\/td><td>999 NOK<\/td><\/tr><tr><td>Harstad\/Narvik<\/td><td>\u00d8rland<\/td><td>1.199 NOK<\/td><\/tr><tr><td>\u00d8rland<\/td><td>Harstad\/Narvik<\/td><td>1.199 NOK<\/td><\/tr><tr><td>Harstad\/Narvik<\/td><td>Oslo<\/td><td>2.199 NOK<\/td><\/tr><tr><td>Oslo<\/td><td>Harstad\/Narvik<\/td><td>2.199 NOK<\/td><\/tr><tr><td>Stord<\/td><td>Oslo<\/td><td>1.199 NOK<\/td><\/tr><tr><td>Oslo<\/td><td>Stord<\/td><td>1.199 NOK<\/td><\/tr><tr><td>Oslo<\/td><td>Flor\u00f8<\/td><td>1.199 NOK<\/td><\/tr><tr><td>Oslo<\/td><td>\u00d8rland<\/td><td>1.199 NOK<\/td><\/tr><tr><td>Oslo<\/td><td>R\u00f8ros<\/td><td>1.199 NOK<\/td><\/tr><\/tbody><\/table><p>Endelig pris vil bli oppgitt ved bestilling.<\/p><\/div>\t\t\t\t\t\t<\/div>\n\t\t\t\t\t<\/div>\n\t\t\t\t<\/div>\n\t\t\t<\/div>\n\t\t\t\t\t\t\t\t\t\t\t<\/div>\n\t\t\t<\/div>\n\t\t\t<script type=\"application\/ld+json\">{\"@context\":\"https:\\\/\\\/schema.org\",\"@type\":\"FAQPage\",\"mainEntity\":[{\"@type\":\"Question\",\"name\":\"Veiledende priser for UM-billetter\",\"acceptedAnswer\":{\"@type\":\"Answer\",\"text\":\"<p>Veiledende priser for UM (Unaccompanied Minor) er for tiden<\\\/p><table border=\\\"0\\\"><tbody><tr><td>Avreise<\\\/td><td>Ankomst<\\\/td><td>Pris<\\\/td><\\\/tr><tr><td>K\\u00f8benhavn<\\\/td><td>R\\u00f8nne<\\\/td><td>670 DKK<\\\/td><\\\/tr><tr><td>R\\u00f8nne<\\\/td><td>K\\u00f8benhavn<\\\/td><td>670 DKK<\\\/td><\\\/tr><tr><td>K\\u00f8benhavn<\\\/td><td>Aalborg<\\\/td><td>779 DKK<\\\/td><\\\/tr><tr><td>Aalborg<\\\/td><td>K\\u00f8benhavn<\\\/td><td>779 DKK<\\\/td><\\\/tr><tr><td>Billund<\\\/td><td>R\\u00f8nne<\\\/td><td>779 DKK<\\\/td><\\\/tr><tr><td>R\\u00f8nne<\\\/td><td>Billund<\\\/td><td>779 DKK<\\\/td><\\\/tr><tr><td>Aalborg<\\\/td><td>R\\u00f8nne<\\\/td><td>799 DKK<\\\/td><\\\/tr><tr><td>R\\u00f8nne<\\\/td><td>Aalborg<\\\/td><td>799 DKK<\\\/td><\\\/tr><tr><td>Troms\\u00f8<\\\/td><td>Lakselv<\\\/td><td>999 NOK<\\\/td><\\\/tr><tr><td>Lakselv<\\\/td><td>Troms\\u00f8<\\\/td><td>999 NOK<\\\/td><\\\/tr><tr><td>Harstad\\\/Narvik<\\\/td><td>\\u00d8rland<\\\/td><td>1.199 NOK<\\\/td><\\\/tr><tr><td>\\u00d8rland<\\\/td><td>Harstad\\\/Narvik<\\\/td><td>1.199 NOK<\\\/td><\\\/tr><tr><td>Harstad\\\/Narvik<\\\/td><td>Oslo<\\\/td><td>2.199 NOK<\\\/td><\\\/tr><tr><td>Oslo<\\\/td><td>Harstad\\\/Narvik<\\\/td><td>2.199 NOK<\\\/td><\\\/tr><tr><td>Stord<\\\/td><td>Oslo<\\\/td><td>1.199 NOK<\\\/td><\\\/tr><tr><td>Oslo<\\\/td><td>Stord<\\\/td><td>1.199 NOK<\\\/td><\\\/tr><tr><td>Oslo<\\\/td><td>Flor\\u00f8<\\\/td><td>1.199 NOK<\\\/td><\\\/tr><tr><td>Oslo<\\\/td><td>\\u00d8rland<\\\/td><td>1.199 NOK<\\\/td><\\\/tr><tr><td>Oslo<\\\/td><td>R\\u00f8ros<\\\/td><td>1.199 NOK<\\\/td><\\\/tr><\\\/tbody><\\\/table><p>Endelig pris vil bli oppgitt ved bestilling.<\\\/p>\"}}]}<\/script>\t\t\t\t<\/div>\n\t\t\t\t<\/div>\n\t\t\t\t<div class=\"elementor-element elementor-element-2c63e15 elementor-widget elementor-widget-shortcode\" data-id=\"2c63e15\" data-element_type=\"widget\" data-e-type=\"widget\" id=\"um-billet\" data-widget_type=\"shortcode.default\">\n\t\t\t\t<div class=\"elementor-widget-container\">\n\t\t\t\t\t\t\t<div class=\"elementor-shortcode\">\t\t<div data-elementor-type=\"section\" data-elementor-id=\"1750\" class=\"elementor elementor-1750\">\n\t\t\t\t<div class=\"elementor-element elementor-element-f2e059a e-flex e-con-boxed e-con e-parent\" data-id=\"f2e059a\" data-element_type=\"container\" data-e-type=\"container\">\n\t\t\t\t\t<div class=\"e-con-inner\">\n\t\t\t\t<div class=\"elementor-element elementor-element-5120fc5 elementor-widget elementor-widget-html\" data-id=\"5120fc5\" data-element_type=\"widget\" data-e-type=\"widget\" data-widget_type=\"html.default\">\n\t\t\t\t<div class=\"elementor-widget-container\">\n\t\t\t\t\t<iframe src=\"https:\/\/dat.formstack.com\/forms\/um_booking\" title=\"Formstack Form\" width=\"1000\" height=\"940\"><\/iframe>\t\t\t\t<\/div>\n\t\t\t\t<\/div>\n\t\t\t\t\t<\/div>\n\t\t\t\t<\/div>\n\t\t\t\t<\/div>\n\t\t<\/div>\n\t\t\t\t\t\t<\/div>\n\t\t\t\t<\/div>\n\t\t\t\t\t<\/div>\n\t\t\t\t<\/div>\n\t\t\t\t<\/div>\n\t\t","protected":false},"excerpt":{"rendered":"<p>Barn som reiser alene Barnet ditt reiser aldri alene n\u00e5r du reiser med DAT. Reiser barnet ditt uten ledsager? Bestill en UM-billett (Unaccompanied Minor) for \u00e5 sikre at \u00abjunior\u00bb blir ledsaget av v\u00e5rt oppmerksomme personale. De vil ogs\u00e5 s\u00f8rge for at barnet ditt f\u00e5r en god opplevelse under hele reisen. UM-tjeneste: Barnet ditt blir fulgt [&hellip;]<\/p>\n","protected":false},"author":2,"featured_media":0,"parent":8688,"menu_order":0,"comment_status":"closed","ping_status":"closed","template":"","meta":{"_acf_changed":false,"_seopress_robots_primary_cat":"","_seopress_titles_title":"Skal barnet ditt reise alene?","_seopress_titles_desc":"Barnet ditt reiser aldri alene n\u00e5r det reiser med DAT. Bestill en UM-billett (Unaccompanied Minor), s\u00e5 f\u00f8lger vi barnet ditt gjennom hele reisen. Les mer.","_seopress_robots_index":"","footnotes":""},"region":[64,67],"class_list":["post-8681","page","type-page","status-publish","hentry","region-da","region-no"],"acf":[],"_links":{"self":[{"href":"https:\/\/dat.dk\/no\/wp-json\/wp\/v2\/pages\/8681","targetHints":{"allow":["GET"]}}],"collection":[{"href":"https:\/\/dat.dk\/no\/wp-json\/wp\/v2\/pages"}],"about":[{"href":"https:\/\/dat.dk\/no\/wp-json\/wp\/v2\/types\/page"}],"author":[{"embeddable":true,"href":"https:\/\/dat.dk\/no\/wp-json\/wp\/v2\/users\/2"}],"replies":[{"embeddable":true,"href":"https:\/\/dat.dk\/no\/wp-json\/wp\/v2\/comments?post=8681"}],"version-history":[{"count":3,"href":"https:\/\/dat.dk\/no\/wp-json\/wp\/v2\/pages\/8681\/revisions"}],"predecessor-version":[{"id":10745,"href":"https:\/\/dat.dk\/no\/wp-json\/wp\/v2\/pages\/8681\/revisions\/10745"}],"up":[{"embeddable":true,"href":"https:\/\/dat.dk\/no\/wp-json\/wp\/v2\/pages\/8688"}],"wp:attachment":[{"href":"https:\/\/dat.dk\/no\/wp-json\/wp\/v2\/media?parent=8681"}],"wp:term":[{"taxonomy":"region","embeddable":true,"href":"https:\/\/dat.dk\/no\/wp-json\/wp\/v2\/region?post=8681"}],"curies":[{"name":"wp","href":"https:\/\/api.w.org\/{rel}","templated":true}]}}