{"id":11073,"date":"2025-11-12T14:06:43","date_gmt":"2025-11-12T12:06:43","guid":{"rendered":"https:\/\/dat.dk\/?page_id=11073"},"modified":"2025-11-28T15:17:28","modified_gmt":"2025-11-28T13:17:28","slug":"vintersalg","status":"publish","type":"page","link":"https:\/\/dat.dk\/no\/kampagner\/vintersalg\/","title":{"rendered":"Vintersalg"},"content":{"rendered":"\t\t<div data-elementor-type=\"wp-page\" data-elementor-id=\"11073\" class=\"elementor elementor-11073\">\n\t\t\t\t<div class=\"elementor-element elementor-element-60396d7 e-con-full e-flex e-con e-parent\" data-id=\"60396d7\" data-element_type=\"container\" data-e-type=\"container\" data-settings=\"{&quot;background_background&quot;:&quot;classic&quot;}\">\n\t\t<div class=\"elementor-element elementor-element-b341249 e-flex e-con-boxed e-con e-child\" data-id=\"b341249\" data-element_type=\"container\" data-e-type=\"container\">\n\t\t\t\t\t<div class=\"e-con-inner\">\n\t\t<div class=\"elementor-element elementor-element-1d4e531 e-con-full e-flex e-con e-child\" data-id=\"1d4e531\" data-element_type=\"container\" data-e-type=\"container\">\n\t\t\t\t<div class=\"elementor-element elementor-element-c2ea9b1 elementor-widget elementor-widget-heading\" data-id=\"c2ea9b1\" data-element_type=\"widget\" data-e-type=\"widget\" data-widget_type=\"heading.default\">\n\t\t\t\t<div class=\"elementor-widget-container\">\n\t\t\t\t\t<h1 class=\"elementor-heading-title elementor-size-default\">Vintersalg<\/h1>\t\t\t\t<\/div>\n\t\t\t\t<\/div>\n\t\t\t\t<div class=\"elementor-element elementor-element-f185eb6 elementor-widget elementor-widget-text-editor\" data-id=\"f185eb6\" data-element_type=\"widget\" data-e-type=\"widget\" data-widget_type=\"text-editor.default\">\n\t\t\t\t<div class=\"elementor-widget-container\">\n\t\t\t\t\t\t\t\t\t<p><span data-contrast=\"auto\">Rejs billigt mellem Bornholm og K\u00f8benhavn! Det er m\u00f8rkt og koldt \u2013 men nu kan du skabe lidt lys i vinterm\u00f8rket med rejser fra kun 445,- \u00e9n vej p\u00e5 udvalgte afgange i hele januar og februar. Tag turen til \u00d8sters\u00f8en og oplev den dramatiske natur p\u00e5 vinter\u00f8en Bornholm \u2013 eller smut en tur til K\u00f8benhavn og far vild i storbyens lys.<\/span><span data-ccp-props=\"{&quot;134233117&quot;:false,&quot;134233118&quot;:false,&quot;335551550&quot;:0,&quot;335551620&quot;:0,&quot;335559738&quot;:240,&quot;335559739&quot;:240}\">\u00a0<\/span><\/p><p><span data-ccp-props=\"{&quot;134233117&quot;:false,&quot;134233118&quot;:false,&quot;335551550&quot;:0,&quot;335551620&quot;:0,&quot;335559738&quot;:240,&quot;335559739&quot;:240}\">\u00a0<\/span><\/p><p><b><span data-contrast=\"auto\">Billetbetingelser:<\/span><\/b><span data-contrast=\"auto\">\u00a0<\/span><span data-ccp-props=\"{&quot;134233117&quot;:false,&quot;134233118&quot;:false,&quot;335551550&quot;:0,&quot;335551620&quot;:0,&quot;335559738&quot;:240,&quot;335559739&quot;:240}\">\u00a0<\/span><\/p><ul><li aria-setsize=\"-1\" data-leveltext=\"\uf0b7\" data-font=\"Symbol\" data-listid=\"1\" data-list-defn-props=\"{&quot;335552541&quot;:1,&quot;335559683&quot;:0,&quot;335559684&quot;:-2,&quot;335559685&quot;:720,&quot;335559991&quot;:360,&quot;469769226&quot;:&quot;Symbol&quot;,&quot;469769242&quot;:[8226],&quot;469777803&quot;:&quot;left&quot;,&quot;469777804&quot;:&quot;\uf0b7&quot;,&quot;469777815&quot;:&quot;hybridMultilevel&quot;}\" data-aria-posinset=\"1\" data-aria-level=\"1\"><span data-contrast=\"auto\">8 kg h\u00e5ndbagage inkluderet\u00a0<\/span><span data-ccp-props=\"{&quot;134233117&quot;:false,&quot;134233118&quot;:false,&quot;335551550&quot;:0,&quot;335551620&quot;:0,&quot;335559738&quot;:0,&quot;335559739&quot;:0}\">\u00a0<\/span><\/li><\/ul><ul><li aria-setsize=\"-1\" data-leveltext=\"\uf0b7\" data-font=\"Symbol\" data-listid=\"1\" data-list-defn-props=\"{&quot;335552541&quot;:1,&quot;335559683&quot;:0,&quot;335559684&quot;:-2,&quot;335559685&quot;:720,&quot;335559991&quot;:360,&quot;469769226&quot;:&quot;Symbol&quot;,&quot;469769242&quot;:[8226],&quot;469777803&quot;:&quot;left&quot;,&quot;469777804&quot;:&quot;\uf0b7&quot;,&quot;469777815&quot;:&quot;hybridMultilevel&quot;}\" data-aria-posinset=\"2\" data-aria-level=\"1\"><span data-contrast=\"auto\">Billetten kan ikke ombookes eller refunderes\u00a0<\/span><span data-ccp-props=\"{&quot;134233117&quot;:false,&quot;134233118&quot;:false,&quot;335551550&quot;:0,&quot;335551620&quot;:0,&quot;335559738&quot;:0,&quot;335559739&quot;:0}\">\u00a0<\/span><\/li><\/ul><ul><li aria-setsize=\"-1\" data-leveltext=\"\uf0b7\" data-font=\"Symbol\" data-listid=\"1\" data-list-defn-props=\"{&quot;335552541&quot;:1,&quot;335559683&quot;:0,&quot;335559684&quot;:-2,&quot;335559685&quot;:720,&quot;335559991&quot;:360,&quot;469769226&quot;:&quot;Symbol&quot;,&quot;469769242&quot;:[8226],&quot;469777803&quot;:&quot;left&quot;,&quot;469777804&quot;:&quot;\uf0b7&quot;,&quot;469777815&quot;:&quot;hybridMultilevel&quot;}\" data-aria-posinset=\"3\" data-aria-level=\"1\"><span data-contrast=\"auto\">Salgsperiode: 13. november \u2013 1. december\u00a02025<\/span><span data-ccp-props=\"{&quot;134233117&quot;:false,&quot;134233118&quot;:false,&quot;335551550&quot;:0,&quot;335551620&quot;:0,&quot;335559738&quot;:0,&quot;335559739&quot;:0}\">\u00a0<\/span><\/li><\/ul><ul><li aria-setsize=\"-1\" data-leveltext=\"\uf0b7\" data-font=\"Symbol\" data-listid=\"1\" data-list-defn-props=\"{&quot;335552541&quot;:1,&quot;335559683&quot;:0,&quot;335559684&quot;:-2,&quot;335559685&quot;:720,&quot;335559991&quot;:360,&quot;469769226&quot;:&quot;Symbol&quot;,&quot;469769242&quot;:[8226],&quot;469777803&quot;:&quot;left&quot;,&quot;469777804&quot;:&quot;\uf0b7&quot;,&quot;469777815&quot;:&quot;hybridMultilevel&quot;}\" data-aria-posinset=\"4\" data-aria-level=\"1\"><span data-contrast=\"auto\">Rejseperiode: 1. januar &#8211; 28. februar 2026\u00a0<\/span><span data-ccp-props=\"{&quot;134233117&quot;:false,&quot;134233118&quot;:false,&quot;335551550&quot;:0,&quot;335551620&quot;:0,&quot;335559738&quot;:0,&quot;335559739&quot;:0}\">\u00a0<\/span><\/li><\/ul><p><span data-contrast=\"auto\">Begr\u00e6nset antal billetter pr. afgang.\u00a0<\/span><span data-ccp-props=\"{&quot;134233117&quot;:false,&quot;134233118&quot;:false,&quot;335551550&quot;:0,&quot;335551620&quot;:0,&quot;335559738&quot;:240,&quot;335559739&quot;:240}\">\u00a0<\/span><\/p><p><span data-contrast=\"auto\">For mere information kan du kontakte DAT kundeservice p\u00e5:\u00a0<\/span><span data-ccp-props=\"{&quot;134233117&quot;:false,&quot;134233118&quot;:false,&quot;335551550&quot;:0,&quot;335551620&quot;:0,&quot;335559738&quot;:240,&quot;335559739&quot;:240}\">\u00a0<\/span><\/p><p><span data-contrast=\"auto\">+45 76 92 30 40 eller <\/span><a href=\"mailto:kundeservice@dat.dk\"><span data-contrast=\"none\">kundeservice@dat.dk<\/span><\/a><span data-contrast=\"auto\">.<\/span><span data-ccp-props=\"{&quot;134233117&quot;:false,&quot;134233118&quot;:false,&quot;335551550&quot;:0,&quot;335551620&quot;:0,&quot;335559738&quot;:240,&quot;335559739&quot;:240}\">\u00a0<\/span><\/p>\t\t\t\t\t\t\t\t<\/div>\n\t\t\t\t<\/div>\n\t\t\t\t<\/div>\n\t\t<div class=\"elementor-element elementor-element-309d55e e-con-full elementor-hidden-tablet elementor-hidden-mobile e-flex e-con e-child\" data-id=\"309d55e\" data-element_type=\"container\" data-e-type=\"container\">\n\t\t<div class=\"elementor-element elementor-element-477ad12 e-con-full e-flex e-con e-child\" data-id=\"477ad12\" data-element_type=\"container\" data-e-type=\"container\">\n\t\t\t\t<div class=\"elementor-element elementor-element-52c95ff elementor-widget elementor-widget-image\" data-id=\"52c95ff\" data-element_type=\"widget\" data-e-type=\"widget\" data-widget_type=\"image.default\">\n\t\t\t\t<div class=\"elementor-widget-container\">\n\t\t\t\t\t\t\t\t\t\t\t\t\t\t\t<img alt=\"\" fetchpriority=\"high\" decoding=\"async\" width=\"566\" height=\"511\" src=\"https:\/\/dat.dk\/wp-content\/uploads\/2025\/11\/winterdk-slider-.webp\" class=\"attachment-large size-large wp-image-11132\" alt=\"\" srcset=\"https:\/\/dat.dk\/wp-content\/uploads\/2025\/11\/winterdk-slider-.webp 566w, https:\/\/dat.dk\/wp-content\/uploads\/2025\/11\/winterdk-slider--300x271.webp 300w, https:\/\/dat.dk\/wp-content\/uploads\/2025\/11\/winterdk-slider--222x200.webp 222w\" sizes=\"(max-width: 566px) 100vw, 566px\" \/>\t\t\t\t\t\t\t\t\t\t\t\t\t\t\t<\/div>\n\t\t\t\t<\/div>\n\t\t\t\t<\/div>\n\t\t<a class=\"elementor-element elementor-element-7f673a5 e-con-full e-flex e-con e-child\" data-id=\"7f673a5\" data-element_type=\"container\" data-e-type=\"container\" data-settings=\"{&quot;background_background&quot;:&quot;classic&quot;}\" href=\"https:\/\/dat.worldticket.net\/booking\/rnn-cph?currency=DKK&#038;___store=da\">\n\t\t\t\t<div class=\"elementor-element elementor-element-d1d6612 elementor-widget elementor-widget-heading\" data-id=\"d1d6612\" data-element_type=\"widget\" data-e-type=\"widget\" data-widget_type=\"heading.default\">\n\t\t\t\t<div class=\"elementor-widget-container\">\n\t\t\t\t\t<h2 class=\"elementor-heading-title elementor-size-default\">Book nu<br>\n445 DKK<\/h2>\t\t\t\t<\/div>\n\t\t\t\t<\/div>\n\t\t\t\t<div class=\"elementor-element elementor-element-7e05029 elementor-widget elementor-widget-heading\" data-id=\"7e05029\" data-element_type=\"widget\" data-e-type=\"widget\" data-widget_type=\"heading.default\">\n\t\t\t\t<div class=\"elementor-widget-container\">\n\t\t\t\t\t<div class=\"elementor-heading-title elementor-size-default\">En vej inklusive h\u00e5ndbagage<\/div>\t\t\t\t<\/div>\n\t\t\t\t<\/div>\n\t\t\t\t<\/a>\n\t\t\t\t<\/div>\n\t\t\t\t\t<\/div>\n\t\t\t\t<\/div>\n\t\t\t\t<\/div>\n\t\t\t\t<\/div>\n\t\t","protected":false},"excerpt":{"rendered":"<p>Vintersalg Rejs billigt mellem Bornholm og K\u00f8benhavn! Det er m\u00f8rkt og koldt \u2013 men nu kan du skabe lidt lys i vinterm\u00f8rket med rejser fra kun 445,- \u00e9n vej p\u00e5 udvalgte afgange i hele januar og februar. Tag turen til \u00d8sters\u00f8en og oplev den dramatiske natur p\u00e5 vinter\u00f8en Bornholm \u2013 eller smut en tur til [&hellip;]<\/p>\n","protected":false},"author":11,"featured_media":11130,"parent":1204,"menu_order":0,"comment_status":"closed","ping_status":"closed","template":"","meta":{"_acf_changed":false,"_seopress_robots_primary_cat":"","_seopress_titles_title":"Vintersalg","_seopress_titles_desc":"Flyv billigt mellem K\u00f8benhavn og Bornholm - rejs for kun 445,- p\u00e5 udvalgte afgange i januar og februar!","_seopress_robots_index":"","footnotes":""},"region":[25],"class_list":["post-11073","page","type-page","status-publish","has-post-thumbnail","hentry","region-da"],"acf":[],"_links":{"self":[{"href":"https:\/\/dat.dk\/no\/wp-json\/wp\/v2\/pages\/11073","targetHints":{"allow":["GET"]}}],"collection":[{"href":"https:\/\/dat.dk\/no\/wp-json\/wp\/v2\/pages"}],"about":[{"href":"https:\/\/dat.dk\/no\/wp-json\/wp\/v2\/types\/page"}],"author":[{"embeddable":true,"href":"https:\/\/dat.dk\/no\/wp-json\/wp\/v2\/users\/11"}],"replies":[{"embeddable":true,"href":"https:\/\/dat.dk\/no\/wp-json\/wp\/v2\/comments?post=11073"}],"version-history":[{"count":3,"href":"https:\/\/dat.dk\/no\/wp-json\/wp\/v2\/pages\/11073\/revisions"}],"predecessor-version":[{"id":11142,"href":"https:\/\/dat.dk\/no\/wp-json\/wp\/v2\/pages\/11073\/revisions\/11142"}],"up":[{"embeddable":true,"href":"https:\/\/dat.dk\/no\/wp-json\/wp\/v2\/pages\/1204"}],"wp:featuredmedia":[{"embeddable":true,"href":"https:\/\/dat.dk\/no\/wp-json\/wp\/v2\/media\/11130"}],"wp:attachment":[{"href":"https:\/\/dat.dk\/no\/wp-json\/wp\/v2\/media?parent=11073"}],"wp:term":[{"taxonomy":"region","embeddable":true,"href":"https:\/\/dat.dk\/no\/wp-json\/wp\/v2\/region?post=11073"}],"curies":[{"name":"wp","href":"https:\/\/api.w.org\/{rel}","templated":true}]}}