{"id":10157,"date":"2024-04-17T12:02:01","date_gmt":"2024-04-17T10:02:01","guid":{"rendered":"https:\/\/dat.dk\/travelcredit\/"},"modified":"2025-09-25T08:27:02","modified_gmt":"2025-09-25T06:27:02","slug":"travelcredit","status":"publish","type":"page","link":"https:\/\/dat.dk\/no\/travelcredit\/","title":{"rendered":"Travel Credit"},"content":{"rendered":"\t\t<div data-elementor-type=\"wp-page\" data-elementor-id=\"10157\" class=\"elementor elementor-10157 elementor-3158\">\n\t\t\t\t<div class=\"elementor-element elementor-element-60396d7 e-con-full e-flex e-con e-parent\" data-id=\"60396d7\" data-element_type=\"container\" data-e-type=\"container\" data-settings=\"{&quot;background_background&quot;:&quot;classic&quot;}\">\n\t\t<div class=\"elementor-element elementor-element-b341249 e-flex e-con-boxed e-con e-child\" data-id=\"b341249\" data-element_type=\"container\" data-e-type=\"container\">\n\t\t\t\t\t<div class=\"e-con-inner\">\n\t\t<div class=\"elementor-element elementor-element-1d4e531 e-con-full e-flex e-con e-child\" data-id=\"1d4e531\" data-element_type=\"container\" data-e-type=\"container\">\n\t\t\t\t<div class=\"elementor-element elementor-element-c2ea9b1 elementor-widget elementor-widget-heading\" data-id=\"c2ea9b1\" data-element_type=\"widget\" data-e-type=\"widget\" data-widget_type=\"heading.default\">\n\t\t\t\t<div class=\"elementor-widget-container\">\n\t\t\t\t\t<h1 class=\"elementor-heading-title elementor-size-default\">Travel Credits<\/h1>\t\t\t\t<\/div>\n\t\t\t\t<\/div>\n\t\t\t\t<div class=\"elementor-element elementor-element-f185eb6 elementor-widget elementor-widget-text-editor\" data-id=\"f185eb6\" data-element_type=\"widget\" data-e-type=\"widget\" data-widget_type=\"text-editor.default\">\n\t\t\t\t<div class=\"elementor-widget-container\">\n\t\t\t\t\t\t\t\t\t<p data-start=\"128\" data-end=\"295\"><strong data-start=\"128\" data-end=\"159\">Fly mer med rabatt!<\/strong><\/p><p data-start=\"41\" data-end=\"203\">Med DATs forh\u00e5ndsbetalte Travel Credits f\u00e5r virksomheten din ekstra verdi og st\u00f8rre fleksibilitet n\u00e5r det skal bestilles flybilletter.<\/p><p data-start=\"205\" data-end=\"511\" data-is-last-node=\"\" data-is-only-node=\"\">I motsetning til v\u00e5re klippekort, som er gyldige i 90 dager, gjelder Travel Credits i hele 12 m\u00e5neder fra aktiveringsdatoen. Ordningen retter seg spesielt mot virksomheter med h\u00f8y reiseaktivitet, men hvor behovet kan variere gjennom \u00e5ret \u2013 og som derfor \u00f8nsker b\u00e5de fleksibilitet og lengre gyldighet.<\/p>\t\t\t\t\t\t\t\t<\/div>\n\t\t\t\t<\/div>\n\t\t\t\t<\/div>\n\t\t<div class=\"elementor-element elementor-element-42c5ae0 e-con-full e-flex e-con e-child\" data-id=\"42c5ae0\" data-element_type=\"container\" data-e-type=\"container\">\n\t\t\t\t<div class=\"elementor-element elementor-element-aa84114 elementor-widget elementor-widget-image\" data-id=\"aa84114\" data-element_type=\"widget\" data-e-type=\"widget\" data-widget_type=\"image.default\">\n\t\t\t\t<div class=\"elementor-widget-container\">\n\t\t\t\t\t\t\t\t\t\t\t\t\t\t\t<img alt=\"\" fetchpriority=\"high\" decoding=\"async\" width=\"768\" height=\"512\" src=\"https:\/\/dat.dk\/wp-content\/uploads\/2025\/08\/credit-henrik-langaard-4-768x512.jpg\" class=\"attachment-medium_large size-medium_large wp-image-9656\" alt=\"\" srcset=\"https:\/\/dat.dk\/wp-content\/uploads\/2025\/08\/credit-henrik-langaard-4-768x512.jpg 768w, https:\/\/dat.dk\/wp-content\/uploads\/2025\/08\/credit-henrik-langaard-4-300x200.jpg 300w, https:\/\/dat.dk\/wp-content\/uploads\/2025\/08\/credit-henrik-langaard-4-1024x683.jpg 1024w, https:\/\/dat.dk\/wp-content\/uploads\/2025\/08\/credit-henrik-langaard-4-1536x1024.jpg 1536w, https:\/\/dat.dk\/wp-content\/uploads\/2025\/08\/credit-henrik-langaard-4-2048x1365.jpg 2048w\" sizes=\"(max-width: 768px) 100vw, 768px\" \/>\t\t\t\t\t\t\t\t\t\t\t\t\t\t\t<\/div>\n\t\t\t\t<\/div>\n\t\t\t\t<div class=\"elementor-element elementor-element-056a45e elementor-widget elementor-widget-text-editor\" data-id=\"056a45e\" data-element_type=\"widget\" data-e-type=\"widget\" data-widget_type=\"text-editor.default\">\n\t\t\t\t<div class=\"elementor-widget-container\">\n\t\t\t\t\t\t\t\t\t<p>Foto: Henrik Langg\u00e5rd<\/p>\t\t\t\t\t\t\t\t<\/div>\n\t\t\t\t<\/div>\n\t\t\t\t<\/div>\n\t\t\t\t\t<\/div>\n\t\t\t\t<\/div>\n\t\t\t\t<div class=\"elementor-element elementor-element-2c4b87a elementor-widget elementor-widget-text-editor\" data-id=\"2c4b87a\" data-element_type=\"widget\" data-e-type=\"widget\" data-widget_type=\"text-editor.default\">\n\t\t\t\t<div class=\"elementor-widget-container\">\n\t\t\t\t\t\t\t\t\t<p data-start=\"603\" data-end=\"872\"><strong data-start=\"41\" data-end=\"63\">Slik fungerer det:<\/strong><br data-start=\"63\" data-end=\"66\" \/>Virksomheten din velger og forh\u00e5ndsbetaler et bel\u00f8p ut fra alternativene nedenfor. Deretter legger DAT til en bonus, slik at reisekreditten \u00f8ker. Hele bel\u00f8pet p\u00e5 deres Travel Credits kan brukes til kj\u00f8p av billetter og er gyldig i 12 m\u00e5neder fra aktiveringsdatoen.<\/p><p data-start=\"603\" data-end=\"872\">\u00a0<\/p><p data-start=\"874\" data-end=\"900\"><strong data-start=\"874\" data-end=\"898\">Tilgjengelige pakker:<\/strong><\/p>\t\t\t\t\t\t\t\t<\/div>\n\t\t\t\t<\/div>\n\t\t<div class=\"elementor-element elementor-element-8a902a0 e-flex e-con-boxed e-con e-child\" data-id=\"8a902a0\" data-element_type=\"container\" data-e-type=\"container\">\n\t\t\t\t\t<div class=\"e-con-inner\">\n\t\t<div class=\"elementor-element elementor-element-f103619 e-con-full e-flex e-con e-child\" data-id=\"f103619\" data-element_type=\"container\" data-e-type=\"container\">\n\t\t\t\t<div class=\"elementor-element elementor-element-1f89d17 elementor-widget__width-initial elementor-widget elementor-widget-raven-pricing-table\" data-id=\"1f89d17\" data-element_type=\"widget\" data-e-type=\"widget\" data-widget_type=\"raven-pricing-table.default\">\n\t\t\t\t<div class=\"elementor-widget-container\">\n\t\t\t\t\t\t\t<div class=\"raven-pricing-table\">\n\t\t\t\t\t<div class=\"raven-pricing-table__header\">\n\t\t\t\t\t<h3 class=\"raven-pricing-table__heading\">\t\t\tBasic\t\t\t<\/h3>\n\t\t\t\t\t\t<\/div>\n\t\t\t\t<div class=\"raven-pricing-table__price\">\n\t\t\t\t\t\t<span class=\"raven-pricing-table__integer-part\">\n\t\t\t\t80.000\t\t\t<\/span>\n\t\t\t<span class=\"raven-pricing-table__currency\">NOK<\/span>\t\t<\/div>\n\t\t\t\t\t<ul class=\"raven-pricing-table__features-list\">\n\t\t\t\t\t\t\t\t\t<li class=\"elementor-repeater-item-0637010\">\n\t\t\t\t\t\t<div class=\"raven-pricing-table__feature-inner\">\n\t\t\t\t\t\t\t<svg aria-hidden=\"true\" class=\"e-font-icon-svg e-fas-coins\" viewBox=\"0 0 512 512\" xmlns=\"http:\/\/www.w3.org\/2000\/svg\"><path d=\"M0 405.3V448c0 35.3 86 64 192 64s192-28.7 192-64v-42.7C342.7 434.4 267.2 448 192 448S41.3 434.4 0 405.3zM320 128c106 0 192-28.7 192-64S426 0 320 0 128 28.7 128 64s86 64 192 64zM0 300.4V352c0 35.3 86 64 192 64s192-28.7 192-64v-51.6c-41.3 34-116.9 51.6-192 51.6S41.3 334.4 0 300.4zm416 11c57.3-11.1 96-31.7 96-55.4v-42.7c-23.2 16.4-57.3 27.6-96 34.5v63.6zM192 160C86 160 0 195.8 0 240s86 80 192 80 192-35.8 192-80-86-80-192-80zm219.3 56.3c60-10.8 100.7-32 100.7-56.3v-42.7c-35.5 25.1-96.5 38.6-160.7 41.8 29.5 14.3 51.2 33.5 60 57.2z\"><\/path><\/svg>\t\t\t\t\t\t\t\t<span >\n\t\t\t\t\t\t\t\t\tTotalverdi: 88.000\t\t\t\t\t\t\t\t<\/span>\n\t\t\t\t\t\t\t\t\t\t\t\t\t\t<\/div>\n\t\t\t\t\t<\/li>\n\t\t\t\t\t\t\t<\/ul>\n\t\t\t\t\t<div class=\"raven-pricing-table__footer\">\n\t\t\t\t\t\t\t<a class=\"raven-pricing-table__button raven-button raven-size-md\" href=\"mailto:kundeservice@dat.dk?subject=Travel%20credits%2050.000DKK\">\n\t\t\t\t\tBestill\t\t\t\t<\/a>\n\t\t\t\n\t\t\t\t\t\t\t<div class=\"raven-pricing-table__additional_info\">\n\t\t\t\t\tBonus: 8.000\t\t\t\t<\/div>\n\t\t\t\t\t<\/div>\n\t\t\t\t<\/div>\n\t\t\t\t<div class=\"raven-pricing-table__ribbon\">\n\t\t\t<div class=\"raven-pricing-table__ribbon-inner\">\n\t\t\t\t10% bonus\t\t\t<\/div>\n\t\t<\/div>\n\t\t\t\t\t\t<\/div>\n\t\t\t\t<\/div>\n\t\t\t\t<div class=\"elementor-element elementor-element-0ca0913 elementor-widget__width-initial elementor-widget elementor-widget-raven-pricing-table\" data-id=\"0ca0913\" data-element_type=\"widget\" data-e-type=\"widget\" data-widget_type=\"raven-pricing-table.default\">\n\t\t\t\t<div class=\"elementor-widget-container\">\n\t\t\t\t\t\t\t<div class=\"raven-pricing-table\">\n\t\t\t\t\t<div class=\"raven-pricing-table__header\">\n\t\t\t\t\t<h3 class=\"raven-pricing-table__heading\">\t\t\tPlus\t\t\t<\/h3>\n\t\t\t\t\t\t<\/div>\n\t\t\t\t<div class=\"raven-pricing-table__price\">\n\t\t\t\t\t\t<span class=\"raven-pricing-table__integer-part\">\n\t\t\t\t120.000\t\t\t<\/span>\n\t\t\t<span class=\"raven-pricing-table__currency\">NOK<\/span>\t\t<\/div>\n\t\t\t\t\t<ul class=\"raven-pricing-table__features-list\">\n\t\t\t\t\t\t\t\t\t<li class=\"elementor-repeater-item-0637010\">\n\t\t\t\t\t\t<div class=\"raven-pricing-table__feature-inner\">\n\t\t\t\t\t\t\t<svg aria-hidden=\"true\" class=\"e-font-icon-svg e-fas-coins\" viewBox=\"0 0 512 512\" xmlns=\"http:\/\/www.w3.org\/2000\/svg\"><path d=\"M0 405.3V448c0 35.3 86 64 192 64s192-28.7 192-64v-42.7C342.7 434.4 267.2 448 192 448S41.3 434.4 0 405.3zM320 128c106 0 192-28.7 192-64S426 0 320 0 128 28.7 128 64s86 64 192 64zM0 300.4V352c0 35.3 86 64 192 64s192-28.7 192-64v-51.6c-41.3 34-116.9 51.6-192 51.6S41.3 334.4 0 300.4zm416 11c57.3-11.1 96-31.7 96-55.4v-42.7c-23.2 16.4-57.3 27.6-96 34.5v63.6zM192 160C86 160 0 195.8 0 240s86 80 192 80 192-35.8 192-80-86-80-192-80zm219.3 56.3c60-10.8 100.7-32 100.7-56.3v-42.7c-35.5 25.1-96.5 38.6-160.7 41.8 29.5 14.3 51.2 33.5 60 57.2z\"><\/path><\/svg>\t\t\t\t\t\t\t\t<span >\n\t\t\t\t\t\t\t\t\tTotalverdi: 135.600\t\t\t\t\t\t\t\t<\/span>\n\t\t\t\t\t\t\t\t\t\t\t\t\t\t<\/div>\n\t\t\t\t\t<\/li>\n\t\t\t\t\t\t\t<\/ul>\n\t\t\t\t\t<div class=\"raven-pricing-table__footer\">\n\t\t\t\t\t\t\t<a class=\"raven-pricing-table__button raven-button raven-size-md\" href=\"mailto:kundeservice@dat.dk?subject=Travel%20credits%2075.000DKK\">\n\t\t\t\t\tBestill\t\t\t\t<\/a>\n\t\t\t\n\t\t\t\t\t\t\t<div class=\"raven-pricing-table__additional_info\">\n\t\t\t\t\tBonus: 15.600\t\t\t\t<\/div>\n\t\t\t\t\t<\/div>\n\t\t\t\t<\/div>\n\t\t\t\t<div class=\"raven-pricing-table__ribbon\">\n\t\t\t<div class=\"raven-pricing-table__ribbon-inner\">\n\t\t\t\t13% bonus\t\t\t<\/div>\n\t\t<\/div>\n\t\t\t\t\t\t<\/div>\n\t\t\t\t<\/div>\n\t\t\t\t<div class=\"elementor-element elementor-element-c7d7729 elementor-widget__width-initial elementor-widget elementor-widget-raven-pricing-table\" data-id=\"c7d7729\" data-element_type=\"widget\" data-e-type=\"widget\" data-widget_type=\"raven-pricing-table.default\">\n\t\t\t\t<div class=\"elementor-widget-container\">\n\t\t\t\t\t\t\t<div class=\"raven-pricing-table\">\n\t\t\t\t\t<div class=\"raven-pricing-table__header\">\n\t\t\t\t\t<h3 class=\"raven-pricing-table__heading\">\t\t\tPro\t\t\t<\/h3>\n\t\t\t\t\t\t<\/div>\n\t\t\t\t<div class=\"raven-pricing-table__price\">\n\t\t\t\t\t\t<span class=\"raven-pricing-table__integer-part\">\n\t\t\t\t160.000\t\t\t<\/span>\n\t\t\t<span class=\"raven-pricing-table__currency\">NOK<\/span>\t\t<\/div>\n\t\t\t\t\t<ul class=\"raven-pricing-table__features-list\">\n\t\t\t\t\t\t\t\t\t<li class=\"elementor-repeater-item-0637010\">\n\t\t\t\t\t\t<div class=\"raven-pricing-table__feature-inner\">\n\t\t\t\t\t\t\t<svg aria-hidden=\"true\" class=\"e-font-icon-svg e-fas-coins\" viewBox=\"0 0 512 512\" xmlns=\"http:\/\/www.w3.org\/2000\/svg\"><path d=\"M0 405.3V448c0 35.3 86 64 192 64s192-28.7 192-64v-42.7C342.7 434.4 267.2 448 192 448S41.3 434.4 0 405.3zM320 128c106 0 192-28.7 192-64S426 0 320 0 128 28.7 128 64s86 64 192 64zM0 300.4V352c0 35.3 86 64 192 64s192-28.7 192-64v-51.6c-41.3 34-116.9 51.6-192 51.6S41.3 334.4 0 300.4zm416 11c57.3-11.1 96-31.7 96-55.4v-42.7c-23.2 16.4-57.3 27.6-96 34.5v63.6zM192 160C86 160 0 195.8 0 240s86 80 192 80 192-35.8 192-80-86-80-192-80zm219.3 56.3c60-10.8 100.7-32 100.7-56.3v-42.7c-35.5 25.1-96.5 38.6-160.7 41.8 29.5 14.3 51.2 33.5 60 57.2z\"><\/path><\/svg>\t\t\t\t\t\t\t\t<span >\n\t\t\t\t\t\t\t\t\tTotalverdi: 184.000\t\t\t\t\t\t\t\t<\/span>\n\t\t\t\t\t\t\t\t\t\t\t\t\t\t<\/div>\n\t\t\t\t\t<\/li>\n\t\t\t\t\t\t\t<\/ul>\n\t\t\t\t\t<div class=\"raven-pricing-table__footer\">\n\t\t\t\t\t\t\t<a class=\"raven-pricing-table__button raven-button raven-size-md\" href=\"mailto:kundeservice@dat.dk?subject=Travel%20credits%20100.000DKK\">\n\t\t\t\t\tBestill\t\t\t\t<\/a>\n\t\t\t\n\t\t\t\t\t\t\t<div class=\"raven-pricing-table__additional_info\">\n\t\t\t\t\tBonus: 24.000\t\t\t\t<\/div>\n\t\t\t\t\t<\/div>\n\t\t\t\t<\/div>\n\t\t\t\t<div class=\"raven-pricing-table__ribbon\">\n\t\t\t<div class=\"raven-pricing-table__ribbon-inner\">\n\t\t\t\t15% bonus\t\t\t<\/div>\n\t\t<\/div>\n\t\t\t\t\t\t<\/div>\n\t\t\t\t<\/div>\n\t\t\t\t<\/div>\n\t\t<div class=\"elementor-element elementor-element-b4bbaea e-flex e-con-boxed e-con e-child\" data-id=\"b4bbaea\" data-element_type=\"container\" data-e-type=\"container\" data-settings=\"{&quot;background_background&quot;:&quot;classic&quot;}\">\n\t\t\t\t\t<div class=\"e-con-inner\">\n\t\t<div class=\"elementor-element elementor-element-2702c58 e-flex e-con-boxed e-con e-child\" data-id=\"2702c58\" data-element_type=\"container\" data-e-type=\"container\">\n\t\t\t\t\t<div class=\"e-con-inner\">\n\t\t\t\t<div class=\"elementor-element elementor-element-442fcd2 elementor-widget elementor-widget-text-editor\" data-id=\"442fcd2\" data-element_type=\"widget\" data-e-type=\"widget\" data-widget_type=\"text-editor.default\">\n\t\t\t\t<div class=\"elementor-widget-container\">\n\t\t\t\t\t\t\t\t\t<p data-start=\"0\" data-end=\"27\"><strong data-start=\"0\" data-end=\"25\">Vilk\u00e5r og betingelser<\/strong><\/p><ul><li data-start=\"29\" data-end=\"92\">Travel Credits er gyldige i 12 m\u00e5neder fra aktiveringsdatoen.<\/li><li data-start=\"29\" data-end=\"92\">Ubrukte Travel Credits refunderes ikke.<\/li><li data-start=\"29\" data-end=\"92\">Travel Credits kan ikke brukes til \u00e5 kj\u00f8pe rabatterte billetter, inkludert kampanje-\/promobilletter eller sosiale rabatter (senior-, milit\u00e6r- eller studentbilletter).<\/li><li data-start=\"29\" data-end=\"92\">Kun \u00e9n pakke kan v\u00e6re aktiv om gangen. Nye pakker kan kj\u00f8pes n\u00e5r den n\u00e5v\u00e6rende saldoen av Travel Credits er brukt opp.<\/li><li data-start=\"29\" data-end=\"92\">Travel Credits kan kun brukes p\u00e5 DATs danske og norske ruteflygninger samt de tyske rutene fra Saarbr\u00fccken (SCN).<\/li><li data-start=\"29\" data-end=\"92\">Reisebyr\u00e5er og lignende agenter kan ikke benytte Travel Credits. Slike parter m\u00e5 i stedet s\u00f8ke om en agenturavtale.<\/li><li data-start=\"29\" data-end=\"92\">Billetter kj\u00f8pt med Travel Credits kan ikke videreselges. Brudd p\u00e5 denne regelen vil medf\u00f8re umiddelbar stenging av brukerens konto.<\/li><\/ul>\t\t\t\t\t\t\t\t<\/div>\n\t\t\t\t<\/div>\n\t\t\t\t\t<\/div>\n\t\t\t\t<\/div>\n\t\t\t\t\t<\/div>\n\t\t\t\t<\/div>\n\t\t\t\t\t<\/div>\n\t\t\t\t<\/div>\n\t\t\t\t<\/div>\n\t\t<div class=\"elementor-element elementor-element-c95e43d e-flex e-con-boxed e-con e-parent\" data-id=\"c95e43d\" data-element_type=\"container\" data-e-type=\"container\">\n\t\t\t\t\t<div class=\"e-con-inner\">\n\t\t\t\t<div class=\"elementor-element elementor-element-b2933b8 elementor-widget elementor-widget-text-editor\" data-id=\"b2933b8\" data-element_type=\"widget\" data-e-type=\"widget\" data-widget_type=\"text-editor.default\">\n\t\t\t\t<div class=\"elementor-widget-container\">\n\t\t\t\t\t\t\t\t\t<h3>Slik bestiller du:<\/h3><p data-start=\"67\" data-end=\"139\">Kontakt v\u00e5r kundeservice p\u00e5\u00a0<strong data-start=\"95\" data-end=\"118\"><a class=\"decorated-link cursor-pointer\" rel=\"noopener\" data-start=\"97\" data-end=\"116\">kundeservice@dat.dk<\/a><\/strong>\u00a0og oppgi f\u00f8lgende:<\/p><ul data-start=\"141\" data-end=\"286\"><li data-start=\"141\" data-end=\"165\"><p data-start=\"143\" data-end=\"165\">\u00d8nsket pakke (bel\u00f8p)<\/p><\/li><li data-start=\"166\" data-end=\"188\"><p data-start=\"168\" data-end=\"188\">Virksomhetens navn<\/p><\/li><li data-start=\"189\" data-end=\"286\"><p data-start=\"191\" data-end=\"286\">Navn samt kontaktinformasjon til den medarbeideren eller agenten som skal reservere billetter<\/p><\/li><\/ul><p data-start=\"288\" data-end=\"451\" data-is-last-node=\"\" data-is-only-node=\"\">V\u00e5r kundeservice vil deretter komme tilbake til deg med de neste stegene i prosessen, inkludert relevante lenker og veiledning til hvordan billettene reserveres.<\/p>\t\t\t\t\t\t\t\t<\/div>\n\t\t\t\t<\/div>\n\t\t\t\t\t<\/div>\n\t\t\t\t<\/div>\n\t\t\t\t<\/div>\n\t\t","protected":false},"excerpt":{"rendered":"<p>Travel Credits Fly mer med rabatt! Med DATs forh\u00e5ndsbetalte Travel Credits f\u00e5r virksomheten din ekstra verdi og st\u00f8rre fleksibilitet n\u00e5r det skal bestilles flybilletter. I motsetning til v\u00e5re klippekort, som er gyldige i 90 dager, gjelder Travel Credits i hele 12 m\u00e5neder fra aktiveringsdatoen. Ordningen retter seg spesielt mot virksomheter med h\u00f8y reiseaktivitet, men hvor [&hellip;]<\/p>\n","protected":false},"author":2,"featured_media":9656,"parent":0,"menu_order":0,"comment_status":"closed","ping_status":"closed","template":"elementor_theme","meta":{"_acf_changed":false,"_seopress_robots_primary_cat":"","_seopress_titles_title":"","_seopress_titles_desc":"","_seopress_robots_index":"","footnotes":""},"region":[64,67],"class_list":["post-10157","page","type-page","status-publish","has-post-thumbnail","hentry","region-da","region-no"],"acf":[],"_links":{"self":[{"href":"https:\/\/dat.dk\/no\/wp-json\/wp\/v2\/pages\/10157","targetHints":{"allow":["GET"]}}],"collection":[{"href":"https:\/\/dat.dk\/no\/wp-json\/wp\/v2\/pages"}],"about":[{"href":"https:\/\/dat.dk\/no\/wp-json\/wp\/v2\/types\/page"}],"author":[{"embeddable":true,"href":"https:\/\/dat.dk\/no\/wp-json\/wp\/v2\/users\/2"}],"replies":[{"embeddable":true,"href":"https:\/\/dat.dk\/no\/wp-json\/wp\/v2\/comments?post=10157"}],"version-history":[{"count":3,"href":"https:\/\/dat.dk\/no\/wp-json\/wp\/v2\/pages\/10157\/revisions"}],"predecessor-version":[{"id":10318,"href":"https:\/\/dat.dk\/no\/wp-json\/wp\/v2\/pages\/10157\/revisions\/10318"}],"wp:featuredmedia":[{"embeddable":true,"href":"https:\/\/dat.dk\/no\/wp-json\/wp\/v2\/media\/9656"}],"wp:attachment":[{"href":"https:\/\/dat.dk\/no\/wp-json\/wp\/v2\/media?parent=10157"}],"wp:term":[{"taxonomy":"region","embeddable":true,"href":"https:\/\/dat.dk\/no\/wp-json\/wp\/v2\/region?post=10157"}],"curies":[{"name":"wp","href":"https:\/\/api.w.org\/{rel}","templated":true}]}}