{"id":8806,"date":"2025-05-13T13:47:12","date_gmt":"2025-05-13T11:47:12","guid":{"rendered":"https:\/\/dat.dk\/?page_id=8806"},"modified":"2026-03-05T13:34:12","modified_gmt":"2026-03-05T11:34:12","slug":"grupperejser","status":"publish","type":"page","link":"https:\/\/dat.dk\/it\/grupperejser\/","title":{"rendered":"Grupperejser"},"content":{"rendered":"\t\t<div data-elementor-type=\"wp-page\" data-elementor-id=\"8806\" class=\"elementor elementor-8806\">\n\t\t\t\t<div class=\"elementor-element elementor-element-81d7238 e-flex e-con-boxed e-con e-parent\" data-id=\"81d7238\" data-element_type=\"container\" data-e-type=\"container\">\n\t\t\t\t\t<div class=\"e-con-inner\">\n\t\t\t\t<div class=\"elementor-element elementor-element-9c11f37 elementor-widget elementor-widget-text-editor\" data-id=\"9c11f37\" data-element_type=\"widget\" data-e-type=\"widget\" data-widget_type=\"text-editor.default\">\n\t\t\t\t<div class=\"elementor-widget-container\">\n\t\t\t\t\t\t\t\t\t<p><strong>Skal I mange afsted p\u00e5 rejse mod nye oplevelser? Hvis I er en gruppe p\u00e5 minimum 10 personer som rejser samlet, kan I opn\u00e5 gunstige priser.<\/strong><\/p><p>Fordele ved gruppebestillinger<\/p><p>N\u00e5r man rejser i st\u00f8rre grupper, har man ofte brug for mere fleksibilitet. Derfor er det nemmere at \u00e6ndre navne p\u00e5 de rejsende og ombooke dato og tid for rejsen. Det g\u00f8r rejseplanl\u00e6gningen lidt mere fleksibel. \u00a0<\/p><p>Desuden giver vi gode priser til grupper.<\/p><p><strong>Forventet svartid p\u00e5 gruppeforesp\u00f8rgsler: 1 uge \/ 7 arbejdsdage<\/strong><\/p>\t\t\t\t\t\t\t\t<\/div>\n\t\t\t\t<\/div>\n\t\t\t\t<div class=\"elementor-element elementor-element-fb8a851 elementor-widget elementor-widget-html\" data-id=\"fb8a851\" data-element_type=\"widget\" data-e-type=\"widget\" data-widget_type=\"html.default\">\n\t\t\t\t<div class=\"elementor-widget-container\">\n\t\t\t\t\t<iframe src=\"https:\/\/dat.formstack.com\/forms\/group_request\" title=\"Formstack Form\" width=\"800\" height=\"950\"><\/iframe>\t\t\t\t<\/div>\n\t\t\t\t<\/div>\n\t\t\t\t\t<\/div>\n\t\t\t\t<\/div>\n\t\t\t\t<\/div>\n\t\t","protected":false},"excerpt":{"rendered":"<p>Skal I mange afsted p\u00e5 rejse mod nye oplevelser? Hvis I er en gruppe p\u00e5 minimum 10 personer som rejser samlet, kan I opn\u00e5 gunstige priser. Fordele ved gruppebestillinger N\u00e5r man rejser i st\u00f8rre grupper, har man ofte brug for mere fleksibilitet. Derfor er det nemmere at \u00e6ndre navne p\u00e5 de rejsende og ombooke dato [&hellip;]<\/p>\n","protected":false},"author":2,"featured_media":0,"parent":0,"menu_order":0,"comment_status":"closed","ping_status":"closed","template":"","meta":{"_acf_changed":false,"_seopress_robots_primary_cat":"","_seopress_titles_title":"Grupperejser","_seopress_titles_desc":"Er I en st\u00f8rre gruppe der skal ud og rejse? DAT tilbyder s\u00e6rligt gunstige priser til grupper p\u00e5 mere end 10 personer. L\u00e6s mere her!","_seopress_robots_index":"","footnotes":""},"region":[52,93],"class_list":["post-8806","page","type-page","status-publish","hentry","region-da","region-en"],"acf":[],"_links":{"self":[{"href":"https:\/\/dat.dk\/it\/wp-json\/wp\/v2\/pages\/8806","targetHints":{"allow":["GET"]}}],"collection":[{"href":"https:\/\/dat.dk\/it\/wp-json\/wp\/v2\/pages"}],"about":[{"href":"https:\/\/dat.dk\/it\/wp-json\/wp\/v2\/types\/page"}],"author":[{"embeddable":true,"href":"https:\/\/dat.dk\/it\/wp-json\/wp\/v2\/users\/2"}],"replies":[{"embeddable":true,"href":"https:\/\/dat.dk\/it\/wp-json\/wp\/v2\/comments?post=8806"}],"version-history":[{"count":6,"href":"https:\/\/dat.dk\/it\/wp-json\/wp\/v2\/pages\/8806\/revisions"}],"predecessor-version":[{"id":12729,"href":"https:\/\/dat.dk\/it\/wp-json\/wp\/v2\/pages\/8806\/revisions\/12729"}],"wp:attachment":[{"href":"https:\/\/dat.dk\/it\/wp-json\/wp\/v2\/media?parent=8806"}],"wp:term":[{"taxonomy":"region","embeddable":true,"href":"https:\/\/dat.dk\/it\/wp-json\/wp\/v2\/region?post=8806"}],"curies":[{"name":"wp","href":"https:\/\/api.w.org\/{rel}","templated":true}]}}