{"id":8208,"date":"2025-02-07T13:35:59","date_gmt":"2025-02-07T11:35:59","guid":{"rendered":"https:\/\/dat.dk\/?page_id=8208"},"modified":"2025-05-15T13:34:32","modified_gmt":"2025-05-15T11:34:32","slug":"annoncer-ombord-paa-vores-fly","status":"publish","type":"page","link":"https:\/\/dat.dk\/it\/annoncer-ombord-paa-vores-fly\/","title":{"rendered":"Annoncer ombord p\u00e5 vores fly"},"content":{"rendered":"\t\t<div data-elementor-type=\"wp-page\" data-elementor-id=\"8208\" class=\"elementor elementor-8208\">\n\t\t\t\t<div class=\"elementor-element elementor-element-60396d7 e-con-full e-flex e-con e-parent\" data-id=\"60396d7\" data-element_type=\"container\" data-e-type=\"container\" data-settings=\"{&quot;background_background&quot;:&quot;classic&quot;}\">\n\t\t<div class=\"elementor-element elementor-element-b341249 e-flex e-con-boxed e-con e-child\" data-id=\"b341249\" data-element_type=\"container\" data-e-type=\"container\">\n\t\t\t\t\t<div class=\"e-con-inner\">\n\t\t<div class=\"elementor-element elementor-element-1d4e531 e-con-full e-flex e-con e-child\" data-id=\"1d4e531\" data-element_type=\"container\" data-e-type=\"container\">\n\t\t\t\t<div class=\"elementor-element elementor-element-c2ea9b1 elementor-widget elementor-widget-heading\" data-id=\"c2ea9b1\" data-element_type=\"widget\" data-e-type=\"widget\" data-widget_type=\"heading.default\">\n\t\t\t\t<div class=\"elementor-widget-container\">\n\t\t\t\t\t<h1 class=\"elementor-heading-title elementor-size-default\">Skal bedriften din f\u00e5 luft under vingene? <\/h1>\t\t\t\t<\/div>\n\t\t\t\t<\/div>\n\t\t\t\t<div class=\"elementor-element elementor-element-f185eb6 elementor-widget elementor-widget-text-editor\" data-id=\"f185eb6\" data-element_type=\"widget\" data-e-type=\"widget\" data-widget_type=\"text-editor.default\">\n\t\t\t\t<div class=\"elementor-widget-container\">\n\t\t\t\t\t\t\t\t\t<p>DAT tilbyr n\u00e5 annonseplass p\u00e5 v\u00e5re nakkest\u00f8ttebeskyttere. Hver dag flyr vi kundene deres frem og tilbake mellom Oslo og resten av Norge \u2013 la budskapet deres fly med dem. Dere er garantert h\u00f8y synlighet; annonsene er plassert rett i \u00f8yenh\u00f8yde foran hver passasjer, uten konkurrerende annonser i deres synsfelt.<\/p>\n<p>Skriv til <a href=\"mailto:marketing@dat.dk\">marketing@dat.dk<\/a> for \u00e5 h\u00f8re om mulighetene deres.<\/p>\t\t\t\t\t\t\t\t<\/div>\n\t\t\t\t<\/div>\n\t\t\t\t<\/div>\n\t\t<div class=\"elementor-element elementor-element-309d55e e-con-full elementor-hidden-tablet elementor-hidden-mobile e-flex e-con e-child\" data-id=\"309d55e\" data-element_type=\"container\" data-e-type=\"container\">\n\t\t<div class=\"elementor-element elementor-element-dd7607d e-con-full elementor-hidden-tablet elementor-hidden-mobile e-flex e-con e-child\" data-id=\"dd7607d\" data-element_type=\"container\" data-e-type=\"container\">\n\t\t<div class=\"elementor-element elementor-element-3d7780e e-con-full e-flex e-con e-child\" data-id=\"3d7780e\" data-element_type=\"container\" data-e-type=\"container\">\n\t\t\t\t<div class=\"elementor-element elementor-element-c4f98c4 elementor-widget elementor-widget-image\" data-id=\"c4f98c4\" data-element_type=\"widget\" data-e-type=\"widget\" data-widget_type=\"image.default\">\n\t\t\t\t<div class=\"elementor-widget-container\">\n\t\t\t\t\t\t\t\t\t\t\t\t\t\t\t<img alt=\"\" fetchpriority=\"high\" decoding=\"async\" width=\"1024\" height=\"1024\" src=\"https:\/\/dat.dk\/wp-content\/uploads\/2025\/02\/HEADREST-1-1024x1024.webp\" class=\"attachment-large size-large wp-image-8209\" alt=\"\" srcset=\"https:\/\/dat.dk\/wp-content\/uploads\/2025\/02\/HEADREST-1-1024x1024.webp 1024w, https:\/\/dat.dk\/wp-content\/uploads\/2025\/02\/HEADREST-1-300x300.webp 300w, https:\/\/dat.dk\/wp-content\/uploads\/2025\/02\/HEADREST-1-150x150.webp 150w, https:\/\/dat.dk\/wp-content\/uploads\/2025\/02\/HEADREST-1-768x768.webp 768w, https:\/\/dat.dk\/wp-content\/uploads\/2025\/02\/HEADREST-1-500x500.webp 500w, https:\/\/dat.dk\/wp-content\/uploads\/2025\/02\/HEADREST-1-200x200.webp 200w, https:\/\/dat.dk\/wp-content\/uploads\/2025\/02\/HEADREST-1.webp 1060w\" sizes=\"(max-width: 1024px) 100vw, 1024px\" \/>\t\t\t\t\t\t\t\t\t\t\t\t\t\t\t<\/div>\n\t\t\t\t<\/div>\n\t\t\t\t<\/div>\n\t\t\t\t<\/div>\n\t\t\t\t<\/div>\n\t\t\t\t\t<\/div>\n\t\t\t\t<\/div>\n\t\t<div class=\"elementor-element elementor-element-8a902a0 e-flex e-con-boxed e-con e-child\" data-id=\"8a902a0\" data-element_type=\"container\" data-e-type=\"container\">\n\t\t\t\t\t<div class=\"e-con-inner\">\n\t\t<div class=\"elementor-element elementor-element-b4bbaea e-con-full e-flex e-con e-child\" data-id=\"b4bbaea\" data-element_type=\"container\" data-e-type=\"container\" data-settings=\"{&quot;background_background&quot;:&quot;classic&quot;}\">\n\t\t\t\t<div class=\"elementor-element elementor-element-2865b98 elementor-widget elementor-widget-text-editor\" data-id=\"2865b98\" data-element_type=\"widget\" data-e-type=\"widget\" data-widget_type=\"text-editor.default\">\n\t\t\t\t<div class=\"elementor-widget-container\">\n\t\t\t\t\t\t\t\t\t<h4>Ytterligere informasjon:<\/h4>\n<ul>\n<li data-leveltext=\"-\" data-font=\"Aptos\" data-listid=\"1\" data-list-defn-props=\"{&quot;335552541&quot;:1,&quot;335559685&quot;:720,&quot;335559991&quot;:360,&quot;469769226&quot;:&quot;Aptos&quot;,&quot;469769242&quot;:[8226],&quot;469777803&quot;:&quot;left&quot;,&quot;469777804&quot;:&quot;-&quot;,&quot;469777815&quot;:&quot;hybridMultilevel&quot;}\" aria-setsize=\"-1\" data-aria-posinset=\"1\" data-aria-level=\"1\">Annonsering tilbys i en avtalt to-m\u00e5neders periode.<\/li>\n<li data-leveltext=\"-\" data-font=\"Aptos\" data-listid=\"1\" data-list-defn-props=\"{&quot;335552541&quot;:1,&quot;335559685&quot;:720,&quot;335559991&quot;:360,&quot;469769226&quot;:&quot;Aptos&quot;,&quot;469769242&quot;:[8226],&quot;469777803&quot;:&quot;left&quot;,&quot;469777804&quot;:&quot;-&quot;,&quot;469777815&quot;:&quot;hybridMultilevel&quot;}\" aria-setsize=\"-1\" data-aria-posinset=\"1\" data-aria-level=\"1\">Beskytterne m\u00e5ler 195 x 145 mm.<\/li>\n<li data-leveltext=\"-\" data-font=\"Aptos\" data-listid=\"1\" data-list-defn-props=\"{&quot;335552541&quot;:1,&quot;335559685&quot;:720,&quot;335559991&quot;:360,&quot;469769226&quot;:&quot;Aptos&quot;,&quot;469769242&quot;:[8226],&quot;469777803&quot;:&quot;left&quot;,&quot;469777804&quot;:&quot;-&quot;,&quot;469777815&quot;:&quot;hybridMultilevel&quot;}\" aria-setsize=\"-1\" data-aria-posinset=\"1\" data-aria-level=\"1\">\u00a0<\/li>\n<\/ul>\t\t\t\t\t\t\t\t<\/div>\n\t\t\t\t<\/div>\n\t\t\t\t<\/div>\n\t\t\t\t\t<\/div>\n\t\t\t\t<\/div>\n\t\t\t\t<\/div>\n\t\t\t\t<\/div>\n\t\t","protected":false},"excerpt":{"rendered":"<p>Skal bedriften din f\u00e5 luft under vingene? DAT tilbyr n\u00e5 annonseplass p\u00e5 v\u00e5re nakkest\u00f8ttebeskyttere. Hver dag flyr vi kundene deres frem og tilbake mellom Oslo og resten av Norge \u2013 la budskapet deres fly med dem. Dere er garantert h\u00f8y synlighet; annonsene er plassert rett i \u00f8yenh\u00f8yde foran hver passasjer, uten konkurrerende annonser i deres [&hellip;]<\/p>\n","protected":false},"author":2,"featured_media":8209,"parent":0,"menu_order":0,"comment_status":"closed","ping_status":"closed","template":"elementor_theme","meta":{"_acf_changed":false,"_seopress_robots_primary_cat":"","_seopress_titles_title":"","_seopress_titles_desc":"","_seopress_robots_index":"","footnotes":""},"region":[25],"class_list":["post-8208","page","type-page","status-publish","has-post-thumbnail","hentry","region-da"],"acf":[],"_links":{"self":[{"href":"https:\/\/dat.dk\/it\/wp-json\/wp\/v2\/pages\/8208","targetHints":{"allow":["GET"]}}],"collection":[{"href":"https:\/\/dat.dk\/it\/wp-json\/wp\/v2\/pages"}],"about":[{"href":"https:\/\/dat.dk\/it\/wp-json\/wp\/v2\/types\/page"}],"author":[{"embeddable":true,"href":"https:\/\/dat.dk\/it\/wp-json\/wp\/v2\/users\/2"}],"replies":[{"embeddable":true,"href":"https:\/\/dat.dk\/it\/wp-json\/wp\/v2\/comments?post=8208"}],"version-history":[{"count":3,"href":"https:\/\/dat.dk\/it\/wp-json\/wp\/v2\/pages\/8208\/revisions"}],"predecessor-version":[{"id":8858,"href":"https:\/\/dat.dk\/it\/wp-json\/wp\/v2\/pages\/8208\/revisions\/8858"}],"wp:featuredmedia":[{"embeddable":true,"href":"https:\/\/dat.dk\/it\/wp-json\/wp\/v2\/media\/8209"}],"wp:attachment":[{"href":"https:\/\/dat.dk\/it\/wp-json\/wp\/v2\/media?parent=8208"}],"wp:term":[{"taxonomy":"region","embeddable":true,"href":"https:\/\/dat.dk\/it\/wp-json\/wp\/v2\/region?post=8208"}],"curies":[{"name":"wp","href":"https:\/\/api.w.org\/{rel}","templated":true}]}}