{"id":7896,"date":"2025-01-14T22:37:09","date_gmt":"2025-01-14T20:37:09","guid":{"rendered":"https:\/\/dat.dk\/?page_id=7896"},"modified":"2025-02-12T15:26:59","modified_gmt":"2025-02-12T13:26:59","slug":"bagagli-ritardati","status":"publish","type":"page","link":"https:\/\/dat.dk\/it\/informazioni-di-viaggio\/bagagli-ritardati\/","title":{"rendered":"Bagagli ritardati"},"content":{"rendered":"\t\t<div data-elementor-type=\"wp-page\" data-elementor-id=\"7896\" class=\"elementor elementor-7896\">\n\t\t\t\t<div class=\"elementor-element elementor-element-42bd815 e-flex e-con-boxed e-con e-parent\" data-id=\"42bd815\" data-element_type=\"container\" data-e-type=\"container\">\n\t\t\t\t\t<div class=\"e-con-inner\">\n\t\t\t\t<div class=\"elementor-element elementor-element-0a8a4a3 elementor-widget elementor-widget-text-editor\" data-id=\"0a8a4a3\" data-element_type=\"widget\" data-e-type=\"widget\" data-widget_type=\"text-editor.default\">\n\t\t\t\t<div class=\"elementor-widget-container\">\n\t\t\t\t\t\t\t\t\t<div><h3>Cosa devo fare se il mio bagaglio non \u00e8 stato consegnato?<\/h3><\/div><div><div><p>Nel caso di ritardo nella consegna del bagaglio siete pregati di rivolgervi al personale in aeroporto. I nostri partner vi aiuteranno nel compilare l\u2019apposita documentazione e si attiveranno immediatamente per trovare il Vostro bagaglio e recapitarlo al Vostro indirizzo nel minor tempo possibile.<\/p><p>Ci sar\u00e0 di grande aiuto una descrizione dettagliata del bagaglio. Nel caso in cui l\u2019etichetta bagaglio non sia pi\u00f9 presente, altri elementi distintivi come un adesivo, un nastro, o altro che lo distinguano dagli altri bagagli ci permetteranno di identificarlo pi\u00f9 velocemente.<\/p><h3><span style=\"text-align: var(--text-align); background-color: var( --e-global-color-0b5edf9 );\">Limitazioni di responsabilit\u00e0 e reclami<\/span><\/h3><p><span style=\"color: var( --e-global-color-text ); font-family: var( --e-global-typography-text-font-family ), Sans-serif; font-weight: var( --e-global-typography-text-font-weight ); text-align: var(--text-align); background-color: var( --e-global-color-0b5edf9 ); font-size: 16px;\">La DAT non \u00e8 responsabile per eventuali danni e perdita di elementi che non siano autorizzati come bagaglio registrato, quali: oggetti fragili o rapidamente deperibili, oggetti di valore come computer portatili, gioielli, passaporti, medicinali, contanti, chiavi etc. Inoltre, la responsabilit\u00e0 della DAT \u00e8 limitata nell\u2019ambito di quanto previsto dalle vigenti normative nazionali ed internazionali per il trasporto bagaglio. Il bagaglio sar\u00e0 considerato smarrito dopo 21 giorni dalla data della denuncia. Eventuali rapporti di danno devono essere inviati a DAT insieme a copia del biglietto\/ricevuta di viaggio, ricevuta del bagaglio e ad una foto del bagaglio danneggiato.<\/span><\/p><p>Se il tuo bagaglio \u00e8 in ritardo di pi\u00f9 di otto ore sul volo di andata e devi acquistare articoli di prima necessit\u00e0 come articoli da toeletta, biancheria intima e altri oggetti essenziali che erano nel tuo bagaglio, rimborseremo queste spese fino a 40 \u20ac a persona. Il risarcimento non \u00e8 previsto in caso di ritardo del bagaglio sul volo di ritorno.<\/p><\/div><p>Per informazioni e reclami scrivi a\u00a0<a href=\"mailto:reclami@flydat.it\" target=\"_blank\" rel=\"noopener\">reclami@flydat.it<\/a>.<\/p><\/div>\t\t\t\t\t\t\t\t<\/div>\n\t\t\t\t<\/div>\n\t\t\t\t<div class=\"elementor-element elementor-element-8114a90 elementor-align-left elementor-widget elementor-widget-button\" data-id=\"8114a90\" data-element_type=\"widget\" data-e-type=\"widget\" data-widget_type=\"button.default\">\n\t\t\t\t<div class=\"elementor-widget-container\">\n\t\t\t\t\t\t\t\t\t<div class=\"elementor-button-wrapper\">\n\t\t\t\t\t<a class=\"elementor-button elementor-button-link elementor-size-sm\" href=\"https:\/\/dat.formstack.com\/forms\/delayedluggage_ita\">\n\t\t\t\t\t\t<span class=\"elementor-button-content-wrapper\">\n\t\t\t\t\t\t\t\t\t<span class=\"elementor-button-text\">In caso di problemi e\/o errori, per piacere clicca qui<\/span>\n\t\t\t\t\t<\/span>\n\t\t\t\t\t<\/a>\n\t\t\t\t<\/div>\n\t\t\t\t\t\t\t\t<\/div>\n\t\t\t\t<\/div>\n\t\t\t\t<div class=\"elementor-element elementor-element-9ccf432 elementor-widget elementor-widget-wp-widget-fs_wp_widget\" data-id=\"9ccf432\" data-element_type=\"widget\" data-e-type=\"widget\" data-widget_type=\"wp-widget-fs_wp_widget.default\">\n\t\t\t\t<div class=\"elementor-widget-container\">\n\t\t\t\t\t<div class=\"jupiterx-widget widget_fs_wp_widget\"><div class=\"jupiterx-widget-content\">\n\t\t<div class=\"fs_wp_sidebar\">\n\t\t\t<script type=\"text\/javascript\" src=\"https:\/\/www.formstack.com\/forms\/js.php?4478525-BQ45rXusTE\"><\/script>\n\t\t\t<noscript>\n\t\t\t\t<a href=\"https:\/\/www.formstack.com\/forms\/?4478525-BQ45rXusTE\" title=\"Online Form\">Online Form<\/a>\n\t\t\t<\/noscript>\n\t\t\t\t\t<\/div>\n\t<\/div><\/div>\t\t\t\t<\/div>\n\t\t\t\t<\/div>\n\t\t\t\t\t<\/div>\n\t\t\t\t<\/div>\n\t\t\t\t<\/div>\n\t\t","protected":false},"excerpt":{"rendered":"<p>Cosa devo fare se il mio bagaglio non \u00e8 stato consegnato? Nel caso di ritardo nella consegna del bagaglio siete pregati di rivolgervi al personale in aeroporto. I nostri partner vi aiuteranno nel compilare l\u2019apposita documentazione e si attiveranno immediatamente per trovare il Vostro bagaglio e recapitarlo al Vostro indirizzo nel minor tempo possibile. Ci [&hellip;]<\/p>\n","protected":false},"author":2,"featured_media":0,"parent":3982,"menu_order":0,"comment_status":"closed","ping_status":"closed","template":"","meta":{"_acf_changed":false,"_seopress_robots_primary_cat":"","_seopress_titles_title":"","_seopress_titles_desc":"","_seopress_robots_index":"","footnotes":""},"region":[62,62],"class_list":["post-7896","page","type-page","status-publish","hentry","region-it"],"acf":[],"_links":{"self":[{"href":"https:\/\/dat.dk\/it\/wp-json\/wp\/v2\/pages\/7896","targetHints":{"allow":["GET"]}}],"collection":[{"href":"https:\/\/dat.dk\/it\/wp-json\/wp\/v2\/pages"}],"about":[{"href":"https:\/\/dat.dk\/it\/wp-json\/wp\/v2\/types\/page"}],"author":[{"embeddable":true,"href":"https:\/\/dat.dk\/it\/wp-json\/wp\/v2\/users\/2"}],"replies":[{"embeddable":true,"href":"https:\/\/dat.dk\/it\/wp-json\/wp\/v2\/comments?post=7896"}],"version-history":[{"count":3,"href":"https:\/\/dat.dk\/it\/wp-json\/wp\/v2\/pages\/7896\/revisions"}],"predecessor-version":[{"id":8264,"href":"https:\/\/dat.dk\/it\/wp-json\/wp\/v2\/pages\/7896\/revisions\/8264"}],"up":[{"embeddable":true,"href":"https:\/\/dat.dk\/it\/wp-json\/wp\/v2\/pages\/3982"}],"wp:attachment":[{"href":"https:\/\/dat.dk\/it\/wp-json\/wp\/v2\/media?parent=7896"}],"wp:term":[{"taxonomy":"region","embeddable":true,"href":"https:\/\/dat.dk\/it\/wp-json\/wp\/v2\/region?post=7896"}],"curies":[{"name":"wp","href":"https:\/\/api.w.org\/{rel}","templated":true}]}}