{"id":7712,"date":"2025-01-14T09:31:31","date_gmt":"2025-01-14T07:31:31","guid":{"rendered":"https:\/\/dat.dk\/?page_id=7712"},"modified":"2025-11-07T13:11:09","modified_gmt":"2025-11-07T11:11:09","slug":"servizi-opzionali","status":"publish","type":"page","link":"https:\/\/dat.dk\/it\/servizi-opzionali\/","title":{"rendered":"Servizi opzionali"},"content":{"rendered":"\t\t<div data-elementor-type=\"wp-page\" data-elementor-id=\"7712\" class=\"elementor elementor-7712\">\n\t\t\t\t<div class=\"elementor-element elementor-element-11b1eb0 e-flex e-con-boxed e-con e-parent\" data-id=\"11b1eb0\" data-element_type=\"container\" data-e-type=\"container\">\n\t\t\t\t\t<div class=\"e-con-inner\">\n\t\t\t\t<div class=\"elementor-element elementor-element-7208e97 elementor-widget elementor-widget-text-editor\" data-id=\"7208e97\" data-element_type=\"widget\" data-e-type=\"widget\" data-widget_type=\"text-editor.default\">\n\t\t\t\t<div class=\"elementor-widget-container\">\n\t\t\t\t\t\t\t\t\t<p>Trovi qui maggiori informazioni sui servizi opzionali offerti da DAT.<\/p><h3><b>CAMBIO Cambio nominativo\/data e rimborsi<\/b><\/h3><p>Qualche cambio di programma? Qui maggiori dettagli sui costi.<\/p><p><b>Rotte in continuit\u00e0\u00a0territoriale &#8211; Voli da\/per Lampedusa e Pantelleria<\/b><\/p><table border=\"1\"><tbody><tr><td><p>Ticket<\/p><\/td><td><p>Voli in continuit\u00e0 territoriale<\/p><\/td><\/tr><tr><td><p>Cambio data<\/p><\/td><td><p>S\u00ec<\/p><\/td><\/tr><tr><td><p>Cambio nominativo<\/p><\/td><td><p>S\u00ec<\/p><\/td><\/tr><tr><td><p>Rimborso per cancellazione<\/p><\/td><td><p>S\u00ec, rimborso del 50%<\/p><\/td><\/tr><tr><td><p>Bagaglio a mano 8 Kg<\/p><\/td><td><p>S\u00ec<\/p><\/td><\/tr><tr><td><p>Bagaglio da stiva 23 Kg<\/p><\/td><td><p>S\u00ec<\/p><\/td><\/tr><\/tbody><\/table><p>Ogni modifica \u00e8 addebitata a persona, a tratta. Quanto sopra si applica a tutti i voli operati in Italia.<\/p><h3><span style=\"text-align: var(--text-align); background-color: var( --e-global-color-0b5edf9 );\">Bagaglio da stiva<\/span><\/h3><h3><span style=\"color: var( --e-global-color-text ); font-family: var( --e-global-typography-text-font-family ), Sans-serif; font-weight: var( --e-global-typography-text-font-weight ); text-align: var(--text-align); background-color: var( --e-global-color-0b5edf9 ); font-size: 16px;\">Per informazioni sulla franchigia bagagli a tua disposizione, consulta le tabelle tariffarie sopra.<\/span><\/h3><p><b>Supplemento per bagagli extra<\/b><\/p><p><span style=\"color: var( --e-global-color-text ); font-family: var( --e-global-typography-text-font-family ), Sans-serif; font-weight: var( --e-global-typography-text-font-weight ); text-align: var(--text-align); background-color: var( --e-global-color-0b5edf9 );\">Vuoi aggiungere bagagli extra in stiva? La tariffa \u00e8 di 41\u20ac per il secondo bagaglio (max 23 kg). Dal terzo bagaglio in poi, la tariffa \u00e8 di 6\u20ac\/kg supplementare.<\/span><\/p><p><b>Supplemento superamento franchigia<\/b><\/p><p><span style=\"color: var( --e-global-color-text ); font-family: var( --e-global-typography-text-font-family ), Sans-serif; font-weight: var( --e-global-typography-text-font-weight ); text-align: var(--text-align); background-color: var( --e-global-color-0b5edf9 );\">Se viene superata la franchigia bagaglio prevista dalla tariffa, la commissione \u00e8 di 6 \u20ac\/kg supplementare.<\/span><\/p>\t\t\t\t\t\t\t\t<\/div>\n\t\t\t\t<\/div>\n\t\t\t\t<div class=\"elementor-element elementor-element-7184855 elementor-widget elementor-widget-text-editor\" data-id=\"7184855\" data-element_type=\"widget\" data-e-type=\"widget\" data-widget_type=\"text-editor.default\">\n\t\t\t\t<div class=\"elementor-widget-container\">\n\t\t\t\t\t\t\t\t\t<h3>Bagagli speciali<\/h3><h3><span style=\"color: var( --e-global-color-text ); font-family: var( --e-global-typography-text-font-family ), Sans-serif; font-weight: var( --e-global-typography-text-font-weight ); text-align: var(--text-align); background-color: var( --e-global-color-0b5edf9 ); font-size: 16px;\">Vengono considerati \u201c<a href=\"\/it\/informazioni-di-viaggio\/bagagli\/\">bagagli speciali<\/a>\u201d i bagagli fuori misura che, a causa delle sue dimensioni, peso e\/o forma, deve essere consegnato in uno sportello speciale per il check-in. Grandi strumenti musicali e attrezzature sportive (tavola da surf, vela da windsurf, ecc.) sono considerati <a href=\"\/it\/informazioni-di-viaggio\/bagagli\/\">bagagli speciali<\/a>.<\/span><\/h3><p>Qualsiasi bagaglio speciale viene trasportato in modalit\u00e0 standby. Il bagaglio da stiva ha la priorit\u00e0 nella stiva. In rari casi potrebbe non esserci spazio per bagagli speciali. Maggiori informazioni sul bagaglio speciale contatta il nostro servizio clienti.<\/p><p>Se \u00e8 necessario portare un bagaglio speciale, contattare il servizio clienti DAT per l\u2019Italia al +39 02 89 60 88 20 o via e-mail <a href=\"mailto:servizioclienti@flydat.it\">servizioclienti@flydat.it<\/a><\/p><p><b>Supplemento per bagagli speciali<\/b><\/p><p>Per i bagagli speciali, si applicano i seguenti supplementi per passeggero\/tratta:<\/p><ul><li>Attrezzatura da golf (per set): 40,50 \u20ac<\/li><li>Attrezzatura da sci per borsa \/ set (incl. Sci, scarponi e bastoncini): 50,63 \u20ac<\/li><li>Tavole da surf: 50,63\u20ac<\/li><\/ul><p>Per informazioni e prenotazioni, contattare il servizio clienti DAT per l\u2019Italia al +39 02 89 60 88 20 o via e-mail <a href=\"mailto:servizioclienti@flydat.it\">servizioclienti@flydat.it<\/a><\/p><h3>Pet \u2013 animali a bordo<\/h3><p>Se viaggiate con il vostro animale domestico, si applicano le seguenti tariffe per animale per volo.<\/p><ul><li>Animale da compagnia in cabina (in trasportino omologato, peso lordo totale dell&#8217;animale e borsa: 8 kg) 27 \u20ac<\/li><li>Animale da stiva (in trasportino omologato) 40\u20ac<\/li><li>I cani guida e i cani poliziotti in servizio sono gratuiti.<\/li><\/ul><p>Per informazioni sulle condizioni di trasporto e\/o suggerimenti si rimanda alla\u00a0<a href=\"\/it\/informazioni-di-viaggio\/animali-in-cabina-e-in-stiva\/\" target=\"_self\">pagina dedicata<\/a>.<\/p><p>Per ulteriori informazioni e prenotazioni, contattare il servizio clienti DAT per l\u2019Italia al +39 02 89 60 88 20 o via e-mail\u00a0<a title=\"mailto:servizioclienti@flydat.it\" href=\"mailto:servizioclienti@flydat.it\">servizioclienti@flydat.it<\/a><\/p><h3>Ulteriori informazioni<\/h3><p>Per quanto non previsto nella presente pagina, contattare il servizio clienti DAT per l\u2019Italia al +39 02 89 60 88 20 o via e-mail servizioclienti@flydat.it<\/p>\t\t\t\t\t\t\t\t<\/div>\n\t\t\t\t<\/div>\n\t\t\t\t\t<\/div>\n\t\t\t\t<\/div>\n\t\t\t\t<\/div>\n\t\t","protected":false},"excerpt":{"rendered":"<p>Trovi qui maggiori informazioni sui servizi opzionali offerti da DAT. CAMBIO Cambio nominativo\/data e rimborsi Qualche cambio di programma? Qui maggiori dettagli sui costi. Rotte in continuit\u00e0\u00a0territoriale &#8211; Voli da\/per Lampedusa e Pantelleria Ticket Voli in continuit\u00e0 territoriale Cambio data S\u00ec Cambio nominativo S\u00ec Rimborso per cancellazione S\u00ec, rimborso del 50% Bagaglio a mano 8 [&hellip;]<\/p>\n","protected":false},"author":2,"featured_media":0,"parent":0,"menu_order":0,"comment_status":"closed","ping_status":"closed","template":"","meta":{"_acf_changed":false,"_seopress_robots_primary_cat":"","_seopress_titles_title":"","_seopress_titles_desc":"","_seopress_robots_index":"","footnotes":""},"region":[62],"class_list":["post-7712","page","type-page","status-publish","hentry","region-it"],"acf":[],"_links":{"self":[{"href":"https:\/\/dat.dk\/it\/wp-json\/wp\/v2\/pages\/7712","targetHints":{"allow":["GET"]}}],"collection":[{"href":"https:\/\/dat.dk\/it\/wp-json\/wp\/v2\/pages"}],"about":[{"href":"https:\/\/dat.dk\/it\/wp-json\/wp\/v2\/types\/page"}],"author":[{"embeddable":true,"href":"https:\/\/dat.dk\/it\/wp-json\/wp\/v2\/users\/2"}],"replies":[{"embeddable":true,"href":"https:\/\/dat.dk\/it\/wp-json\/wp\/v2\/comments?post=7712"}],"version-history":[{"count":3,"href":"https:\/\/dat.dk\/it\/wp-json\/wp\/v2\/pages\/7712\/revisions"}],"predecessor-version":[{"id":11052,"href":"https:\/\/dat.dk\/it\/wp-json\/wp\/v2\/pages\/7712\/revisions\/11052"}],"wp:attachment":[{"href":"https:\/\/dat.dk\/it\/wp-json\/wp\/v2\/media?parent=7712"}],"wp:term":[{"taxonomy":"region","embeddable":true,"href":"https:\/\/dat.dk\/it\/wp-json\/wp\/v2\/region?post=7712"}],"curies":[{"name":"wp","href":"https:\/\/api.w.org\/{rel}","templated":true}]}}