{"id":4716,"date":"2024-01-25T11:54:45","date_gmt":"2024-01-25T09:54:45","guid":{"rendered":"http:\/\/dat.dk\/informazioni-di-viaggio\/dyr-2\/"},"modified":"2024-12-10T12:45:10","modified_gmt":"2024-12-10T10:45:10","slug":"animali-in-cabina-e-in-stiva","status":"publish","type":"page","link":"https:\/\/dat.dk\/it\/informazioni-di-viaggio\/animali-in-cabina-e-in-stiva\/","title":{"rendered":"Animali in cabina e in stiva"},"content":{"rendered":"\t\t<div data-elementor-type=\"wp-page\" data-elementor-id=\"4716\" class=\"elementor elementor-4716 elementor-366\">\n\t\t\t\t<div class=\"elementor-element elementor-element-c13d7ec e-con-full e-flex e-con e-parent\" data-id=\"c13d7ec\" data-element_type=\"container\" data-e-type=\"container\">\n\t\t<div class=\"elementor-element elementor-element-0f66c4c e-flex e-con-boxed e-con e-child\" data-id=\"0f66c4c\" data-element_type=\"container\" data-e-type=\"container\">\n\t\t\t\t\t<div class=\"e-con-inner\">\n\t\t\t\t<div class=\"elementor-element elementor-element-16f2c49 elementor-widget elementor-widget-text-editor\" data-id=\"16f2c49\" data-element_type=\"widget\" data-e-type=\"widget\" data-widget_type=\"text-editor.default\">\n\t\t\t\t<div class=\"elementor-widget-container\">\n\t\t\t\t\t\t\t\t\t<h3>Animali in cabina e in stiva<\/h3>\n<p>Tu e il tuo miglior amico a quattro zampe siete inseparabili? Scopri come volare insieme con DAT.<\/p>\n<h4>Animali in cabina (PETC)<\/h4>\n<ul>\n<li>DAT consente il trasporto di cani e gatti di piccola taglia a bordo dei propri aeromobili.<\/li>\n<li>Gli animali devono viaggiare in un trasportino o borsa da viaggio morbido (c.d. \u201cSoft Bag\u201d), impermeabile nella parte inferiore e con materiale anti-morso.&nbsp;L\u2019utilizzo di una \u201cSherpa bag\u201d \u00e8 consigliato. Verr\u00e0 negato l\u2019imbarco dell\u2019animale in caso di trasportino non conforme.<\/li>\n<li>Il peso complessivo di animale e trasportino deve essere di massimo di 8 kg.<\/li>\n<li>Il trasportino deve avere le dimensioni massime di un bagaglio a mano (55 x 35 x 25).<\/li>\n<li>\u00c8 necessario avere con s\u00e9 tutti i documenti necessari. Per i voli nazionali \u00e8 necessario il Libretto Sanitario o Passaporto dell\u2019animale. Per i voli UE \u00e8 necessario il passaporto rilasciato da un veterinario, che riporti le vaccinazioni (obbligatorio vaccino antirabbico aggiornato ed in corso di validit\u00e0) e lo stato di salute dell&#8217;animale, tatuaggio leggibile o sistema elettronico di identificazione (transponder).<\/li>\n<li>\u00c8 consentito il trasporto di due (2) animali a patto che il peso degli stessi, incluso il trasportino, non ecceda gli 8 Kg. Gli animali devono essere abituati alla coabitazione.<\/li>\n<li>Per l\u2019Italia \u00e8 obbligatorio che l\u2019animale abbia compiuto tre (3) mesi di et\u00e0 e che sia in regola con le vaccinazioni. Per maggiori informazioni consultare il&nbsp;<a href=\"http:\/\/www.salute.gov.it\/portale\/temi\/p2_5.jsp?lingua=italiano&amp;area=cani&amp;menu=viaggiare\" target=\"_blank\" rel=\"noopener\">sito governativo<\/a>.<\/li>\n<li>Il trasporto di animali in cabina (PETC) \u00e8 possibile solo su prenotazione e previa verifica della disponibilit\u00e0 attraverso il servizio clienti DAT.<\/li>\n<\/ul>\n<h5>DAT, inoltre, informa che:<\/h5>\n<ul>\n<li>Il comandante ha sempre e comunque l\u2019autorit\u00e0 di accettare o rifiutare il trasporto di animali.<\/li>\n<li>DAT non si assume alcuna responsabilit\u00e0 in caso di negato transito o accesso di un animale in un paese. Si rimanda al portale governativo per maggiori informazioni.<\/li>\n<li>Qualora vi sia la presenza a bordo di persone che soffrono di allergie dovute al pelo degli animali,<\/li>\n<li>DAT favorisce:\n<ul>\n<li style=\"list-style-type: none;\">\n<ul>\n<li>La sistemazione a bordo dell\u2019aeromobile a maggior distanza possibile tra il passeggero allergico e l\u2019animale;<\/li>\n<li>La ri-prenotazione gratuita del passeggero con animale sul primo volo disponibile.<\/li>\n<\/ul>\n<\/li>\n<\/ul>\n<\/li>\n<li>DAT non accetta a bordo dei propri aerei i roditori.<\/li>\n<li>I cani guida e i cani poliziotto possono essere portati gratuitamente.<\/li>\n<li>Si raccomanda di prenotare entro 48 ore dalla partenza del volo.<\/li>\n<li>Non \u00e8 consentito far uscire l\u2019animale dal trasportino o borsa da viaggio.<\/li>\n<li>Attenzione: a bordo c\u2019\u00e8 spazio soltanto per un numero limitato di trasportini in cabina (max 2 per volo).&nbsp;<\/li>\n<\/ul>\n<h4>Animali nella stiva (AVIH)<\/h4>\n<ul>\n<li>Il trasporto dell\u2019animale in stiva \u00e8 consentito solo all\u2019interno di box\/trasportini omologati IATA, impermeabili e provvisti sul fondo di un tappetino assorbente che si adatti alle dimensioni della scatola.&nbsp;Inoltre, l&#8217;animale deve essere in grado di stare in piedi, girarsi e sdraiarsi comodamente.&nbsp;<\/li>\n<li>Il passeggero con animale \u00e8 responsabile di tutti i documenti necessari (esportazione \/ importazione \/ transito \/ permessi \/ certificati sanitari e di vaccinazione) e fornire altri preparativi necessari (possibilmente quarantena \/ riunione veterinaria all&#8217;arrivo).<\/li>\n<li>\u00c8 consentito il trasporto di due (2) animali (max 14 kg per animale) nello stesso contenitore se gli animali sono abituati alla coabitazione.<\/li>\n<li>Gli animali di et\u00e0 inferiore a sei (6) mesi e della stessa cucciolata possono essere trasportati nello stesso box in un numero massimo di tre (3) animali. Per l\u2019Italia, \u00e8 obbligatorio che l\u2019animale abbia compiuto tre (3) mesi di et\u00e0 e che sia in regola con le vaccinazioni. Per maggiori informazioni consultare il <a href=\"http:\/\/www.salute.gov.it\/portale\/temi\/p2_5.jsp?lingua=italiano&amp;area=cani&amp;menu=viaggiare\">sito governativo<\/a>.<\/li>\n<\/ul>\n<h5>DAT, inoltre, informa che:<\/h5>\n<ul>\n<li>Il comandante ha sempre e comunque l\u2019autorit\u00e0 di accettare o rifiutare il trasporto di animali.<\/li>\n<li>DAT non si assume alcuna responsabilit\u00e0 in caso di negato transito o accesso di un animale in un paese. Si rimanda al portale governativo per maggiori informazioni.<\/li>\n<li>DAT non accetta a bordo dei propri aerei i roditori.<\/li>\n<li>Si raccomanda di prenotare entro 48 ore dalla partenza del volo.<\/li>\n<li>Avvertenze per il trasporto di animali domestici di razza brachicefala nella stiva: gli animali domestici di razza brachicefala o a naso camuso, sono particolarmente sensibili allo stress e alle temperature. Per garantire il benessere e la sicurezza del vostro animale, vi suggeriamo di valutare attentamente il suo stato generale di salute e conseguentemente di valutare i rischi connessi a questo tipo di trasporto.<\/li>\n<\/ul>\n<h4>Cani guida e d\u2019assistenza (SVAN)<\/h4>\n<p>Il trasporto di cani guida e d\u2019assistenza riconosciuti per passeggeri disabili \u00e8 gratuito e senza limiti di peso. Per il trasporto in cabina dei cani guida e di assistenza riconosciuti non \u00e8 necessario il contenitore purch\u00e9 siano muniti di museruola (da utilizzare solo se necessario) e guinzaglio. Gli animali che viaggiano come SVAN devono comunque avere la documentazione in regola prevista dalle autorit\u00e0 dei Paesi d\u2019imbarco, transito e sbarco dell\u2019animale.<\/p>\n<p>Per maggiori informazioni, contattare il servizio clienti DAT.<\/p>\t\t\t\t\t\t\t\t<\/div>\n\t\t\t\t<\/div>\n\t\t\t\t\t<\/div>\n\t\t\t\t<\/div>\n\t\t\t\t<\/div>\n\t\t<div class=\"elementor-element elementor-element-3becbbf e-flex e-con-boxed e-con e-parent\" data-id=\"3becbbf\" data-element_type=\"container\" data-e-type=\"container\">\n\t\t\t\t\t<div class=\"e-con-inner\">\n\t\t\t\t<div class=\"elementor-element elementor-element-b02f9ba elementor-widget elementor-widget-raven-button\" data-id=\"b02f9ba\" data-element_type=\"widget\" data-e-type=\"widget\" data-settings=\"{&quot;turn_to_popup_action_button&quot;:&quot;no&quot;}\" data-widget_type=\"raven-button.default\">\n\t\t\t\t<div class=\"elementor-widget-container\">\n\t\t\t\t\t\t\t<div class=\"raven-widget-wrapper\">\n\t\t\t<a class=\"raven-button raven-button-widget-normal-effect-none  raven-button-text-align-center raven-button-link elementor-animation-none\" href=\"\/servizio-clienti\">\t\t\t\t<div class=\"raven-button-overlay\" ><\/div>\n\t\t\t\t<span class=\"raven-button-content\">\n\t\t\t\t\t\n\t\t\t\t\t<div class=\"button-text-container\">\n\t\t\t\t\t\t\t\t\t\t\t\t<div class=\"raven-button-texts-wrapper\">\n\t\t\t\t\t\t\t<div class=\"button-text\">\n\t\t\t\t\t\t\t\t<span class=\"raven-button-text\">\n\t\t\t\t\t\t\t\t\tContattare il servizio clienti\t\t\t\t\t\t\t\t<\/span>\n\t\t\t\t\t\t\t<\/div>\n\t\t\t\t\t\t\t\t\t\t\t\t\t<\/div>\n\t\t\t\t\t\t\t\t\t\t\t<\/div>\n\t\t\t\t\t\n\t\t\t\t\t\t\t\t\t<\/span>\n\t\t\t<\/a>\t\t<\/div>\n\t\t\t\t\t\t<\/div>\n\t\t\t\t<\/div>\n\t\t\t\t\t<\/div>\n\t\t\t\t<\/div>\n\t\t\t\t<\/div>\n\t\t","protected":false},"excerpt":{"rendered":"<p>Animali in cabina e in stiva Tu e il tuo miglior amico a quattro zampe siete inseparabili? Scopri come volare insieme con DAT. Animali in cabina (PETC) DAT consente il trasporto di cani e gatti di piccola taglia a bordo dei propri aeromobili. Gli animali devono viaggiare in un trasportino o borsa da viaggio morbido [&hellip;]<\/p>\n","protected":false},"author":2,"featured_media":0,"parent":3982,"menu_order":0,"comment_status":"closed","ping_status":"closed","template":"","meta":{"_acf_changed":false,"_seopress_robots_primary_cat":"","_seopress_titles_title":"","_seopress_titles_desc":"","_seopress_robots_index":"","footnotes":""},"region":[60,60,62],"class_list":{"0":"post-4716","1":"page","2":"type-page","3":"status-publish","4":"hentry","5":"region-da","7":"region-it"},"acf":[],"_links":{"self":[{"href":"https:\/\/dat.dk\/it\/wp-json\/wp\/v2\/pages\/4716","targetHints":{"allow":["GET"]}}],"collection":[{"href":"https:\/\/dat.dk\/it\/wp-json\/wp\/v2\/pages"}],"about":[{"href":"https:\/\/dat.dk\/it\/wp-json\/wp\/v2\/types\/page"}],"author":[{"embeddable":true,"href":"https:\/\/dat.dk\/it\/wp-json\/wp\/v2\/users\/2"}],"replies":[{"embeddable":true,"href":"https:\/\/dat.dk\/it\/wp-json\/wp\/v2\/comments?post=4716"}],"version-history":[{"count":3,"href":"https:\/\/dat.dk\/it\/wp-json\/wp\/v2\/pages\/4716\/revisions"}],"predecessor-version":[{"id":6485,"href":"https:\/\/dat.dk\/it\/wp-json\/wp\/v2\/pages\/4716\/revisions\/6485"}],"up":[{"embeddable":true,"href":"https:\/\/dat.dk\/it\/wp-json\/wp\/v2\/pages\/3982"}],"wp:attachment":[{"href":"https:\/\/dat.dk\/it\/wp-json\/wp\/v2\/media?parent=4716"}],"wp:term":[{"taxonomy":"region","embeddable":true,"href":"https:\/\/dat.dk\/it\/wp-json\/wp\/v2\/region?post=4716"}],"curies":[{"name":"wp","href":"https:\/\/api.w.org\/{rel}","templated":true}]}}