{"id":4685,"date":"2024-01-25T09:45:40","date_gmt":"2024-01-25T07:45:40","guid":{"rendered":"http:\/\/dat.dk\/informazioni-di-viaggio\/saerlige-behov\/"},"modified":"2024-12-10T12:45:15","modified_gmt":"2024-12-10T10:45:15","slug":"assistenza-speciale","status":"publish","type":"page","link":"https:\/\/dat.dk\/it\/informazioni-di-viaggio\/assistenza-speciale\/","title":{"rendered":"Assistenza speciale"},"content":{"rendered":"\t\t<div data-elementor-type=\"wp-page\" data-elementor-id=\"4685\" class=\"elementor elementor-4685 elementor-345\">\n\t\t\t\t<div class=\"elementor-element elementor-element-1d6cf24 e-flex e-con-boxed e-con e-parent\" data-id=\"1d6cf24\" data-element_type=\"container\" data-e-type=\"container\">\n\t\t\t\t\t<div class=\"e-con-inner\">\n\t\t<div class=\"elementor-element elementor-element-5ddf9fe e-flex e-con-boxed e-con e-child\" data-id=\"5ddf9fe\" data-element_type=\"container\" data-e-type=\"container\">\n\t\t\t\t\t<div class=\"e-con-inner\">\n\t\t<div class=\"elementor-element elementor-element-98277bc e-flex e-con-boxed e-con e-child\" data-id=\"98277bc\" data-element_type=\"container\" data-e-type=\"container\">\n\t\t\t\t\t<div class=\"e-con-inner\">\n\t\t\t\t<div class=\"elementor-element elementor-element-c9accfd elementor-widget elementor-widget-text-editor\" data-id=\"c9accfd\" data-element_type=\"widget\" data-e-type=\"widget\" data-widget_type=\"text-editor.default\">\n\t\t\t\t<div class=\"elementor-widget-container\">\n\t\t\t\t\t\t\t\t\t<h3>Prenotazione di richieste e necessit\u00e0 speciali<\/h3><p>Il servizio clienti DAT \u00e8 a tua disposizione per la cura dei passeggeri con ridotte capacit\u00e0 motorie. La richiesta dei servizi deve essere contestuale alla prenotazione e richiesta entro 48 ore prima del volo cos\u00ec da venire incontro ad ogni tua necessit\u00e0.<\/p><p>Servizio clienti DAT<\/p><p>+39 02 89 60 88 20 (luned\u00ec-venerd\u00ec 9-18, sabato, domenica e festivi 9-13)<\/p><p><a href=\"mailto:servizioclienti@flydat.it\">servizioclienti@flydat.it<\/a><\/p><p>Per maggiori informazioni sul regolamento EU 1107\/2006, clicca\u00a0<b><a href=\"https:\/\/www.enac.gov.it\/la-normativa\/normativa-internazionale\/normativa-europea\/regolamenti\/regolamento-ce-11072006\" target=\"_blank\" rel=\"noopener\">qui<\/a>.<\/b><\/p><h4>Idoneit\u00e0 al volo<\/h4><p>I passeggeri che richiedono un nulla osta sanitario per il volo devono presentarsi in aeroporto con il modulo MEDIF opportunamente compilato dal medico curante e con l\u2019allegato firmato da te o da un tuo delegato. Il MEDIF deve essere inviato all\u2019indirizzo\u00a0<a href=\"mailto:servizioclienti@flydat.it\">servizioclienti@flydat.it<\/a>\u00a0contestualmente alla prenotazione. Scarica l\u2019allegato\u00a0<a href=\"http:\/\/dat.dk\/wp-content\/uploads\/2024\/06\/DAT_MEDIF_ITA_FORM.pdf\" target=\"_blank\" rel=\"noopener\"><b>qui<\/b><\/a>.\u00a0<\/p><p>Il MEDIF deve riportare una data non anteriore a 7 giorni dalla partenza. La documentazione deve essere disponibile in formato cartaceo per i dovuti controlli in aeroporto.<\/p>\t\t\t\t\t\t\t\t<\/div>\n\t\t\t\t<\/div>\n\t\t\t\t\t<\/div>\n\t\t\t\t<\/div>\n\t\t\t\t<div class=\"elementor-element elementor-element-8010b37 elementor-widget elementor-widget-text-editor\" data-id=\"8010b37\" data-element_type=\"widget\" data-e-type=\"widget\" data-widget_type=\"text-editor.default\">\n\t\t\t\t<div class=\"elementor-widget-container\">\n\t\t\t\t\t\t\t\t\t<h3>Assistenza speciale in aeroporto e a bordo<\/h3><p>Il servizio di assistenza PRM \u00e8 disponibile presso gli aeroporti di partenza e arrivo. Si raccomanda la prenotazione del servizio entro 24 ore dalla partenza.<\/p><p>L&#8217;assistenza gratuita con sedie a rotelle \u00e8 disponibile in tutti gli aeroporti. Per garantire l&#8217;assistenza necessaria, \u00e8 necessario contattare il nostro servizio clienti durante l&#8217;orario di apertura entro e non oltre 24 ore prima della partenza. All\u2019arrivo in aeroporto recati presso il punto di assistenza PRM o al check-in di compagnia per la dovuta assistenza.<\/p><p>Ti consigliamo di raggiungere l\u2019aeroporto entro 2 ore dalla partenza al fine di aver il tempo necessario per organizzare la tua assistenza.<\/p><p>Il nostro personale ti aiuter\u00e0 nel miglior modo possibile. Si ricorda che il personale DAT non \u00e8 autorizzato a fornire assistenza per la somministrazione di medicinali e pasti, supporto alla deambulazione e assistenza nelle toilette.<\/p><p>Per maggiori informazioni sul regolamento EU 1107\/2006, clicca\u00a0<b><a href=\"https:\/\/www.enac.gov.it\/la-normativa\/normativa-internazionale\/normativa-europea\/regolamenti\/regolamento-ce-11072006\" target=\"_blank\" rel=\"noopener\">qui<\/a>.<\/b><\/p>\t\t\t\t\t\t\t\t<\/div>\n\t\t\t\t<\/div>\n\t\t\t\t<div class=\"elementor-element elementor-element-d5c88e5 elementor-widget elementor-widget-raven-advanced-accordion\" data-id=\"d5c88e5\" data-element_type=\"widget\" data-e-type=\"widget\" id=\"oggetti-vietati\" data-settings=\"{&quot;scroll_to_content&quot;:&quot;false&quot;}\" data-widget_type=\"raven-advanced-accordion.default\">\n\t\t\t\t<div class=\"elementor-widget-container\">\n\t\t\t\t\t\t\t\t<div id=\"jupiterx-advanced-accordion-wrapper\" class=\"jupiterx-advanced-accordion-wrapper\">\n\t\t\t\t<div class=\"jupiterx-advanced-accordion-inner-wrapper\">\n\t\t\t\t\t\t\t\t\t\t\t\t\t\t<div class=\"jupiterx-single-advanced-accordion-wrapper  jx-ac-first  jx-ac-active\" id=\"\" >\n\t\t\t\t<div class=\"jx-single-accordion-header\">\n\t\t\t\t\t<div class=\"jx-single-accordion-header-left\">\n\t\t\t\t\t\t<div class=\"jx-single-accordion-header-icon-toggle-wrapper jx-single-accordion-header-icon-toggle-wrapper-hide\" >\n\t\t\t\t\t\t\t\t\t\t\t\t\t<\/div>\n\t\t\t\t\t\t<span class=\"jx-ac-title\">Donne in gravidanza<\/span>\t\t\t\t\t<\/div>\n\t\t\t\t\t<div class=\"jx-single-accordion-header-right\">\n\t\t\t\t\t\t<i aria-hidden=\"true\" class=\"jx-ac-icon-body-closed jx-ac-toggle-icon fas fa-chevron-right\"><\/i><i aria-hidden=\"true\" class=\"jx-ac-icon-body-opened jx-ac-toggle-icon fas fa-chevron-down\"><\/i>\t\t\t\t\t<\/div>\n\t\t\t\t<\/div>\n\t\t\t\t<div class=\"jx-single-accordion-body  jx-ac-body-block\">\n\t\t\t\t\t<div class=\"jx-ac-content\">\n\t\t\t\t\t\t<div class=\"jx-ac-content-inner-wrapper\">\n\t\t\t\t\t\t\t<div class=\"jupiterx-ac-content-is-editor\"><h4>Devi volare durante la gravidanza?<\/h4><p>Sei una futura mamma? Sei benvenuta a bordo dei voli DAT!<\/p><p>In questa pagina troverai alcune linee guida per la sicurezza tua e del tuo bambino.<\/p><ul><li>Il volo pu\u00f2 essere effettuato senza particolari limitazioni fino alla 34<sup>a<\/sup>\u00a0settimana di gravidanza inclusa.<\/li><li>Dalla 35<sup>a<\/sup>\u00a0alla 37<sup>a<\/sup>\u00a0settimana \u00e8 consentito volare solo max. 4 ore. \u00c8 necessario esibire apposito nulla osta sanitario MEDIF.<\/li><li>Dall'inizio del nono mese di gravidanza, richiedi al tuo medico un certificato, che indichi anche la data prevista del parto.<\/li><li>In caso di gravidanze con complicazioni, il passeggero deve portare con te un modulo MEDIF del proprio medico. Troverai il modulo MEDIF\u00a0<a href=\"http:\/\/dat.dk\/wp-content\/uploads\/2024\/06\/DAT_MEDIF_ITA_FORM.pdf\" target=\"_blank\" rel=\"noopener\"><b>qui<\/b><\/a>.<\/li><\/ul><h3>Ricorda sempre di consultare il ginecologo prima di metterti in viaggio.<\/h3><p>In caso di gravidanza gemellare:<\/p><ul><li>Il volo pu\u00f2 essere effettuato senza particolari limitazioni fino alla 28<sup>a<\/sup>\u00a0settimana di gravidanza inclusa.<\/li><li>Tra la 29<sup>a<\/sup>\u00a0e la 31<sup>a\u00a0<\/sup>settimana \u00e8 necessario un apposito certificato.<\/li><li>Le donne incinte nella 32<sup>a<\/sup>\u00a0settimana o pi\u00f9 non sono accettate a bordo.<\/li><li>In caso di gravidanze con complicazioni, il passeggero deve portare con s\u00e9 un modulo\u00a0<b>MEDIF<\/b>\u00a0(clicca\u00a0<a href=\"http:\/\/dat.dk\/wp-content\/uploads\/2024\/06\/DAT_MEDIF_ITA_FORM.pdf\" target=\"_blank\" rel=\"noopener\"><b>qui<\/b><\/a>\u00a0per scaricarlo) del proprio medico o apposito nulla osta sanitario.<\/li><\/ul><p><b>Ricorda sempre di consultare il ginecologo prima di metterti in viaggio.<\/b><\/p><p>Neonati<\/p><p>Un neonato \u00e8 un passeggero che non ha compiuto 2 anni. Si consiglia di volare con neonati sani e in buon stato di salute dopo 7 giorni dalla nascita.<\/p><p>L\u2019accettazione a bordo di neonati dopo le 48 ore e prima dei 7 giorni dalla nascita \u00e8 consentita solo qualora il genitore presenti in aeroporto:<\/p><ul><li>Modulo di esonero di responsabilit\u00e0 (scarica da\u00a0<a href=\"http:\/\/dat.dk\/wp-content\/uploads\/2024\/06\/DAT_ITA_NEWBORN.pdf\" target=\"_blank\" rel=\"noopener\"><b>qui<\/b><\/a>)<i><b><br \/><\/b><\/i><\/li><li>Certificazione medica<\/li><\/ul><h4>Ulteriori informazioni<\/h4><p>Si sconsiglia di volare nei 7 giorni precedenti e successivi al parto, oltrech\u00e9 in caso di rischio di parto anticipato o altre complicazioni. Il viaggio \u00e8 sconsigliato anche per i neonati nei primi 7 giorni di vita. Potranno essere accettati a bordo solo previo autorizzazione medica\u00a0<b>MEDIF<\/b>\u00a0(clicca\u00a0<a href=\"http:\/\/dat.dk\/wp-content\/uploads\/2024\/06\/DAT_MEDIF_ITA_FORM.pdf\" target=\"_blank\" rel=\"noopener\">qui<\/a>\u00a0per scaricarlo).<i><br \/><\/i><\/p><p>Se viaggi con un accompagnatore (consigliato dopo la 28<sup>a<\/sup>\u00a0settimana di gestazione), richiedi che abbia un posto accanto a te, per assisterti in ogni fase del viaggio.<\/p><p>In volo, non stringere troppo la cintura di sicurezza e tienila allacciata pi\u00f9 in alto del solito.<\/p><p>Favorisci la circolazione del sangue: indossa calze elastiche e concediti qualche massaggio. Se possibile, scegli un posto lato corridoio, per essere libera di muoverti. Durante il viaggio, bevi molta acqua ed evita le bibite gassate.<\/p><p>Per ragioni di sicurezza, i posti in corrispondenza delle uscite di sicurezza non possono essere occupati da donne in avanzato stato di gravidanza.\u00a0<\/p><\/div>\t\t\t\t\t\t<\/div>\n\t\t\t\t\t<\/div>\n\t\t\t\t<\/div>\n\t\t\t<\/div>\n\t\t\t\t\t\t\t\t\t\t\t\t\t\t\t\t<div class=\"jupiterx-single-advanced-accordion-wrapper  jx-ac-active\" id=\"\" >\n\t\t\t\t<div class=\"jx-single-accordion-header\">\n\t\t\t\t\t<div class=\"jx-single-accordion-header-left\">\n\t\t\t\t\t\t<div class=\"jx-single-accordion-header-icon-toggle-wrapper jx-single-accordion-header-icon-toggle-wrapper-hide\" >\n\t\t\t\t\t\t\t\t\t\t\t\t\t<\/div>\n\t\t\t\t\t\t<span class=\"jx-ac-title\">Sedie a rotelle e altri dispositivi<\/span>\t\t\t\t\t<\/div>\n\t\t\t\t\t<div class=\"jx-single-accordion-header-right\">\n\t\t\t\t\t\t<i aria-hidden=\"true\" class=\"jx-ac-icon-body-closed jx-ac-toggle-icon fas fa-chevron-right\"><\/i><i aria-hidden=\"true\" class=\"jx-ac-icon-body-opened jx-ac-toggle-icon fas fa-chevron-down\"><\/i>\t\t\t\t\t<\/div>\n\t\t\t\t<\/div>\n\t\t\t\t<div class=\"jx-single-accordion-body  jx-ac-body-block\">\n\t\t\t\t\t<div class=\"jx-ac-content\">\n\t\t\t\t\t\t<div class=\"jx-ac-content-inner-wrapper\">\n\t\t\t\t\t\t\t<div class=\"jupiterx-ac-content-is-editor\"><p>Informa DAT delle tue esigenze al momento della prenotazione attraverso il servizio clienti entro 48 ore prima del volo. A causa della ristrettezza degli spazi o di limitazioni delle infrastrutture aeroportuali, non potremo garantire sempre il trasporto della carrozzina in cabina. Questa verr\u00e0 registrata e imbarcata come bagaglio da stiva gratuitamente.<\/p><p>Possiamo fornirti assistenza nelle varie fasi in aeroporto, fornendo una carrozzina o altri supporti gi\u00e0 dalla fase di check-in.<\/p><p>\u00c8 sempre consigliato presentarsi entro 2 ore prima della partenza del volo al fine di organizzare al meglio l\u2019assistenza. Recati presso i punti di assistenza PRM dell\u2019aeroporto di partenza.<\/p><p>Il nostro personale ti aiuter\u00e0 nel miglior modo possibile. Si ricorda che il personale DAT non \u00e8 autorizzato a fornire assistenza per la somministrazione di medicinali e pasti, assistenza nelle toilette.<\/p><h4>Sedie a rotelle elettriche e altri ausili personali a batteria<\/h4><p>Questi dispositivi possono essere accettati a bordo solo come bagaglio registrato. Si ricorda che sono ammessi a bordo solo i dispositivi che presentino batterie conformi alla regolamentazione IATA di tipo gel\/secco (non spillabili), disconnesse dagli apparati e con i circuiti opportunamente isolati e fissati al dispositivo di deambulazione. Massimo peso trasportabile: 200 kg.<\/p><p>Ricorda di informare DAT entro 48 ore prima del volo.<\/p><\/div>\t\t\t\t\t\t<\/div>\n\t\t\t\t\t<\/div>\n\t\t\t\t<\/div>\n\t\t\t<\/div>\n\t\t\t\t\t\t\t\t\t\t\t\t\t\t\t\t<div class=\"jupiterx-single-advanced-accordion-wrapper  jx-ac-active\" id=\"\" >\n\t\t\t\t<div class=\"jx-single-accordion-header\">\n\t\t\t\t\t<div class=\"jx-single-accordion-header-left\">\n\t\t\t\t\t\t<div class=\"jx-single-accordion-header-icon-toggle-wrapper jx-single-accordion-header-icon-toggle-wrapper-hide\" >\n\t\t\t\t\t\t\t\t\t\t\t\t\t<\/div>\n\t\t\t\t\t\t<span class=\"jx-ac-title\">Dispositivi elettronici medicali<\/span>\t\t\t\t\t<\/div>\n\t\t\t\t\t<div class=\"jx-single-accordion-header-right\">\n\t\t\t\t\t\t<i aria-hidden=\"true\" class=\"jx-ac-icon-body-closed jx-ac-toggle-icon fas fa-chevron-right\"><\/i><i aria-hidden=\"true\" class=\"jx-ac-icon-body-opened jx-ac-toggle-icon fas fa-chevron-down\"><\/i>\t\t\t\t\t<\/div>\n\t\t\t\t<\/div>\n\t\t\t\t<div class=\"jx-single-accordion-body  jx-ac-body-block\">\n\t\t\t\t\t<div class=\"jx-ac-content\">\n\t\t\t\t\t\t<div class=\"jx-ac-content-inner-wrapper\">\n\t\t\t\t\t\t\t<div class=\"jupiterx-ac-content-is-editor\"><p>In caso di viaggio con dispositivi elettronici medicali di piccole dimensioni, questi devono essere conformi con le disposizioni IATA. Una volta comunicato a DAT l\u2019utilizzo di tali dispositivi, bisogna assicurarsi che:<\/p><ul><li>la batteria sia riposta nel bagaglio a mano;<\/li><li>la batteria deve essere confezionata singolarmente e protetta da corti circuiti;<\/li><li>\u00e8 necessario trasportare un numero di batterie sufficienti per l'intera durata del volo, tenendo conto di eventuali ritardi (circa 150% la durata del volo).<\/li><\/ul><p>Per le batterie al litio:<\/p><ul><li>in caso di batterie alcaline o al litio, il contenuto di litio deve essere superiore a 2 g ma inferiore a 8 g e il voltaggio deve essere inferiore a 100 Wh per batteria;<\/li><li>per le batterie agli ioni di litio, l'indice di wattora deve essere superiore a 100 Wh, ma inferiore a 160 Wh;<\/li><li>le batterie utilizzate devono essere di un tipo conforme ai regolamenti del Manual of Tests and Criteria (Manuale delle prove e dei criteri) delle Nazioni Unite, parte III, sottosezione 38.3.<\/li><\/ul><\/div>\t\t\t\t\t\t<\/div>\n\t\t\t\t\t<\/div>\n\t\t\t\t<\/div>\n\t\t\t<\/div>\n\t\t\t\t\t\t\t\t\t\t\t\t\t\t\t\t<div class=\"jupiterx-single-advanced-accordion-wrapper  jx-ac-active\" id=\"\" >\n\t\t\t\t<div class=\"jx-single-accordion-header\">\n\t\t\t\t\t<div class=\"jx-single-accordion-header-left\">\n\t\t\t\t\t\t<div class=\"jx-single-accordion-header-icon-toggle-wrapper jx-single-accordion-header-icon-toggle-wrapper-hide\" >\n\t\t\t\t\t\t\t\t\t\t\t\t\t<\/div>\n\t\t\t\t\t\t<span class=\"jx-ac-title\">Malattie respiratorie e ossigenoterapia<\/span>\t\t\t\t\t<\/div>\n\t\t\t\t\t<div class=\"jx-single-accordion-header-right\">\n\t\t\t\t\t\t<i aria-hidden=\"true\" class=\"jx-ac-icon-body-closed jx-ac-toggle-icon fas fa-chevron-right\"><\/i><i aria-hidden=\"true\" class=\"jx-ac-icon-body-opened jx-ac-toggle-icon fas fa-chevron-down\"><\/i>\t\t\t\t\t<\/div>\n\t\t\t\t<\/div>\n\t\t\t\t<div class=\"jx-single-accordion-body  jx-ac-body-block\">\n\t\t\t\t\t<div class=\"jx-ac-content\">\n\t\t\t\t\t\t<div class=\"jx-ac-content-inner-wrapper\">\n\t\t\t\t\t\t\t<div class=\"jupiterx-ac-content-is-editor\"><p>In caso di malattia polmonare, indipendentemente dallo stadio, devi ottenere l'approvazione da parte di DAT per poter volare.<\/p><p>\u00c8 necessario presentare un MEDIF entro e non oltre due giorni prima della partenza programmata. Il modulo deve essere compilato, firmato e timbrato dal proprio medico o specialista. Troverai il modulo MEDIF\u00a0<a href=\"http:\/\/dat.dk\/wp-content\/uploads\/2024\/06\/DAT_MEDIF_ITA_FORM.pdf\" target=\"_blank\" rel=\"noopener\"><b>qui<\/b><\/a>.<i><br \/><\/i><\/p><p>Riceverai successivamente l\u2019accettazione della prenotazione da parte nostra. Se il tuo medico ritiene che potresti aver bisogno di ossigeno a bordo, puoi ricorrere a dispositivi portatili (POC).<\/p><p>Per i passeggeri che soffrano di problematiche polmonari, cardiache e\/o respiratorie e necessitano di appositi ausili medici per la respirazione, DAT consiglia l\u2019utilizzo di un concentratore d\u2019ossigeno portatile (POC), approvati dalla FAA o altro apparato medicale. Per l\u2019utilizzo a bordo \u00e8 necessario un certificato rilasciato dal proprio medico curante, in cui viene indicato il flusso d\u2019ossigeno necessario, e che il paziente \u00e8 in grado di vedere\/sentire i segnali di sicurezza del dispositivo e conoscerne il funzionamento. In caso negativo \u00e8 necessario un accompagnatore.<\/p><p>Il dispositivo deve essere riposto in un\u2019apposita borsa con un peso max di 5 kg. Per ulteriori informazioni sulle batterie, si rimanda al paragrafo dedicato ai dispositivi elettronici medicali.<\/p><\/div>\t\t\t\t\t\t<\/div>\n\t\t\t\t\t<\/div>\n\t\t\t\t<\/div>\n\t\t\t<\/div>\n\t\t\t\t\t\t\t\t\t\t\t\t\t\t\t\t<div class=\"jupiterx-single-advanced-accordion-wrapper  jx-ac-active\" id=\"\" >\n\t\t\t\t<div class=\"jx-single-accordion-header\">\n\t\t\t\t\t<div class=\"jx-single-accordion-header-left\">\n\t\t\t\t\t\t<div class=\"jx-single-accordion-header-icon-toggle-wrapper jx-single-accordion-header-icon-toggle-wrapper-hide\" >\n\t\t\t\t\t\t\t\t\t\t\t\t\t<\/div>\n\t\t\t\t\t\t<span class=\"jx-ac-title\">Passeggeri non vedenti e ipovedenti<\/span>\t\t\t\t\t<\/div>\n\t\t\t\t\t<div class=\"jx-single-accordion-header-right\">\n\t\t\t\t\t\t<i aria-hidden=\"true\" class=\"jx-ac-icon-body-closed jx-ac-toggle-icon fas fa-chevron-right\"><\/i><i aria-hidden=\"true\" class=\"jx-ac-icon-body-opened jx-ac-toggle-icon fas fa-chevron-down\"><\/i>\t\t\t\t\t<\/div>\n\t\t\t\t<\/div>\n\t\t\t\t<div class=\"jx-single-accordion-body  jx-ac-body-block\">\n\t\t\t\t\t<div class=\"jx-ac-content\">\n\t\t\t\t\t\t<div class=\"jx-ac-content-inner-wrapper\">\n\t\t\t\t\t\t\t<div class=\"jupiterx-ac-content-is-editor\"><p>DAT e i suoi partner aeroportuali garantiscono l\u2019assistenza dal punto PRM fino al posto in aereo. L\u2019assistenza \u00e8 garantita anche allo sbarco, al ritiro bagagli e fino all\u2019uscita dall\u2019aeroporto.<\/p><p>Il trasporto di cani guida e d\u2019assistenza riconosciuti per passeggeri disabili \u00e8 gratuito e senza limiti di peso. Per il trasporto in cabina dei cani guida e di assistenza riconosciuti non \u00e8 necessario il contenitore purch\u00e9 siano muniti di museruola (da utilizzare solo se necessario) e guinzaglio. Gli animali che viaggiano come SVAN devono comunque avere la documentazione in regola prevista dalle autorit\u00e0 dei Paesi d\u2019imbarco, transito e sbarco dell\u2019animale.<\/p><\/div>\t\t\t\t\t\t<\/div>\n\t\t\t\t\t<\/div>\n\t\t\t\t<\/div>\n\t\t\t<\/div>\n\t\t\t\t\t\t\t\t\t\t\t\t\t\t\t\t<div class=\"jupiterx-single-advanced-accordion-wrapper  jx-ac-last  jx-ac-active\" id=\"\" >\n\t\t\t\t<div class=\"jx-single-accordion-header\">\n\t\t\t\t\t<div class=\"jx-single-accordion-header-left\">\n\t\t\t\t\t\t<div class=\"jx-single-accordion-header-icon-toggle-wrapper jx-single-accordion-header-icon-toggle-wrapper-hide\" >\n\t\t\t\t\t\t\t\t\t\t\t\t\t<\/div>\n\t\t\t\t\t\t<span class=\"jx-ac-title\">Altre assistenze speciali ed esigenze particolari<\/span>\t\t\t\t\t<\/div>\n\t\t\t\t\t<div class=\"jx-single-accordion-header-right\">\n\t\t\t\t\t\t<i aria-hidden=\"true\" class=\"jx-ac-icon-body-closed jx-ac-toggle-icon fas fa-chevron-right\"><\/i><i aria-hidden=\"true\" class=\"jx-ac-icon-body-opened jx-ac-toggle-icon fas fa-chevron-down\"><\/i>\t\t\t\t\t<\/div>\n\t\t\t\t<\/div>\n\t\t\t\t<div class=\"jx-single-accordion-body  jx-ac-body-block\">\n\t\t\t\t\t<div class=\"jx-ac-content\">\n\t\t\t\t\t\t<div class=\"jx-ac-content-inner-wrapper\">\n\t\t\t\t\t\t\t<div class=\"jupiterx-ac-content-is-editor\"><p>Qui troverai indicazioni per il viaggio con DAT in caso di:<\/p><ul><li>Accompagnatore<\/li><li>Arto ingessato<\/li><li>Dispositivi elettronici medicali<\/li><li>Ossigenoterapia<\/li><li>Passeggeri non vedenti e ipovedenti<\/li><\/ul><h4>Accompagnatore<\/h4><p>Qualora tu abbia difficolt\u00e0 nel<\/p><ul><li>comprendere il briefing di sicurezza<\/li><li>allacciare e slacciare le cinture d\u2019emergenza<\/li><li>estrarre ed indossare il giubbotto salvagente<\/li><li>indossare una maschera d\u2019ossigeno<\/li><li>lasciare il posto e raggiungere l\u2019uscita d\u2019emergenza senza aiuto<\/li><\/ul><p>potresti aver bisogno di un accompagnatore. Puoi richiedere questo tipo di assistenza attraverso il servizio clienti entro 24 ore della partenza.<\/p><p>L\u2019accompagnatore deve avere almeno 16 anni, essere nel pieno delle sue capacit\u00e0 fisiche e mentali e disposto ad aiutarti in situazioni di emergenza.<\/p><p>L\u2019accompagnatore (assistente alla persona) dovrebbe conoscere bene la tua condizione fisica ed essere capace di rispondere alle tue esigenze personali a bordo (anche in caso di ritardo e di irregolarit\u00e0 del volo) quali procedure mediche, alimentazione e assistenza per l\u2019utilizzo dei servizi igienici.<\/p><p>Ti ricordiamo che il personale di bordo pu\u00f2 aiutarti ad aprire le confezioni di cibo e accompagnarti alla porta della toilette, ma non pu\u00f2 fornirti alcun aiuto in fatto di alimentazione, assunzione di farmaci o assistenza per l'utilizzo dei servizi igienici.<\/p><h4>Arto ingessato<\/h4><p>DAT sconsiglia di mettersi in viaggio entro 48 ore dall\u2019ingessatura. Qualora tu debba metterti in viaggio prima di questo termine, consulta il tuo medico.<\/p><\/div>\t\t\t\t\t\t<\/div>\n\t\t\t\t\t<\/div>\n\t\t\t\t<\/div>\n\t\t\t<\/div>\n\t\t\t\t\t\t\t\t\t\t\t<\/div>\n\t\t\t<\/div>\n\t\t\t\t\t\t\t<\/div>\n\t\t\t\t<\/div>\n\t\t\t\t\t<\/div>\n\t\t\t\t<\/div>\n\t\t\t\t\t<\/div>\n\t\t\t\t<\/div>\n\t\t\t\t<\/div>\n\t\t","protected":false},"excerpt":{"rendered":"<p>Prenotazione di richieste e necessit\u00e0 speciali Il servizio clienti DAT \u00e8 a tua disposizione per la cura dei passeggeri con ridotte capacit\u00e0 motorie. La richiesta dei servizi deve essere contestuale alla prenotazione e richiesta entro 48 ore prima del volo cos\u00ec da venire incontro ad ogni tua necessit\u00e0. Servizio clienti DAT +39 02 89 60 [&hellip;]<\/p>\n","protected":false},"author":2,"featured_media":0,"parent":3982,"menu_order":0,"comment_status":"closed","ping_status":"closed","template":"","meta":{"_acf_changed":false,"_seopress_robots_primary_cat":"","_seopress_titles_title":"","_seopress_titles_desc":"","_seopress_robots_index":"","footnotes":""},"region":[60,60,62],"class_list":{"0":"post-4685","1":"page","2":"type-page","3":"status-publish","4":"hentry","5":"region-da","7":"region-it"},"acf":[],"_links":{"self":[{"href":"https:\/\/dat.dk\/it\/wp-json\/wp\/v2\/pages\/4685","targetHints":{"allow":["GET"]}}],"collection":[{"href":"https:\/\/dat.dk\/it\/wp-json\/wp\/v2\/pages"}],"about":[{"href":"https:\/\/dat.dk\/it\/wp-json\/wp\/v2\/types\/page"}],"author":[{"embeddable":true,"href":"https:\/\/dat.dk\/it\/wp-json\/wp\/v2\/users\/2"}],"replies":[{"embeddable":true,"href":"https:\/\/dat.dk\/it\/wp-json\/wp\/v2\/comments?post=4685"}],"version-history":[{"count":3,"href":"https:\/\/dat.dk\/it\/wp-json\/wp\/v2\/pages\/4685\/revisions"}],"predecessor-version":[{"id":5113,"href":"https:\/\/dat.dk\/it\/wp-json\/wp\/v2\/pages\/4685\/revisions\/5113"}],"up":[{"embeddable":true,"href":"https:\/\/dat.dk\/it\/wp-json\/wp\/v2\/pages\/3982"}],"wp:attachment":[{"href":"https:\/\/dat.dk\/it\/wp-json\/wp\/v2\/media?parent=4685"}],"wp:term":[{"taxonomy":"region","embeddable":true,"href":"https:\/\/dat.dk\/it\/wp-json\/wp\/v2\/region?post=4685"}],"curies":[{"name":"wp","href":"https:\/\/api.w.org\/{rel}","templated":true}]}}