{"id":4655,"date":"2024-01-24T13:11:53","date_gmt":"2024-01-24T11:11:53","guid":{"rendered":"http:\/\/dat.dk\/informazioni-di-viaggio\/born\/"},"modified":"2024-12-10T12:45:36","modified_gmt":"2024-12-10T10:45:36","slug":"minori-non-accompagnati","status":"publish","type":"page","link":"https:\/\/dat.dk\/it\/informazioni-di-viaggio\/minori-non-accompagnati\/","title":{"rendered":"Minori non accompagnati"},"content":{"rendered":"\t\t<div data-elementor-type=\"wp-page\" data-elementor-id=\"4655\" class=\"elementor elementor-4655 elementor-236\">\n\t\t\t\t<div class=\"elementor-element elementor-element-241373f e-flex e-con-boxed e-con e-parent\" data-id=\"241373f\" data-element_type=\"container\" data-e-type=\"container\">\n\t\t\t\t\t<div class=\"e-con-inner\">\n\t\t<div class=\"elementor-element elementor-element-5c76088 e-flex e-con-boxed e-con e-child\" data-id=\"5c76088\" data-element_type=\"container\" data-e-type=\"container\">\n\t\t\t\t\t<div class=\"e-con-inner\">\n\t\t<div class=\"elementor-element elementor-element-68ea2a2 e-flex e-con-boxed e-con e-child\" data-id=\"68ea2a2\" data-element_type=\"container\" data-e-type=\"container\">\n\t\t\t\t\t<div class=\"e-con-inner\">\n\t\t\t\t<div class=\"elementor-element elementor-element-12de9e4 elementor-widget elementor-widget-text-editor\" data-id=\"12de9e4\" data-element_type=\"widget\" data-e-type=\"widget\" data-widget_type=\"text-editor.default\">\n\t\t\t\t<div class=\"elementor-widget-container\">\n\t\t\t\t\t\t\t\t\t<h2>Minori non accompagnati (UM)<\/h2><p>Tuo figlio viaggia da solo? Non preoccuparti, DAT si prender\u00e0 cura del tuo bambino.<\/p><p>Quando i bambini viaggiano da soli \u00e8 possibile prenotare un biglietto dedicato (UM &#8211; minore non accompagnato). Il nostro personale si prender\u00e0 cura del tuo bambino durante l&#8217;intero viaggio, assicurandogli una piacevole esperienza.<\/p><p><b>Come funziona il servizio per minori non accompagnati?<\/b><\/p><ul><li>Procedi all&#8217;acquisto della tariffa UM tramite il call center DAT chiamando\u00a0allo +39 02 89 60 88 20 o\u00a0via e-mail all\u2019indirizzo\u00a0<a href=\"mailto:servizioclienti@flydat.it\">servizioclienti@flydat.it<\/a>.<\/li><li>Abbi cura di compilare di compilare il form\u00a0(clicca\u00a0<a href=\"https:\/\/dat.dk\/media\/wysiwyg\/Italien\/Alm_Dock\/DAT_UM_A4_VerdanaFILLABLE.pdf\" target=\"_blank\" rel=\"noopener\">qui<\/a>\u00a0per il download), stamparlo in tre copie e consegnarlo al personale durante il check-in.\u00a0<\/li><li>Presentati al check-in entro un&#8217;ora dalla partenza del volo, oltre tale termine non assicureremo l&#8217;imbarco.<\/li><li>Il bambino viene accompagnato dal personale DAT in aeroporto, dal check-in fino al gate, e infine affidato all&#8217;equipaggio che si prender\u00e0 cura di lui durante l&#8217;intero volo.<\/li><li>A destinazione ci assicuriamo che tuo figlio venga affidato alla persona indicata. \u00c8 richiesto un documento d&#8217;identit\u00e0 con foto.<\/li><\/ul>\t\t\t\t\t\t\t\t<\/div>\n\t\t\t\t<\/div>\n\t\t<div class=\"elementor-element elementor-element-aa248da e-flex e-con-boxed e-con e-child\" data-id=\"aa248da\" data-element_type=\"container\" data-e-type=\"container\">\n\t\t\t\t\t<div class=\"e-con-inner\">\n\t\t\t\t<div class=\"elementor-element elementor-element-ee16d2a elementor-widget elementor-widget-text-editor\" data-id=\"ee16d2a\" data-element_type=\"widget\" data-e-type=\"widget\" data-widget_type=\"text-editor.default\">\n\t\t\t\t<div class=\"elementor-widget-container\">\n\t\t\t\t\t\t\t\t\t<h3>Ricorda di presentarti in aeroporto con il seguente form opportunamente compilato<\/h3>\t\t\t\t\t\t\t\t<\/div>\n\t\t\t\t<\/div>\n\t\t\t\t<div class=\"elementor-element elementor-element-23a36f8 elementor-widget elementor-widget-raven-button\" data-id=\"23a36f8\" data-element_type=\"widget\" data-e-type=\"widget\" data-settings=\"{&quot;turn_to_popup_action_button&quot;:&quot;no&quot;}\" data-widget_type=\"raven-button.default\">\n\t\t\t\t<div class=\"elementor-widget-container\">\n\t\t\t\t\t\t\t<div class=\"raven-widget-wrapper\">\n\t\t\t<a class=\"raven-button raven-button-widget-normal-effect-none  raven-button-text-align-center raven-button-link elementor-animation-none\" href=\"http:\/\/dat.dk\/wp-content\/uploads\/2024\/06\/DAT_UM_A4_VerdanaFILLABLE.pdf\">\t\t\t\t<div class=\"raven-button-overlay\" ><\/div>\n\t\t\t\t<span class=\"raven-button-content\">\n\t\t\t\t\t\n\t\t\t\t\t<div class=\"button-text-container\">\n\t\t\t\t\t\t\t\t\t\t\t\t<div class=\"raven-button-texts-wrapper\">\n\t\t\t\t\t\t\t<div class=\"button-text\">\n\t\t\t\t\t\t\t\t<span class=\"raven-button-text\">\n\t\t\t\t\t\t\t\t\tClicca qui per il download\t\t\t\t\t\t\t\t<\/span>\n\t\t\t\t\t\t\t<\/div>\n\t\t\t\t\t\t\t\t\t\t\t\t\t<\/div>\n\t\t\t\t\t\t\t\t\t\t\t<\/div>\n\t\t\t\t\t\n\t\t\t\t\t\t\t\t\t<\/span>\n\t\t\t<\/a>\t\t<\/div>\n\t\t\t\t\t\t<\/div>\n\t\t\t\t<\/div>\n\t\t\t\t\t<\/div>\n\t\t\t\t<\/div>\n\t\t\t\t\t<\/div>\n\t\t\t\t<\/div>\n\t\t<div class=\"elementor-element elementor-element-c1e447b e-flex e-con-boxed e-con e-child\" data-id=\"c1e447b\" data-element_type=\"container\" data-e-type=\"container\">\n\t\t\t\t\t<div class=\"e-con-inner\">\n\t\t\t\t<div class=\"elementor-element elementor-element-605d38a elementor-widget elementor-widget-text-editor\" data-id=\"605d38a\" data-element_type=\"widget\" data-e-type=\"widget\" data-widget_type=\"text-editor.default\">\n\t\t\t\t<div class=\"elementor-widget-container\">\n\t\t\t\t\t\t\t\t\t<h4>Chi pu\u00f2 viaggiare da solo?<\/h4><ul><li>Il servizio dedicato ai minori non accompagnati (UM) \u00e8 obbligatorio per i bambini dai 5 ai 14 anni .<\/li><li>Il servizio di minori non accompagnati (UM) \u00e8 disponibile per i bambini dai 15 ai 17 anni, ma non \u00e8 obbligatorio.<\/li><li>I bambini fino a 5 anni devono essere sempre accompagnati da un passeggero adulto (genitore o maggiorenne responsabile). In questo caso, il servizio minori non accompagnati (UM) non \u00e8 disponibile.<\/li><\/ul>\t\t\t\t\t\t\t\t<\/div>\n\t\t\t\t<\/div>\n\t\t\t\t\t<\/div>\n\t\t\t\t<\/div>\n\t\t<div class=\"elementor-element elementor-element-3b66833 e-flex e-con-boxed e-con e-child\" data-id=\"3b66833\" data-element_type=\"container\" data-e-type=\"container\">\n\t\t\t\t\t<div class=\"e-con-inner\">\n\t\t\t\t<div class=\"elementor-element elementor-element-fceff94 elementor-widget elementor-widget-text-editor\" data-id=\"fceff94\" data-element_type=\"widget\" data-e-type=\"widget\" data-widget_type=\"text-editor.default\">\n\t\t\t\t<div class=\"elementor-widget-container\">\n\t\t\t\t\t\t\t\t\t<h4>Requisiti importanti<\/h4><p>Dobbiamo conoscere i nomi e i numeri di telefono cellulare delle persone che accompagneranno alla partenza e preleveranno all\u2019arrivo il bambino in aeroporto.<\/p><p>Il servizio UM-Minori non accompagnati \u00e8 prenotabile solo tramite call center DAT e non tramite sito web.\u00a0<\/p><p>In caso di acquisto di tariffa non regolare (tariffa adulti, per esempio) in luogo della tariffa UM-Minori non accompagnati, saranno negati accettazione e imbarco.<\/p><p>La persona che accompagna il bambino in partenza deve rimanere al banco del check-in fino a quando l&#8217;aereo non \u00e8 decollato.<\/p><p>La persona incaricata del prelievo in arrivo all\u2019aeroporto di destinazione deve presentare un documento di identit\u00e0 con foto valido.<\/p><p>*Il servizio \u00e8 soggetto ad un numero limitato di bambini non accompagnati per singolo volo.<\/p>\t\t\t\t\t\t\t\t<\/div>\n\t\t\t\t<\/div>\n\t\t\t\t\t<\/div>\n\t\t\t\t<\/div>\n\t\t<div class=\"elementor-element elementor-element-779ac56 e-flex e-con-boxed e-con e-child\" data-id=\"779ac56\" data-element_type=\"container\" data-e-type=\"container\">\n\t\t\t\t\t<div class=\"e-con-inner\">\n\t\t\t\t<div class=\"elementor-element elementor-element-d58670b elementor-widget elementor-widget-text-editor\" data-id=\"d58670b\" data-element_type=\"widget\" data-e-type=\"widget\" data-widget_type=\"text-editor.default\">\n\t\t\t\t<div class=\"elementor-widget-container\">\n\t\t\t\t\t\t\t\t\t<h4>Check in entro 1 ora prima della partenza<\/h4><p>Se il bambino viaggia con un biglietto minori non accompagnati (UM), \u00e8 necessario arrivare in aeroporto ed effettuare il check-in entro e non oltre 60 minuti prima del decollo.<\/p><h4>Il servizio minori non accompagnati (UM) comprende<\/h4><ul><li>Check-in e scelta del posto gratuita<\/li><li>Bagaglio a mano (8kg)<\/li><li>Bagaglio in stiva registrato (23 kg)<\/li><\/ul><p>\u00c8 possibile effettuare cambio prenotazione e cambio nome.<\/p><p><b>Per maggiori informazioni su prezzi, condizioni e disponibilit\u00e0<\/b><\/p><p>Il nostro servizio clienti \u00e8 disponile via e-mail all\u2019indirizzo\u00a0<a href=\"mailto:servizioclienti@flydat.it\">servizioclienti@flydat.it<\/a>\u00a0oppure chiamando allo +39 02 89 60 88 20.<\/p>\t\t\t\t\t\t\t\t<\/div>\n\t\t\t\t<\/div>\n\t\t\t\t\t<\/div>\n\t\t\t\t<\/div>\n\t\t\t\t\t<\/div>\n\t\t\t\t<\/div>\n\t\t\t\t\t<\/div>\n\t\t\t\t<\/div>\n\t\t\t\t<\/div>\n\t\t","protected":false},"excerpt":{"rendered":"<p>Minori non accompagnati (UM) Tuo figlio viaggia da solo? Non preoccuparti, DAT si prender\u00e0 cura del tuo bambino. Quando i bambini viaggiano da soli \u00e8 possibile prenotare un biglietto dedicato (UM &#8211; minore non accompagnato). Il nostro personale si prender\u00e0 cura del tuo bambino durante l&#8217;intero viaggio, assicurandogli una piacevole esperienza. Come funziona il servizio [&hellip;]<\/p>\n","protected":false},"author":2,"featured_media":0,"parent":3982,"menu_order":0,"comment_status":"closed","ping_status":"closed","template":"","meta":{"_acf_changed":false,"_seopress_robots_primary_cat":"","_seopress_titles_title":"","_seopress_titles_desc":"","_seopress_robots_index":"","footnotes":""},"region":[60,60,62],"class_list":{"0":"post-4655","1":"page","2":"type-page","3":"status-publish","4":"hentry","5":"region-da","7":"region-it"},"acf":[],"_links":{"self":[{"href":"https:\/\/dat.dk\/it\/wp-json\/wp\/v2\/pages\/4655","targetHints":{"allow":["GET"]}}],"collection":[{"href":"https:\/\/dat.dk\/it\/wp-json\/wp\/v2\/pages"}],"about":[{"href":"https:\/\/dat.dk\/it\/wp-json\/wp\/v2\/types\/page"}],"author":[{"embeddable":true,"href":"https:\/\/dat.dk\/it\/wp-json\/wp\/v2\/users\/2"}],"replies":[{"embeddable":true,"href":"https:\/\/dat.dk\/it\/wp-json\/wp\/v2\/comments?post=4655"}],"version-history":[{"count":3,"href":"https:\/\/dat.dk\/it\/wp-json\/wp\/v2\/pages\/4655\/revisions"}],"predecessor-version":[{"id":6505,"href":"https:\/\/dat.dk\/it\/wp-json\/wp\/v2\/pages\/4655\/revisions\/6505"}],"up":[{"embeddable":true,"href":"https:\/\/dat.dk\/it\/wp-json\/wp\/v2\/pages\/3982"}],"wp:attachment":[{"href":"https:\/\/dat.dk\/it\/wp-json\/wp\/v2\/media?parent=4655"}],"wp:term":[{"taxonomy":"region","embeddable":true,"href":"https:\/\/dat.dk\/it\/wp-json\/wp\/v2\/region?post=4655"}],"curies":[{"name":"wp","href":"https:\/\/api.w.org\/{rel}","templated":true}]}}