{"id":3158,"date":"2024-04-17T12:02:01","date_gmt":"2024-04-17T12:02:01","guid":{"rendered":"http:\/\/dat.dk\/?page_id=3158"},"modified":"2025-09-24T15:37:09","modified_gmt":"2025-09-24T13:37:09","slug":"travelcredit","status":"publish","type":"page","link":"https:\/\/dat.dk\/it\/travelcredit\/","title":{"rendered":"Travel Credit"},"content":{"rendered":"\t\t<div data-elementor-type=\"wp-page\" data-elementor-id=\"3158\" class=\"elementor elementor-3158\">\n\t\t\t\t<div class=\"elementor-element elementor-element-60396d7 e-con-full e-flex e-con e-parent\" data-id=\"60396d7\" data-element_type=\"container\" data-e-type=\"container\" data-settings=\"{&quot;background_background&quot;:&quot;classic&quot;}\">\n\t\t<div class=\"elementor-element elementor-element-b341249 e-flex e-con-boxed e-con e-child\" data-id=\"b341249\" data-element_type=\"container\" data-e-type=\"container\">\n\t\t\t\t\t<div class=\"e-con-inner\">\n\t\t<div class=\"elementor-element elementor-element-1d4e531 e-con-full e-flex e-con e-child\" data-id=\"1d4e531\" data-element_type=\"container\" data-e-type=\"container\">\n\t\t\t\t<div class=\"elementor-element elementor-element-c2ea9b1 elementor-widget elementor-widget-heading\" data-id=\"c2ea9b1\" data-element_type=\"widget\" data-e-type=\"widget\" data-widget_type=\"heading.default\">\n\t\t\t\t<div class=\"elementor-widget-container\">\n\t\t\t\t\t<h1 class=\"elementor-heading-title elementor-size-default\">Travel Credits<\/h1>\t\t\t\t<\/div>\n\t\t\t\t<\/div>\n\t\t\t\t<div class=\"elementor-element elementor-element-f185eb6 elementor-widget elementor-widget-text-editor\" data-id=\"f185eb6\" data-element_type=\"widget\" data-e-type=\"widget\" data-widget_type=\"text-editor.default\">\n\t\t\t\t<div class=\"elementor-widget-container\">\n\t\t\t\t\t\t\t\t\t<p data-start=\"128\" data-end=\"295\"><strong data-start=\"128\" data-end=\"159\">Flyv mere med rabat!<\/strong><br data-start=\"159\" data-end=\"162\" \/>Med DAT\u2019s forudbetalte\u00a0<em data-start=\"185\" data-end=\"200\">Travel Credits<\/em>\u00a0f\u00e5r din virksomhed ekstra v\u00e6rdi og st\u00f8rre fleksibilitet, n\u00e5r der skal bookes flybilletter.<\/p><p data-start=\"297\" data-end=\"601\">I mods\u00e6tning til vores klippekort, som er gyldige i 90 dage, g\u00e6lder\u00a0<em data-start=\"365\" data-end=\"381\">Travel Credits<\/em>\u00a0i hele 12 m\u00e5neder fra aktiveringsdatoen. Ordningen henvender sig is\u00e6r til virksomheder med h\u00f8j rejseaktivitet, men hvor behovet kan variere hen over \u00e5ret \u2013 og som derfor \u00f8nsker b\u00e5de fleksibilitet og l\u00e6ngere gyldighed for rejser til deres medarbejdere.<\/p>\t\t\t\t\t\t\t\t<\/div>\n\t\t\t\t<\/div>\n\t\t\t\t<\/div>\n\t\t<div class=\"elementor-element elementor-element-42c5ae0 e-con-full e-flex e-con e-child\" data-id=\"42c5ae0\" data-element_type=\"container\" data-e-type=\"container\">\n\t\t\t\t<div class=\"elementor-element elementor-element-aa84114 elementor-widget elementor-widget-image\" data-id=\"aa84114\" data-element_type=\"widget\" data-e-type=\"widget\" data-widget_type=\"image.default\">\n\t\t\t\t<div class=\"elementor-widget-container\">\n\t\t\t\t\t\t\t\t\t\t\t\t\t\t\t<img alt=\"\" fetchpriority=\"high\" decoding=\"async\" width=\"768\" height=\"512\" src=\"https:\/\/dat.dk\/wp-content\/uploads\/2025\/08\/credit-henrik-langaard-4-768x512.jpg\" class=\"attachment-medium_large size-medium_large wp-image-9655\" alt=\"\" srcset=\"https:\/\/dat.dk\/wp-content\/uploads\/2025\/08\/credit-henrik-langaard-4-768x512.jpg 768w, https:\/\/dat.dk\/wp-content\/uploads\/2025\/08\/credit-henrik-langaard-4-300x200.jpg 300w, https:\/\/dat.dk\/wp-content\/uploads\/2025\/08\/credit-henrik-langaard-4-1024x683.jpg 1024w, https:\/\/dat.dk\/wp-content\/uploads\/2025\/08\/credit-henrik-langaard-4-1536x1024.jpg 1536w, https:\/\/dat.dk\/wp-content\/uploads\/2025\/08\/credit-henrik-langaard-4-2048x1365.jpg 2048w\" sizes=\"(max-width: 768px) 100vw, 768px\" \/>\t\t\t\t\t\t\t\t\t\t\t\t\t\t\t<\/div>\n\t\t\t\t<\/div>\n\t\t\t\t<div class=\"elementor-element elementor-element-056a45e elementor-widget elementor-widget-text-editor\" data-id=\"056a45e\" data-element_type=\"widget\" data-e-type=\"widget\" data-widget_type=\"text-editor.default\">\n\t\t\t\t<div class=\"elementor-widget-container\">\n\t\t\t\t\t\t\t\t\t<p>Foto: Henrik Langg\u00e5rd<\/p>\t\t\t\t\t\t\t\t<\/div>\n\t\t\t\t<\/div>\n\t\t\t\t<\/div>\n\t\t\t\t\t<\/div>\n\t\t\t\t<\/div>\n\t\t\t\t<div class=\"elementor-element elementor-element-2c4b87a elementor-widget elementor-widget-text-editor\" data-id=\"2c4b87a\" data-element_type=\"widget\" data-e-type=\"widget\" data-widget_type=\"text-editor.default\">\n\t\t\t\t<div class=\"elementor-widget-container\">\n\t\t\t\t\t\t\t\t\t<p data-start=\"603\" data-end=\"872\"><strong data-start=\"603\" data-end=\"626\">S\u00e5dan fungerer det:<\/strong><br data-start=\"626\" data-end=\"629\" \/>Din virksomhed v\u00e6lger og forudbetaler et bel\u00f8b ud fra nedenst\u00e5ende muligheder. DAT l\u00e6gger derefter en bonus oveni, s\u00e5 jeres rejsekredit \u00f8ges. Hele bel\u00f8bet p\u00e5 jeres Travel Credits kan bruges til k\u00f8b af billetter og er gyldig i 12 m\u00e5neder fra aktiveringsdatoen.<\/p><p data-start=\"874\" data-end=\"900\"><strong data-start=\"874\" data-end=\"898\">Tilg\u00e6ngelige pakker:<\/strong><\/p>\t\t\t\t\t\t\t\t<\/div>\n\t\t\t\t<\/div>\n\t\t<div class=\"elementor-element elementor-element-8a902a0 e-flex e-con-boxed e-con e-child\" data-id=\"8a902a0\" data-element_type=\"container\" data-e-type=\"container\">\n\t\t\t\t\t<div class=\"e-con-inner\">\n\t\t<div class=\"elementor-element elementor-element-f103619 e-con-full e-flex e-con e-child\" data-id=\"f103619\" data-element_type=\"container\" data-e-type=\"container\">\n\t\t\t\t<div class=\"elementor-element elementor-element-1f89d17 elementor-widget__width-initial elementor-widget elementor-widget-raven-pricing-table\" data-id=\"1f89d17\" data-element_type=\"widget\" data-e-type=\"widget\" data-widget_type=\"raven-pricing-table.default\">\n\t\t\t\t<div class=\"elementor-widget-container\">\n\t\t\t\t\t\t\t<div class=\"raven-pricing-table\">\n\t\t\t\t\t<div class=\"raven-pricing-table__header\">\n\t\t\t\t\t<h3 class=\"raven-pricing-table__heading\">\t\t\tBasic\t\t\t<\/h3>\n\t\t\t\t\t\t<\/div>\n\t\t\t\t<div class=\"raven-pricing-table__price\">\n\t\t\t\t\t\t<span class=\"raven-pricing-table__integer-part\">\n\t\t\t\t50.000\t\t\t<\/span>\n\t\t\t<span class=\"raven-pricing-table__currency\">DKK<\/span>\t\t<\/div>\n\t\t\t\t\t<ul class=\"raven-pricing-table__features-list\">\n\t\t\t\t\t\t\t\t\t<li class=\"elementor-repeater-item-0637010\">\n\t\t\t\t\t\t<div class=\"raven-pricing-table__feature-inner\">\n\t\t\t\t\t\t\t<svg aria-hidden=\"true\" class=\"e-font-icon-svg e-fas-coins\" viewBox=\"0 0 512 512\" xmlns=\"http:\/\/www.w3.org\/2000\/svg\"><path d=\"M0 405.3V448c0 35.3 86 64 192 64s192-28.7 192-64v-42.7C342.7 434.4 267.2 448 192 448S41.3 434.4 0 405.3zM320 128c106 0 192-28.7 192-64S426 0 320 0 128 28.7 128 64s86 64 192 64zM0 300.4V352c0 35.3 86 64 192 64s192-28.7 192-64v-51.6c-41.3 34-116.9 51.6-192 51.6S41.3 334.4 0 300.4zm416 11c57.3-11.1 96-31.7 96-55.4v-42.7c-23.2 16.4-57.3 27.6-96 34.5v63.6zM192 160C86 160 0 195.8 0 240s86 80 192 80 192-35.8 192-80-86-80-192-80zm219.3 56.3c60-10.8 100.7-32 100.7-56.3v-42.7c-35.5 25.1-96.5 38.6-160.7 41.8 29.5 14.3 51.2 33.5 60 57.2z\"><\/path><\/svg>\t\t\t\t\t\t\t\t<span >\n\t\t\t\t\t\t\t\t\tTotal v\u00e6rdi: 55.000\t\t\t\t\t\t\t\t<\/span>\n\t\t\t\t\t\t\t\t\t\t\t\t\t\t<\/div>\n\t\t\t\t\t<\/li>\n\t\t\t\t\t\t\t<\/ul>\n\t\t\t\t\t<div class=\"raven-pricing-table__footer\">\n\t\t\t\t\t\t\t<a class=\"raven-pricing-table__button raven-button raven-size-md\" href=\"mailto:kundeservice@dat.dk?subject=Travel%20credits%2050.000DKK\">\n\t\t\t\t\tK\u00f8b\t\t\t\t<\/a>\n\t\t\t\n\t\t\t\t\t\t\t<div class=\"raven-pricing-table__additional_info\">\n\t\t\t\t\tBonus: 5.000\t\t\t\t<\/div>\n\t\t\t\t\t<\/div>\n\t\t\t\t<\/div>\n\t\t\t\t<div class=\"raven-pricing-table__ribbon\">\n\t\t\t<div class=\"raven-pricing-table__ribbon-inner\">\n\t\t\t\t10% bonus\t\t\t<\/div>\n\t\t<\/div>\n\t\t\t\t\t\t<\/div>\n\t\t\t\t<\/div>\n\t\t\t\t<div class=\"elementor-element elementor-element-0ca0913 elementor-widget__width-initial elementor-widget elementor-widget-raven-pricing-table\" data-id=\"0ca0913\" data-element_type=\"widget\" data-e-type=\"widget\" data-widget_type=\"raven-pricing-table.default\">\n\t\t\t\t<div class=\"elementor-widget-container\">\n\t\t\t\t\t\t\t<div class=\"raven-pricing-table\">\n\t\t\t\t\t<div class=\"raven-pricing-table__header\">\n\t\t\t\t\t<h3 class=\"raven-pricing-table__heading\">\t\t\tPlus\t\t\t<\/h3>\n\t\t\t\t\t\t<\/div>\n\t\t\t\t<div class=\"raven-pricing-table__price\">\n\t\t\t\t\t\t<span class=\"raven-pricing-table__integer-part\">\n\t\t\t\t75.000\t\t\t<\/span>\n\t\t\t<span class=\"raven-pricing-table__currency\">DKK<\/span>\t\t<\/div>\n\t\t\t\t\t<ul class=\"raven-pricing-table__features-list\">\n\t\t\t\t\t\t\t\t\t<li class=\"elementor-repeater-item-0637010\">\n\t\t\t\t\t\t<div class=\"raven-pricing-table__feature-inner\">\n\t\t\t\t\t\t\t<svg aria-hidden=\"true\" class=\"e-font-icon-svg e-fas-coins\" viewBox=\"0 0 512 512\" xmlns=\"http:\/\/www.w3.org\/2000\/svg\"><path d=\"M0 405.3V448c0 35.3 86 64 192 64s192-28.7 192-64v-42.7C342.7 434.4 267.2 448 192 448S41.3 434.4 0 405.3zM320 128c106 0 192-28.7 192-64S426 0 320 0 128 28.7 128 64s86 64 192 64zM0 300.4V352c0 35.3 86 64 192 64s192-28.7 192-64v-51.6c-41.3 34-116.9 51.6-192 51.6S41.3 334.4 0 300.4zm416 11c57.3-11.1 96-31.7 96-55.4v-42.7c-23.2 16.4-57.3 27.6-96 34.5v63.6zM192 160C86 160 0 195.8 0 240s86 80 192 80 192-35.8 192-80-86-80-192-80zm219.3 56.3c60-10.8 100.7-32 100.7-56.3v-42.7c-35.5 25.1-96.5 38.6-160.7 41.8 29.5 14.3 51.2 33.5 60 57.2z\"><\/path><\/svg>\t\t\t\t\t\t\t\t<span >\n\t\t\t\t\t\t\t\t\tTotal v\u00e6rdi: 84.750\t\t\t\t\t\t\t\t<\/span>\n\t\t\t\t\t\t\t\t\t\t\t\t\t\t<\/div>\n\t\t\t\t\t<\/li>\n\t\t\t\t\t\t\t<\/ul>\n\t\t\t\t\t<div class=\"raven-pricing-table__footer\">\n\t\t\t\t\t\t\t<a class=\"raven-pricing-table__button raven-button raven-size-md\" href=\"mailto:kundeservice@dat.dk?subject=Travel%20credits%2075.000DKK\">\n\t\t\t\t\tK\u00f8b\t\t\t\t<\/a>\n\t\t\t\n\t\t\t\t\t\t\t<div class=\"raven-pricing-table__additional_info\">\n\t\t\t\t\tBonus: 9.750\t\t\t\t<\/div>\n\t\t\t\t\t<\/div>\n\t\t\t\t<\/div>\n\t\t\t\t<div class=\"raven-pricing-table__ribbon\">\n\t\t\t<div class=\"raven-pricing-table__ribbon-inner\">\n\t\t\t\t13% bonus\t\t\t<\/div>\n\t\t<\/div>\n\t\t\t\t\t\t<\/div>\n\t\t\t\t<\/div>\n\t\t\t\t<div class=\"elementor-element elementor-element-c7d7729 elementor-widget__width-initial elementor-widget elementor-widget-raven-pricing-table\" data-id=\"c7d7729\" data-element_type=\"widget\" data-e-type=\"widget\" data-widget_type=\"raven-pricing-table.default\">\n\t\t\t\t<div class=\"elementor-widget-container\">\n\t\t\t\t\t\t\t<div class=\"raven-pricing-table\">\n\t\t\t\t\t<div class=\"raven-pricing-table__header\">\n\t\t\t\t\t<h3 class=\"raven-pricing-table__heading\">\t\t\tPro\t\t\t<\/h3>\n\t\t\t\t\t\t<\/div>\n\t\t\t\t<div class=\"raven-pricing-table__price\">\n\t\t\t\t\t\t<span class=\"raven-pricing-table__integer-part\">\n\t\t\t\t100.000\t\t\t<\/span>\n\t\t\t<span class=\"raven-pricing-table__currency\">DKK<\/span>\t\t<\/div>\n\t\t\t\t\t<ul class=\"raven-pricing-table__features-list\">\n\t\t\t\t\t\t\t\t\t<li class=\"elementor-repeater-item-0637010\">\n\t\t\t\t\t\t<div class=\"raven-pricing-table__feature-inner\">\n\t\t\t\t\t\t\t<svg aria-hidden=\"true\" class=\"e-font-icon-svg e-fas-coins\" viewBox=\"0 0 512 512\" xmlns=\"http:\/\/www.w3.org\/2000\/svg\"><path d=\"M0 405.3V448c0 35.3 86 64 192 64s192-28.7 192-64v-42.7C342.7 434.4 267.2 448 192 448S41.3 434.4 0 405.3zM320 128c106 0 192-28.7 192-64S426 0 320 0 128 28.7 128 64s86 64 192 64zM0 300.4V352c0 35.3 86 64 192 64s192-28.7 192-64v-51.6c-41.3 34-116.9 51.6-192 51.6S41.3 334.4 0 300.4zm416 11c57.3-11.1 96-31.7 96-55.4v-42.7c-23.2 16.4-57.3 27.6-96 34.5v63.6zM192 160C86 160 0 195.8 0 240s86 80 192 80 192-35.8 192-80-86-80-192-80zm219.3 56.3c60-10.8 100.7-32 100.7-56.3v-42.7c-35.5 25.1-96.5 38.6-160.7 41.8 29.5 14.3 51.2 33.5 60 57.2z\"><\/path><\/svg>\t\t\t\t\t\t\t\t<span >\n\t\t\t\t\t\t\t\t\tTotal v\u00e6rdi: 115.000\t\t\t\t\t\t\t\t<\/span>\n\t\t\t\t\t\t\t\t\t\t\t\t\t\t<\/div>\n\t\t\t\t\t<\/li>\n\t\t\t\t\t\t\t<\/ul>\n\t\t\t\t\t<div class=\"raven-pricing-table__footer\">\n\t\t\t\t\t\t\t<a class=\"raven-pricing-table__button raven-button raven-size-md\" href=\"mailto:kundeservice@dat.dk?subject=Travel%20credits%20100.000DKK\">\n\t\t\t\t\tK\u00f8b\t\t\t\t<\/a>\n\t\t\t\n\t\t\t\t\t\t\t<div class=\"raven-pricing-table__additional_info\">\n\t\t\t\t\tBonus: 15.000\t\t\t\t<\/div>\n\t\t\t\t\t<\/div>\n\t\t\t\t<\/div>\n\t\t\t\t<div class=\"raven-pricing-table__ribbon\">\n\t\t\t<div class=\"raven-pricing-table__ribbon-inner\">\n\t\t\t\t15% bonus\t\t\t<\/div>\n\t\t<\/div>\n\t\t\t\t\t\t<\/div>\n\t\t\t\t<\/div>\n\t\t\t\t<\/div>\n\t\t<div class=\"elementor-element elementor-element-b4bbaea e-flex e-con-boxed e-con e-child\" data-id=\"b4bbaea\" data-element_type=\"container\" data-e-type=\"container\" data-settings=\"{&quot;background_background&quot;:&quot;classic&quot;}\">\n\t\t\t\t\t<div class=\"e-con-inner\">\n\t\t<div class=\"elementor-element elementor-element-2702c58 e-flex e-con-boxed e-con e-child\" data-id=\"2702c58\" data-element_type=\"container\" data-e-type=\"container\">\n\t\t\t\t\t<div class=\"e-con-inner\">\n\t\t\t\t<div class=\"elementor-element elementor-element-442fcd2 elementor-widget elementor-widget-text-editor\" data-id=\"442fcd2\" data-element_type=\"widget\" data-e-type=\"widget\" data-widget_type=\"text-editor.default\">\n\t\t\t\t<div class=\"elementor-widget-container\">\n\t\t\t\t\t\t\t\t\t<h4>Vilk\u00e5r og betingelser:<\/h4><ul><li data-start=\"29\" data-end=\"92\">Travel Credits er gyldige i 12 m\u00e5neder fra aktiveringsdatoen.<\/li><li data-start=\"29\" data-end=\"92\">Ubrugte Travel Credits refunderes ikke.<\/li><li data-start=\"29\" data-end=\"92\">Travel Credits kan ikke bruges til at k\u00f8be rabatbilletter, herunder kampagne-\/promobilletter eller sociale rabatter (senior-, milit\u00e6r- eller studiebilletter).<\/li><li data-start=\"29\" data-end=\"92\">Kun \u00e9n pakke kan v\u00e6re aktiv ad gangen. Nye pakker kan k\u00f8bes, n\u00e5r den nuv\u00e6rende saldo af rejsekreditter er opbrugt.<\/li><li data-start=\"29\" data-end=\"92\">Travel Credits kan kun bruges p\u00e5 DAT\u2019s danske og norske ruteflyvninger samt de tyske ruter fra Saarbr\u00fccken (SCN).<\/li><li data-start=\"29\" data-end=\"92\">Rejsebureauer og lignende agenter m\u00e5 ikke benytte Travel Credits. Disse parter skal i stedet ans\u00f8ge om en agenturaftale.<\/li><li data-start=\"29\" data-end=\"92\">Billetter k\u00f8bt med Travel Credits m\u00e5<strong> ikke<\/strong> videres\u00e6lges. Overtr\u00e6delser vil medf\u00f8re \u00f8jeblikkelig lukning af brugerens konto.<\/li><\/ul>\t\t\t\t\t\t\t\t<\/div>\n\t\t\t\t<\/div>\n\t\t\t\t\t<\/div>\n\t\t\t\t<\/div>\n\t\t\t\t\t<\/div>\n\t\t\t\t<\/div>\n\t\t\t\t\t<\/div>\n\t\t\t\t<\/div>\n\t\t\t\t<\/div>\n\t\t<div class=\"elementor-element elementor-element-c95e43d e-flex e-con-boxed e-con e-parent\" data-id=\"c95e43d\" data-element_type=\"container\" data-e-type=\"container\">\n\t\t\t\t\t<div class=\"e-con-inner\">\n\t\t\t\t<div class=\"elementor-element elementor-element-b2933b8 elementor-widget elementor-widget-text-editor\" data-id=\"b2933b8\" data-element_type=\"widget\" data-e-type=\"widget\" data-widget_type=\"text-editor.default\">\n\t\t\t\t<div class=\"elementor-widget-container\">\n\t\t\t\t\t\t\t\t\t<h3>S\u00e5dan bestiller du:<\/h3><p>Kontakt vores kundeservice p\u00e5 kundeservice@dat.dk og oplys f\u00f8lgende:<\/p><ul><li>\u00d8nsket pakke (bel\u00f8b)<\/li><li>Virksomhedens navn<\/li><li>Navn samt kontaktoplysninger p\u00e5 den medarbejder eller agent, der skal reservere billetter<\/li><\/ul><p>Vores kundeservice vender herefter tilbage med de n\u00e6ste trin i processen, herunder relevante links samt vejledning til, hvordan billetterne reserveres.<\/p>\t\t\t\t\t\t\t\t<\/div>\n\t\t\t\t<\/div>\n\t\t\t\t\t<\/div>\n\t\t\t\t<\/div>\n\t\t\t\t<\/div>\n\t\t","protected":false},"excerpt":{"rendered":"<p>Travel Credits Flyv mere med rabat!Med DAT\u2019s forudbetalte\u00a0Travel Credits\u00a0f\u00e5r din virksomhed ekstra v\u00e6rdi og st\u00f8rre fleksibilitet, n\u00e5r der skal bookes flybilletter. I mods\u00e6tning til vores klippekort, som er gyldige i 90 dage, g\u00e6lder\u00a0Travel Credits\u00a0i hele 12 m\u00e5neder fra aktiveringsdatoen. Ordningen henvender sig is\u00e6r til virksomheder med h\u00f8j rejseaktivitet, men hvor behovet kan variere hen over [&hellip;]<\/p>\n","protected":false},"author":2,"featured_media":9652,"parent":0,"menu_order":0,"comment_status":"closed","ping_status":"closed","template":"elementor_theme","meta":{"_acf_changed":false,"_seopress_robots_primary_cat":"","_seopress_titles_title":"","_seopress_titles_desc":"","_seopress_robots_index":"","footnotes":""},"region":[52,54],"class_list":["post-3158","page","type-page","status-publish","has-post-thumbnail","hentry","region-da","region-no"],"acf":[],"_links":{"self":[{"href":"https:\/\/dat.dk\/it\/wp-json\/wp\/v2\/pages\/3158","targetHints":{"allow":["GET"]}}],"collection":[{"href":"https:\/\/dat.dk\/it\/wp-json\/wp\/v2\/pages"}],"about":[{"href":"https:\/\/dat.dk\/it\/wp-json\/wp\/v2\/types\/page"}],"author":[{"embeddable":true,"href":"https:\/\/dat.dk\/it\/wp-json\/wp\/v2\/users\/2"}],"replies":[{"embeddable":true,"href":"https:\/\/dat.dk\/it\/wp-json\/wp\/v2\/comments?post=3158"}],"version-history":[{"count":3,"href":"https:\/\/dat.dk\/it\/wp-json\/wp\/v2\/pages\/3158\/revisions"}],"predecessor-version":[{"id":10315,"href":"https:\/\/dat.dk\/it\/wp-json\/wp\/v2\/pages\/3158\/revisions\/10315"}],"wp:featuredmedia":[{"embeddable":true,"href":"https:\/\/dat.dk\/it\/wp-json\/wp\/v2\/media\/9652"}],"wp:attachment":[{"href":"https:\/\/dat.dk\/it\/wp-json\/wp\/v2\/media?parent=3158"}],"wp:term":[{"taxonomy":"region","embeddable":true,"href":"https:\/\/dat.dk\/it\/wp-json\/wp\/v2\/region?post=3158"}],"curies":[{"name":"wp","href":"https:\/\/api.w.org\/{rel}","templated":true}]}}