{"id":8499,"date":"2026-04-07T12:18:08","date_gmt":"2026-04-07T10:18:08","guid":{"rendered":"https:\/\/dat.dk\/flash-sale\/"},"modified":"2026-02-24T22:38:12","modified_gmt":"2026-02-24T20:38:12","slug":"flash-sale","status":"publish","type":"page","link":"https:\/\/dat.dk\/en\/kampagner\/flash-sale\/","title":{"rendered":"Flash sale"},"content":{"rendered":"\t\t<div data-elementor-type=\"wp-page\" data-elementor-id=\"8499\" class=\"elementor elementor-8499 elementor-8483\">\n\t\t\t\t<div class=\"elementor-element elementor-element-60396d7 e-con-full e-flex e-con e-parent\" data-id=\"60396d7\" data-element_type=\"container\" data-e-type=\"container\" data-settings=\"{&quot;background_background&quot;:&quot;classic&quot;}\">\n\t\t<div class=\"elementor-element elementor-element-b341249 e-flex e-con-boxed e-con e-child\" data-id=\"b341249\" data-element_type=\"container\" data-e-type=\"container\">\n\t\t\t\t\t<div class=\"e-con-inner\">\n\t\t<div class=\"elementor-element elementor-element-1d4e531 e-con-full e-flex e-con e-child\" data-id=\"1d4e531\" data-element_type=\"container\" data-e-type=\"container\">\n\t\t\t\t<div class=\"elementor-element elementor-element-c2ea9b1 elementor-widget elementor-widget-heading\" data-id=\"c2ea9b1\" data-element_type=\"widget\" data-e-type=\"widget\" data-widget_type=\"heading.default\">\n\t\t\t\t<div class=\"elementor-widget-container\">\n\t\t\t\t\t<h1 class=\"elementor-heading-title elementor-size-default\">Flash sale<\/h1>\t\t\t\t<\/div>\n\t\t\t\t<\/div>\n\t\t\t\t<div class=\"elementor-element elementor-element-f185eb6 elementor-widget elementor-widget-text-editor\" data-id=\"f185eb6\" data-element_type=\"widget\" data-e-type=\"widget\" data-widget_type=\"text-editor.default\">\n\t\t\t\t<div class=\"elementor-widget-container\">\n\t\t\t\t\t\t\t\t\t<p data-start=\"120\" data-end=\"469\">Kampagnepreise f\u00fcr nur \u20ac99 \u2013 one way! Am ersten Dienstag eines jeden Monats stellen wir unsere <em data-start=\"220\" data-end=\"232\">Flash Sale<\/em>-Tickets f\u00fcr Reisen im darauffolgenden Monat zum Verkauf bereit. Das bedeutet: Wenn Sie im November g\u00fcnstig reisen m\u00f6chten, sollten Sie am ersten Dienstag im Oktober bereit sein \u2013 die Anzahl der Tickets pro Abflug ist n\u00e4mlich begrenzt.<\/p>\n<p><span data-contrast=\"auto\">Das Angebot gilt f\u00fcr ausgew\u00e4hlte Abfl\u00fcge in begrenzter Anzahl.<\/span><span data-ccp-props=\"{}\">\u00a0<\/span><\/p>\n<ul>\n<li data-leveltext=\"\uf0b7\" data-font=\"Symbol\" data-listid=\"1\" data-list-defn-props=\"{&quot;335552541&quot;:1,&quot;335559685&quot;:720,&quot;335559991&quot;:360,&quot;469769226&quot;:&quot;Symbol&quot;,&quot;469769242&quot;:[8226],&quot;469777803&quot;:&quot;left&quot;,&quot;469777804&quot;:&quot;\uf0b7&quot;,&quot;469777815&quot;:&quot;multilevel&quot;}\" aria-setsize=\"-1\" data-aria-posinset=\"1\" data-aria-level=\"1\"><span data-contrast=\"auto\">Bedingungen: 8 Kg Handgep\u00e4ck im Preis inklusive<\/span><span data-ccp-props=\"{}\">\u00a0<\/span><\/li>\n<\/ul>\n<ul>\n<li data-leveltext=\"\uf0b7\" data-font=\"Symbol\" data-listid=\"1\" data-list-defn-props=\"{&quot;335552541&quot;:1,&quot;335559685&quot;:720,&quot;335559991&quot;:360,&quot;469769226&quot;:&quot;Symbol&quot;,&quot;469769242&quot;:[8226],&quot;469777803&quot;:&quot;left&quot;,&quot;469777804&quot;:&quot;\uf0b7&quot;,&quot;469777815&quot;:&quot;multilevel&quot;}\" aria-setsize=\"-1\" data-aria-posinset=\"2\" data-aria-level=\"1\"><span data-contrast=\"auto\">Aufgabegep\u00e4ck kann gegen Aufpreis hinzugef\u00fcgt werden<\/span><span data-ccp-props=\"{}\">\u00a0<\/span><\/li>\n<\/ul>\n<ul>\n<li data-leveltext=\"\uf0b7\" data-font=\"Symbol\" data-listid=\"1\" data-list-defn-props=\"{&quot;335552541&quot;:1,&quot;335559685&quot;:720,&quot;335559991&quot;:360,&quot;469769226&quot;:&quot;Symbol&quot;,&quot;469769242&quot;:[8226],&quot;469777803&quot;:&quot;left&quot;,&quot;469777804&quot;:&quot;\uf0b7&quot;,&quot;469777815&quot;:&quot;multilevel&quot;}\" aria-setsize=\"-1\" data-aria-posinset=\"3\" data-aria-level=\"1\"><span data-contrast=\"auto\">Keine R\u00fcckerstattung &#8211; Keine Umbuchung oder Namens\u00e4nderung<\/span><span data-ccp-props=\"{}\">\u00a0<\/span><\/li>\n<\/ul>\n\t\t\t\t\t\t\t\t<\/div>\n\t\t\t\t<\/div>\n\t\t\t\t<\/div>\n\t\t<div class=\"elementor-element elementor-element-309d55e e-con-full elementor-hidden-tablet elementor-hidden-mobile e-flex e-con e-child\" data-id=\"309d55e\" data-element_type=\"container\" data-e-type=\"container\">\n\t\t<div class=\"elementor-element elementor-element-477ad12 e-con-full e-flex e-con e-child\" data-id=\"477ad12\" data-element_type=\"container\" data-e-type=\"container\">\n\t\t\t\t<div class=\"elementor-element elementor-element-52c95ff elementor-widget elementor-widget-image\" data-id=\"52c95ff\" data-element_type=\"widget\" data-e-type=\"widget\" data-widget_type=\"image.default\">\n\t\t\t\t<div class=\"elementor-widget-container\">\n\t\t\t\t\t\t\t\t\t\t\t\t\t\t\t<img alt=\"\" fetchpriority=\"high\" decoding=\"async\" width=\"565\" height=\"511\" src=\"https:\/\/dat.dk\/wp-content\/uploads\/2026\/04\/germany-square-skyhub-1.jpg\" class=\"attachment-large size-large wp-image-13894\" alt=\"\" srcset=\"https:\/\/dat.dk\/wp-content\/uploads\/2026\/04\/germany-square-skyhub-1.jpg 565w, https:\/\/dat.dk\/wp-content\/uploads\/2026\/04\/germany-square-skyhub-1-300x271.jpg 300w, https:\/\/dat.dk\/wp-content\/uploads\/2026\/04\/germany-square-skyhub-1-221x200.jpg 221w\" sizes=\"(max-width: 565px) 100vw, 565px\" \/>\t\t\t\t\t\t\t\t\t\t\t\t\t\t\t<\/div>\n\t\t\t\t<\/div>\n\t\t\t\t<\/div>\n\t\t<a class=\"elementor-element elementor-element-7f673a5 e-con-full e-flex e-con e-child\" data-id=\"7f673a5\" data-element_type=\"container\" data-e-type=\"container\" data-settings=\"{&quot;background_background&quot;:&quot;classic&quot;}\" href=\"https:\/\/book.dat.dk\/direct-flight-search?language=en\">\n\t\t\t\t<div class=\"elementor-element elementor-element-d1d6612 elementor-widget elementor-widget-heading\" data-id=\"d1d6612\" data-element_type=\"widget\" data-e-type=\"widget\" data-widget_type=\"heading.default\">\n\t\t\t\t<div class=\"elementor-widget-container\">\n\t\t\t\t\t<h2 class=\"elementor-heading-title elementor-size-default\">Jetzt buchen<br>\n \u20ac99\none way<\/h2>\t\t\t\t<\/div>\n\t\t\t\t<\/div>\n\t\t\t\t<\/a>\n\t\t\t\t<\/div>\n\t\t\t\t\t<\/div>\n\t\t\t\t<\/div>\n\t\t\t\t<\/div>\n\t\t\t\t<\/div>\n\t\t","protected":false},"excerpt":{"rendered":"<p>Flash sale Kampagnepreise f\u00fcr nur \u20ac99 \u2013 one way! Am ersten Dienstag eines jeden Monats stellen wir unsere Flash Sale-Tickets f\u00fcr Reisen im darauffolgenden Monat zum Verkauf bereit. Das bedeutet: Wenn Sie im November g\u00fcnstig reisen m\u00f6chten, sollten Sie am ersten Dienstag im Oktober bereit sein \u2013 die Anzahl der Tickets pro Abflug ist n\u00e4mlich [&hellip;]<\/p>\n","protected":false},"author":2,"featured_media":13894,"parent":1204,"menu_order":0,"comment_status":"closed","ping_status":"closed","template":"","meta":{"_acf_changed":false,"_seopress_robots_primary_cat":"","_seopress_titles_title":"DAT Flash Sale - g\u00fcnstige Reisen jeden Monat","_seopress_titles_desc":"Am ersten Dienstag jedes Monats bieten wir eine begrenzte Anzahl g\u00fcnstiger Tickets f\u00fcr Reisen im folgenden Monat an. Lesen Sie hier mehr.","_seopress_robots_index":"","footnotes":""},"region":[26],"class_list":["post-8499","page","type-page","status-publish","has-post-thumbnail","hentry","region-de"],"acf":[],"_links":{"self":[{"href":"https:\/\/dat.dk\/en\/wp-json\/wp\/v2\/pages\/8499","targetHints":{"allow":["GET"]}}],"collection":[{"href":"https:\/\/dat.dk\/en\/wp-json\/wp\/v2\/pages"}],"about":[{"href":"https:\/\/dat.dk\/en\/wp-json\/wp\/v2\/types\/page"}],"author":[{"embeddable":true,"href":"https:\/\/dat.dk\/en\/wp-json\/wp\/v2\/users\/2"}],"replies":[{"embeddable":true,"href":"https:\/\/dat.dk\/en\/wp-json\/wp\/v2\/comments?post=8499"}],"version-history":[{"count":6,"href":"https:\/\/dat.dk\/en\/wp-json\/wp\/v2\/pages\/8499\/revisions"}],"predecessor-version":[{"id":12525,"href":"https:\/\/dat.dk\/en\/wp-json\/wp\/v2\/pages\/8499\/revisions\/12525"}],"up":[{"embeddable":true,"href":"https:\/\/dat.dk\/en\/wp-json\/wp\/v2\/pages\/1204"}],"wp:featuredmedia":[{"embeddable":true,"href":"https:\/\/dat.dk\/en\/wp-json\/wp\/v2\/media\/13894"}],"wp:attachment":[{"href":"https:\/\/dat.dk\/en\/wp-json\/wp\/v2\/media?parent=8499"}],"wp:term":[{"taxonomy":"region","embeddable":true,"href":"https:\/\/dat.dk\/en\/wp-json\/wp\/v2\/region?post=8499"}],"curies":[{"name":"wp","href":"https:\/\/api.w.org\/{rel}","templated":true}]}}