{"id":6622,"date":"2024-06-07T14:25:38","date_gmt":"2024-06-07T12:25:38","guid":{"rendered":"https:\/\/dat.dk\/foerst-til-moella-campaign-in-norway\/"},"modified":"2026-02-24T22:38:53","modified_gmt":"2026-02-24T20:38:53","slug":"foerst-til-moella-campaign-in-norway","status":"publish","type":"page","link":"https:\/\/dat.dk\/en\/kampagner\/foerst-til-moella-campaign-in-norway\/","title":{"rendered":"&#8220;F\u00f8rst til M\u00f8lla&#8221; campaign in Norway"},"content":{"rendered":"\t\t<div data-elementor-type=\"wp-page\" data-elementor-id=\"6622\" class=\"elementor elementor-6622\">\n\t\t\t\t<div class=\"elementor-element elementor-element-60396d7 e-con-full e-flex e-con e-parent\" data-id=\"60396d7\" data-element_type=\"container\" data-e-type=\"container\" data-settings=\"{&quot;background_background&quot;:&quot;classic&quot;}\">\n\t\t<div class=\"elementor-element elementor-element-b341249 e-flex e-con-boxed e-con e-child\" data-id=\"b341249\" data-element_type=\"container\" data-e-type=\"container\">\n\t\t\t\t\t<div class=\"e-con-inner\">\n\t\t<div class=\"elementor-element elementor-element-1d4e531 e-con-full e-flex e-con e-child\" data-id=\"1d4e531\" data-element_type=\"container\" data-e-type=\"container\">\n\t\t\t\t<div class=\"elementor-element elementor-element-c2ea9b1 elementor-widget elementor-widget-heading\" data-id=\"c2ea9b1\" data-element_type=\"widget\" data-e-type=\"widget\" data-widget_type=\"heading.default\">\n\t\t\t\t<div class=\"elementor-widget-container\">\n\t\t\t\t\t<h1 class=\"elementor-heading-title elementor-size-default\">Fly cheap with our \u201dF\u00f8rst til M\u00f8lla\" campaign<\/h1>\t\t\t\t<\/div>\n\t\t\t\t<\/div>\n\t\t\t\t<div class=\"elementor-element elementor-element-f185eb6 elementor-widget elementor-widget-text-editor\" data-id=\"f185eb6\" data-element_type=\"widget\" data-e-type=\"widget\" data-widget_type=\"text-editor.default\">\n\t\t\t\t<div class=\"elementor-widget-container\">\n\t\t\t\t\t\t\t\t\t<p id=\"tw-target-text\" class=\"tw-data-text tw-text-large tw-ta\" dir=\"ltr\" data-placeholder=\"Translation\"><span class=\"Y2IQFc\">In addition to our usual affordable prices, we offer a large number of &#8220;F\u00f8rst til M\u00f8lla&#8221; tickets on selected routes: On the first Tuesday of every month, we sell one-way tickets for 555 NOK one way for travel the following month.<\/span><\/p><p class=\"tw-data-text tw-text-large tw-ta\" dir=\"ltr\" data-placeholder=\"Translation\"><span class=\"Y2IQFc\"><strong> Here&#8217;s an example:<\/strong> Want to fly from Stord to Oslo in July? Then you can buy the &#8220;F\u00f8rst til m\u00f8lla&#8221; ticket for 555 NOK on the first Tuesday in June. <\/span><\/p><p class=\"tw-data-text tw-text-large tw-ta\" dir=\"ltr\" data-placeholder=\"Translation\"><span class=\"Y2IQFc\">The ticket is displayed in the booking system under &#8220;Kampagne&#8221;. Tickets are loaded into the system after 12 noon on Tuesdays and there is a limited number of tickets per departure. <\/span><\/p><h4>Conditions:<\/h4><ul><li>8 kg hand luggage included No rebooking<\/li><li>There are additional fees for checked baggage<\/li><li>In case of cancellation, taxes and fees will be refunded (excluding airport taxes)<\/li><\/ul>\t\t\t\t\t\t\t\t<\/div>\n\t\t\t\t<\/div>\n\t\t\t\t<\/div>\n\t\t<div class=\"elementor-element elementor-element-309d55e e-con-full elementor-hidden-tablet elementor-hidden-mobile e-flex e-con e-child\" data-id=\"309d55e\" data-element_type=\"container\" data-e-type=\"container\">\n\t\t\t\t<div class=\"elementor-element elementor-element-7b55ed1 elementor-widget elementor-widget-raven-image\" data-id=\"7b55ed1\" data-element_type=\"widget\" data-e-type=\"widget\" data-widget_type=\"raven-image.default\">\n\t\t\t\t<div class=\"elementor-widget-container\">\n\t\t\t\t\t\t\t<div class=\"raven-image\">\n\t\t\n\t\t\n\t\t<img alt=\"\" fetchpriority=\"high\" decoding=\"async\" width=\"565\" height=\"511\" src=\"https:\/\/dat.dk\/wp-content\/uploads\/2025\/12\/no_slider.png\" class=\"attachment-full size-full wp-image-11487\" alt=\"\" srcset=\"https:\/\/dat.dk\/wp-content\/uploads\/2025\/12\/no_slider.png 565w, https:\/\/dat.dk\/wp-content\/uploads\/2025\/12\/no_slider-300x271.png 300w, https:\/\/dat.dk\/wp-content\/uploads\/2025\/12\/no_slider-221x200.png 221w\" sizes=\"(max-width: 565px) 100vw, 565px\" \/>\t\t<\/div>\n\t\t\t\t\t\t<\/div>\n\t\t\t\t<\/div>\n\t\t<a class=\"elementor-element elementor-element-8433244 e-con-full e-flex e-con e-child\" data-id=\"8433244\" data-element_type=\"container\" data-e-type=\"container\" data-settings=\"{&quot;background_background&quot;:&quot;classic&quot;}\" href=\"https:\/\/book.dat.dk\/direct-flight-search?language=en\">\n\t\t\t\t<div class=\"elementor-element elementor-element-d6fec1b elementor-widget elementor-widget-heading\" data-id=\"d6fec1b\" data-element_type=\"widget\" data-e-type=\"widget\" data-widget_type=\"heading.default\">\n\t\t\t\t<div class=\"elementor-widget-container\">\n\t\t\t\t\t<h5 class=\"elementor-heading-title elementor-size-default\">Book from<\/h5>\t\t\t\t<\/div>\n\t\t\t\t<\/div>\n\t\t\t\t<div class=\"elementor-element elementor-element-8b1db7b elementor-widget elementor-widget-heading\" data-id=\"8b1db7b\" data-element_type=\"widget\" data-e-type=\"widget\" data-widget_type=\"heading.default\">\n\t\t\t\t<div class=\"elementor-widget-container\">\n\t\t\t\t\t<h1 class=\"elementor-heading-title elementor-size-default\">555,- NOK<\/h1>\t\t\t\t<\/div>\n\t\t\t\t<\/div>\n\t\t\t\t<div class=\"elementor-element elementor-element-f44f4ae elementor-widget elementor-widget-heading\" data-id=\"f44f4ae\" data-element_type=\"widget\" data-e-type=\"widget\" data-widget_type=\"heading.default\">\n\t\t\t\t<div class=\"elementor-widget-container\">\n\t\t\t\t\t<h5 class=\"elementor-heading-title elementor-size-default\">one way<\/h5>\t\t\t\t<\/div>\n\t\t\t\t<\/div>\n\t\t\t\t<\/a>\n\t\t\t\t<\/div>\n\t\t\t\t\t<\/div>\n\t\t\t\t<\/div>\n\t\t<div class=\"elementor-element elementor-element-8a902a0 e-flex e-con-boxed e-con e-child\" data-id=\"8a902a0\" data-element_type=\"container\" data-e-type=\"container\">\n\t\t\t\t\t<div class=\"e-con-inner\">\n\t\t<div class=\"elementor-element elementor-element-b4bbaea e-flex e-con-boxed e-con e-child\" data-id=\"b4bbaea\" data-element_type=\"container\" data-e-type=\"container\" data-settings=\"{&quot;background_background&quot;:&quot;classic&quot;}\">\n\t\t\t\t\t<div class=\"e-con-inner\">\n\t\t\t\t<div class=\"elementor-element elementor-element-50230a1 elementor-widget elementor-widget-heading\" data-id=\"50230a1\" data-element_type=\"widget\" data-e-type=\"widget\" data-widget_type=\"heading.default\">\n\t\t\t\t<div class=\"elementor-widget-container\">\n\t\t\t\t\t<h2 class=\"elementor-heading-title elementor-size-default\">Rules:<\/h2>\t\t\t\t<\/div>\n\t\t\t\t<\/div>\n\t\t\t\t<div class=\"elementor-element elementor-element-2c4c0c7 elementor-widget elementor-widget-text-editor\" data-id=\"2c4c0c7\" data-element_type=\"widget\" data-e-type=\"widget\" data-widget_type=\"text-editor.default\">\n\t\t\t\t<div class=\"elementor-widget-container\">\n\t\t\t\t\t\t\t\t\t<ul>\n<li><span class=\"Y2IQFc\">Changes are not allowed (cannot be rebooked and name changes are not possible)<\/span><\/li>\n<li><span class=\"Y2IQFc\">Checked luggage is not included in the price<\/span><\/li>\n<li><span class=\"Y2IQFc\">Cancellation time of 24 hours (there must be more than 24 hours until departure)<\/span><\/li>\n<li><span class=\"Y2IQFc\">Taxes and fees are refunded (after the cooling-off period)<\/span><\/li>\n<li><span class=\"Y2IQFc\">8 kg of hand luggage is included in the ticket price.<\/span> <\/li>\n<\/ul>\n<p>For more information, please contact DAT customer service on tel: +45 76 92 30 40 or <a href=\"mailto:kundeservice@dat.dk\">kundeservice@dat.dk<\/a>. <\/p>\n\t\t\t\t\t\t\t\t<\/div>\n\t\t\t\t<\/div>\n\t\t\t\t\t<\/div>\n\t\t\t\t<\/div>\n\t\t\t\t\t<\/div>\n\t\t\t\t<\/div>\n\t\t\t\t<\/div>\n\t\t<div class=\"elementor-element elementor-element-2b6fc0a e-flex e-con-boxed e-con e-child\" data-id=\"2b6fc0a\" data-element_type=\"container\" data-e-type=\"container\">\n\t\t\t\t\t<div class=\"e-con-inner\">\n\t\t\t\t<div class=\"elementor-element elementor-element-4222844 elementor-widget elementor-widget-heading\" data-id=\"4222844\" data-element_type=\"widget\" data-e-type=\"widget\" data-widget_type=\"heading.default\">\n\t\t\t\t<div class=\"elementor-widget-container\">\n\t\t\t\t\t<h2 class=\"elementor-heading-title elementor-size-default\">\"F\u00f8rst til M\u00f8lla\" tickets are available in Norway and Denmark:<\/h2>\t\t\t\t<\/div>\n\t\t\t\t<\/div>\n\t\t<div class=\"elementor-element elementor-element-9d7ba1e e-flex e-con-boxed e-con e-child\" data-id=\"9d7ba1e\" data-element_type=\"container\" data-e-type=\"container\">\n\t\t\t\t\t<div class=\"e-con-inner\">\n\t\t<a class=\"elementor-element elementor-element-d1a2cd8 e-con-full e-flex e-con e-child\" data-id=\"d1a2cd8\" data-element_type=\"container\" data-e-type=\"container\" data-settings=\"{&quot;background_background&quot;:&quot;classic&quot;}\" href=\"https:\/\/dat.dk\/en\/foerst-til-moella-campaign-in-norway\/\">\n\t\t\t\t<div class=\"elementor-element elementor-element-72574a4 elementor-widget elementor-widget-raven-image\" data-id=\"72574a4\" data-element_type=\"widget\" data-e-type=\"widget\" data-widget_type=\"raven-image.default\">\n\t\t\t\t<div class=\"elementor-widget-container\">\n\t\t\t\t\t\t\t<div class=\"raven-image\">\n\t\t\n\t\t\n\t\t<img alt=\"\" decoding=\"async\" width=\"64\" height=\"48\" src=\"https:\/\/dat.dk\/wp-content\/uploads\/2024\/06\/no.svg\" class=\"attachment-Flag icon size-Flag icon wp-image-4249\" alt=\"\" \/>\t\t<\/div>\n\t\t\t\t\t\t<\/div>\n\t\t\t\t<\/div>\n\t\t\t\t<div class=\"elementor-element elementor-element-d40edce elementor-widget elementor-widget-heading\" data-id=\"d40edce\" data-element_type=\"widget\" data-e-type=\"widget\" data-widget_type=\"heading.default\">\n\t\t\t\t<div class=\"elementor-widget-container\">\n\t\t\t\t\t<h4 class=\"elementor-heading-title elementor-size-default\">Norway<\/h4>\t\t\t\t<\/div>\n\t\t\t\t<\/div>\n\t\t\t\t<div class=\"elementor-element elementor-element-97be506 elementor-widget__width-inherit elementor-widget elementor-widget-text-editor\" data-id=\"97be506\" data-element_type=\"widget\" data-e-type=\"widget\" data-widget_type=\"text-editor.default\">\n\t\t\t\t<div class=\"elementor-widget-container\">\n\t\t\t\t\t\t\t\t\t<p>F\u00f8rst til M\u00f8lla<\/p>\n\t\t\t\t\t\t\t\t<\/div>\n\t\t\t\t<\/div>\n\t\t\t\t<\/a>\n\t\t<a class=\"elementor-element elementor-element-13ba179 e-con-full e-flex e-con e-child\" data-id=\"13ba179\" data-element_type=\"container\" data-e-type=\"container\" data-settings=\"{&quot;background_background&quot;:&quot;classic&quot;}\" href=\"https:\/\/dat.dk\/en\/kampagner\/first-come-first-served-campaign\/\">\n\t\t\t\t<div class=\"elementor-element elementor-element-ce523a8 elementor-widget elementor-widget-raven-image\" data-id=\"ce523a8\" data-element_type=\"widget\" data-e-type=\"widget\" data-widget_type=\"raven-image.default\">\n\t\t\t\t<div class=\"elementor-widget-container\">\n\t\t\t\t\t\t\t<div class=\"raven-image\">\n\t\t\n\t\t\n\t\t<img alt=\"\" decoding=\"async\" width=\"64\" height=\"48\" src=\"https:\/\/dat.dk\/wp-content\/uploads\/2024\/06\/dk.svg\" class=\"attachment-Flag icon size-Flag icon wp-image-4239\" alt=\"\" \/>\t\t<\/div>\n\t\t\t\t\t\t<\/div>\n\t\t\t\t<\/div>\n\t\t\t\t<div class=\"elementor-element elementor-element-6269257 elementor-widget elementor-widget-heading\" data-id=\"6269257\" data-element_type=\"widget\" data-e-type=\"widget\" data-widget_type=\"heading.default\">\n\t\t\t\t<div class=\"elementor-widget-container\">\n\t\t\t\t\t<h4 class=\"elementor-heading-title elementor-size-default\">Denmark<\/h4>\t\t\t\t<\/div>\n\t\t\t\t<\/div>\n\t\t\t\t<div class=\"elementor-element elementor-element-ff5d7ea elementor-widget__width-inherit elementor-widget elementor-widget-text-editor\" data-id=\"ff5d7ea\" data-element_type=\"widget\" data-e-type=\"widget\" data-widget_type=\"text-editor.default\">\n\t\t\t\t<div class=\"elementor-widget-container\">\n\t\t\t\t\t\t\t\t\t<p>F\u00f8rst til M\u00f8lle<\/p>\n\t\t\t\t\t\t\t\t<\/div>\n\t\t\t\t<\/div>\n\t\t\t\t<\/a>\n\t\t\t\t\t<\/div>\n\t\t\t\t<\/div>\n\t\t\t\t\t<\/div>\n\t\t\t\t<\/div>\n\t\t\t\t<\/div>\n\t\t","protected":false},"excerpt":{"rendered":"<p>Fly cheap with our \u201dF\u00f8rst til M\u00f8lla&#8221; campaign In addition to our usual affordable prices, we offer a large number of &#8220;F\u00f8rst til M\u00f8lla&#8221; tickets on selected routes: On the first Tuesday of every month, we sell one-way tickets for 555 NOK one way for travel the following month. Here&#8217;s an example: Want to fly [&hellip;]<\/p>\n","protected":false},"author":2,"featured_media":11487,"parent":1204,"menu_order":0,"comment_status":"closed","ping_status":"closed","template":"elementor_theme","meta":{"_acf_changed":false,"_seopress_robots_primary_cat":"","_seopress_titles_title":"Monthly special fares in Norway","_seopress_titles_desc":"On the first Tuesday of every month, we offer a limited number of cheap tickets for travel in the following month. Valid on all Norwegian routes!","_seopress_robots_index":"","footnotes":""},"region":[97,27],"class_list":["post-6622","page","type-page","status-publish","has-post-thumbnail","hentry","region-en","region-no"],"acf":[],"_links":{"self":[{"href":"https:\/\/dat.dk\/en\/wp-json\/wp\/v2\/pages\/6622","targetHints":{"allow":["GET"]}}],"collection":[{"href":"https:\/\/dat.dk\/en\/wp-json\/wp\/v2\/pages"}],"about":[{"href":"https:\/\/dat.dk\/en\/wp-json\/wp\/v2\/types\/page"}],"author":[{"embeddable":true,"href":"https:\/\/dat.dk\/en\/wp-json\/wp\/v2\/users\/2"}],"replies":[{"embeddable":true,"href":"https:\/\/dat.dk\/en\/wp-json\/wp\/v2\/comments?post=6622"}],"version-history":[{"count":6,"href":"https:\/\/dat.dk\/en\/wp-json\/wp\/v2\/pages\/6622\/revisions"}],"predecessor-version":[{"id":12531,"href":"https:\/\/dat.dk\/en\/wp-json\/wp\/v2\/pages\/6622\/revisions\/12531"}],"up":[{"embeddable":true,"href":"https:\/\/dat.dk\/en\/wp-json\/wp\/v2\/pages\/1204"}],"wp:featuredmedia":[{"embeddable":true,"href":"https:\/\/dat.dk\/en\/wp-json\/wp\/v2\/media\/11487"}],"wp:attachment":[{"href":"https:\/\/dat.dk\/en\/wp-json\/wp\/v2\/media?parent=6622"}],"wp:term":[{"taxonomy":"region","embeddable":true,"href":"https:\/\/dat.dk\/en\/wp-json\/wp\/v2\/region?post=6622"}],"curies":[{"name":"wp","href":"https:\/\/api.w.org\/{rel}","templated":true}]}}