{"id":6433,"date":"2026-04-07T11:45:00","date_gmt":"2026-04-07T09:45:00","guid":{"rendered":"https:\/\/dat.dk\/first-come-first-served-campaign\/"},"modified":"2026-02-24T22:38:37","modified_gmt":"2026-02-24T20:38:37","slug":"first-come-first-served-campaign","status":"publish","type":"page","link":"https:\/\/dat.dk\/en\/kampagner\/first-come-first-served-campaign\/","title":{"rendered":"&#8220;F\u00f8rst til M\u00f8lle&#8221; campaign in Denmark"},"content":{"rendered":"\t\t<div data-elementor-type=\"wp-page\" data-elementor-id=\"6433\" class=\"elementor elementor-6433 elementor-3307\">\n\t\t\t\t<div class=\"elementor-element elementor-element-60396d7 e-con-full e-flex e-con e-parent\" data-id=\"60396d7\" data-element_type=\"container\" data-e-type=\"container\" data-settings=\"{&quot;background_background&quot;:&quot;classic&quot;}\">\n\t\t<div class=\"elementor-element elementor-element-b341249 e-flex e-con-boxed e-con e-child\" data-id=\"b341249\" data-element_type=\"container\" data-e-type=\"container\">\n\t\t\t\t\t<div class=\"e-con-inner\">\n\t\t<div class=\"elementor-element elementor-element-1d4e531 e-con-full e-flex e-con e-child\" data-id=\"1d4e531\" data-element_type=\"container\" data-e-type=\"container\">\n\t\t\t\t<div class=\"elementor-element elementor-element-c2ea9b1 elementor-widget elementor-widget-heading\" data-id=\"c2ea9b1\" data-element_type=\"widget\" data-e-type=\"widget\" data-widget_type=\"heading.default\">\n\t\t\t\t<div class=\"elementor-widget-container\">\n\t\t\t\t\t<h1 class=\"elementor-heading-title elementor-size-default\">Fly cheap with our \"F\u00f8rst til M\u00f8lle\" campaign<\/h1>\t\t\t\t<\/div>\n\t\t\t\t<\/div>\n\t\t\t\t<div class=\"elementor-element elementor-element-f185eb6 elementor-widget elementor-widget-text-editor\" data-id=\"f185eb6\" data-element_type=\"widget\" data-e-type=\"widget\" data-widget_type=\"text-editor.default\">\n\t\t\t\t<div class=\"elementor-widget-container\">\n\t\t\t\t\t\t\t\t\t<p>In addition to our regular cheap tickets, we also offer our regular &#8220;F\u00f8rst til M\u00f8lle\u201d promotion on selected direct routes and departures.<\/p>\n<p>On the first Tuesday of every month, we put \u201cF\u00f8rst til M\u00f8lle\u201d tickets on sale. The price is 444,- DKK one way with departure the following month. <\/p>\n<p><b>For example:<\/b> if you buy &#8220;F\u00f8rst til M\u00f8lle&#8221; tickets in December, the promotion applies to all direct routes and departures in January.<\/p>\n<p>\u201cF\u00f8rst til M\u00f8lle\u201d tickets are shown in the booking system under \u2018Kampagne\u2019. Tickets go on sale in our system at 12 noon. There is a limited number of tickets and the campaign is valid while stocks last.  <\/p>\n<h4>Order conditions:<\/h4>\n<ul>\n<li>No rebooking<\/li>\n<li>8 kg carry-on baggage included<\/li>\n<li>There is a surcharge for checked baggage<\/li>\n<li>In case of cancellation, taxes and fees will be refunded<\/li>\n<\/ul>\n\t\t\t\t\t\t\t\t<\/div>\n\t\t\t\t<\/div>\n\t\t\t\t<\/div>\n\t\t<div class=\"elementor-element elementor-element-309d55e e-con-full e-flex e-con e-child\" data-id=\"309d55e\" data-element_type=\"container\" data-e-type=\"container\">\n\t\t\t\t<div class=\"elementor-element elementor-element-7b55ed1 elementor-widget elementor-widget-raven-image\" data-id=\"7b55ed1\" data-element_type=\"widget\" data-e-type=\"widget\" data-widget_type=\"raven-image.default\">\n\t\t\t\t<div class=\"elementor-widget-container\">\n\t\t\t\t\t\t\t<div class=\"raven-image\">\n\t\t\n\t\t\n\t\t<img alt=\"\" fetchpriority=\"high\" decoding=\"async\" width=\"564\" height=\"510\" src=\"https:\/\/dat.dk\/wp-content\/uploads\/2026\/04\/denmark-square-copy-7.png\" class=\"attachment-full size-full wp-image-13883\" alt=\"\" srcset=\"https:\/\/dat.dk\/wp-content\/uploads\/2026\/04\/denmark-square-copy-7.png 564w, https:\/\/dat.dk\/wp-content\/uploads\/2026\/04\/denmark-square-copy-7-300x271.png 300w, https:\/\/dat.dk\/wp-content\/uploads\/2026\/04\/denmark-square-copy-7-221x200.png 221w\" sizes=\"(max-width: 564px) 100vw, 564px\" \/>\t\t<\/div>\n\t\t\t\t\t\t<\/div>\n\t\t\t\t<\/div>\n\t\t<a class=\"elementor-element elementor-element-8433244 e-con-full e-flex e-con e-child\" data-id=\"8433244\" data-element_type=\"container\" data-e-type=\"container\" data-settings=\"{&quot;background_background&quot;:&quot;classic&quot;}\" href=\"https:\/\/book.dat.dk\/direct-flight-search?language=en\">\n\t\t\t\t<div class=\"elementor-element elementor-element-d6fec1b elementor-widget elementor-widget-heading\" data-id=\"d6fec1b\" data-element_type=\"widget\" data-e-type=\"widget\" data-widget_type=\"heading.default\">\n\t\t\t\t<div class=\"elementor-widget-container\">\n\t\t\t\t\t<h5 class=\"elementor-heading-title elementor-size-default\">Book now<\/h5>\t\t\t\t<\/div>\n\t\t\t\t<\/div>\n\t\t\t\t<div class=\"elementor-element elementor-element-8b1db7b elementor-widget elementor-widget-heading\" data-id=\"8b1db7b\" data-element_type=\"widget\" data-e-type=\"widget\" data-widget_type=\"heading.default\">\n\t\t\t\t<div class=\"elementor-widget-container\">\n\t\t\t\t\t<h1 class=\"elementor-heading-title elementor-size-default\">444,- DKK<\/h1>\t\t\t\t<\/div>\n\t\t\t\t<\/div>\n\t\t\t\t<div class=\"elementor-element elementor-element-f44f4ae elementor-widget elementor-widget-heading\" data-id=\"f44f4ae\" data-element_type=\"widget\" data-e-type=\"widget\" data-widget_type=\"heading.default\">\n\t\t\t\t<div class=\"elementor-widget-container\">\n\t\t\t\t\t<h5 class=\"elementor-heading-title elementor-size-default\">one way<\/h5>\t\t\t\t<\/div>\n\t\t\t\t<\/div>\n\t\t\t\t<\/a>\n\t\t\t\t<\/div>\n\t\t\t\t\t<\/div>\n\t\t\t\t<\/div>\n\t\t<div class=\"elementor-element elementor-element-8a902a0 e-flex e-con-boxed e-con e-child\" data-id=\"8a902a0\" data-element_type=\"container\" data-e-type=\"container\">\n\t\t\t\t\t<div class=\"e-con-inner\">\n\t\t<div class=\"elementor-element elementor-element-b4bbaea e-flex e-con-boxed e-con e-child\" data-id=\"b4bbaea\" data-element_type=\"container\" data-e-type=\"container\" data-settings=\"{&quot;background_background&quot;:&quot;classic&quot;}\">\n\t\t\t\t\t<div class=\"e-con-inner\">\n\t\t\t\t<div class=\"elementor-element elementor-element-50230a1 elementor-widget elementor-widget-heading\" data-id=\"50230a1\" data-element_type=\"widget\" data-e-type=\"widget\" data-widget_type=\"heading.default\">\n\t\t\t\t<div class=\"elementor-widget-container\">\n\t\t\t\t\t<h2 class=\"elementor-heading-title elementor-size-default\">Rules:<\/h2>\t\t\t\t<\/div>\n\t\t\t\t<\/div>\n\t\t\t\t<div class=\"elementor-element elementor-element-2c4c0c7 elementor-widget elementor-widget-text-editor\" data-id=\"2c4c0c7\" data-element_type=\"widget\" data-e-type=\"widget\" data-widget_type=\"text-editor.default\">\n\t\t\t\t<div class=\"elementor-widget-container\">\n\t\t\t\t\t\t\t\t\t<ul>\n<li>8 kg hand baggage included in the ticket price<\/li>\n<li>Checked baggage is not included in the ticket price (possible to purchase checked baggage 23 kg)<\/li>\n<li>24-hour cancellation notice (minimum 24 hours before departure)<\/li>\n<li>Taxes and fees are refundable<\/li>\n<li>Rebooking and name changes not allowed <\/li>\n<\/ul>\n<p>For more information, please contact DAT customer service on:<br \/>+45 76 92 30 40 or <a href=\"mailto:kundeservice@dat.dk\">kundeservice@dat.dk<\/a>. <\/p>\n\t\t\t\t\t\t\t\t<\/div>\n\t\t\t\t<\/div>\n\t\t\t\t\t<\/div>\n\t\t\t\t<\/div>\n\t\t\t\t\t<\/div>\n\t\t\t\t<\/div>\n\t\t\t\t<\/div>\n\t\t<div class=\"elementor-element elementor-element-9a756e7 e-flex e-con-boxed e-con e-child\" data-id=\"9a756e7\" data-element_type=\"container\" data-e-type=\"container\">\n\t\t\t\t\t<div class=\"e-con-inner\">\n\t\t\t\t<div class=\"elementor-element elementor-element-5025f4c elementor-widget elementor-widget-heading\" data-id=\"5025f4c\" data-element_type=\"widget\" data-e-type=\"widget\" data-widget_type=\"heading.default\">\n\t\t\t\t<div class=\"elementor-widget-container\">\n\t\t\t\t\t<h2 class=\"elementor-heading-title elementor-size-default\">First come, first served tickets are available in Denmark <span style=\"text-align: var(--text-align);background-color: var( --e-global-color-0b5edf9 )\">and<\/span> <span style=\"color: var( --e-global-color-text );text-align: var(--text-align);background-color: var( --e-global-color-0b5edf9 )\">Norway<\/span>:<span style=\"color: var( --e-global-color-text );text-align: var(--text-align);background-color: var( --e-global-color-0b5edf9 )\"><\/span><br><\/h2>\t\t\t\t<\/div>\n\t\t\t\t<\/div>\n\t\t<div class=\"elementor-element elementor-element-02dc679 e-flex e-con-boxed e-con e-child\" data-id=\"02dc679\" data-element_type=\"container\" data-e-type=\"container\">\n\t\t\t\t\t<div class=\"e-con-inner\">\n\t\t<a class=\"elementor-element elementor-element-0cb8fea e-con-full e-flex e-con e-child\" data-id=\"0cb8fea\" data-element_type=\"container\" data-e-type=\"container\" data-settings=\"{&quot;background_background&quot;:&quot;classic&quot;}\" href=\"https:\/\/dat.dk\/en\/kampagner\/first-come-first-served-campaign\/\">\n\t\t\t\t<div class=\"elementor-element elementor-element-886207e elementor-widget elementor-widget-raven-image\" data-id=\"886207e\" data-element_type=\"widget\" data-e-type=\"widget\" data-widget_type=\"raven-image.default\">\n\t\t\t\t<div class=\"elementor-widget-container\">\n\t\t\t\t\t\t\t<div class=\"raven-image\">\n\t\t\n\t\t\n\t\t<img alt=\"\" decoding=\"async\" width=\"1\" height=\"1\" src=\"https:\/\/dat.dk\/wp-content\/uploads\/2024\/03\/dk.svg\" class=\"attachment-Flag icon size-Flag icon wp-image-1109\" alt=\"\" \/>\t\t<\/div>\n\t\t\t\t\t\t<\/div>\n\t\t\t\t<\/div>\n\t\t\t\t<div class=\"elementor-element elementor-element-c3db028 elementor-widget elementor-widget-heading\" data-id=\"c3db028\" data-element_type=\"widget\" data-e-type=\"widget\" data-widget_type=\"heading.default\">\n\t\t\t\t<div class=\"elementor-widget-container\">\n\t\t\t\t\t<h4 class=\"elementor-heading-title elementor-size-default\">Denmark<\/h4>\t\t\t\t<\/div>\n\t\t\t\t<\/div>\n\t\t\t\t<div class=\"elementor-element elementor-element-7c3f018 elementor-widget__width-inherit elementor-widget elementor-widget-text-editor\" data-id=\"7c3f018\" data-element_type=\"widget\" data-e-type=\"widget\" data-widget_type=\"text-editor.default\">\n\t\t\t\t<div class=\"elementor-widget-container\">\n\t\t\t\t\t\t\t\t\t<p>F\u00f8rst til M\u00f8lle<\/p>\n\t\t\t\t\t\t\t\t<\/div>\n\t\t\t\t<\/div>\n\t\t\t\t<\/a>\n\t\t<a class=\"elementor-element elementor-element-de3c8ec e-con-full e-flex e-con e-child\" data-id=\"de3c8ec\" data-element_type=\"container\" data-e-type=\"container\" data-settings=\"{&quot;background_background&quot;:&quot;classic&quot;}\" href=\"https:\/\/dat.dk\/en\/foerst-til-moella-campaign-in-norway\/\">\n\t\t\t\t<div class=\"elementor-element elementor-element-6df62de elementor-widget elementor-widget-raven-image\" data-id=\"6df62de\" data-element_type=\"widget\" data-e-type=\"widget\" data-widget_type=\"raven-image.default\">\n\t\t\t\t<div class=\"elementor-widget-container\">\n\t\t\t\t\t\t\t<div class=\"raven-image\">\n\t\t\n\t\t\n\t\t<img alt=\"\" decoding=\"async\" width=\"1\" height=\"1\" src=\"https:\/\/dat.dk\/wp-content\/uploads\/2024\/03\/no.svg\" class=\"attachment-Flag icon size-Flag icon wp-image-1114\" alt=\"\" \/>\t\t<\/div>\n\t\t\t\t\t\t<\/div>\n\t\t\t\t<\/div>\n\t\t\t\t<div class=\"elementor-element elementor-element-29fb2f3 elementor-widget elementor-widget-heading\" data-id=\"29fb2f3\" data-element_type=\"widget\" data-e-type=\"widget\" data-widget_type=\"heading.default\">\n\t\t\t\t<div class=\"elementor-widget-container\">\n\t\t\t\t\t<h4 class=\"elementor-heading-title elementor-size-default\">Norway<\/h4>\t\t\t\t<\/div>\n\t\t\t\t<\/div>\n\t\t\t\t<div class=\"elementor-element elementor-element-cd49496 elementor-widget__width-inherit elementor-widget elementor-widget-text-editor\" data-id=\"cd49496\" data-element_type=\"widget\" data-e-type=\"widget\" data-widget_type=\"text-editor.default\">\n\t\t\t\t<div class=\"elementor-widget-container\">\n\t\t\t\t\t\t\t\t\t<p>F\u00f8rst til M\u00f8lla<\/p>\n\t\t\t\t\t\t\t\t<\/div>\n\t\t\t\t<\/div>\n\t\t\t\t<\/a>\n\t\t\t\t\t<\/div>\n\t\t\t\t<\/div>\n\t\t\t\t\t<\/div>\n\t\t\t\t<\/div>\n\t\t\t\t<\/div>\n\t\t","protected":false},"excerpt":{"rendered":"<p>Fly cheap with our &#8220;F\u00f8rst til M\u00f8lle&#8221; campaign In addition to our regular cheap tickets, we also offer our regular &#8220;F\u00f8rst til M\u00f8lle\u201d promotion on selected direct routes and departures. On the first Tuesday of every month, we put \u201cF\u00f8rst til M\u00f8lle\u201d tickets on sale. The price is 444,- DKK one way with departure the [&hellip;]<\/p>\n","protected":false},"author":2,"featured_media":13883,"parent":1204,"menu_order":0,"comment_status":"closed","ping_status":"closed","template":"","meta":{"_acf_changed":false,"_seopress_robots_primary_cat":"","_seopress_titles_title":"Monthly special fares in Denmark","_seopress_titles_desc":"On the first Tuesday of every month, we offer a limited number of cheap tickets for travel in the following month. Book now!","_seopress_robots_index":"","footnotes":""},"region":[25,26,97,28,27],"class_list":["post-6433","page","type-page","status-publish","has-post-thumbnail","hentry","region-da","region-de","region-en","region-it","region-no"],"acf":[],"_links":{"self":[{"href":"https:\/\/dat.dk\/en\/wp-json\/wp\/v2\/pages\/6433","targetHints":{"allow":["GET"]}}],"collection":[{"href":"https:\/\/dat.dk\/en\/wp-json\/wp\/v2\/pages"}],"about":[{"href":"https:\/\/dat.dk\/en\/wp-json\/wp\/v2\/types\/page"}],"author":[{"embeddable":true,"href":"https:\/\/dat.dk\/en\/wp-json\/wp\/v2\/users\/2"}],"replies":[{"embeddable":true,"href":"https:\/\/dat.dk\/en\/wp-json\/wp\/v2\/comments?post=6433"}],"version-history":[{"count":6,"href":"https:\/\/dat.dk\/en\/wp-json\/wp\/v2\/pages\/6433\/revisions"}],"predecessor-version":[{"id":12528,"href":"https:\/\/dat.dk\/en\/wp-json\/wp\/v2\/pages\/6433\/revisions\/12528"}],"up":[{"embeddable":true,"href":"https:\/\/dat.dk\/en\/wp-json\/wp\/v2\/pages\/1204"}],"wp:featuredmedia":[{"embeddable":true,"href":"https:\/\/dat.dk\/en\/wp-json\/wp\/v2\/media\/13883"}],"wp:attachment":[{"href":"https:\/\/dat.dk\/en\/wp-json\/wp\/v2\/media?parent=6433"}],"wp:term":[{"taxonomy":"region","embeddable":true,"href":"https:\/\/dat.dk\/en\/wp-json\/wp\/v2\/region?post=6433"}],"curies":[{"name":"wp","href":"https:\/\/api.w.org\/{rel}","templated":true}]}}