{"id":9917,"date":"2025-07-17T15:41:37","date_gmt":"2025-07-17T13:41:37","guid":{"rendered":"https:\/\/dat.dk\/interline-samarbejdspartnere\/"},"modified":"2026-03-03T15:19:59","modified_gmt":"2026-03-03T13:19:59","slug":"interline-abkommen","status":"publish","type":"page","link":"https:\/\/dat.dk\/de\/interline-abkommen\/","title":{"rendered":"Interline Abkommen \/ DAT Partner Airlines"},"content":{"rendered":"\t\t<div data-elementor-type=\"wp-page\" data-elementor-id=\"9917\" class=\"elementor elementor-9917 elementor-9507\">\n\t\t\t\t<div class=\"elementor-element elementor-element-69058e8 e-con-full e-flex e-con e-parent\" data-id=\"69058e8\" data-element_type=\"container\" data-e-type=\"container\" data-settings=\"{&quot;background_background&quot;:&quot;classic&quot;}\">\n\t\t<div class=\"elementor-element elementor-element-3f2934a e-flex e-con-boxed e-con e-child\" data-id=\"3f2934a\" data-element_type=\"container\" data-e-type=\"container\">\n\t\t\t\t\t<div class=\"e-con-inner\">\n\t\t<div class=\"elementor-element elementor-element-a17be5e e-con-full e-flex e-con e-child\" data-id=\"a17be5e\" data-element_type=\"container\" data-e-type=\"container\">\n\t\t\t\t<div class=\"elementor-element elementor-element-1084bd1 elementor-widget elementor-widget-heading\" data-id=\"1084bd1\" data-element_type=\"widget\" data-e-type=\"widget\" data-widget_type=\"heading.default\">\n\t\t\t\t<div class=\"elementor-widget-container\">\n\t\t\t\t\t<h1 class=\"elementor-heading-title elementor-size-default\">Interline Abkommen \/ DAT Partner Airlines<\/h1>\t\t\t\t<\/div>\n\t\t\t\t<\/div>\n\t\t<div class=\"elementor-element elementor-element-b353020 e-con-full elementor-hidden-desktop e-flex e-con e-child\" data-id=\"b353020\" data-element_type=\"container\" data-e-type=\"container\" data-settings=\"{&quot;background_background&quot;:&quot;classic&quot;}\">\n\t\t\t\t<\/div>\n\t\t\t\t<div class=\"elementor-element elementor-element-bbc6583 elementor-widget elementor-widget-text-editor\" data-id=\"bbc6583\" data-element_type=\"widget\" data-e-type=\"widget\" data-widget_type=\"text-editor.default\">\n\t\t\t\t<div class=\"elementor-widget-container\">\n\t\t\t\t\t\t\t\t\t<p><strong>Bei den \u201cGrossen\u201d buchen \u2013 mit uns fliegen<\/strong><\/p><p>DAT hat in Deutschland Interline-Abkommen mit Finnair, Emirates und Qatar Airways. Die Absprachen sichern unseren innerdeutschen Verbindungen von Saarbr\u00fccken ein gr\u00f6sseres internationales Netz an Verbindungen weltweit. Als DAT-Passagier, muss man lediglich das Ticket von \/ nach Saarbr\u00fccken und weiter in die Welt hinaus bei unseren Partner-Airlines buchen.\u00a0<\/p><p><strong>Beispiel<\/strong>: F\u00fcr eine Reise von Saarbr\u00fccken nach Helsinki bietet Finnair die komplette Verbindung \u00fcber Berlin oder Hamburg an. Finnair fliegt die Strecke von Deutschalnd nach Finnland und DAT fliegt innerdeutsch. Die durchgehende Reise k\u00f6nnen Sie unter <a href=\"https:\/\/www.flughafen-saarbruecken.de\/\">www.flughafen-saarbruecken.de<\/a> buchen.<\/p>\t\t\t\t\t\t\t\t<\/div>\n\t\t\t\t<\/div>\n\t\t\t\t<\/div>\n\t\t<div class=\"elementor-element elementor-element-f6b8f5f e-con-full elementor-hidden-tablet elementor-hidden-mobile e-flex e-con e-child\" data-id=\"f6b8f5f\" data-element_type=\"container\" data-e-type=\"container\" data-settings=\"{&quot;background_background&quot;:&quot;classic&quot;}\">\n\t\t\t\t<\/div>\n\t\t\t\t\t<\/div>\n\t\t\t\t<\/div>\n\t\t<div class=\"elementor-element elementor-element-c6c3db1 e-flex e-con-boxed e-con e-child\" data-id=\"c6c3db1\" data-element_type=\"container\" data-e-type=\"container\">\n\t\t\t\t\t<div class=\"e-con-inner\">\n\t\t<div class=\"elementor-element elementor-element-e98c0fb e-flex e-con-boxed e-con e-child\" data-id=\"e98c0fb\" data-element_type=\"container\" data-e-type=\"container\" data-settings=\"{&quot;background_background&quot;:&quot;classic&quot;}\">\n\t\t\t\t\t<div class=\"e-con-inner\">\n\t\t\t\t<div class=\"elementor-element elementor-element-ecb5258 elementor-widget elementor-widget-heading\" data-id=\"ecb5258\" data-element_type=\"widget\" data-e-type=\"widget\" data-widget_type=\"heading.default\">\n\t\t\t\t<div class=\"elementor-widget-container\">\n\t\t\t\t\t<h2 class=\"elementor-heading-title elementor-size-default\">Um den Vorteil des Durchgangstickets zu nutzen  unbedingt bei:<\/h2>\t\t\t\t<\/div>\n\t\t\t\t<\/div>\n\t\t<div class=\"elementor-element elementor-element-047741e e-con-full e-flex e-con e-child\" data-id=\"047741e\" data-element_type=\"container\" data-e-type=\"container\">\n\t\t<a class=\"elementor-element elementor-element-2f892f8 e-con-full e-flex e-con e-child\" data-id=\"2f892f8\" data-element_type=\"container\" data-e-type=\"container\" data-settings=\"{&quot;background_background&quot;:&quot;classic&quot;}\" href=\"https:\/\/www.flughafen-saarbruecken.de\/\">\n\t\t\t\t<div class=\"elementor-element elementor-element-501c50f elementor-widget elementor-widget-text-editor\" data-id=\"501c50f\" data-element_type=\"widget\" data-e-type=\"widget\" data-widget_type=\"text-editor.default\">\n\t\t\t\t<div class=\"elementor-widget-container\">\n\t\t\t\t\t\t\t\t\t<p>Flughafen Saarbr\u00fccken<\/p>\t\t\t\t\t\t\t\t<\/div>\n\t\t\t\t<\/div>\n\t\t\t\t<\/a>\n\t\t\t\t<\/div>\n\t\t\t\t<div class=\"elementor-element elementor-element-0752f8d elementor-widget elementor-widget-text-editor\" data-id=\"0752f8d\" data-element_type=\"widget\" data-e-type=\"widget\" data-widget_type=\"text-editor.default\">\n\t\t\t\t<div class=\"elementor-widget-container\">\n\t\t\t\t\t\t\t\t\t<div><b style=\"color: var( --e-global-color-text ); font-family: var( --e-global-typography-text-font-family ), Sans-serif; text-align: var(--text-align); background-color: var( --e-global-color-66edef0 );\">Das Ticket kann NICHT bei DAT gebucht werden.<\/b><\/div><p>Der Preis f\u00fcr das Interlineticket wird von der Partner-Airline festgesetzt &#8211; nicht von DAT<\/p>\t\t\t\t\t\t\t\t<\/div>\n\t\t\t\t<\/div>\n\t\t\t\t\t<\/div>\n\t\t\t\t<\/div>\n\t\t<div class=\"elementor-element elementor-element-26e8d1d e-flex e-con-boxed e-con e-child\" data-id=\"26e8d1d\" data-element_type=\"container\" data-e-type=\"container\">\n\t\t\t\t\t<div class=\"e-con-inner\">\n\t\t\t\t<div class=\"elementor-element elementor-element-be8ba53 elementor-widget__width-inherit elementor-widget elementor-widget-text-editor\" data-id=\"be8ba53\" data-element_type=\"widget\" data-e-type=\"widget\" data-widget_type=\"text-editor.default\">\n\t\t\t\t<div class=\"elementor-widget-container\">\n\t\t\t\t\t\t\t\t\t<h2>Was ist ein Interline-Abkommen?<\/h2><p>Ein Interline-Abkommen ist eine Absprache zwischen zwei Fluggesellschaften in welcher die Partner die Zusammenarbeit um Folgendes getroffen wurde:<\/p><ul><li>Durchgangstickets (ein Preis f\u00fcr die gesamte Strecke)<\/li><li>Gep\u00e4ck bis zum endg\u00fcltigen Flugziel eingescheckt<\/li><li>Hilfe bei Versp\u00e4tung und unfreivwilligen \u00dcbernachtung\u00a0<\/li><li>Begleitung von Kindern, die alleine reisen auf der gesamte Strecke<\/li><\/ul>\t\t\t\t\t\t\t\t<\/div>\n\t\t\t\t<\/div>\n\t\t\t\t<div class=\"elementor-element elementor-element-b187dc5 elementor-widget__width-inherit elementor-widget elementor-widget-text-editor\" data-id=\"b187dc5\" data-element_type=\"widget\" data-e-type=\"widget\" data-widget_type=\"text-editor.default\">\n\t\t\t\t<div class=\"elementor-widget-container\">\n\t\t\t\t\t\t\t\t\t<h2>Gep\u00e4ckabkommen<\/h2><p>Ausser den Interline-Abkommen haben wir auch Gep\u00e4ckabkommen mit folgenden Fluggesellschaften:<\/p><ul><li>SAS<\/li><li>Air Greenland<\/li><li>Alsie Express<\/li><li>Atlantic Airways<\/li><\/ul><p>Bei Reisen mit diesen Airlines, kann man das Gep\u00e4ck durchschecken bis zum endg\u00fcltigen Flugziel. Fliegt man z.B. von Saarbr\u00fccken nach Kopenhagen \u00fcber Hamburg oder Berlin mit SAS, dann kann das Gep\u00e4ck in Saarbucken aufgegeben werden und wird erst in Kopenhagen ausgeliefert.\u00a0 Am Umsteigeflughafen kann man dann direkt zum Gate des n\u00e4chsten Fluges gehen.<\/p><h4>Wichtig:<\/h4><p>Hier gibt es also nicht die Vorteile des Interline-Abkommens und man sollte deshalb:<\/p><ol><li>Zwei getrennte Tickets buchen.<\/li><li>Check-in muss meistenfalls getrennt durchgef\u00fchrt werden (funktioniert aber online).<\/li><\/ol><p>Auf diese Weise braucht man unterwegs sich nicht um das Gep\u00e4ck\u00a0 zu k\u00fcmmern!<\/p>\t\t\t\t\t\t\t\t<\/div>\n\t\t\t\t<\/div>\n\t\t\t\t\t<\/div>\n\t\t\t\t<\/div>\n\t\t\t\t\t<\/div>\n\t\t\t\t<\/div>\n\t\t\t\t<\/div>\n\t\t\t\t<\/div>\n\t\t","protected":false},"excerpt":{"rendered":"<p>Bei den \u201cGrossen\u201d buchen \u2013 mit uns fliegen DAT hat in Deutschland Interline-Abkommen mit Finnair, Emirates und Qatar Airways. Die Absprachen sichern unseren innerdeutschen Verbindungen von Saarbr\u00fccken ein gr\u00f6sseres internationales Netz an Verbindungen weltweit. Als DAT-Passagier, muss man lediglich das Ticket von \/ nach Saarbr\u00fccken und weiter in die Welt hinaus bei unseren Partner-Airlines buchen.\u00a0 [&hellip;]<\/p>\n","protected":false},"author":2,"featured_media":10397,"parent":0,"menu_order":0,"comment_status":"closed","ping_status":"closed","template":"","meta":{"_acf_changed":false,"_seopress_robots_primary_cat":"","_seopress_titles_title":"Reisen Sie mit einer anderen Fluggesellschaft weiter?","_seopress_titles_desc":"Sehen Sie hier, mit welchen Fluggesellschaften wir zusammenarbeiten. DAT hat Interline- und Kooperationsvereinbarungen mit mehreren gro\u00dfen Airlines, sodass Sie problemlos weiter in die Welt reisen k\u00f6nnen!","_seopress_robots_index":"","footnotes":""},"region":[57],"class_list":["post-9917","page","type-page","status-publish","has-post-thumbnail","hentry","region-de"],"acf":[],"_links":{"self":[{"href":"https:\/\/dat.dk\/de\/wp-json\/wp\/v2\/pages\/9917","targetHints":{"allow":["GET"]}}],"collection":[{"href":"https:\/\/dat.dk\/de\/wp-json\/wp\/v2\/pages"}],"about":[{"href":"https:\/\/dat.dk\/de\/wp-json\/wp\/v2\/types\/page"}],"author":[{"embeddable":true,"href":"https:\/\/dat.dk\/de\/wp-json\/wp\/v2\/users\/2"}],"replies":[{"embeddable":true,"href":"https:\/\/dat.dk\/de\/wp-json\/wp\/v2\/comments?post=9917"}],"version-history":[{"count":4,"href":"https:\/\/dat.dk\/de\/wp-json\/wp\/v2\/pages\/9917\/revisions"}],"predecessor-version":[{"id":12645,"href":"https:\/\/dat.dk\/de\/wp-json\/wp\/v2\/pages\/9917\/revisions\/12645"}],"wp:featuredmedia":[{"embeddable":true,"href":"https:\/\/dat.dk\/de\/wp-json\/wp\/v2\/media\/10397"}],"wp:attachment":[{"href":"https:\/\/dat.dk\/de\/wp-json\/wp\/v2\/media?parent=9917"}],"wp:term":[{"taxonomy":"region","embeddable":true,"href":"https:\/\/dat.dk\/de\/wp-json\/wp\/v2\/region?post=9917"}],"curies":[{"name":"wp","href":"https:\/\/api.w.org\/{rel}","templated":true}]}}