{"id":9388,"date":"2025-07-10T15:22:32","date_gmt":"2025-07-10T13:22:32","guid":{"rendered":"https:\/\/dat.dk\/?page_id=9388"},"modified":"2025-08-06T10:37:34","modified_gmt":"2025-08-06T08:37:34","slug":"patientrejser","status":"publish","type":"page","link":"https:\/\/dat.dk\/de\/rejseinfo\/patientrejser\/","title":{"rendered":"Patientrejser"},"content":{"rendered":"\t\t<div data-elementor-type=\"wp-page\" data-elementor-id=\"9388\" class=\"elementor elementor-9388\">\n\t\t\t\t<div class=\"elementor-element elementor-element-36f6d0f e-flex e-con-boxed e-con e-parent\" data-id=\"36f6d0f\" data-element_type=\"container\" data-e-type=\"container\">\n\t\t\t\t\t<div class=\"e-con-inner\">\n\t\t<div class=\"elementor-element elementor-element-653e161 e-con-full e-flex e-con e-child\" data-id=\"653e161\" data-element_type=\"container\" data-e-type=\"container\">\n\t\t\t\t<div class=\"elementor-element elementor-element-57bc98f elementor-widget elementor-widget-heading\" data-id=\"57bc98f\" data-element_type=\"widget\" data-e-type=\"widget\" data-widget_type=\"heading.default\">\n\t\t\t\t<div class=\"elementor-widget-container\">\n\t\t\t\t\t<h2 class=\"elementor-heading-title elementor-size-default\">Patientrejser<\/h2>\t\t\t\t<\/div>\n\t\t\t\t<\/div>\n\t\t\t\t<div class=\"elementor-element elementor-element-d2ec962 elementor-widget elementor-widget-text-editor\" data-id=\"d2ec962\" data-element_type=\"widget\" data-e-type=\"widget\" data-widget_type=\"text-editor.default\">\n\t\t\t\t<div class=\"elementor-widget-container\">\n\t\t\t\t\t\t\t\t\t<p>Vidste du, at du selv kan v\u00e6lge, hvordan du vil rejse, n\u00e5r du er blevet henvist til unders\u00f8gelse eller behandling p\u00e5 et hospital ovre? Flyrejsen er nem og bekvem og kan tilpasses skulle der blive behov for \u00e6ndringer.<\/p>\t\t\t\t\t\t\t\t<\/div>\n\t\t\t\t<\/div>\n\t\t<div class=\"elementor-element elementor-element-db0c37f e-con-full e-flex e-con e-child\" data-id=\"db0c37f\" data-element_type=\"container\" data-e-type=\"container\" data-settings=\"{&quot;background_background&quot;:&quot;classic&quot;}\">\n\t\t<div class=\"elementor-element elementor-element-26cc431 e-con-full e-flex e-con e-child\" data-id=\"26cc431\" data-element_type=\"container\" data-e-type=\"container\">\n\t\t\t\t<div class=\"elementor-element elementor-element-088a233 elementor-widget elementor-widget-text-editor\" data-id=\"088a233\" data-element_type=\"widget\" data-e-type=\"widget\" data-widget_type=\"text-editor.default\">\n\t\t\t\t<div class=\"elementor-widget-container\">\n\t\t\t\t\t\t\t\t\t<h4>Hvem kan f\u00e5 flyrejsen d\u00e6kket?<\/h4><p>Du kan f\u00e5 d\u00e6kket din flyrejse, hvis:<\/p><ul><li>Du er henvist til behandling p\u00e5 et hospital i Region Hovedstaden.<\/li><li>Rejsen er n\u00f8dvendig i forbindelse med behandlingen.<\/li><li>Du bestiller billetten gennem Patientrejsekontoret, som du finder her: <a href=\"https:\/\/www.bornholmshospital.dk\/afdelinger-og-afsnit\/patientrejser\/kontakt-patientrejser\/Sider\/default.aspx\">Kontakt Patientrejser<\/a>.<\/li><\/ul><p>OBS: Hvis du har valgt et andet hospital gennem frit sygehusvalg, og du kunne have f\u00e5et unders\u00f8gelsen eller behandlingen p\u00e5 Bornholms Hospital eller hos en speciall\u00e6ge p\u00e5 Bornholm, skal du som udgangspunkt selv betale for rejsen.<\/p>\t\t\t\t\t\t\t\t<\/div>\n\t\t\t\t<\/div>\n\t\t\t\t<div class=\"elementor-element elementor-element-9388d9a elementor-align-left elementor-widget elementor-widget-button\" data-id=\"9388d9a\" data-element_type=\"widget\" data-e-type=\"widget\" data-widget_type=\"button.default\">\n\t\t\t\t<div class=\"elementor-widget-container\">\n\t\t\t\t\t\t\t\t\t<div class=\"elementor-button-wrapper\">\n\t\t\t\t\t<a class=\"elementor-button elementor-button-link elementor-size-sm\" href=\"https:\/\/www.bornholmshospital.dk\/afdelinger-og-afsnit\/patientrejser\/Sider\/default.aspx\">\n\t\t\t\t\t\t<span class=\"elementor-button-content-wrapper\">\n\t\t\t\t\t\t\t\t\t<span class=\"elementor-button-text\">L\u00e6s mere her: Patientrejser<\/span>\n\t\t\t\t\t<\/span>\n\t\t\t\t\t<\/a>\n\t\t\t\t<\/div>\n\t\t\t\t\t\t\t\t<\/div>\n\t\t\t\t<\/div>\n\t\t\t\t<\/div>\n\t\t<div class=\"elementor-element elementor-element-b7407a6 e-con-full e-flex e-con e-child\" data-id=\"b7407a6\" data-element_type=\"container\" data-e-type=\"container\" data-settings=\"{&quot;background_background&quot;:&quot;classic&quot;}\">\n\t\t\t\t<\/div>\n\t\t\t\t<\/div>\n\t\t\t\t<div class=\"elementor-element elementor-element-9a354f2 elementor-widget elementor-widget-text-editor\" data-id=\"9a354f2\" data-element_type=\"widget\" data-e-type=\"widget\" data-widget_type=\"text-editor.default\">\n\t\t\t\t<div class=\"elementor-widget-container\">\n\t\t\t\t\t\t\t\t\t<h4>Patientrejse med fly<\/h4><p>Har du behov for ledsager til rejsen, skal du aftale dette med egen\/den henvisende l\u00e6ge, s\u00e5 udgiften til ledsageren ogs\u00e5 d\u00e6kkes. N\u00e5r du har f\u00e5et en henvisning til et af Region Hovedstadens hospitaler, hj\u00e6lper Patientrejser dig med at bestille flybilletter til turen. DAT transporterer dagligt patienter frem og tilbage mellem Bornholm og K\u00f8benhavn, og er vant til at im\u00f8dekomme s\u00e6rlige behov og udvise st\u00f8tte. I Bornholms Lufthavn g\u00e5r du altid f\u00f8rst ombord p\u00e5 flyet.<\/p><h4>Transport til og fra lufthavnen<\/h4><p>Du skal selv st\u00e5 for transporten til og fra Bornholms Lufthavn, medmindre du er berettiget til siddende patienttransport. Region Hovedstaden betaler de udgifter, du har til bus\/tog i K\u00f8benhavn, dog skal du som udgangspunkt selv s\u00f8rge for transporten til og fra hospitalet. Du bliver afregnet dine udgifter til offentlig transport svarende til rejsekortstakster.<\/p><h4>Kontakt Patientrejser inden du rejser<\/h4><p>Du skal altid kontakte Patientrejser, for at bestille eller \u00e6ndre din rejse, DAT har desv\u00e6rre ikke mulighed for at \u00e6ndre billetter bestilt af Patientrejser. Du finder deres kontaktoplysninger her: <a href=\"https:\/\/www.bornholmshospital.dk\/afdelinger-og-afsnit\/patientrejser\/kontakt-patientrejser\/Sider\/default.aspx\">Kontakt Patientrejser<\/a><\/p>\t\t\t\t\t\t\t\t<\/div>\n\t\t\t\t<\/div>\n\t\t<div class=\"elementor-element elementor-element-26a4ab0 e-con-full e-flex e-con e-child\" data-id=\"26a4ab0\" data-element_type=\"container\" data-e-type=\"container\" data-settings=\"{&quot;background_background&quot;:&quot;classic&quot;}\">\n\t\t<div class=\"elementor-element elementor-element-3890be8 e-con-full e-flex e-con e-child\" data-id=\"3890be8\" data-element_type=\"container\" data-e-type=\"container\" data-settings=\"{&quot;background_background&quot;:&quot;classic&quot;}\">\n\t\t\t\t<\/div>\n\t\t<div class=\"elementor-element elementor-element-2c370f3 e-con-full e-flex e-con e-child\" data-id=\"2c370f3\" data-element_type=\"container\" data-e-type=\"container\">\n\t\t\t\t<div class=\"elementor-element elementor-element-38b21e6 elementor-widget elementor-widget-text-editor\" data-id=\"38b21e6\" data-element_type=\"widget\" data-e-type=\"widget\" data-widget_type=\"text-editor.default\">\n\t\t\t\t<div class=\"elementor-widget-container\">\n\t\t\t\t\t\t\t\t\t<h4>Assistance<\/h4><p>Udover de muligheder som patientrejser tilbyder ifm. din rejse til behandling og unders\u00f8gelse ovre, s\u00e5 har alle passagerer ret til assistance for at komme gennem lufthavnen til og fra flyet, hvis de har behov herfor. Assistance er altid gratis, dog er det vigtigt, at du kontakter vores kundeservice i \u00e5bningstiden senest 24 timer f\u00f8r afgang \u2013 s\u00e5 bliver behovet noteret p\u00e5 din billet. Du kan l\u00e6se mere om dine rettigheder og muligheder her:<\/p>\t\t\t\t\t\t\t\t<\/div>\n\t\t\t\t<\/div>\n\t\t\t\t<div class=\"elementor-element elementor-element-46d816a elementor-align-left elementor-widget elementor-widget-button\" data-id=\"46d816a\" data-element_type=\"widget\" data-e-type=\"widget\" data-widget_type=\"button.default\">\n\t\t\t\t<div class=\"elementor-widget-container\">\n\t\t\t\t\t\t\t\t\t<div class=\"elementor-button-wrapper\">\n\t\t\t\t\t<a class=\"elementor-button elementor-button-link elementor-size-sm\" href=\"\/rejseinfo\/saerlige-behov\/\">\n\t\t\t\t\t\t<span class=\"elementor-button-content-wrapper\">\n\t\t\t\t\t\t\t\t\t<span class=\"elementor-button-text\">S\u00e6rlige behov<\/span>\n\t\t\t\t\t<\/span>\n\t\t\t\t\t<\/a>\n\t\t\t\t<\/div>\n\t\t\t\t\t\t\t\t<\/div>\n\t\t\t\t<\/div>\n\t\t\t\t<\/div>\n\t\t\t\t<\/div>\n\t\t\t\t<\/div>\n\t\t\t\t\t<\/div>\n\t\t\t\t<\/div>\n\t\t\t\t<\/div>\n\t\t","protected":false},"excerpt":{"rendered":"<p>Patientrejser Vidste du, at du selv kan v\u00e6lge, hvordan du vil rejse, n\u00e5r du er blevet henvist til unders\u00f8gelse eller behandling p\u00e5 et hospital ovre? Flyrejsen er nem og bekvem og kan tilpasses skulle der blive behov for \u00e6ndringer. Hvem kan f\u00e5 flyrejsen d\u00e6kket? Du kan f\u00e5 d\u00e6kket din flyrejse, hvis: Du er henvist til [&hellip;]<\/p>\n","protected":false},"author":2,"featured_media":0,"parent":355,"menu_order":0,"comment_status":"closed","ping_status":"closed","template":"","meta":{"_acf_changed":false,"_seopress_robots_primary_cat":"","_seopress_titles_title":"Patientrejser","_seopress_titles_desc":"Hvis du er blevet henvist til et hospital ovre, kan du flyve med DAT. Flyrejsen er nem og bekvem og tager kun 30 minutter. L\u00e6s mere her.","_seopress_robots_index":"","footnotes":""},"region":[52,52],"class_list":["post-9388","page","type-page","status-publish","hentry","region-da"],"acf":[],"_links":{"self":[{"href":"https:\/\/dat.dk\/de\/wp-json\/wp\/v2\/pages\/9388","targetHints":{"allow":["GET"]}}],"collection":[{"href":"https:\/\/dat.dk\/de\/wp-json\/wp\/v2\/pages"}],"about":[{"href":"https:\/\/dat.dk\/de\/wp-json\/wp\/v2\/types\/page"}],"author":[{"embeddable":true,"href":"https:\/\/dat.dk\/de\/wp-json\/wp\/v2\/users\/2"}],"replies":[{"embeddable":true,"href":"https:\/\/dat.dk\/de\/wp-json\/wp\/v2\/comments?post=9388"}],"version-history":[{"count":3,"href":"https:\/\/dat.dk\/de\/wp-json\/wp\/v2\/pages\/9388\/revisions"}],"predecessor-version":[{"id":9718,"href":"https:\/\/dat.dk\/de\/wp-json\/wp\/v2\/pages\/9388\/revisions\/9718"}],"up":[{"embeddable":true,"href":"https:\/\/dat.dk\/de\/wp-json\/wp\/v2\/pages\/355"}],"wp:attachment":[{"href":"https:\/\/dat.dk\/de\/wp-json\/wp\/v2\/media?parent=9388"}],"wp:term":[{"taxonomy":"region","embeddable":true,"href":"https:\/\/dat.dk\/de\/wp-json\/wp\/v2\/region?post=9388"}],"curies":[{"name":"wp","href":"https:\/\/api.w.org\/{rel}","templated":true}]}}