{"id":7056,"date":"2024-01-25T09:45:40","date_gmt":"2024-01-25T07:45:40","guid":{"rendered":"https:\/\/dat.dk\/reiseinformationen\/saerlige-behov\/"},"modified":"2025-09-02T11:39:17","modified_gmt":"2025-09-02T09:39:17","slug":"besondere-beduerfnisse","status":"publish","type":"page","link":"https:\/\/dat.dk\/de\/reiseinformationen\/besondere-beduerfnisse\/","title":{"rendered":"Besondere Bed\u00fcrfnisse"},"content":{"rendered":"\t\t<div data-elementor-type=\"wp-page\" data-elementor-id=\"7056\" class=\"elementor elementor-7056 elementor-345\">\n\t\t\t\t<div class=\"elementor-element elementor-element-1d6cf24 e-flex e-con-boxed e-con e-parent\" data-id=\"1d6cf24\" data-element_type=\"container\" data-e-type=\"container\">\n\t\t\t\t\t<div class=\"e-con-inner\">\n\t\t<div class=\"elementor-element elementor-element-5ddf9fe e-flex e-con-boxed e-con e-child\" data-id=\"5ddf9fe\" data-element_type=\"container\" data-e-type=\"container\">\n\t\t\t\t\t<div class=\"e-con-inner\">\n\t\t\t\t<div class=\"elementor-element elementor-element-d5c88e5 elementor-widget elementor-widget-raven-advanced-accordion\" data-id=\"d5c88e5\" data-element_type=\"widget\" data-e-type=\"widget\" id=\"oggetti-vietati\" data-settings=\"{&quot;scroll_to_content&quot;:&quot;false&quot;}\" data-widget_type=\"raven-advanced-accordion.default\">\n\t\t\t\t<div class=\"elementor-widget-container\">\n\t\t\t\t\t\t\t\t<div id=\"jupiterx-advanced-accordion-wrapper\" class=\"jupiterx-advanced-accordion-wrapper\">\n\t\t\t\t<div class=\"jupiterx-advanced-accordion-inner-wrapper\">\n\t\t\t\t\t\t\t\t\t\t\t\t\t\t<div class=\"jupiterx-single-advanced-accordion-wrapper  jx-ac-first  jx-ac-active\" id=\"\" >\n\t\t\t\t<div class=\"jx-single-accordion-header\">\n\t\t\t\t\t<div class=\"jx-single-accordion-header-left\">\n\t\t\t\t\t\t<div class=\"jx-single-accordion-header-icon-toggle-wrapper jx-single-accordion-header-icon-toggle-wrapper-hide\" >\n\t\t\t\t\t\t\t\t\t\t\t\t\t<\/div>\n\t\t\t\t\t\t<span class=\"jx-ac-title\">Kann ich fliegen, wenn ich schwanger bin?<\/span>\t\t\t\t\t<\/div>\n\t\t\t\t\t<div class=\"jx-single-accordion-header-right\">\n\t\t\t\t\t\t<i aria-hidden=\"true\" class=\"jx-ac-icon-body-closed jx-ac-toggle-icon fas fa-chevron-right\"><\/i><i aria-hidden=\"true\" class=\"jx-ac-icon-body-opened jx-ac-toggle-icon fas fa-chevron-down\"><\/i>\t\t\t\t\t<\/div>\n\t\t\t\t<\/div>\n\t\t\t\t<div class=\"jx-single-accordion-body  jx-ac-body-block\">\n\t\t\t\t\t<div class=\"jx-ac-content\">\n\t\t\t\t\t\t<div class=\"jx-ac-content-inner-wrapper\">\n\t\t\t\t\t\t\t<div class=\"jupiterx-ac-content-is-editor\"><p><b>Sie k\u00f6nnen problemlos fliegen, wenn Sie schwanger sind und sind bei DAT an Bord herzlich willkommen. Allerdings haben wir folgende Richtlinien, f\u00fcr Ihre und die Sicherheit Ihres Babys.<\/b><\/p><p>Unsere Richtlinien\u00a0 gelten sowohl f\u00fcr Hin- sowie R\u00fcckfl\u00fcge.<\/p><h5>Bei Schwangerschaft mit einem Baby:<\/h5><ul><li>Fl\u00fcge k\u00f6nnen ohne besondere Einschr\u00e4nkungen bis zur 34. Schwangerschaftswoche, durchgef\u00fchrt werden.<\/li><li>Zwischen der 35. und 37. Woche, d\u00fcrfen Sie h\u00f6chstens 4 Stunden fliegen und ben\u00f6tigen ein \u00e4rztliches Attest.<\/li><li>Zwischen der 38. und 40. Woche d\u00fcrfen Sie nicht mehr fliegen.<\/li><\/ul><p>Bei Schwangerschaften mit Komplikationen m\u00fcssen Sie ein MEDIF Formular von Ihrem Arzt mitbringen. <a title=\"MEDIF formular\" href=\"\/wp-content\/uploads\/2025\/02\/MEDIF.doc\">Sie finden die MEDIF Formulare hier.<\/a><\/p><h5>Bei Schwangerschaft mit mehr als einem Baby:<\/h5><ul><li>Fl\u00fcge k\u00f6nnen ohne Einschr\u00e4nkungen bis zur 28. Schwangerschaftswoche, durchgef\u00fchrt werden.<\/li><li>Von der 29. bis zur 31. Woche ben\u00f6tigen Sie ein \u00e4rztliches Attest.<\/li><li>Ab der 32. Woche d\u00fcrfen Sie nicht mehr fliegen.<\/li><\/ul><p>Bei Schwangerschaften mit Komplikationen muss der Passagier ein MEDIF Formular von seinem Arzt mitbringen.\u00a0<a title=\"MEDIF formular\" href=\"\/wp-content\/uploads\/2025\/02\/MEDIF.doc\">Sie finden die MEDIF Formulare hier.<\/a><\/p><p>Die MEDIF Formulare m\u00fcssen von einem qualifizierten Arzt ausgef\u00fcllt sein.<\/p><h5>\u00c4rztliche Atteste und Bescheinigungen<\/h5><p>In der Regel ist es nicht n\u00f6tig, dass Schwangere ein \u00e4rztliches Attest vorweisen, jedoch empfehlen wir Ihnen, Ihren Mutterpass mitzubringen. Es ist ebenfalls empfohlen vor der Reise mit Ihrem Arzt zu sprechen.<\/p><p>In F\u00e4llen, in denen ein Attest ben\u00f6tigt wird, solllte es so kurz wie m\u00f6glich vor Reiseantritt ausgetellt worden sein.<\/p><\/div>\t\t\t\t\t\t<\/div>\n\t\t\t\t\t<\/div>\n\t\t\t\t<\/div>\n\t\t\t<\/div>\n\t\t\t\t\t\t\t\t\t\t\t\t\t\t\t\t<div class=\"jupiterx-single-advanced-accordion-wrapper  jx-ac-active\" id=\"\" >\n\t\t\t\t<div class=\"jx-single-accordion-header\">\n\t\t\t\t\t<div class=\"jx-single-accordion-header-left\">\n\t\t\t\t\t\t<div class=\"jx-single-accordion-header-icon-toggle-wrapper jx-single-accordion-header-icon-toggle-wrapper-hide\" >\n\t\t\t\t\t\t\t\t\t\t\t\t\t<\/div>\n\t\t\t\t\t\t<span class=\"jx-ac-title\">Wie buche ich spezielle W\u00fcnsche und Bed\u00fcrfnisse?<\/span>\t\t\t\t\t<\/div>\n\t\t\t\t\t<div class=\"jx-single-accordion-header-right\">\n\t\t\t\t\t\t<i aria-hidden=\"true\" class=\"jx-ac-icon-body-closed jx-ac-toggle-icon fas fa-chevron-right\"><\/i><i aria-hidden=\"true\" class=\"jx-ac-icon-body-opened jx-ac-toggle-icon fas fa-chevron-down\"><\/i>\t\t\t\t\t<\/div>\n\t\t\t\t<\/div>\n\t\t\t\t<div class=\"jx-single-accordion-body  jx-ac-body-block\">\n\t\t\t\t\t<div class=\"jx-ac-content\">\n\t\t\t\t\t\t<div class=\"jx-ac-content-inner-wrapper\">\n\t\t\t\t\t\t\t<div class=\"jupiterx-ac-content-is-editor\"><p>Falls Sie einen Rollstuhl, ein Tier oder Sondergep\u00e4ck mitnehmen wollen oder anderweitig Hilfe ben\u00f6tigen, kontaktieren Sie unseren Kundenservice bitte sp\u00e4testens 48 Stunden vor Abflug.<\/p><\/div>\t\t\t\t\t\t<\/div>\n\t\t\t\t\t<\/div>\n\t\t\t\t<\/div>\n\t\t\t<\/div>\n\t\t\t\t\t\t\t\t\t\t\t\t\t\t\t\t<div class=\"jupiterx-single-advanced-accordion-wrapper  jx-ac-active\" id=\"\" >\n\t\t\t\t<div class=\"jx-single-accordion-header\">\n\t\t\t\t\t<div class=\"jx-single-accordion-header-left\">\n\t\t\t\t\t\t<div class=\"jx-single-accordion-header-icon-toggle-wrapper jx-single-accordion-header-icon-toggle-wrapper-hide\" >\n\t\t\t\t\t\t\t\t\t\t\t\t\t<\/div>\n\t\t\t\t\t\t<span class=\"jx-ac-title\">Kann ich Hilfe bekommen, um von\/zu meinem Flug zu gelangen?<\/span>\t\t\t\t\t<\/div>\n\t\t\t\t\t<div class=\"jx-single-accordion-header-right\">\n\t\t\t\t\t\t<i aria-hidden=\"true\" class=\"jx-ac-icon-body-closed jx-ac-toggle-icon fas fa-chevron-right\"><\/i><i aria-hidden=\"true\" class=\"jx-ac-icon-body-opened jx-ac-toggle-icon fas fa-chevron-down\"><\/i>\t\t\t\t\t<\/div>\n\t\t\t\t<\/div>\n\t\t\t\t<div class=\"jx-single-accordion-body  jx-ac-body-block\">\n\t\t\t\t\t<div class=\"jx-ac-content\">\n\t\t\t\t\t\t<div class=\"jx-ac-content-inner-wrapper\">\n\t\t\t\t\t\t\t<div class=\"jupiterx-ac-content-is-editor\"><p>F\u00fcr Flugg\u00e4ste mit eingeschr\u00e4nkter Sinneswahrnehmung oder mit Rollstuhlbedarf, bieten wir verschiedene kostenlose Serviceleistungen an. Dazu geh\u00f6ren der Transport von Rollst\u00fchlen und die Hilfe beim Ein- und Aussteigen, auf dem Vorfeld und der Flugzeugtreppe sowie das Tragen von Gehbehinderten zum Flugzeugsitz. Bitte buchen Sie diese Leistungen unbedingt im Voraus.<\/p><h4>Gratis Rollstuhlunterst\u00fctzung<\/h4><p class=\"FreeForm\">Bei Betreungsbedarf mit einem Rollstuhl, stellen wir diesen gratis an allen Flugh\u00e4fen zur Verf\u00fcgung. Um notwendige Hilfe zu garantieren, <b>kontaktieren Sie unseren Kundenservice w\u00e4hrend der Gesch\u00e4ftszeiten, mindestens 48 Stunden vor Abflug<\/b> und wir werden den Rollstuhlbedarf auf Ihrem Ticket vermerken. (Lesen Sie mehr \u00fcber die Buchung von besonderen Bed\u00fcrfnissen). Wenn Sie Ihr Ticket weniger als 48 Stunden vor Abflug buchen, wird der Flughafen alles tun, um Ihnen zu helfen, kann jedoch die Unterst\u00fctzung nicht garantieren.<\/p><p class=\"FreeForm\">Wir empfehlen Ihnen 2 Stunden vor ihrer planm\u00e4\u00dfigen Abflugzeit einzuchecken, sodass der Flughafen genug Zeit hat, Ihnen zu helfen.<\/p><p class=\"FreeForm\">Sie k\u00f6nnen auch Ihren eigenen faltbaren Rollstuhl gratis mitnehmen. Beachten Sie jedoch, dass dieser oft mit dem Gep\u00e4ck beim Check-in abgegeben werden m\u00fcssen. Dies ist abh\u00e4ngig von den Regeln am Flughafen. Bitte kontaktieren Sie vor der Abreise Ihren Flughafen f\u00fcr mehr Informationen.<\/p><h4>Gehhilfe bis zum Gate<\/h4><p class=\"FreeForm\">In den meisten F\u00e4llen k\u00f6nnen Sie Ihren Rollator bis zum Gate mitbringen. Er wird dann von dort aus in den Frachtraum gebracht. Die Gehhilfe erhalten sie erst wieder mit Ihrem Gep\u00e4ck bei der Ankunft. Wenn Sie ohne Rollator nur schlecht laufen k\u00f6nnen, sollten Sie daher in Erw\u00e4gung ziehen einen Rollstuhl zu bestellen. Bitte kontaktieren Sie Ihren Flughafen f\u00fcr mehr Informationen.<\/p><h4>Hilfe an Bord w\u00e4hrend des Fluges<\/h4><p class=\"FreeForm\">Unsere Mitarbeiter sind Ihnen gerne behilflich. Bitte beachten Sie allerdings, dass DAT-Mitarbeiter nicht befugt sind:<\/p><ul><li>Passagiere zu heben oder zu tragen<\/li><li>Passagieren in der Toilette behilflich zu sein<\/li><li>Passagieren beim Essen behilflich zu sein<\/li><li>Den Passagieren Medikamente zu verabreichen<\/li><\/ul><div class=\"page\" title=\"Page 1\"><div class=\"layoutArea\"><div class=\"column\"><h4>Betreuungsbedarf anfordern<\/h4><p>Sie haben den Wunsch einen kostenlosen Mobilita\u0308tsservice an den Flugha\u0308fen Saarbru\u0308cken, Hamburg oder Berlin in Anspruch zu nehmen?<\/p><p>Um eine ideale Betreuung sicher zu stellen, teilen Sie und bitte\u00a0bis 48 Stunden vor Abflug\u00a0mit, welchen Mobilita\u0308ts-Service Sie beno\u0308tigen. Dazu einfach dieses\u00a0<a href=\"\/wp-content\/uploads\/2024\/12\/DAT_PRM_Betreuungsbedarf_Anforderung_Form.pdf\" target=\"_blank\" rel=\"noopener\">Formular<\/a>\u00a0herunterladen, ausf\u00fcllen und\u00a0uns per E-Mail an\u00a0<a title=\"mailto:dat@scn-airport.de\" href=\"mailto:dat@scn-airport.de\">dat@scn-airport.de<\/a>\u00a0zusenden.\u00a0<\/p><\/div><\/div><\/div><\/div>\t\t\t\t\t\t<\/div>\n\t\t\t\t\t<\/div>\n\t\t\t\t<\/div>\n\t\t\t<\/div>\n\t\t\t\t\t\t\t\t\t\t\t\t\t\t\t\t<div class=\"jupiterx-single-advanced-accordion-wrapper  jx-ac-active\" id=\"\" >\n\t\t\t\t<div class=\"jx-single-accordion-header\">\n\t\t\t\t\t<div class=\"jx-single-accordion-header-left\">\n\t\t\t\t\t\t<div class=\"jx-single-accordion-header-icon-toggle-wrapper jx-single-accordion-header-icon-toggle-wrapper-hide\" >\n\t\t\t\t\t\t\t\t\t\t\t\t\t<\/div>\n\t\t\t\t\t\t<span class=\"jx-ac-title\">Mitnahme von Sauerstoffger\u00e4ten<\/span>\t\t\t\t\t<\/div>\n\t\t\t\t\t<div class=\"jx-single-accordion-header-right\">\n\t\t\t\t\t\t<i aria-hidden=\"true\" class=\"jx-ac-icon-body-closed jx-ac-toggle-icon fas fa-chevron-right\"><\/i><i aria-hidden=\"true\" class=\"jx-ac-icon-body-opened jx-ac-toggle-icon fas fa-chevron-down\"><\/i>\t\t\t\t\t<\/div>\n\t\t\t\t<\/div>\n\t\t\t\t<div class=\"jx-single-accordion-body  jx-ac-body-block\">\n\t\t\t\t\t<div class=\"jx-ac-content\">\n\t\t\t\t\t\t<div class=\"jx-ac-content-inner-wrapper\">\n\t\t\t\t\t\t\t<div class=\"jupiterx-ac-content-is-editor\"><p class=\"FreeForm\"><b>Da der Sauerstoffdruck in den Lungen beim Flug erheblich reduziert ist, ben\u00f6tigen manche G\u00e4ste zus\u00e4tzlichen Sauerstoff f\u00fcr den Flug.<\/b><\/p><p class=\"FreeForm\">Dies gilt insbesondere f\u00fcr Reisende mit Herz- und\/oder Atemproblemen.<\/p><p class=\"FreeForm\">Daher sollten G\u00e4ste, die w\u00e4hrend des Fluges voraussichtlich mehr Sauerstoff brauchen, diesen selbst mitbringen.<\/p><p>In solch einem Fall ist ein Medizinisches Informationsformular (MEDIF) von einem qualifizierten Arzt ausgef\u00fcllt, mitzubringen. Sie finden das <a title=\"MEDIF formular\" href=\"\/wp-content\/uploads\/2025\/02\/MEDIF.doc\">MEDIF Formular hier.<\/a><\/p><p class=\"FreeForm\">Bitte beachten Sie, dass es nicht m\u00f6glich ist, an Bord Batterien f\u00fcr Sauerstoffger\u00e4te aufzuladen.<\/p><h4>DAT empfiehlt einen Sauerstoffkonzentrator<\/h4><p class=\"FreeForm\">Bitte informieren Sie sich vor Reiseantritt bei Ihrem Arzt.<\/p><p class=\"FreeForm\">\u00a0Vorteile eines Sauerstoffkonzentrators:<\/p><ul><li>Ist leicht und platzsparend.<\/li><li>Er kann Sauerstoff f\u00fcr bis zu acht Stunden bereitstellen.<\/li><li>Benutzt wiederaufladbare Batterien (Beachten Sie, dass die Ladung f\u00fcr die Flugdauer ausreichen muss, plus 50 Prozent zus\u00e4tzlich).<\/li><\/ul><p class=\"FreeForm\">Informieren Sie sich immer bei Ihrem Arzt ob es mit Ihrer Krankheit zu Komplikationen beim Reisen kommen kann.<\/p><\/div>\t\t\t\t\t\t<\/div>\n\t\t\t\t\t<\/div>\n\t\t\t\t<\/div>\n\t\t\t<\/div>\n\t\t\t\t\t\t\t\t\t\t\t\t\t\t\t\t<div class=\"jupiterx-single-advanced-accordion-wrapper  jx-ac-active\" id=\"\" >\n\t\t\t\t<div class=\"jx-single-accordion-header\">\n\t\t\t\t\t<div class=\"jx-single-accordion-header-left\">\n\t\t\t\t\t\t<div class=\"jx-single-accordion-header-icon-toggle-wrapper jx-single-accordion-header-icon-toggle-wrapper-hide\" >\n\t\t\t\t\t\t\t\t\t\t\t\t\t<\/div>\n\t\t\t\t\t\t<span class=\"jx-ac-title\">Kann ich meinen Rollstuhl\/meine Gehhilfe mitnehmen?<\/span>\t\t\t\t\t<\/div>\n\t\t\t\t\t<div class=\"jx-single-accordion-header-right\">\n\t\t\t\t\t\t<i aria-hidden=\"true\" class=\"jx-ac-icon-body-closed jx-ac-toggle-icon fas fa-chevron-right\"><\/i><i aria-hidden=\"true\" class=\"jx-ac-icon-body-opened jx-ac-toggle-icon fas fa-chevron-down\"><\/i>\t\t\t\t\t<\/div>\n\t\t\t\t<\/div>\n\t\t\t\t<div class=\"jx-single-accordion-body  jx-ac-body-block\">\n\t\t\t\t\t<div class=\"jx-ac-content\">\n\t\t\t\t\t\t<div class=\"jx-ac-content-inner-wrapper\">\n\t\t\t\t\t\t\t<div class=\"jupiterx-ac-content-is-editor\"><p class=\"FreeForm\"><strong>Bitte teilen Sie uns Ihren Betreuungsbedarf mit und melden Sie Mobilit\u00e4tshilfen wie elektrische Rollst\u00fchle mindestens 48 Stunden vor Ihrem Flug an.<\/strong><\/p><p class=\"FreeForm\"><strong>Kontakt:<\/strong><\/p><h5><span data-contrast=\"auto\">SAARBR\u00dcCKEN (SCN-BER&amp;HAM Routen)<\/span><span data-ccp-props=\"{}\">\u00a0<\/span><\/h5><p><span data-contrast=\"auto\">Tel.: +49 6893 83 300<\/span><span data-ccp-props=\"{}\">\u00a0<br \/><\/span><span data-contrast=\"auto\">Mail:\u00a0<\/span><a href=\"mailto:dat@scn-airport.de\"><span data-contrast=\"none\">dat@scn-airport.de<\/span><\/a><span data-contrast=\"auto\">\u00a0<\/span><span data-ccp-props=\"{}\">\u00a0<\/span><\/p><h5><span data-contrast=\"auto\">PADERBORN (PAD-MUC Route)<\/span><span data-ccp-props=\"{}\">\u00a0<\/span><\/h5><p><span data-contrast=\"auto\">Tel.: +4576923040\u00a0<\/span><span data-ccp-props=\"{}\">\u00a0<br \/><\/span><span data-contrast=\"auto\">Mail:\u00a0<\/span><a href=\"mailto:kundeservice@dat.dk\"><span data-contrast=\"none\">kundeservice@dat.dk<\/span><\/a><span data-ccp-props=\"{}\">\u00a0<\/span><\/p><p class=\"FreeForm\">Es ist m\u00f6glich Ihren Rollstuhl, Ihre Gehhilfe oder sonstige Hilfen mitzunehmen, wenn Sie in Ihrer Mobilit\u00e4t eingeschr\u00e4nkt sind. Sie m\u00fcssen, jedoch, den Kundenservice im Voraus kontaktieren und extra Platz f\u00fcr besonderes Gep\u00e4ck buchen.<\/p><p class=\"FreeForm\">Die R\u00fcckenlehne von batteriebetriebenen Rollst\u00fchlen darf nicht h\u00f6her als 89cm sein, ansonsten passen diese nicht durch die T\u00fcr des Frachtraums. Wenn eine extra hohe R\u00fcckenlehne am Rollstuhl angebracht ist, stellen Sie sicher, dass Sie oder ein Helfer sie vor dem Beladen entfernen kann.<\/p><p>Hilfsmittel f\u00fcr Behinderte fallen in die Kategorie der besonderen Gep\u00e4ckst\u00fccke. Lesen Sie mehr \u00fcber die <a href=\"\/de\/reiseinformationen\/reisegepaeck\/\">Regel f\u00fcr besonderes Gep\u00e4ck hier<\/a>.<\/p><h4>Batteriebetriebene Rollst\u00fchle<\/h4><p>Es gibt besondere Regelungen f\u00fcr batteriebetriebene Rollst\u00fchle und \u00e4hnliche Ger\u00e4te. Bitte informieren Sie sich rechtzeitig ob Ihr Ger\u00e4t in unseren Flugzeugen zugelassen ist.<\/p><\/div>\t\t\t\t\t\t<\/div>\n\t\t\t\t\t<\/div>\n\t\t\t\t<\/div>\n\t\t\t<\/div>\n\t\t\t\t\t\t\t\t\t\t\t\t\t\t\t\t<div class=\"jupiterx-single-advanced-accordion-wrapper  jx-ac-last  jx-ac-active\" id=\"\" >\n\t\t\t\t<div class=\"jx-single-accordion-header\">\n\t\t\t\t\t<div class=\"jx-single-accordion-header-left\">\n\t\t\t\t\t\t<div class=\"jx-single-accordion-header-icon-toggle-wrapper jx-single-accordion-header-icon-toggle-wrapper-hide\" >\n\t\t\t\t\t\t\t\t\t\t\t\t\t<\/div>\n\t\t\t\t\t\t<span class=\"jx-ac-title\">Fliegen mit Lungenkrankheit<\/span>\t\t\t\t\t<\/div>\n\t\t\t\t\t<div class=\"jx-single-accordion-header-right\">\n\t\t\t\t\t\t<i aria-hidden=\"true\" class=\"jx-ac-icon-body-closed jx-ac-toggle-icon fas fa-chevron-right\"><\/i><i aria-hidden=\"true\" class=\"jx-ac-icon-body-opened jx-ac-toggle-icon fas fa-chevron-down\"><\/i>\t\t\t\t\t<\/div>\n\t\t\t\t<\/div>\n\t\t\t\t<div class=\"jx-single-accordion-body  jx-ac-body-block\">\n\t\t\t\t\t<div class=\"jx-ac-content\">\n\t\t\t\t\t\t<div class=\"jx-ac-content-inner-wrapper\">\n\t\t\t\t\t\t\t<div class=\"jupiterx-ac-content-is-editor\"><p>Alle Lungenpatienten ben\u00f6tigen eine Sonder-Genehmigung von DAT und m\u00fcssen hierf\u00fcr sp\u00e4testens 48 Stunden vor Abflug ein MEDIF Formular einreicht haben. Das Formular muss von Ihrem Lungenfacharzt ausgef\u00fcllt sein.<\/p><p class=\"FreeForm\"><a title=\"MEDIF formular\" href=\"\/wp-content\/uploads\/2025\/02\/MEDIF.doc\" target=\"_blank\" rel=\"noopener\">Sie finden das MEDIF Formular hier<\/a><\/p><\/div>\t\t\t\t\t\t<\/div>\n\t\t\t\t\t<\/div>\n\t\t\t\t<\/div>\n\t\t\t<\/div>\n\t\t\t\t\t\t\t\t\t\t\t<\/div>\n\t\t\t<\/div>\n\t\t\t\t\t\t\t<\/div>\n\t\t\t\t<\/div>\n\t\t\t\t\t<\/div>\n\t\t\t\t<\/div>\n\t\t\t\t\t<\/div>\n\t\t\t\t<\/div>\n\t\t\t\t<\/div>\n\t\t","protected":false},"excerpt":{"rendered":"<p>Kann ich fliegen, wenn ich schwanger bin? Sie k\u00f6nnen problemlos fliegen, wenn Sie schwanger sind und sind bei DAT an Bord herzlich willkommen. Allerdings haben wir folgende Richtlinien, f\u00fcr Ihre und die Sicherheit Ihres Babys. Unsere Richtlinien\u00a0 gelten sowohl f\u00fcr Hin- sowie R\u00fcckfl\u00fcge. Bei Schwangerschaft mit einem Baby: Fl\u00fcge k\u00f6nnen ohne besondere Einschr\u00e4nkungen bis zur [&hellip;]<\/p>\n","protected":false},"author":2,"featured_media":0,"parent":7040,"menu_order":0,"comment_status":"closed","ping_status":"closed","template":"","meta":{"_acf_changed":false,"_seopress_robots_primary_cat":"","_seopress_titles_title":"Besondere Bed\u00fcrfnisse - DAT","_seopress_titles_desc":"Ben\u00f6tigen Sie Unterst\u00fctzung auf Ihrer Reise? Oder fliegen Sie schwanger? Dann lesen Sie hier mehr.","_seopress_robots_index":"","footnotes":""},"region":[56,57],"class_list":["post-7056","page","type-page","status-publish","hentry","region-da","region-de"],"acf":[],"_links":{"self":[{"href":"https:\/\/dat.dk\/de\/wp-json\/wp\/v2\/pages\/7056","targetHints":{"allow":["GET"]}}],"collection":[{"href":"https:\/\/dat.dk\/de\/wp-json\/wp\/v2\/pages"}],"about":[{"href":"https:\/\/dat.dk\/de\/wp-json\/wp\/v2\/types\/page"}],"author":[{"embeddable":true,"href":"https:\/\/dat.dk\/de\/wp-json\/wp\/v2\/users\/2"}],"replies":[{"embeddable":true,"href":"https:\/\/dat.dk\/de\/wp-json\/wp\/v2\/comments?post=7056"}],"version-history":[{"count":3,"href":"https:\/\/dat.dk\/de\/wp-json\/wp\/v2\/pages\/7056\/revisions"}],"predecessor-version":[{"id":10117,"href":"https:\/\/dat.dk\/de\/wp-json\/wp\/v2\/pages\/7056\/revisions\/10117"}],"up":[{"embeddable":true,"href":"https:\/\/dat.dk\/de\/wp-json\/wp\/v2\/pages\/7040"}],"wp:attachment":[{"href":"https:\/\/dat.dk\/de\/wp-json\/wp\/v2\/media?parent=7056"}],"wp:term":[{"taxonomy":"region","embeddable":true,"href":"https:\/\/dat.dk\/de\/wp-json\/wp\/v2\/region?post=7056"}],"curies":[{"name":"wp","href":"https:\/\/api.w.org\/{rel}","templated":true}]}}