{"id":7055,"date":"2024-01-25T14:36:31","date_gmt":"2024-01-25T12:36:31","guid":{"rendered":"https:\/\/dat.dk\/reiseinformationen\/hittegods\/"},"modified":"2025-08-06T13:00:47","modified_gmt":"2025-08-06T11:00:47","slug":"fundbuero-fundsachen","status":"publish","type":"page","link":"https:\/\/dat.dk\/de\/reiseinformationen\/fundbuero-fundsachen\/","title":{"rendered":"Fundb\u00fcro \/ Fundsachen"},"content":{"rendered":"\t\t<div data-elementor-type=\"wp-page\" data-elementor-id=\"7055\" class=\"elementor elementor-7055 elementor-410\">\n\t\t\t\t<div class=\"elementor-element elementor-element-acf3c6d e-flex e-con-boxed e-con e-parent\" data-id=\"acf3c6d\" data-element_type=\"container\" data-e-type=\"container\">\n\t\t\t\t\t<div class=\"e-con-inner\">\n\t\t\t\t<div class=\"elementor-element elementor-element-c365ea2 elementor-widget elementor-widget-text-editor\" data-id=\"c365ea2\" data-element_type=\"widget\" data-e-type=\"widget\" data-widget_type=\"text-editor.default\">\n\t\t\t\t<div class=\"elementor-widget-container\">\n\t\t\t\t\t\t\t\t\t<h3>Haben Sie etwas verloren oder vergessen?<\/h3><p>Wenn Sie auf dem Weg in den Urlaub oder zu einer wichtigen Besprechung sind, sind Ihre Gedanken oft ganz woanders. In solchen F\u00e4llen kann es leicht passieren, dass man etwas am Flughafen oder im Flugzeug verliert oder vergisst. In diesem Fall k\u00f6nnen Sie sich jederzeit an den Abflug- oder Ankunftsflughafen wenden, wo verlorene Gegenst\u00e4nde registriert werden.<\/p>\t\t\t\t\t\t\t\t<\/div>\n\t\t\t\t<\/div>\n\t\t<div class=\"elementor-element elementor-element-4e61bc7 e-flex e-con-boxed e-con e-child\" data-id=\"4e61bc7\" data-element_type=\"container\" data-e-type=\"container\" data-settings=\"{&quot;background_background&quot;:&quot;classic&quot;}\">\n\t\t\t\t\t<div class=\"e-con-inner\">\n\t\t\t\t<div class=\"elementor-element elementor-element-0b1c9fa elementor-hidden-mobile elementor-widget elementor-widget-raven-icon\" data-id=\"0b1c9fa\" data-element_type=\"widget\" data-e-type=\"widget\" data-widget_type=\"raven-icon.default\">\n\t\t\t\t<div class=\"elementor-widget-container\">\n\t\t\t\t\t\t\t<div class=\"raven-icon-wrapper\">\n\t\t\t<div class=\"raven-icon\">\n\t\t\t\t<svg aria-hidden=\"true\" class=\"e-font-icon-svg e-fas-exclamation\" viewBox=\"0 0 192 512\" xmlns=\"http:\/\/www.w3.org\/2000\/svg\"><path d=\"M176 432c0 44.112-35.888 80-80 80s-80-35.888-80-80 35.888-80 80-80 80 35.888 80 80zM25.26 25.199l13.6 272C39.499 309.972 50.041 320 62.83 320h66.34c12.789 0 23.331-10.028 23.97-22.801l13.6-272C167.425 11.49 156.496 0 142.77 0H49.23C35.504 0 24.575 11.49 25.26 25.199z\"><\/path><\/svg>\t\t\t<\/div>\n\t\t<\/div>\n\t\t\t\t\t\t<\/div>\n\t\t\t\t<\/div>\n\t\t\t\t<div class=\"elementor-element elementor-element-0b45dce elementor-widget elementor-widget-text-editor\" data-id=\"0b45dce\" data-element_type=\"widget\" data-e-type=\"widget\" data-widget_type=\"text-editor.default\">\n\t\t\t\t<div class=\"elementor-widget-container\">\n\t\t\t\t\t\t\t\t\t<p><strong>Tipp:<\/strong> Kontrollieren Sie regelm\u00e4\u00dfig, ob Sie alles in Ihrer Handtasche und Ihren Taschen haben &#8211; zum Beispiel nach der Sicherheitskontrolle oder wenn Sie weitergehen, nachdem Sie lange an einem Ort gesessen haben.<\/p>\t\t\t\t\t\t\t\t<\/div>\n\t\t\t\t<\/div>\n\t\t\t\t\t<\/div>\n\t\t\t\t<\/div>\n\t\t<div class=\"elementor-element elementor-element-868a549 e-con-full e-flex e-con e-child\" data-id=\"868a549\" data-element_type=\"container\" data-e-type=\"container\">\n\t\t<div class=\"elementor-element elementor-element-df2090e e-con-full e-flex e-con e-child\" data-id=\"df2090e\" data-element_type=\"container\" data-e-type=\"container\">\n\t\t\t\t<div class=\"elementor-element elementor-element-d317a01 elementor-widget elementor-widget-raven-button\" data-id=\"d317a01\" data-element_type=\"widget\" data-e-type=\"widget\" data-settings=\"{&quot;turn_to_popup_action_button&quot;:&quot;no&quot;}\" data-widget_type=\"raven-button.default\">\n\t\t\t\t<div class=\"elementor-widget-container\">\n\t\t\t\t\t\t\t<div class=\"raven-widget-wrapper\">\n\t\t\t<a class=\"raven-button raven-button-widget-normal-effect-none  raven-button-text-align-center raven-button-link elementor-animation-none\" href=\"\/de\/reiseinformationen\/reisegepaeck\/#delayed-luggage\">\t\t\t\t<div class=\"raven-button-overlay\" ><\/div>\n\t\t\t\t<span class=\"raven-button-content\">\n\t\t\t\t\t\n\t\t\t\t\t<div class=\"button-text-container\">\n\t\t\t\t\t\t\t\t\t\t\t\t<div class=\"raven-button-texts-wrapper\">\n\t\t\t\t\t\t\t<div class=\"button-text\">\n\t\t\t\t\t\t\t\t<span class=\"raven-button-text\">\n\t\t\t\t\t\t\t\t\tIst Ihr Gep\u00e4ck verloren gegangen?\t\t\t\t\t\t\t\t<\/span>\n\t\t\t\t\t\t\t<\/div>\n\t\t\t\t\t\t\t\t\t\t\t\t\t<\/div>\n\t\t\t\t\t\t\t\t\t\t\t<\/div>\n\t\t\t\t\t\n\t\t\t\t\t\t\t\t\t<\/span>\n\t\t\t<\/a>\t\t<\/div>\n\t\t\t\t\t\t<\/div>\n\t\t\t\t<\/div>\n\t\t\t\t<\/div>\n\t\t<div class=\"elementor-element elementor-element-bdc5710 e-con-full e-flex e-con e-child\" data-id=\"bdc5710\" data-element_type=\"container\" data-e-type=\"container\">\n\t\t\t\t<\/div>\n\t\t\t\t<\/div>\n\t\t\t\t\t<\/div>\n\t\t\t\t<\/div>\n\t\t\t\t<\/div>\n\t\t","protected":false},"excerpt":{"rendered":"<p>Haben Sie etwas verloren oder vergessen? Wenn Sie auf dem Weg in den Urlaub oder zu einer wichtigen Besprechung sind, sind Ihre Gedanken oft ganz woanders. In solchen F\u00e4llen kann es leicht passieren, dass man etwas am Flughafen oder im Flugzeug verliert oder vergisst. In diesem Fall k\u00f6nnen Sie sich jederzeit an den Abflug- oder [&hellip;]<\/p>\n","protected":false},"author":2,"featured_media":0,"parent":7040,"menu_order":0,"comment_status":"closed","ping_status":"closed","template":"","meta":{"_acf_changed":false,"_seopress_robots_primary_cat":"","_seopress_titles_title":"Haben Sie etwas an Bord des Flugzeugs vergessen?","_seopress_titles_desc":"Dann wenden Sie sich bitte immer an den Abflug- oder Ankunftsflughafen, wo verlorene Gegenst\u00e4nde registriert werden. Lesen Sie hier mehr.","_seopress_robots_index":"","footnotes":""},"region":[57,98],"class_list":["post-7055","page","type-page","status-publish","hentry","region-de","region-en"],"acf":[],"_links":{"self":[{"href":"https:\/\/dat.dk\/de\/wp-json\/wp\/v2\/pages\/7055","targetHints":{"allow":["GET"]}}],"collection":[{"href":"https:\/\/dat.dk\/de\/wp-json\/wp\/v2\/pages"}],"about":[{"href":"https:\/\/dat.dk\/de\/wp-json\/wp\/v2\/types\/page"}],"author":[{"embeddable":true,"href":"https:\/\/dat.dk\/de\/wp-json\/wp\/v2\/users\/2"}],"replies":[{"embeddable":true,"href":"https:\/\/dat.dk\/de\/wp-json\/wp\/v2\/comments?post=7055"}],"version-history":[{"count":3,"href":"https:\/\/dat.dk\/de\/wp-json\/wp\/v2\/pages\/7055\/revisions"}],"predecessor-version":[{"id":9777,"href":"https:\/\/dat.dk\/de\/wp-json\/wp\/v2\/pages\/7055\/revisions\/9777"}],"up":[{"embeddable":true,"href":"https:\/\/dat.dk\/de\/wp-json\/wp\/v2\/pages\/7040"}],"wp:attachment":[{"href":"https:\/\/dat.dk\/de\/wp-json\/wp\/v2\/media?parent=7055"}],"wp:term":[{"taxonomy":"region","embeddable":true,"href":"https:\/\/dat.dk\/de\/wp-json\/wp\/v2\/region?post=7055"}],"curies":[{"name":"wp","href":"https:\/\/api.w.org\/{rel}","templated":true}]}}