{"id":7053,"date":"2024-01-25T11:54:45","date_gmt":"2024-01-25T09:54:45","guid":{"rendered":"https:\/\/dat.dk\/reiseinformationen\/dyr\/"},"modified":"2025-08-06T13:04:30","modified_gmt":"2025-08-06T11:04:30","slug":"tiere","status":"publish","type":"page","link":"https:\/\/dat.dk\/de\/reiseinformationen\/tiere\/","title":{"rendered":"Reisen mit Tieren"},"content":{"rendered":"\t\t<div data-elementor-type=\"wp-page\" data-elementor-id=\"7053\" class=\"elementor elementor-7053 elementor-366\">\n\t\t\t\t<div class=\"elementor-element elementor-element-c13d7ec e-con-full e-flex e-con e-parent\" data-id=\"c13d7ec\" data-element_type=\"container\" data-e-type=\"container\">\n\t\t<div class=\"elementor-element elementor-element-0f66c4c e-flex e-con-boxed e-con e-child\" data-id=\"0f66c4c\" data-element_type=\"container\" data-e-type=\"container\">\n\t\t\t\t\t<div class=\"e-con-inner\">\n\t\t\t\t<div class=\"elementor-element elementor-element-16f2c49 elementor-widget elementor-widget-text-editor\" data-id=\"16f2c49\" data-element_type=\"widget\" data-e-type=\"widget\" data-widget_type=\"text-editor.default\">\n\t\t\t\t<div class=\"elementor-widget-container\">\n\t\t\t\t\t\t\t\t\t<h3>Kann ich Haustiere mit auf meine Reise nehmen?<\/h3><p>Auch Haustiere sind an Bord von DAT herzlich willkommen, aber bitte beachten Sie vor der Reise die folgenden Regeln.<\/p>\t\t\t\t\t\t\t\t<\/div>\n\t\t\t\t<\/div>\n\t\t\t\t<div class=\"elementor-element elementor-element-f2dc0e9 elementor-widget elementor-widget-raven-advanced-accordion\" data-id=\"f2dc0e9\" data-element_type=\"widget\" data-e-type=\"widget\" data-settings=\"{&quot;scroll_to_content&quot;:&quot;false&quot;}\" data-widget_type=\"raven-advanced-accordion.default\">\n\t\t\t\t<div class=\"elementor-widget-container\">\n\t\t\t\t\t\t\t\t<div id=\"jupiterx-advanced-accordion-wrapper\" class=\"jupiterx-advanced-accordion-wrapper\">\n\t\t\t\t<div class=\"jupiterx-advanced-accordion-inner-wrapper\">\n\t\t\t\t\t\t\t\t\t\t\t\t\t\t<div class=\"jupiterx-single-advanced-accordion-wrapper  jx-ac-first  jx-ac-active\" id=\"\" >\n\t\t\t\t<div class=\"jx-single-accordion-header\">\n\t\t\t\t\t<div class=\"jx-single-accordion-header-left\">\n\t\t\t\t\t\t<div class=\"jx-single-accordion-header-icon-toggle-wrapper jx-single-accordion-header-icon-toggle-wrapper-hide\" >\n\t\t\t\t\t\t\t\t\t\t\t\t\t<\/div>\n\t\t\t\t\t\t<span class=\"jx-ac-title\">Tiere in der Kabine<\/span>\t\t\t\t\t<\/div>\n\t\t\t\t\t<div class=\"jx-single-accordion-header-right\">\n\t\t\t\t\t\t<i aria-hidden=\"true\" class=\"jx-ac-icon-body-closed jx-ac-toggle-icon fas fa-chevron-right\"><\/i><i aria-hidden=\"true\" class=\"jx-ac-icon-body-opened jx-ac-toggle-icon fas fa-chevron-down\"><\/i>\t\t\t\t\t<\/div>\n\t\t\t\t<\/div>\n\t\t\t\t<div class=\"jx-single-accordion-body  jx-ac-body-block\">\n\t\t\t\t\t<div class=\"jx-ac-content\">\n\t\t\t\t\t\t<div class=\"jx-ac-content-inner-wrapper\">\n\t\t\t\t\t\t\t<div class=\"jupiterx-ac-content-is-editor\"><ul><li><p>Ihr Tier darf keine Gefahr oder Bel\u00e4stigung f\u00fcr andere Reisende darstellen.<\/p><\/li><li><p>F\u00fcr die Bef\u00f6rderung von kleinen Hunden und Katzen in der Kabine wird ein sicher verschlie\u00dfbarer Weichschalenbeh\u00e4lter ben\u00f6tigt.<\/p><\/li><li><p>Tiere (inclusive Box\/Tasche) d\u00fcrfen maximal 8 kg wiegen.<\/p><\/li><li><p>Handgep\u00e4cksdimensionen m\u00fcssen eingehalten werden.<\/p><\/li><li><p>Reisende mit Tieren m\u00fcssen alle n\u00f6tigen Dokumente mitbringen, (Export \/ Import \/ Transit \/ Erlaubnisse \/ Gesundheits- und Impfzeugnisse) sowie andere n\u00f6tige Vorbereitungen treffen (M\u00f6glicherweise Quarant\u00e4ne \/ Tierarzttermin bei Ankunft).<\/p><\/li><li><p>Tiere j\u00fcnger als 6 Monate und aus demselben Wurf d\u00fcrfen in derselben Box transportiert werden. Jedoch maximal 3 Tiere pro Box.<\/p><\/li><li><p>DAT ist nicht verantwortlich daf\u00fcr, wenn einem Tier die Mitreise oder die Einreise in ein Land verwehrt wird.<\/p><\/li><li><p>Genehmigungen f\u00fcr die Mitnahme von Tieren m\u00fcssen immer vor Reiseantritt vorliegen.<\/p><\/li><li><p>DAT\u00a0<b>akzeptiert keine<\/b>\u00a0der folgenden Tiere in seinen Flugzeugen:\u00a0<b>Hase, Kaninchen, Biber, Nerz, Motten, M\u00e4use oder Ratten (generell keine Nagetiere)<\/b>.<\/p><\/li><li><p>Blindenhunde und Polizeihunde k\u00f6nnen gratis mitgenommen werden.<\/p><\/li><li><p>Der Kapit\u00e4n ist befugt, jeden Transport eines Tieres zu erlauben oder abzulehnen.<\/p><\/li><\/ul><\/div>\t\t\t\t\t\t<\/div>\n\t\t\t\t\t<\/div>\n\t\t\t\t<\/div>\n\t\t\t<\/div>\n\t\t\t\t\t\t\t\t\t\t\t\t\t\t\t\t<div class=\"jupiterx-single-advanced-accordion-wrapper  jx-ac-inactive\" id=\"\" >\n\t\t\t\t<div class=\"jx-single-accordion-header\">\n\t\t\t\t\t<div class=\"jx-single-accordion-header-left\">\n\t\t\t\t\t\t<div class=\"jx-single-accordion-header-icon-toggle-wrapper jx-single-accordion-header-icon-toggle-wrapper-hide\" >\n\t\t\t\t\t\t\t\t\t\t\t\t\t<\/div>\n\t\t\t\t\t\t<span class=\"jx-ac-title\">Tiere im Frachtraum<\/span>\t\t\t\t\t<\/div>\n\t\t\t\t\t<div class=\"jx-single-accordion-header-right\">\n\t\t\t\t\t\t<i aria-hidden=\"true\" class=\"jx-ac-icon-body-closed jx-ac-toggle-icon fas fa-chevron-right\"><\/i><i aria-hidden=\"true\" class=\"jx-ac-icon-body-opened jx-ac-toggle-icon fas fa-chevron-down\"><\/i>\t\t\t\t\t<\/div>\n\t\t\t\t<\/div>\n\t\t\t\t<div class=\"jx-single-accordion-body  jx-ac-body-none\">\n\t\t\t\t\t<div class=\"jx-ac-content\">\n\t\t\t\t\t\t<div class=\"jx-ac-content-inner-wrapper\">\n\t\t\t\t\t\t\t<div class=\"jupiterx-ac-content-is-editor\"><ul><li>Der Reisende hat eine IATA zertifizierte Transportbox mitzubringen, die dem Tier eine sichere und bequeme Reise erm\u00f6glicht. Diese Box muss unten wasserdicht sein und innen mit einer saugf\u00e4higen Matte ausgestattet sein. Zus\u00e4tzlich m\u00fcssen die Tiere in der Lage sein in der Box zu stehen, sich zu drehen und problemlos hinzulegen. Beachten Sie: Stahlboxen mit Drahtgeflecht sind nicht erlaubt.<\/li><li>Reisende mit Tieren m\u00fcssen alle notwendigen Dokumente (Export\/Import\/Transit\/Genehmigungen\/Gesundheits- und Impfscheine) mitnehmen, sowie alle weiteren n\u00f6tigen Vorkehrungen treffen (M\u00f6gliche Quarant\u00e4ne \/ Tierarztuntersuchung nach der Ankunft)<\/li><li>Es ist erlaubt, 2 Tiere (max. 14 kg pro Tier) im gleichen Transportkasten zu transportieren; jedoch nur, wenn die Tiere es gewohnt sind zusammen zu reisen.<\/li><li>Tiere, die j\u00fcnger sind als 6 Monate und aus demselben Wurf stammen, k\u00f6nnen in derselben Box transportiert werden, jedoch maximal 3 Tiere pro Beh\u00e4lter.<\/li><\/ul><\/div>\t\t\t\t\t\t<\/div>\n\t\t\t\t\t<\/div>\n\t\t\t\t<\/div>\n\t\t\t<\/div>\n\t\t\t\t\t\t\t\t\t\t\t\t\t\t\t\t<div class=\"jupiterx-single-advanced-accordion-wrapper  jx-ac-last  jx-ac-inactive\" id=\"\" >\n\t\t\t\t<div class=\"jx-single-accordion-header\">\n\t\t\t\t\t<div class=\"jx-single-accordion-header-left\">\n\t\t\t\t\t\t<div class=\"jx-single-accordion-header-icon-toggle-wrapper jx-single-accordion-header-icon-toggle-wrapper-hide\" >\n\t\t\t\t\t\t\t\t\t\t\t\t\t<\/div>\n\t\t\t\t\t\t<span class=\"jx-ac-title\">Grunds\u00e4tzliche Hinweise f\u00fcr die Bef\u00f6rderung von Tieren auf DAT Fl\u00fcgen<\/span>\t\t\t\t\t<\/div>\n\t\t\t\t\t<div class=\"jx-single-accordion-header-right\">\n\t\t\t\t\t\t<i aria-hidden=\"true\" class=\"jx-ac-icon-body-closed jx-ac-toggle-icon fas fa-chevron-right\"><\/i><i aria-hidden=\"true\" class=\"jx-ac-icon-body-opened jx-ac-toggle-icon fas fa-chevron-down\"><\/i>\t\t\t\t\t<\/div>\n\t\t\t\t<\/div>\n\t\t\t\t<div class=\"jx-single-accordion-body  jx-ac-body-none\">\n\t\t\t\t\t<div class=\"jx-ac-content\">\n\t\t\t\t\t\t<div class=\"jx-ac-content-inner-wrapper\">\n\t\t\t\t\t\t\t<div class=\"jupiterx-ac-content-is-editor\"><ul><li>DAT lehnt jegliche Verantwortung ab, f\u00fcr den Fall, dass einem Tier die Mitreise oder die Einreise in ein Land verwehrt wird.<\/li><li>Genehmigungen m\u00fcssen stets vor Reiseantritt eingeholt werden.<\/li><li>DAT akzeptiert keine der folgenden Tiere in seinen Flugzeugen:\u00a0<b>Hasen, Kaninchen, Biber, Nerz, Motten, M\u00e4use oder Ratten (Generell keine Nagetiere).<\/b><\/li><li>Blindenhunde und Polizeihunde k\u00f6nnen gratis mitgenommen werden.<\/li><li>Der Kapit\u00e4n ist befugt jeden Transport eines Tieres zu erlauben bzw. ihn auch abzulehnen.<\/li><\/ul><\/div>\t\t\t\t\t\t<\/div>\n\t\t\t\t\t<\/div>\n\t\t\t\t<\/div>\n\t\t\t<\/div>\n\t\t\t\t\t\t\t\t\t\t\t<\/div>\n\t\t\t<\/div>\n\t\t\t<script type=\"application\/ld+json\">{\"@context\":\"https:\\\/\\\/schema.org\",\"@type\":\"FAQPage\",\"mainEntity\":[{\"@type\":\"Question\",\"name\":\"Tiere in der Kabine\",\"acceptedAnswer\":{\"@type\":\"Answer\",\"text\":\"<ul><li><p>Ihr Tier darf keine Gefahr oder Bel\\u00e4stigung f\\u00fcr andere Reisende darstellen.<\\\/p><\\\/li><li><p>F\\u00fcr die Bef\\u00f6rderung von kleinen Hunden und Katzen in der Kabine wird ein sicher verschlie\\u00dfbarer Weichschalenbeh\\u00e4lter ben\\u00f6tigt.<\\\/p><\\\/li><li><p>Tiere (inclusive Box\\\/Tasche) d\\u00fcrfen maximal 8 kg wiegen.<\\\/p><\\\/li><li><p>Handgep\\u00e4cksdimensionen m\\u00fcssen eingehalten werden.<\\\/p><\\\/li><li><p>Reisende mit Tieren m\\u00fcssen alle n\\u00f6tigen Dokumente mitbringen, (Export \\\/ Import \\\/ Transit \\\/ Erlaubnisse \\\/ Gesundheits- und Impfzeugnisse) sowie andere n\\u00f6tige Vorbereitungen treffen (M\\u00f6glicherweise Quarant\\u00e4ne \\\/ Tierarzttermin bei Ankunft).<\\\/p><\\\/li><li><p>Tiere j\\u00fcnger als 6 Monate und aus demselben Wurf d\\u00fcrfen in derselben Box transportiert werden. Jedoch maximal 3 Tiere pro Box.<\\\/p><\\\/li><li><p>DAT ist nicht verantwortlich daf\\u00fcr, wenn einem Tier die Mitreise oder die Einreise in ein Land verwehrt wird.<\\\/p><\\\/li><li><p>Genehmigungen f\\u00fcr die Mitnahme von Tieren m\\u00fcssen immer vor Reiseantritt vorliegen.<\\\/p><\\\/li><li><p>DAT\\u00a0<b>akzeptiert keine<\\\/b>\\u00a0der folgenden Tiere in seinen Flugzeugen:\\u00a0<b>Hase, Kaninchen, Biber, Nerz, Motten, M\\u00e4use oder Ratten (generell keine Nagetiere)<\\\/b>.<\\\/p><\\\/li><li><p>Blindenhunde und Polizeihunde k\\u00f6nnen gratis mitgenommen werden.<\\\/p><\\\/li><li><p>Der Kapit\\u00e4n ist befugt, jeden Transport eines Tieres zu erlauben oder abzulehnen.<\\\/p><\\\/li><\\\/ul>\"}},{\"@type\":\"Question\",\"name\":\"Tiere im Frachtraum\",\"acceptedAnswer\":{\"@type\":\"Answer\",\"text\":\"<ul><li>Der Reisende hat eine IATA zertifizierte Transportbox mitzubringen, die dem Tier eine sichere und bequeme Reise erm\\u00f6glicht. Diese Box muss unten wasserdicht sein und innen mit einer saugf\\u00e4higen Matte ausgestattet sein. Zus\\u00e4tzlich m\\u00fcssen die Tiere in der Lage sein in der Box zu stehen, sich zu drehen und problemlos hinzulegen. Beachten Sie: Stahlboxen mit Drahtgeflecht sind nicht erlaubt.<\\\/li><li>Reisende mit Tieren m\\u00fcssen alle notwendigen Dokumente (Export\\\/Import\\\/Transit\\\/Genehmigungen\\\/Gesundheits- und Impfscheine) mitnehmen, sowie alle weiteren n\\u00f6tigen Vorkehrungen treffen (M\\u00f6gliche Quarant\\u00e4ne \\\/ Tierarztuntersuchung nach der Ankunft)<\\\/li><li>Es ist erlaubt, 2 Tiere (max. 14 kg pro Tier) im gleichen Transportkasten zu transportieren; jedoch nur, wenn die Tiere es gewohnt sind zusammen zu reisen.<\\\/li><li>Tiere, die j\\u00fcnger sind als 6 Monate und aus demselben Wurf stammen, k\\u00f6nnen in derselben Box transportiert werden, jedoch maximal 3 Tiere pro Beh\\u00e4lter.<\\\/li><\\\/ul>\"}},{\"@type\":\"Question\",\"name\":\"Grunds\\u00e4tzliche Hinweise f\\u00fcr die Bef\\u00f6rderung von Tieren auf DAT Fl\\u00fcgen\",\"acceptedAnswer\":{\"@type\":\"Answer\",\"text\":\"<ul><li>DAT lehnt jegliche Verantwortung ab, f\\u00fcr den Fall, dass einem Tier die Mitreise oder die Einreise in ein Land verwehrt wird.<\\\/li><li>Genehmigungen m\\u00fcssen stets vor Reiseantritt eingeholt werden.<\\\/li><li>DAT akzeptiert keine der folgenden Tiere in seinen Flugzeugen:\\u00a0<b>Hasen, Kaninchen, Biber, Nerz, Motten, M\\u00e4use oder Ratten (Generell keine Nagetiere).<\\\/b><\\\/li><li>Blindenhunde und Polizeihunde k\\u00f6nnen gratis mitgenommen werden.<\\\/li><li>Der Kapit\\u00e4n ist befugt jeden Transport eines Tieres zu erlauben bzw. ihn auch abzulehnen.<\\\/li><\\\/ul>\"}}]}<\/script>\t\t\t\t<\/div>\n\t\t\t\t<\/div>\n\t\t<div class=\"elementor-element elementor-element-b0fe32f e-con-full e-flex e-con e-child\" data-id=\"b0fe32f\" data-element_type=\"container\" data-e-type=\"container\">\n\t\t<div class=\"elementor-element elementor-element-21416a1a e-con-full e-flex e-con e-child\" data-id=\"21416a1a\" data-element_type=\"container\" data-e-type=\"container\">\n\t\t\t\t<div class=\"elementor-element elementor-element-c849654 elementor-widget elementor-widget-raven-button\" data-id=\"c849654\" data-element_type=\"widget\" data-e-type=\"widget\" data-settings=\"{&quot;turn_to_popup_action_button&quot;:&quot;no&quot;}\" data-widget_type=\"raven-button.default\">\n\t\t\t\t<div class=\"elementor-widget-container\">\n\t\t\t\t\t\t\t<div class=\"raven-widget-wrapper\">\n\t\t\t<a class=\"raven-button raven-button-widget-normal-effect-none  raven-button-text-align-center raven-button-link elementor-animation-none\" href=\"\/de\/kundenbetreuung\/\">\t\t\t\t<div class=\"raven-button-overlay\" ><\/div>\n\t\t\t\t<span class=\"raven-button-content\">\n\t\t\t\t\t\n\t\t\t\t\t<div class=\"button-text-container\">\n\t\t\t\t\t\t\t\t\t\t\t\t<div class=\"raven-button-texts-wrapper\">\n\t\t\t\t\t\t\t<div class=\"button-text\">\n\t\t\t\t\t\t\t\t<span class=\"raven-button-text\">\n\t\t\t\t\t\t\t\t\tKontakt zum Kundendienst\t\t\t\t\t\t\t\t<\/span>\n\t\t\t\t\t\t\t<\/div>\n\t\t\t\t\t\t\t\t\t\t\t\t\t<\/div>\n\t\t\t\t\t\t\t\t\t\t\t<\/div>\n\t\t\t\t\t\n\t\t\t\t\t\t\t\t\t<\/span>\n\t\t\t<\/a>\t\t<\/div>\n\t\t\t\t\t\t<\/div>\n\t\t\t\t<\/div>\n\t\t\t\t<\/div>\n\t\t<div class=\"elementor-element elementor-element-7c4f8c86 e-con-full e-flex e-con e-child\" data-id=\"7c4f8c86\" data-element_type=\"container\" data-e-type=\"container\">\n\t\t\t\t<\/div>\n\t\t\t\t<\/div>\n\t\t\t\t\t<\/div>\n\t\t\t\t<\/div>\n\t\t\t\t<\/div>\n\t\t<div class=\"elementor-element elementor-element-3becbbf e-flex e-con-boxed e-con e-parent\" data-id=\"3becbbf\" data-element_type=\"container\" data-e-type=\"container\">\n\t\t\t\t\t<div class=\"e-con-inner\">\n\t\t\t\t\t<\/div>\n\t\t\t\t<\/div>\n\t\t\t\t<\/div>\n\t\t","protected":false},"excerpt":{"rendered":"<p>Kann ich Haustiere mit auf meine Reise nehmen? Auch Haustiere sind an Bord von DAT herzlich willkommen, aber bitte beachten Sie vor der Reise die folgenden Regeln. Tiere in der Kabine Ihr Tier darf keine Gefahr oder Bel\u00e4stigung f\u00fcr andere Reisende darstellen. F\u00fcr die Bef\u00f6rderung von kleinen Hunden und Katzen in der Kabine wird ein [&hellip;]<\/p>\n","protected":false},"author":2,"featured_media":0,"parent":7040,"menu_order":0,"comment_status":"closed","ping_status":"closed","template":"","meta":{"_acf_changed":false,"_seopress_robots_primary_cat":"","_seopress_titles_title":"Soll Ihr Haustier mit auf die Reise?","_seopress_titles_desc":"Hunde und Katzen sind bei DAT herzlich willkommen \u2013 entweder in der Kabine oder im Frachtraum. Lesen Sie hier die Regeln.","_seopress_robots_index":"","footnotes":""},"region":[56,57],"class_list":["post-7053","page","type-page","status-publish","hentry","region-da","region-de"],"acf":[],"_links":{"self":[{"href":"https:\/\/dat.dk\/de\/wp-json\/wp\/v2\/pages\/7053","targetHints":{"allow":["GET"]}}],"collection":[{"href":"https:\/\/dat.dk\/de\/wp-json\/wp\/v2\/pages"}],"about":[{"href":"https:\/\/dat.dk\/de\/wp-json\/wp\/v2\/types\/page"}],"author":[{"embeddable":true,"href":"https:\/\/dat.dk\/de\/wp-json\/wp\/v2\/users\/2"}],"replies":[{"embeddable":true,"href":"https:\/\/dat.dk\/de\/wp-json\/wp\/v2\/comments?post=7053"}],"version-history":[{"count":3,"href":"https:\/\/dat.dk\/de\/wp-json\/wp\/v2\/pages\/7053\/revisions"}],"predecessor-version":[{"id":9781,"href":"https:\/\/dat.dk\/de\/wp-json\/wp\/v2\/pages\/7053\/revisions\/9781"}],"up":[{"embeddable":true,"href":"https:\/\/dat.dk\/de\/wp-json\/wp\/v2\/pages\/7040"}],"wp:attachment":[{"href":"https:\/\/dat.dk\/de\/wp-json\/wp\/v2\/media?parent=7053"}],"wp:term":[{"taxonomy":"region","embeddable":true,"href":"https:\/\/dat.dk\/de\/wp-json\/wp\/v2\/region?post=7053"}],"curies":[{"name":"wp","href":"https:\/\/api.w.org\/{rel}","templated":true}]}}