{"id":7045,"date":"2024-01-24T13:11:53","date_gmt":"2024-01-24T11:11:53","guid":{"rendered":"https:\/\/dat.dk\/reiseinformationen\/born\/"},"modified":"2025-08-06T13:03:09","modified_gmt":"2025-08-06T11:03:09","slug":"kinder","status":"publish","type":"page","link":"https:\/\/dat.dk\/de\/reiseinformationen\/kinder\/","title":{"rendered":"Kinder"},"content":{"rendered":"\t\t<div data-elementor-type=\"wp-page\" data-elementor-id=\"7045\" class=\"elementor elementor-7045 elementor-236\">\n\t\t\t\t<div class=\"elementor-element elementor-element-9056156 e-flex e-con-boxed e-con e-parent\" data-id=\"9056156\" data-element_type=\"container\" data-e-type=\"container\">\n\t\t\t\t\t<div class=\"e-con-inner\">\n\t\t<div class=\"elementor-element elementor-element-8a451cc e-flex e-con-boxed e-con e-child\" data-id=\"8a451cc\" data-element_type=\"container\" data-e-type=\"container\">\n\t\t\t\t\t<div class=\"e-con-inner\">\n\t\t<div class=\"elementor-element elementor-element-6153ba7 e-flex e-con-boxed e-con e-child\" data-id=\"6153ba7\" data-element_type=\"container\" data-e-type=\"container\">\n\t\t\t\t\t<div class=\"e-con-inner\">\n\t\t\t\t<div class=\"elementor-element elementor-element-3c7370e elementor-widget elementor-widget-text-editor\" data-id=\"3c7370e\" data-element_type=\"widget\" data-e-type=\"widget\" data-widget_type=\"text-editor.default\">\n\t\t\t\t<div class=\"elementor-widget-container\">\n\t\t\t\t\t\t\t\t\t<h2>Alleinreisende Kinder<\/h2>\n<p>Ihr Kind ist in guten H\u00e4nden, wenn es mit DAT reist.<\/p>\n<p>Reist Ihr Kind unbegleitet? Buchen Sie ein <strong>UM-Ticket<\/strong> (Unaccompanied Minor), um sicherzustellen, dass ihr Kind von unserem aufmerksamen Personal begleitet und betreut wird. Unsere Mitarbeiter werden auch daf\u00fcr sorgen, dass Ihr Kind w\u00e4hrend der gesamten Reise sich sicher f\u00fchlt und ein rundum gutes Erlebnis hat.<\/p>\n<p><strong>UM-Service:<\/strong><\/p>\n<ul>\n<li>Ihr Kind wird durch den Flughafen und bis zum Flugsteig\/Flugzeug begleitet, wo es in die Obhut unseres Kabinenpersonals \u00fcbergeben wird.<\/li>\n<li>Die Flugbegleiter beaufsichtigen Ihr Kind w\u00e4hrend des gesamten Fluges und sorgen daf\u00fcr, dass es sich sicher f\u00fchlt.<\/li>\n<li>Wir stellen sicher, dass Ihr Kind am Zielort an die richtige Person \u00fcbergeben wird, und verlangen einen Lichtbildausweis von dem Abholer, bevor das Kind \u00fcbergeben wird.<\/li>\n<\/ul>\t\t\t\t\t\t\t\t<\/div>\n\t\t\t\t<\/div>\n\t\t<div class=\"elementor-element elementor-element-bbf7ae4 e-con-full e-flex e-con e-child\" data-id=\"bbf7ae4\" data-element_type=\"container\" data-e-type=\"container\">\n\t\t<div class=\"elementor-element elementor-element-60647bc7 e-con-full e-flex e-con e-child\" data-id=\"60647bc7\" data-element_type=\"container\" data-e-type=\"container\">\n\t\t\t\t<div class=\"elementor-element elementor-element-90160e1 elementor-widget elementor-widget-raven-button\" data-id=\"90160e1\" data-element_type=\"widget\" data-e-type=\"widget\" data-settings=\"{&quot;turn_to_popup_action_button&quot;:&quot;no&quot;}\" data-widget_type=\"raven-button.default\">\n\t\t\t\t<div class=\"elementor-widget-container\">\n\t\t\t\t\t\t\t<div class=\"raven-widget-wrapper\">\n\t\t\t<a class=\"raven-button raven-button-widget-normal-effect-none  raven-button-text-align-center raven-button-link elementor-animation-none\" href=\"#um-ticket\">\t\t\t\t<div class=\"raven-button-overlay\" ><\/div>\n\t\t\t\t<span class=\"raven-button-content\">\n\t\t\t\t\t\n\t\t\t\t\t<div class=\"button-text-container\">\n\t\t\t\t\t\t\t\t\t\t\t\t<div class=\"raven-button-texts-wrapper\">\n\t\t\t\t\t\t\t<div class=\"button-text\">\n\t\t\t\t\t\t\t\t<span class=\"raven-button-text\">\n\t\t\t\t\t\t\t\t\tUM-Ticket bestellen\t\t\t\t\t\t\t\t<\/span>\n\t\t\t\t\t\t\t<\/div>\n\t\t\t\t\t\t\t\t\t\t\t\t\t<\/div>\n\t\t\t\t\t\t\t\t\t\t\t<\/div>\n\t\t\t\t\t\n\t\t\t\t\t\t\t\t\t<\/span>\n\t\t\t<\/a>\t\t<\/div>\n\t\t\t\t\t\t<\/div>\n\t\t\t\t<\/div>\n\t\t\t\t<\/div>\n\t\t<div class=\"elementor-element elementor-element-523b82ca e-con-full e-flex e-con e-child\" data-id=\"523b82ca\" data-element_type=\"container\" data-e-type=\"container\">\n\t\t\t\t<\/div>\n\t\t\t\t<\/div>\n\t\t\t\t\t<\/div>\n\t\t\t\t<\/div>\n\t\t<div class=\"elementor-element elementor-element-b76adba e-flex e-con-boxed e-con e-child\" data-id=\"b76adba\" data-element_type=\"container\" data-e-type=\"container\">\n\t\t\t\t\t<div class=\"e-con-inner\">\n\t\t\t\t<div class=\"elementor-element elementor-element-d1ff8c1 elementor-widget elementor-widget-text-editor\" data-id=\"d1ff8c1\" data-element_type=\"widget\" data-e-type=\"widget\" data-widget_type=\"text-editor.default\">\n\t\t\t\t<div class=\"elementor-widget-container\">\n\t\t\t\t\t\t\t\t\t<h4>Wer kann allein reisen?<\/h4><ul><li>F\u00fcr Kinder im Alter von 5-11 Jahren ist der UM-Dienst obligatorisch.<\/li><li>F\u00fcr Kinder im Alter von 12-15 Jahren k\u00f6nnen Sie sich freiwillig f\u00fcr den UM-Service entscheiden.<\/li><li>Kinder unter 5 Jahren m\u00fcssen von einem Fluggast begleitet werden, der mindestens 16 Jahre alt ist, und k\u00f6nnen nicht mit einem UM-Ticket reisen.<\/li><\/ul>\t\t\t\t\t\t\t\t<\/div>\n\t\t\t\t<\/div>\n\t\t\t\t\t<\/div>\n\t\t\t\t<\/div>\n\t\t<div class=\"elementor-element elementor-element-a5aab5b e-flex e-con-boxed e-con e-child\" data-id=\"a5aab5b\" data-element_type=\"container\" data-e-type=\"container\">\n\t\t\t\t\t<div class=\"e-con-inner\">\n\t\t\t\t<div class=\"elementor-element elementor-element-3fa3194 elementor-widget elementor-widget-text-editor\" data-id=\"3fa3194\" data-element_type=\"widget\" data-e-type=\"widget\" data-widget_type=\"text-editor.default\">\n\t\t\t\t<div class=\"elementor-widget-container\">\n\t\t\t\t\t\t\t\t\t<h4>Vor der Reise:<\/h4><ol><li>Vor der Reise m\u00fcssen Sie f\u00fcr Ihr Kind ein Formular ausf\u00fcllen (<i>Handling Advice Formular<\/i>). Sie finden das <a href=\"https:\/\/dat.dk\/wp-content\/uploads\/2025\/02\/DAT_handling-advice-unaccompanied-minor.pdf\">Formular hier<\/a>.<\/li><li>Wenn Ihr Kind mit einem UM-Ticket reist, m\u00fcssen Sie mindestens 60 Minuten vor Abflug am Flughafen eintreffen und einchecken.<\/li><li>Sie oder die Person, die Ihr Kind am Flughafen abgibt, m\u00fcssen am Flughafen bleiben, bis das Flugzeug in der Luft ist.<\/li><li>Die Person, die das Kind abholt, muss einen g\u00fcltigen Lichtbildausweis vorlegen, um das Kind abholen zu k\u00f6nnen.<\/li><\/ol>\t\t\t\t\t\t\t\t<\/div>\n\t\t\t\t<\/div>\n\t\t\t\t\t<\/div>\n\t\t\t\t<\/div>\n\t\t<div class=\"elementor-element elementor-element-2daf756 e-flex e-con-boxed e-con e-child\" data-id=\"2daf756\" data-element_type=\"container\" data-e-type=\"container\">\n\t\t\t\t\t<div class=\"e-con-inner\">\n\t\t\t\t<div class=\"elementor-element elementor-element-27974a6 elementor-widget elementor-widget-text-editor\" data-id=\"27974a6\" data-element_type=\"widget\" data-e-type=\"widget\" data-widget_type=\"text-editor.default\">\n\t\t\t\t<div class=\"elementor-widget-container\">\n\t\t\t\t\t\t\t\t\t<h4>Kleinkinder<\/h4><p>Kleinkinder (0-24 Monate), die keinen eigenen Sitzplatz in Anspruch nehmen, reisen in Begleitung eines Erwachsenen, ungeachtet zu welchem Tarif, kostenlos. Das Kind muss aber unbedingt bei der Buchung hinzugef\u00fcgt werden.<\/p>\t\t\t\t\t\t\t\t<\/div>\n\t\t\t\t<\/div>\n\t\t\t\t\t<\/div>\n\t\t\t\t<\/div>\n\t\t\t\t\t<\/div>\n\t\t\t\t<\/div>\n\t\t\t\t\t<\/div>\n\t\t\t\t<\/div>\n\t\t<div class=\"elementor-element elementor-element-003d264 e-flex e-con-boxed e-con e-parent\" data-id=\"003d264\" data-element_type=\"container\" data-e-type=\"container\">\n\t\t\t\t\t<div class=\"e-con-inner\">\n\t\t\t\t<div class=\"elementor-element elementor-element-2c63e15 elementor-widget elementor-widget-shortcode\" data-id=\"2c63e15\" data-element_type=\"widget\" data-e-type=\"widget\" id=\"um-ticket\" data-widget_type=\"shortcode.default\">\n\t\t\t\t<div class=\"elementor-widget-container\">\n\t\t\t\t\t\t\t<div class=\"elementor-shortcode\">\t\t<div data-elementor-type=\"section\" data-elementor-id=\"7067\" class=\"elementor elementor-7067 elementor-1750 elementor-1750\">\n\t\t\t\t<div class=\"elementor-element elementor-element-f2e059a e-flex e-con-boxed e-con e-parent\" data-id=\"f2e059a\" data-element_type=\"container\" data-e-type=\"container\">\n\t\t\t\t\t<div class=\"e-con-inner\">\n\t\t\t\t<div class=\"elementor-element elementor-element-b00d99a elementor-widget elementor-widget-wp-widget-fs_wp_widget\" data-id=\"b00d99a\" data-element_type=\"widget\" data-e-type=\"widget\" data-widget_type=\"wp-widget-fs_wp_widget.default\">\n\t\t\t\t<div class=\"elementor-widget-container\">\n\t\t\t\t\t<div class=\"jupiterx-widget widget_fs_wp_widget\"><div class=\"jupiterx-widget-content\">\n\t\t<div class=\"fs_wp_sidebar\">\n\t\t\t<script type=\"text\/javascript\" src=\"https:\/\/www.formstack.com\/forms\/js.php?4947996-WrC2XxNhlS&#038;nojquery=1\"><\/script>\n\t\t\t<noscript>\n\t\t\t\t<a href=\"https:\/\/www.formstack.com\/forms\/?4947996-WrC2XxNhlS&#038;nojquery=1\" title=\"Online Form\">Online Form<\/a>\n\t\t\t<\/noscript>\n\t\t\t\t\t<\/div>\n\t<\/div><\/div>\t\t\t\t<\/div>\n\t\t\t\t<\/div>\n\t\t\t\t\t<\/div>\n\t\t\t\t<\/div>\n\t\t\t\t<\/div>\n\t\t<\/div>\n\t\t\t\t\t\t<\/div>\n\t\t\t\t<\/div>\n\t\t\t\t\t<\/div>\n\t\t\t\t<\/div>\n\t\t\t\t<\/div>\n\t\t","protected":false},"excerpt":{"rendered":"<p>Alleinreisende Kinder Ihr Kind ist in guten H\u00e4nden, wenn es mit DAT reist. Reist Ihr Kind unbegleitet? Buchen Sie ein UM-Ticket (Unaccompanied Minor), um sicherzustellen, dass ihr Kind von unserem aufmerksamen Personal begleitet und betreut wird. Unsere Mitarbeiter werden auch daf\u00fcr sorgen, dass Ihr Kind w\u00e4hrend der gesamten Reise sich sicher f\u00fchlt und ein rundum [&hellip;]<\/p>\n","protected":false},"author":2,"featured_media":0,"parent":7040,"menu_order":0,"comment_status":"closed","ping_status":"closed","template":"","meta":{"_acf_changed":false,"_seopress_robots_primary_cat":"","_seopress_titles_title":"Muss Ihr Kind alleine reisen?","_seopress_titles_desc":"Ihr Kind reist niemals allein, wenn es mit DAT fliegt. Buchen Sie ein UM-Ticket, dann begleiten wir Ihr Kind auf der gesamten Reise.","_seopress_robots_index":"","footnotes":""},"region":[56,57],"class_list":["post-7045","page","type-page","status-publish","hentry","region-da","region-de"],"acf":[],"_links":{"self":[{"href":"https:\/\/dat.dk\/de\/wp-json\/wp\/v2\/pages\/7045","targetHints":{"allow":["GET"]}}],"collection":[{"href":"https:\/\/dat.dk\/de\/wp-json\/wp\/v2\/pages"}],"about":[{"href":"https:\/\/dat.dk\/de\/wp-json\/wp\/v2\/types\/page"}],"author":[{"embeddable":true,"href":"https:\/\/dat.dk\/de\/wp-json\/wp\/v2\/users\/2"}],"replies":[{"embeddable":true,"href":"https:\/\/dat.dk\/de\/wp-json\/wp\/v2\/comments?post=7045"}],"version-history":[{"count":3,"href":"https:\/\/dat.dk\/de\/wp-json\/wp\/v2\/pages\/7045\/revisions"}],"predecessor-version":[{"id":9780,"href":"https:\/\/dat.dk\/de\/wp-json\/wp\/v2\/pages\/7045\/revisions\/9780"}],"up":[{"embeddable":true,"href":"https:\/\/dat.dk\/de\/wp-json\/wp\/v2\/pages\/7040"}],"wp:attachment":[{"href":"https:\/\/dat.dk\/de\/wp-json\/wp\/v2\/media?parent=7045"}],"wp:term":[{"taxonomy":"region","embeddable":true,"href":"https:\/\/dat.dk\/de\/wp-json\/wp\/v2\/region?post=7045"}],"curies":[{"name":"wp","href":"https:\/\/api.w.org\/{rel}","templated":true}]}}