{"id":3307,"date":"2026-04-07T11:45:00","date_gmt":"2026-04-07T09:45:00","guid":{"rendered":"http:\/\/dat.dk\/?page_id=3307"},"modified":"2026-04-15T15:16:42","modified_gmt":"2026-04-15T13:16:42","slug":"foerst-til-moelle","status":"publish","type":"page","link":"https:\/\/dat.dk\/de\/kampagner\/foerst-til-moelle\/","title":{"rendered":"Kampagnebilletter \u2013 F\u00f8rst til M\u00f8lle"},"content":{"rendered":"\t\t<div data-elementor-type=\"wp-page\" data-elementor-id=\"3307\" class=\"elementor elementor-3307\">\n\t\t\t\t<div class=\"elementor-element elementor-element-60396d7 e-con-full e-flex e-con e-parent\" data-id=\"60396d7\" data-element_type=\"container\" data-e-type=\"container\" data-settings=\"{&quot;background_background&quot;:&quot;classic&quot;}\">\n\t\t<div class=\"elementor-element elementor-element-b341249 e-flex e-con-boxed e-con e-child\" data-id=\"b341249\" data-element_type=\"container\" data-e-type=\"container\">\n\t\t\t\t\t<div class=\"e-con-inner\">\n\t\t<div class=\"elementor-element elementor-element-1d4e531 e-con-full e-flex e-con e-child\" data-id=\"1d4e531\" data-element_type=\"container\" data-e-type=\"container\">\n\t\t\t\t<div class=\"elementor-element elementor-element-c2ea9b1 elementor-widget elementor-widget-heading\" data-id=\"c2ea9b1\" data-element_type=\"widget\" data-e-type=\"widget\" data-widget_type=\"heading.default\">\n\t\t\t\t<div class=\"elementor-widget-container\">\n\t\t\t\t\t<h1 class=\"elementor-heading-title elementor-size-default\">Flyv billigt med vores \u201dF\u00f8rst Til M\u00f8lle\u201d- kampagne<\/h1>\t\t\t\t<\/div>\n\t\t\t\t<\/div>\n\t\t\t\t<div class=\"elementor-element elementor-element-f185eb6 elementor-widget elementor-widget-text-editor\" data-id=\"f185eb6\" data-element_type=\"widget\" data-e-type=\"widget\" data-widget_type=\"text-editor.default\">\n\t\t\t\t<div class=\"elementor-widget-container\">\n\t\t\t\t\t\t\t\t\t<p>Udover vores almindelige billige billetter, tilbyder vi ogs\u00e5 vores faste \u201dF\u00f8rst til M\u00f8lle-kampagne\u201d p\u00e5 udvalgte direkte ruter og afgange.<\/p><p>Den f\u00f8rste tirsdag i hver m\u00e5ned s\u00e6tter vi \u201dF\u00f8rst til M\u00f8lle\u201d billetter til salg. Prisen er 444,- DKK en vej med afrejse den efterf\u00f8lgende m\u00e5ned.<\/p><p><b>For eksempel:<\/b>\u00a0k\u00f8ber du F\u00f8rst til M\u00f8lle billetter i December, s\u00e5 g\u00e6lder kampagnen for alle direkte ruter og afgange i Januar m\u00e5ned.<\/p><p>\u201dF\u00f8rst til M\u00f8lle\u201d billetter vises i bookingsystemet under &#8222;Kampagne&#8220;. Billetter s\u00e6ttes til salg i vores systemet ved 12-tiden. Der er et begr\u00e6nset antal billetter og kampagnen g\u00e6lder s\u00e5 l\u00e6nge lager haves.<\/p><h4>Bestillingsbetingelser:<\/h4><ul><li>Ingen ombooking<\/li><li>8 kg h\u00e5ndbagage inkluderet<\/li><li>Der er et till\u00e6gsgebyr for indchecket bagage<\/li><li>Ved afbestilling bliver skatter og afgifter tilbagebetalt<\/li><\/ul>\t\t\t\t\t\t\t\t<\/div>\n\t\t\t\t<\/div>\n\t\t\t\t<\/div>\n\t\t<div class=\"elementor-element elementor-element-309d55e e-con-full e-flex e-con e-child\" data-id=\"309d55e\" data-element_type=\"container\" data-e-type=\"container\">\n\t\t\t\t<div class=\"elementor-element elementor-element-7b55ed1 elementor-widget elementor-widget-raven-image\" data-id=\"7b55ed1\" data-element_type=\"widget\" data-e-type=\"widget\" data-widget_type=\"raven-image.default\">\n\t\t\t\t<div class=\"elementor-widget-container\">\n\t\t\t\t\t\t\t<div class=\"raven-image\">\n\t\t\n\t\t\n\t\t<img alt=\"\" fetchpriority=\"high\" decoding=\"async\" width=\"564\" height=\"510\" src=\"https:\/\/dat.dk\/wp-content\/uploads\/2026\/04\/denmark-square-copy-7.png\" class=\"attachment-full size-full wp-image-13884\" alt=\"\" srcset=\"https:\/\/dat.dk\/wp-content\/uploads\/2026\/04\/denmark-square-copy-7.png 564w, https:\/\/dat.dk\/wp-content\/uploads\/2026\/04\/denmark-square-copy-7-300x271.png 300w, https:\/\/dat.dk\/wp-content\/uploads\/2026\/04\/denmark-square-copy-7-221x200.png 221w\" sizes=\"(max-width: 564px) 100vw, 564px\" \/>\t\t<\/div>\n\t\t\t\t\t\t<\/div>\n\t\t\t\t<\/div>\n\t\t<a class=\"elementor-element elementor-element-8433244 e-con-full e-flex e-con e-child\" data-id=\"8433244\" data-element_type=\"container\" data-e-type=\"container\" data-settings=\"{&quot;background_background&quot;:&quot;classic&quot;}\" href=\"https:\/\/book.dat.dk?language=da\">\n\t\t\t\t<div class=\"elementor-element elementor-element-d6fec1b elementor-widget elementor-widget-heading\" data-id=\"d6fec1b\" data-element_type=\"widget\" data-e-type=\"widget\" data-widget_type=\"heading.default\">\n\t\t\t\t<div class=\"elementor-widget-container\">\n\t\t\t\t\t<h5 class=\"elementor-heading-title elementor-size-default\">Book nu<\/h5>\t\t\t\t<\/div>\n\t\t\t\t<\/div>\n\t\t\t\t<div class=\"elementor-element elementor-element-8b1db7b elementor-widget elementor-widget-heading\" data-id=\"8b1db7b\" data-element_type=\"widget\" data-e-type=\"widget\" data-widget_type=\"heading.default\">\n\t\t\t\t<div class=\"elementor-widget-container\">\n\t\t\t\t\t<h1 class=\"elementor-heading-title elementor-size-default\">444,- DKK<\/h1>\t\t\t\t<\/div>\n\t\t\t\t<\/div>\n\t\t\t\t<div class=\"elementor-element elementor-element-f44f4ae elementor-widget elementor-widget-heading\" data-id=\"f44f4ae\" data-element_type=\"widget\" data-e-type=\"widget\" data-widget_type=\"heading.default\">\n\t\t\t\t<div class=\"elementor-widget-container\">\n\t\t\t\t\t<h5 class=\"elementor-heading-title elementor-size-default\">en vej<\/h5>\t\t\t\t<\/div>\n\t\t\t\t<\/div>\n\t\t\t\t<\/a>\n\t\t\t\t<\/div>\n\t\t\t\t\t<\/div>\n\t\t\t\t<\/div>\n\t\t<div class=\"elementor-element elementor-element-8a902a0 e-flex e-con-boxed e-con e-child\" data-id=\"8a902a0\" data-element_type=\"container\" data-e-type=\"container\">\n\t\t\t\t\t<div class=\"e-con-inner\">\n\t\t<div class=\"elementor-element elementor-element-b4bbaea e-flex e-con-boxed e-con e-child\" data-id=\"b4bbaea\" data-element_type=\"container\" data-e-type=\"container\" data-settings=\"{&quot;background_background&quot;:&quot;classic&quot;}\">\n\t\t\t\t\t<div class=\"e-con-inner\">\n\t\t\t\t<div class=\"elementor-element elementor-element-50230a1 elementor-widget elementor-widget-heading\" data-id=\"50230a1\" data-element_type=\"widget\" data-e-type=\"widget\" data-widget_type=\"heading.default\">\n\t\t\t\t<div class=\"elementor-widget-container\">\n\t\t\t\t\t<h2 class=\"elementor-heading-title elementor-size-default\">Regler:<\/h2>\t\t\t\t<\/div>\n\t\t\t\t<\/div>\n\t\t\t\t<div class=\"elementor-element elementor-element-2c4c0c7 elementor-widget elementor-widget-text-editor\" data-id=\"2c4c0c7\" data-element_type=\"widget\" data-e-type=\"widget\" data-widget_type=\"text-editor.default\">\n\t\t\t\t<div class=\"elementor-widget-container\">\n\t\t\t\t\t\t\t\t\t<ul><li>8 kg h\u00e5ndbagage inkluderet i billetprisen<\/li><li>Indchecket bagage er ikke inkluderet i billetprisen (muligt at tilk\u00f8be indchecket bagage 23 kg)<\/li><li>Afbestillingsfrist p\u00e5 24 timer (minimum 24 timer indtil afrejse)<\/li><li>Skatter og afgifter refunderes<\/li><li>Ombooking og navne\u00e6ndring ikke tilladt\u00a0<\/li><\/ul><p>For mere information kan du kontakte DAT kundeservice p\u00e5:\u00a0\u00a0<br \/>+45 76 92 30 40 eller\u00a0<a href=\"mailto:kundeservice@dat.dk\">kundeservice@dat.dk<\/a>.\u00a0<\/p>\t\t\t\t\t\t\t\t<\/div>\n\t\t\t\t<\/div>\n\t\t\t\t\t<\/div>\n\t\t\t\t<\/div>\n\t\t\t\t\t<\/div>\n\t\t\t\t<\/div>\n\t\t\t\t<\/div>\n\t\t<div class=\"elementor-element elementor-element-9a756e7 e-flex e-con-boxed e-con e-child\" data-id=\"9a756e7\" data-element_type=\"container\" data-e-type=\"container\">\n\t\t\t\t\t<div class=\"e-con-inner\">\n\t\t\t\t<div class=\"elementor-element elementor-element-5025f4c elementor-widget elementor-widget-heading\" data-id=\"5025f4c\" data-element_type=\"widget\" data-e-type=\"widget\" data-widget_type=\"heading.default\">\n\t\t\t\t<div class=\"elementor-widget-container\">\n\t\t\t\t\t<h2 class=\"elementor-heading-title elementor-size-default\">F\u00f8rst til M\u00f8lle billetter er tilg\u00e6ngelige i Danmark <span style=\"text-align: var(--text-align);background-color: var( --e-global-color-0b5edf9 )\">og <\/span><span style=\"color: var( --e-global-color-text );text-align: var(--text-align);background-color: var( --e-global-color-0b5edf9 )\">Norge:<\/span><span style=\"color: var( --e-global-color-text );text-align: var(--text-align);background-color: var( --e-global-color-0b5edf9 )\"><\/span><br><\/h2>\t\t\t\t<\/div>\n\t\t\t\t<\/div>\n\t\t<div class=\"elementor-element elementor-element-02dc679 e-flex e-con-boxed e-con e-child\" data-id=\"02dc679\" data-element_type=\"container\" data-e-type=\"container\">\n\t\t\t\t\t<div class=\"e-con-inner\">\n\t\t<a class=\"elementor-element elementor-element-0cb8fea e-con-full e-flex e-con e-child\" data-id=\"0cb8fea\" data-element_type=\"container\" data-e-type=\"container\" data-settings=\"{&quot;background_background&quot;:&quot;classic&quot;}\" href=\"\/kampagner\/foerst-til-moelle\">\n\t\t\t\t<div class=\"elementor-element elementor-element-886207e elementor-widget elementor-widget-raven-image\" data-id=\"886207e\" data-element_type=\"widget\" data-e-type=\"widget\" data-widget_type=\"raven-image.default\">\n\t\t\t\t<div class=\"elementor-widget-container\">\n\t\t\t\t\t\t\t<div class=\"raven-image\">\n\t\t\n\t\t\n\t\t<img alt=\"\" decoding=\"async\" width=\"1\" height=\"1\" src=\"https:\/\/dat.dk\/wp-content\/uploads\/2024\/03\/dk.svg\" class=\"attachment-Flag icon size-Flag icon wp-image-1110\" alt=\"\" \/>\t\t<\/div>\n\t\t\t\t\t\t<\/div>\n\t\t\t\t<\/div>\n\t\t\t\t<div class=\"elementor-element elementor-element-c3db028 elementor-widget elementor-widget-heading\" data-id=\"c3db028\" data-element_type=\"widget\" data-e-type=\"widget\" data-widget_type=\"heading.default\">\n\t\t\t\t<div class=\"elementor-widget-container\">\n\t\t\t\t\t<h4 class=\"elementor-heading-title elementor-size-default\">Danmark<\/h4>\t\t\t\t<\/div>\n\t\t\t\t<\/div>\n\t\t\t\t<div class=\"elementor-element elementor-element-7c3f018 elementor-widget__width-inherit elementor-widget elementor-widget-text-editor\" data-id=\"7c3f018\" data-element_type=\"widget\" data-e-type=\"widget\" data-widget_type=\"text-editor.default\">\n\t\t\t\t<div class=\"elementor-widget-container\">\n\t\t\t\t\t\t\t\t\t<p>F\u00f8rst til M\u00f8lle<\/p>\t\t\t\t\t\t\t\t<\/div>\n\t\t\t\t<\/div>\n\t\t\t\t<\/a>\n\t\t<a class=\"elementor-element elementor-element-de3c8ec e-con-full e-flex e-con e-child\" data-id=\"de3c8ec\" data-element_type=\"container\" data-e-type=\"container\" data-settings=\"{&quot;background_background&quot;:&quot;classic&quot;}\" href=\"\/kampagner\/foerst-til-moella\">\n\t\t\t\t<div class=\"elementor-element elementor-element-6df62de elementor-widget elementor-widget-raven-image\" data-id=\"6df62de\" data-element_type=\"widget\" data-e-type=\"widget\" data-widget_type=\"raven-image.default\">\n\t\t\t\t<div class=\"elementor-widget-container\">\n\t\t\t\t\t\t\t<div class=\"raven-image\">\n\t\t\n\t\t\n\t\t<img alt=\"\" decoding=\"async\" width=\"1\" height=\"1\" src=\"https:\/\/dat.dk\/wp-content\/uploads\/2024\/03\/no.svg\" class=\"attachment-Flag icon size-Flag icon wp-image-1115\" alt=\"\" \/>\t\t<\/div>\n\t\t\t\t\t\t<\/div>\n\t\t\t\t<\/div>\n\t\t\t\t<div class=\"elementor-element elementor-element-29fb2f3 elementor-widget elementor-widget-heading\" data-id=\"29fb2f3\" data-element_type=\"widget\" data-e-type=\"widget\" data-widget_type=\"heading.default\">\n\t\t\t\t<div class=\"elementor-widget-container\">\n\t\t\t\t\t<h4 class=\"elementor-heading-title elementor-size-default\">Norge<\/h4>\t\t\t\t<\/div>\n\t\t\t\t<\/div>\n\t\t\t\t<div class=\"elementor-element elementor-element-cd49496 elementor-widget__width-inherit elementor-widget elementor-widget-text-editor\" data-id=\"cd49496\" data-element_type=\"widget\" data-e-type=\"widget\" data-widget_type=\"text-editor.default\">\n\t\t\t\t<div class=\"elementor-widget-container\">\n\t\t\t\t\t\t\t\t\t<p>F\u00f8rst til M\u00f8lla<\/p>\t\t\t\t\t\t\t\t<\/div>\n\t\t\t\t<\/div>\n\t\t\t\t<\/a>\n\t\t\t\t\t<\/div>\n\t\t\t\t<\/div>\n\t\t\t\t\t<\/div>\n\t\t\t\t<\/div>\n\t\t\t\t<\/div>\n\t\t","protected":false},"excerpt":{"rendered":"<p>Flyv billigt med vores \u201dF\u00f8rst Til M\u00f8lle\u201d- kampagne Udover vores almindelige billige billetter, tilbyder vi ogs\u00e5 vores faste \u201dF\u00f8rst til M\u00f8lle-kampagne\u201d p\u00e5 udvalgte direkte ruter og afgange. Den f\u00f8rste tirsdag i hver m\u00e5ned s\u00e6tter vi \u201dF\u00f8rst til M\u00f8lle\u201d billetter til salg. Prisen er 444,- DKK en vej med afrejse den efterf\u00f8lgende m\u00e5ned. For eksempel:\u00a0k\u00f8ber du [&hellip;]<\/p>\n","protected":false},"author":2,"featured_media":13882,"parent":1204,"menu_order":0,"comment_status":"closed","ping_status":"closed","template":"","meta":{"_acf_changed":false,"_seopress_robots_primary_cat":"","_seopress_titles_title":"F\u00f8rst til M\u00f8lle - billige rejser hver m\u00e5ned","_seopress_titles_desc":"Den f\u00f8rste tirsdag i hver m\u00e5ned tilbyder vi et begr\u00e6nset antal billige \"F\u00f8rst til m\u00f8lle\" billetter for rejser i den efterf\u00f8lgende m\u00e5ned. G\u00e6lder p\u00e5 alle ruter!","_seopress_robots_index":"","footnotes":""},"region":[52],"class_list":["post-3307","page","type-page","status-publish","has-post-thumbnail","hentry","region-da"],"acf":[],"_links":{"self":[{"href":"https:\/\/dat.dk\/de\/wp-json\/wp\/v2\/pages\/3307","targetHints":{"allow":["GET"]}}],"collection":[{"href":"https:\/\/dat.dk\/de\/wp-json\/wp\/v2\/pages"}],"about":[{"href":"https:\/\/dat.dk\/de\/wp-json\/wp\/v2\/types\/page"}],"author":[{"embeddable":true,"href":"https:\/\/dat.dk\/de\/wp-json\/wp\/v2\/users\/2"}],"replies":[{"embeddable":true,"href":"https:\/\/dat.dk\/de\/wp-json\/wp\/v2\/comments?post=3307"}],"version-history":[{"count":7,"href":"https:\/\/dat.dk\/de\/wp-json\/wp\/v2\/pages\/3307\/revisions"}],"predecessor-version":[{"id":13881,"href":"https:\/\/dat.dk\/de\/wp-json\/wp\/v2\/pages\/3307\/revisions\/13881"}],"up":[{"embeddable":true,"href":"https:\/\/dat.dk\/de\/wp-json\/wp\/v2\/pages\/1204"}],"wp:featuredmedia":[{"embeddable":true,"href":"https:\/\/dat.dk\/de\/wp-json\/wp\/v2\/media\/13882"}],"wp:attachment":[{"href":"https:\/\/dat.dk\/de\/wp-json\/wp\/v2\/media?parent=3307"}],"wp:term":[{"taxonomy":"region","embeddable":true,"href":"https:\/\/dat.dk\/de\/wp-json\/wp\/v2\/region?post=3307"}],"curies":[{"name":"wp","href":"https:\/\/api.w.org\/{rel}","templated":true}]}}