{"id":14977,"date":"2026-05-08T08:45:25","date_gmt":"2026-05-08T06:45:25","guid":{"rendered":"https:\/\/dat.dk\/?page_id=14977"},"modified":"2026-05-13T08:27:01","modified_gmt":"2026-05-13T06:27:01","slug":"flash-sale-skyhubpad","status":"publish","type":"page","link":"https:\/\/dat.dk\/de\/kampagner\/flash-sale-skyhubpad\/","title":{"rendered":"Flash Sale SkyHubPAD"},"content":{"rendered":"\t\t<div data-elementor-type=\"wp-page\" data-elementor-id=\"14977\" class=\"elementor elementor-14977\">\n\t\t\t\t<div class=\"elementor-element elementor-element-48ddce98 e-flex e-con-boxed e-con e-parent\" data-id=\"48ddce98\" data-element_type=\"container\" data-e-type=\"container\">\n\t\t\t\t\t<div class=\"e-con-inner\">\n\t\t<div class=\"elementor-element elementor-element-0ea97bd e-con-full e-flex e-con e-child\" data-id=\"0ea97bd\" data-element_type=\"container\" data-e-type=\"container\" data-settings=\"{&quot;background_background&quot;:&quot;classic&quot;}\">\n\t\t<div class=\"elementor-element elementor-element-3b90cf4 e-flex e-con-boxed e-con e-child\" data-id=\"3b90cf4\" data-element_type=\"container\" data-e-type=\"container\">\n\t\t\t\t\t<div class=\"e-con-inner\">\n\t\t<div class=\"elementor-element elementor-element-7966b65 e-con-full e-flex e-con e-child\" data-id=\"7966b65\" data-element_type=\"container\" data-e-type=\"container\">\n\t\t\t\t<div class=\"elementor-element elementor-element-4977c1d elementor-widget elementor-widget-heading\" data-id=\"4977c1d\" data-element_type=\"widget\" data-e-type=\"widget\" data-widget_type=\"heading.default\">\n\t\t\t\t<div class=\"elementor-widget-container\">\n\t\t\t\t\t<h1 class=\"elementor-heading-title elementor-size-default\">Flash sale SkyHub<\/h1>\t\t\t\t<\/div>\n\t\t\t\t<\/div>\n\t\t\t\t<div class=\"elementor-element elementor-element-4896f8f elementor-widget elementor-widget-text-editor\" data-id=\"4896f8f\" data-element_type=\"widget\" data-e-type=\"widget\" data-widget_type=\"text-editor.default\">\n\t\t\t\t<div class=\"elementor-widget-container\">\n\t\t\t\t\t\t\t\t\t<p data-start=\"120\" data-end=\"469\">Kampagnepreise f\u00fcr nur \u20ac99 \u2013 one way! Am ersten Dienstag eines jeden Monats stellen wir unsere <em data-start=\"220\" data-end=\"232\">Flash Sale<\/em>-Tickets f\u00fcr Reisen im darauffolgenden Monat zum Verkauf bereit. Das bedeutet: Wenn Sie im November g\u00fcnstig reisen m\u00f6chten, sollten Sie am ersten Dienstag im Oktober bereit sein \u2013 die Anzahl der Tickets pro Abflug ist n\u00e4mlich begrenzt.<\/p><p><span data-contrast=\"auto\">Das Angebot gilt f\u00fcr ausgew\u00e4hlte Abfl\u00fcge in begrenzter Anzahl.<\/span><span data-ccp-props=\"{}\">\u00a0<\/span><\/p><ul><li data-leveltext=\"\uf0b7\" data-font=\"Symbol\" data-listid=\"1\" data-list-defn-props=\"{&quot;335552541&quot;:1,&quot;335559685&quot;:720,&quot;335559991&quot;:360,&quot;469769226&quot;:&quot;Symbol&quot;,&quot;469769242&quot;:[8226],&quot;469777803&quot;:&quot;left&quot;,&quot;469777804&quot;:&quot;\uf0b7&quot;,&quot;469777815&quot;:&quot;multilevel&quot;}\" aria-setsize=\"-1\" data-aria-posinset=\"1\" data-aria-level=\"1\"><span data-contrast=\"auto\">Bedingungen: 8 Kg Handgep\u00e4ck im Preis inklusive<\/span><span data-ccp-props=\"{}\">\u00a0<\/span><\/li><\/ul><ul><li data-leveltext=\"\uf0b7\" data-font=\"Symbol\" data-listid=\"1\" data-list-defn-props=\"{&quot;335552541&quot;:1,&quot;335559685&quot;:720,&quot;335559991&quot;:360,&quot;469769226&quot;:&quot;Symbol&quot;,&quot;469769242&quot;:[8226],&quot;469777803&quot;:&quot;left&quot;,&quot;469777804&quot;:&quot;\uf0b7&quot;,&quot;469777815&quot;:&quot;multilevel&quot;}\" aria-setsize=\"-1\" data-aria-posinset=\"2\" data-aria-level=\"1\"><span data-contrast=\"auto\">Aufgabegep\u00e4ck kann gegen Aufpreis hinzugef\u00fcgt werden<\/span><span data-ccp-props=\"{}\">\u00a0<\/span><\/li><\/ul><ul><li data-leveltext=\"\uf0b7\" data-font=\"Symbol\" data-listid=\"1\" data-list-defn-props=\"{&quot;335552541&quot;:1,&quot;335559685&quot;:720,&quot;335559991&quot;:360,&quot;469769226&quot;:&quot;Symbol&quot;,&quot;469769242&quot;:[8226],&quot;469777803&quot;:&quot;left&quot;,&quot;469777804&quot;:&quot;\uf0b7&quot;,&quot;469777815&quot;:&quot;multilevel&quot;}\" aria-setsize=\"-1\" data-aria-posinset=\"3\" data-aria-level=\"1\"><span data-contrast=\"auto\">Keine R\u00fcckerstattung &#8211; Keine Umbuchung oder Namens\u00e4nderung<\/span><span data-ccp-props=\"{}\">\u00a0<\/span><\/li><\/ul>\t\t\t\t\t\t\t\t<\/div>\n\t\t\t\t<\/div>\n\t\t\t\t<\/div>\n\t\t<div class=\"elementor-element elementor-element-a1e186c e-con-full elementor-hidden-tablet elementor-hidden-mobile e-flex e-con e-child\" data-id=\"a1e186c\" data-element_type=\"container\" data-e-type=\"container\">\n\t\t<div class=\"elementor-element elementor-element-09a7182 e-con-full e-flex e-con e-child\" data-id=\"09a7182\" data-element_type=\"container\" data-e-type=\"container\">\n\t\t\t\t<div class=\"elementor-element elementor-element-ab61a58 elementor-widget elementor-widget-image\" data-id=\"ab61a58\" data-element_type=\"widget\" data-e-type=\"widget\" data-widget_type=\"image.default\">\n\t\t\t\t<div class=\"elementor-widget-container\">\n\t\t\t\t\t\t\t\t\t\t\t\t\t\t\t<img alt=\"\" fetchpriority=\"high\" decoding=\"async\" width=\"565\" height=\"511\" src=\"https:\/\/dat.dk\/wp-content\/uploads\/2026\/05\/dat_germany-square-skyhub-copy-2-1.webp\" class=\"attachment-large size-large wp-image-14978\" alt=\"\" srcset=\"https:\/\/dat.dk\/wp-content\/uploads\/2026\/05\/dat_germany-square-skyhub-copy-2-1.webp 565w, https:\/\/dat.dk\/wp-content\/uploads\/2026\/05\/dat_germany-square-skyhub-copy-2-1-300x271.webp 300w, https:\/\/dat.dk\/wp-content\/uploads\/2026\/05\/dat_germany-square-skyhub-copy-2-1-221x200.webp 221w\" sizes=\"(max-width: 565px) 100vw, 565px\" \/>\t\t\t\t\t\t\t\t\t\t\t\t\t\t\t<\/div>\n\t\t\t\t<\/div>\n\t\t\t\t<\/div>\n\t\t<a class=\"elementor-element elementor-element-1441db2 e-con-full e-flex e-con e-child\" data-id=\"1441db2\" data-element_type=\"container\" data-e-type=\"container\" data-settings=\"{&quot;background_background&quot;:&quot;classic&quot;}\" href=\"https:\/\/book.dat.dk\/direct-flight-search?cityPair=PAD-MUC&#038;adultCount=1&#038;currency=EUR&#038;language=de\">\n\t\t\t\t<div class=\"elementor-element elementor-element-e8637f0 elementor-widget elementor-widget-heading\" data-id=\"e8637f0\" data-element_type=\"widget\" data-e-type=\"widget\" data-widget_type=\"heading.default\">\n\t\t\t\t<div class=\"elementor-widget-container\">\n\t\t\t\t\t<h2 class=\"elementor-heading-title elementor-size-default\">Jetzt buchen<br>\n \u20ac99\none way<\/h2>\t\t\t\t<\/div>\n\t\t\t\t<\/div>\n\t\t\t\t<\/a>\n\t\t\t\t<\/div>\n\t\t\t\t\t<\/div>\n\t\t\t\t<\/div>\n\t\t\t\t<\/div>\n\t\t\t\t\t<\/div>\n\t\t\t\t<\/div>\n\t\t\t\t<\/div>\n\t\t","protected":false},"excerpt":{"rendered":"<p>Flash sale SkyHub Kampagnepreise f\u00fcr nur \u20ac99 \u2013 one way! Am ersten Dienstag eines jeden Monats stellen wir unsere Flash Sale-Tickets f\u00fcr Reisen im darauffolgenden Monat zum Verkauf bereit. Das bedeutet: Wenn Sie im November g\u00fcnstig reisen m\u00f6chten, sollten Sie am ersten Dienstag im Oktober bereit sein \u2013 die Anzahl der Tickets pro Abflug ist [&hellip;]<\/p>\n","protected":false},"author":14,"featured_media":14978,"parent":1204,"menu_order":0,"comment_status":"closed","ping_status":"closed","template":"","meta":{"_acf_changed":false,"_seopress_robots_primary_cat":"","_seopress_titles_title":"DAT Flash Sale - g\u00fcnstige Reisen jeden Monat","_seopress_titles_desc":"Am ersten Dienstag jedes Monats bieten wir eine begrenzte Anzahl g\u00fcnstiger Tickets f\u00fcr Reisen im folgenden Monat an. Lesen Sie hier mehr.","_seopress_robots_index":"","footnotes":""},"region":[57,26],"class_list":["post-14977","page","type-page","status-publish","has-post-thumbnail","hentry","region-de"],"acf":[],"_links":{"self":[{"href":"https:\/\/dat.dk\/de\/wp-json\/wp\/v2\/pages\/14977","targetHints":{"allow":["GET"]}}],"collection":[{"href":"https:\/\/dat.dk\/de\/wp-json\/wp\/v2\/pages"}],"about":[{"href":"https:\/\/dat.dk\/de\/wp-json\/wp\/v2\/types\/page"}],"author":[{"embeddable":true,"href":"https:\/\/dat.dk\/de\/wp-json\/wp\/v2\/users\/14"}],"replies":[{"embeddable":true,"href":"https:\/\/dat.dk\/de\/wp-json\/wp\/v2\/comments?post=14977"}],"version-history":[{"count":4,"href":"https:\/\/dat.dk\/de\/wp-json\/wp\/v2\/pages\/14977\/revisions"}],"predecessor-version":[{"id":14996,"href":"https:\/\/dat.dk\/de\/wp-json\/wp\/v2\/pages\/14977\/revisions\/14996"}],"up":[{"embeddable":true,"href":"https:\/\/dat.dk\/de\/wp-json\/wp\/v2\/pages\/1204"}],"wp:featuredmedia":[{"embeddable":true,"href":"https:\/\/dat.dk\/de\/wp-json\/wp\/v2\/media\/14978"}],"wp:attachment":[{"href":"https:\/\/dat.dk\/de\/wp-json\/wp\/v2\/media?parent=14977"}],"wp:term":[{"taxonomy":"region","embeddable":true,"href":"https:\/\/dat.dk\/de\/wp-json\/wp\/v2\/region?post=14977"}],"curies":[{"name":"wp","href":"https:\/\/api.w.org\/{rel}","templated":true}]}}