{"id":12646,"date":"2026-03-04T11:34:57","date_gmt":"2026-03-04T09:34:57","guid":{"rendered":"https:\/\/dat.dk\/?page_id=12646"},"modified":"2026-05-08T08:53:21","modified_gmt":"2026-05-08T06:53:21","slug":"interline-frankfurt","status":"publish","type":"page","link":"https:\/\/dat.dk\/de\/interline-frankfurt\/","title":{"rendered":"Codeshare Frankfurt"},"content":{"rendered":"\t\t<div data-elementor-type=\"wp-page\" data-elementor-id=\"12646\" class=\"elementor elementor-12646\">\n\t\t\t\t<div class=\"elementor-element elementor-element-69058e8 e-con-full e-flex e-con e-parent\" data-id=\"69058e8\" data-element_type=\"container\" data-e-type=\"container\" data-settings=\"{&quot;background_background&quot;:&quot;classic&quot;}\">\n\t\t<div class=\"elementor-element elementor-element-3f2934a e-flex e-con-boxed e-con e-child\" data-id=\"3f2934a\" data-element_type=\"container\" data-e-type=\"container\">\n\t\t\t\t\t<div class=\"e-con-inner\">\n\t\t<div class=\"elementor-element elementor-element-a17be5e e-con-full e-flex e-con e-child\" data-id=\"a17be5e\" data-element_type=\"container\" data-e-type=\"container\">\n\t\t\t\t<div class=\"elementor-element elementor-element-1084bd1 elementor-widget elementor-widget-heading\" data-id=\"1084bd1\" data-element_type=\"widget\" data-e-type=\"widget\" data-widget_type=\"heading.default\">\n\t\t\t\t<div class=\"elementor-widget-container\">\n\t\t\t\t\t<h1 class=\"elementor-heading-title elementor-size-default\">Codeshare Frankfurt<\/h1>\t\t\t\t<\/div>\n\t\t\t\t<\/div>\n\t\t\t\t<div class=\"elementor-element elementor-element-bbc6583 elementor-widget elementor-widget-text-editor\" data-id=\"bbc6583\" data-element_type=\"widget\" data-e-type=\"widget\" data-widget_type=\"text-editor.default\">\n\t\t\t\t<div class=\"elementor-widget-container\">\n\t\t\t\t\t\t\t\t\t<p><strong>Buche bei Lufthansa \u2013 flieg mit uns<\/strong><\/p><p><span data-teams=\"true\">F\u00fcr unsere neue Route von Linz sind Umsteigeverbindungen \u00fcber Frankfurt jetzt buchbar. Die Fl\u00fcge m\u00fcssen in den Buchungssystemen der Reiseb\u00fcros oder auf der Homepage von Lufthansa gebucht werden.<\/span><\/p><p>Die Absprache sichert unserer Verbindungen von Linz ein gr\u00f6sseres internationales Netz an Verbindungen weltweit. Als DAT-Passagier muss man lediglich das Ticket von \/ nach Linz und weiter in die Welt hinaus bei Lufthansa buchen.\u00a0<\/p><p><strong>Beispiel<\/strong>: F\u00fcr eine Reise von Linz nach Kopenhagen bietet Lufthansa die komplette Verbindung \u00fcber Frankfurt. DAT fliegt die Strecke von Linz nach Frankfurt, und Lufthansa fliegt von Frankfurt nach Kopenhagen.<\/p>\t\t\t\t\t\t\t\t<\/div>\n\t\t\t\t<\/div>\n\t\t\t\t<\/div>\n\t\t<div class=\"elementor-element elementor-element-f6b8f5f e-con-full elementor-hidden-tablet elementor-hidden-mobile e-flex e-con e-child\" data-id=\"f6b8f5f\" data-element_type=\"container\" data-e-type=\"container\" data-settings=\"{&quot;background_background&quot;:&quot;classic&quot;}\">\n\t\t\t\t<\/div>\n\t\t\t\t\t<\/div>\n\t\t\t\t<\/div>\n\t\t<div class=\"elementor-element elementor-element-c6c3db1 e-flex e-con-boxed e-con e-child\" data-id=\"c6c3db1\" data-element_type=\"container\" data-e-type=\"container\">\n\t\t\t\t\t<div class=\"e-con-inner\">\n\t\t<div class=\"elementor-element elementor-element-e98c0fb e-flex e-con-boxed e-con e-child\" data-id=\"e98c0fb\" data-element_type=\"container\" data-e-type=\"container\" data-settings=\"{&quot;background_background&quot;:&quot;classic&quot;}\">\n\t\t\t\t\t<div class=\"e-con-inner\">\n\t\t\t\t<div class=\"elementor-element elementor-element-ecb5258 elementor-widget elementor-widget-heading\" data-id=\"ecb5258\" data-element_type=\"widget\" data-e-type=\"widget\" data-widget_type=\"heading.default\">\n\t\t\t\t<div class=\"elementor-widget-container\">\n\t\t\t\t\t<h2 class=\"elementor-heading-title elementor-size-default\">Um den Vorteil des Durchgangstickets zu nutzen unbedingt bei unserem Partner buchen:<\/h2>\t\t\t\t<\/div>\n\t\t\t\t<\/div>\n\t\t<div class=\"elementor-element elementor-element-047741e e-con-full e-flex e-con e-child\" data-id=\"047741e\" data-element_type=\"container\" data-e-type=\"container\">\n\t\t<a data-raven-element-link=\"{&quot;url&quot;:&quot;https:\\\/\\\/www.finnair.com&quot;,&quot;is_external&quot;:&quot;&quot;,&quot;nofollow&quot;:&quot;&quot;,&quot;custom_attributes&quot;:&quot;&quot;}\" style=\"cursor: pointer\" class=\"elementor-element elementor-element-2f892f8 e-con-full e-flex e-con e-child\" data-id=\"2f892f8\" data-element_type=\"container\" data-e-type=\"container\" data-settings=\"{&quot;background_background&quot;:&quot;classic&quot;}\" href=\"https:\/\/www.lufthansa.com\">\n\t\t\t\t<div class=\"elementor-element elementor-element-501c50f elementor-widget elementor-widget-text-editor\" data-id=\"501c50f\" data-element_type=\"widget\" data-e-type=\"widget\" data-widget_type=\"text-editor.default\">\n\t\t\t\t<div class=\"elementor-widget-container\">\n\t\t\t\t\t\t\t\t\t<p>Weiter zu Lufthansa<\/p>\t\t\t\t\t\t\t\t<\/div>\n\t\t\t\t<\/div>\n\t\t\t\t<\/a>\n\t\t\t\t<\/div>\n\t\t\t\t<div class=\"elementor-element elementor-element-0752f8d elementor-widget elementor-widget-text-editor\" data-id=\"0752f8d\" data-element_type=\"widget\" data-e-type=\"widget\" data-widget_type=\"text-editor.default\">\n\t\t\t\t<div class=\"elementor-widget-container\">\n\t\t\t\t\t\t\t\t\t<div><b style=\"color: var( --e-global-color-text ); font-family: var( --e-global-typography-text-font-family ), Sans-serif; text-align: var(--text-align); background-color: var( --e-global-color-66edef0 );\">Das Ticket kann NICHT bei DAT gebucht werden.<\/b><\/div><p>Der Preis f\u00fcr das Codeshareticket wird von der Partner-Airline festgesetzt &#8211; nicht von DAT.<\/p>\t\t\t\t\t\t\t\t<\/div>\n\t\t\t\t<\/div>\n\t\t\t\t\t<\/div>\n\t\t\t\t<\/div>\n\t\t<div class=\"elementor-element elementor-element-26e8d1d e-flex e-con-boxed e-con e-child\" data-id=\"26e8d1d\" data-element_type=\"container\" data-e-type=\"container\">\n\t\t\t\t\t<div class=\"e-con-inner\">\n\t\t\t\t<div class=\"elementor-element elementor-element-be8ba53 elementor-widget__width-inherit elementor-widget elementor-widget-text-editor\" data-id=\"be8ba53\" data-element_type=\"widget\" data-e-type=\"widget\" data-widget_type=\"text-editor.default\">\n\t\t\t\t<div class=\"elementor-widget-container\">\n\t\t\t\t\t\t\t\t\t<h2>Was ist ein Codeshare-Abkommen?<\/h2><p><span data-teams=\"true\">Durch das Codeshare, profitieren Flugg\u00e4ste von zahlreichen Vorteilen. So k\u00f6nnen sie Direktfl\u00fcge \u00fcber alle Vertriebskan\u00e4le der Lufthansa buchen. Reisende erhalten bereits bei der Buchung eine Lufthansa-Flugnummer und genie\u00dfen ein nahtloses Reiseerlebnis.<\/span><\/p>\t\t\t\t\t\t\t\t<\/div>\n\t\t\t\t<\/div>\n\t\t\t\t\t<\/div>\n\t\t\t\t<\/div>\n\t\t\t\t\t<\/div>\n\t\t\t\t<\/div>\n\t\t\t\t<\/div>\n\t\t\t\t<\/div>\n\t\t","protected":false},"excerpt":{"rendered":"<p>Buche bei Lufthansa \u2013 flieg mit uns F\u00fcr unsere neue Route von Linz sind Umsteigeverbindungen \u00fcber Frankfurt jetzt buchbar. Die Fl\u00fcge m\u00fcssen in den Buchungssystemen der Reiseb\u00fcros oder auf der Homepage von Lufthansa gebucht werden. Die Absprache sichert unserer Verbindungen von Linz ein gr\u00f6sseres internationales Netz an Verbindungen weltweit. Als DAT-Passagier muss man lediglich das [&hellip;]<\/p>\n","protected":false},"author":14,"featured_media":12705,"parent":0,"menu_order":0,"comment_status":"closed","ping_status":"closed","template":"","meta":{"_acf_changed":false,"_seopress_robots_primary_cat":"","_seopress_titles_title":"Reisen Sie mit einer anderen Fluggesellschaft vom Frankfurt weiter?","_seopress_titles_desc":"Sehen Sie hier, mit welchen Fluggesellschaften wir zusammenarbeiten. DAT hat Interline- und Kooperationsvereinbarungen mit mehreren gro\u00dfen Airlines, sodass Sie problemlos weiter in die Welt reisen k\u00f6nnen!","_seopress_robots_index":"","footnotes":""},"region":[57,26],"class_list":["post-12646","page","type-page","status-publish","has-post-thumbnail","hentry","region-de"],"acf":[],"_links":{"self":[{"href":"https:\/\/dat.dk\/de\/wp-json\/wp\/v2\/pages\/12646","targetHints":{"allow":["GET"]}}],"collection":[{"href":"https:\/\/dat.dk\/de\/wp-json\/wp\/v2\/pages"}],"about":[{"href":"https:\/\/dat.dk\/de\/wp-json\/wp\/v2\/types\/page"}],"author":[{"embeddable":true,"href":"https:\/\/dat.dk\/de\/wp-json\/wp\/v2\/users\/14"}],"replies":[{"embeddable":true,"href":"https:\/\/dat.dk\/de\/wp-json\/wp\/v2\/comments?post=12646"}],"version-history":[{"count":53,"href":"https:\/\/dat.dk\/de\/wp-json\/wp\/v2\/pages\/12646\/revisions"}],"predecessor-version":[{"id":15000,"href":"https:\/\/dat.dk\/de\/wp-json\/wp\/v2\/pages\/12646\/revisions\/15000"}],"wp:featuredmedia":[{"embeddable":true,"href":"https:\/\/dat.dk\/de\/wp-json\/wp\/v2\/media\/12705"}],"wp:attachment":[{"href":"https:\/\/dat.dk\/de\/wp-json\/wp\/v2\/media?parent=12646"}],"wp:term":[{"taxonomy":"region","embeddable":true,"href":"https:\/\/dat.dk\/de\/wp-json\/wp\/v2\/region?post=12646"}],"curies":[{"name":"wp","href":"https:\/\/api.w.org\/{rel}","templated":true}]}}