{"id":12064,"date":"2026-01-14T16:21:59","date_gmt":"2026-01-14T14:21:59","guid":{"rendered":"https:\/\/dat.dk\/?page_id=12064"},"modified":"2026-02-23T15:16:17","modified_gmt":"2026-02-23T13:16:17","slug":"januar-sale-2026-hamburg","status":"publish","type":"page","link":"https:\/\/dat.dk\/de\/kampagnen\/januar-sale-2026-hamburg\/","title":{"rendered":"Januar Sale 2026 Hamburg"},"content":{"rendered":"\t\t<div data-elementor-type=\"wp-page\" data-elementor-id=\"12064\" class=\"elementor elementor-12064\">\n\t\t\t\t<div class=\"elementor-element elementor-element-60396d7 e-con-full e-flex e-con e-parent\" data-id=\"60396d7\" data-element_type=\"container\" data-e-type=\"container\" data-settings=\"{&quot;background_background&quot;:&quot;classic&quot;}\">\n\t\t<div class=\"elementor-element elementor-element-b341249 e-flex e-con-boxed e-con e-child\" data-id=\"b341249\" data-element_type=\"container\" data-e-type=\"container\">\n\t\t\t\t\t<div class=\"e-con-inner\">\n\t\t<div class=\"elementor-element elementor-element-1d4e531 e-con-full e-flex e-con e-child\" data-id=\"1d4e531\" data-element_type=\"container\" data-e-type=\"container\">\n\t\t\t\t<div class=\"elementor-element elementor-element-c2ea9b1 elementor-widget elementor-widget-heading\" data-id=\"c2ea9b1\" data-element_type=\"widget\" data-e-type=\"widget\" data-widget_type=\"heading.default\">\n\t\t\t\t<div class=\"elementor-widget-container\">\n\t\t\t\t\t<h1 class=\"elementor-heading-title elementor-size-default\">Der Januar kann sich endlos anf\u00fchlen...<\/h1>\t\t\t\t<\/div>\n\t\t\t\t<\/div>\n\t\t\t\t<div class=\"elementor-element elementor-element-f185eb6 elementor-widget elementor-widget-text-editor\" data-id=\"f185eb6\" data-element_type=\"widget\" data-e-type=\"widget\" data-widget_type=\"text-editor.default\">\n\t\t\t\t<div class=\"elementor-widget-container\">\n\t\t\t\t\t\t\t\t\t<p class=\"p1\">Eigentlich h\u00e4ttest du f\u00fcr jeden Tag, den du \u00fcberstehst, eine Medaille verdient. Du hast dir etwas verdient, worauf du dich freuen kannst!<\/p><h3 data-path-to-node=\"7\">Entdecke Hamburg<\/h3><p data-path-to-node=\"8\">Genie\u00dfe das maritime Flair am Hafen und die exzellenten Shopping-M\u00f6glichkeiten in der Hansestadt. \ud83d\udc49 Erkunde die M\u00f6glichkeiten bei <a href=\"https:\/\/www.hamburg.com\/\"><b data-path-to-node=\"8\" data-index-in-node=\"163\">Visit Hamburg<\/b><\/a><\/p><h3 data-path-to-node=\"11\">Ticketbedingungen:<\/h3><ul data-path-to-node=\"12\"><li><p data-path-to-node=\"12,0,0\">8 kg Handgep\u00e4ck inklusive<\/p><\/li><li><p data-path-to-node=\"12,1,0\">Das Ticket ist nicht umbuchbar oder erstattungsf\u00e4hig<\/p><\/li><li><p data-path-to-node=\"12,2,0\">Verkaufszeitraum: 14. Januar \u2013 1. Februar 2026<\/p><\/li><li><p data-path-to-node=\"12,3,0\">Reisezeitraum: 15. Januar \u2013 1. Mai 2026<\/p><\/li><li><p data-path-to-node=\"12,4,0\">Begrenztes Ticketkontingent pro Abflug.<\/p><\/li><\/ul><p data-path-to-node=\"13\">Haben Sie Fragen? F\u00fcr weitere Informationen steht Ihnen der DAT-Kundenservice gerne zur Verf\u00fcgung: <br \/>\ud83d\udcde <b data-path-to-node=\"13\" data-index-in-node=\"102\">+45 76 92 30 40<\/b> <br \/>\u2709\ufe0f <b data-path-to-node=\"13\" data-index-in-node=\"121\">kundeservice@dat.dk<\/b><\/p>\t\t\t\t\t\t\t\t<\/div>\n\t\t\t\t<\/div>\n\t\t\t\t<\/div>\n\t\t<div class=\"elementor-element elementor-element-309d55e e-con-full elementor-hidden-tablet elementor-hidden-mobile e-flex e-con e-child\" data-id=\"309d55e\" data-element_type=\"container\" data-e-type=\"container\">\n\t\t<div class=\"elementor-element elementor-element-477ad12 e-con-full e-flex e-con e-child\" data-id=\"477ad12\" data-element_type=\"container\" data-e-type=\"container\">\n\t\t\t\t<div class=\"elementor-element elementor-element-52c95ff elementor-widget elementor-widget-image\" data-id=\"52c95ff\" data-element_type=\"widget\" data-e-type=\"widget\" data-widget_type=\"image.default\">\n\t\t\t\t<div class=\"elementor-widget-container\">\n\t\t\t\t\t\t\t\t\t\t\t\t\t\t\t<img alt=\"\" fetchpriority=\"high\" decoding=\"async\" width=\"566\" height=\"511\" src=\"https:\/\/dat.dk\/wp-content\/uploads\/2026\/01\/januarde-slider-copy.jpg\" class=\"attachment-large size-large wp-image-12065\" alt=\"\" srcset=\"https:\/\/dat.dk\/wp-content\/uploads\/2026\/01\/januarde-slider-copy.jpg 566w, https:\/\/dat.dk\/wp-content\/uploads\/2026\/01\/januarde-slider-copy-300x271.jpg 300w, https:\/\/dat.dk\/wp-content\/uploads\/2026\/01\/januarde-slider-copy-222x200.jpg 222w\" sizes=\"(max-width: 566px) 100vw, 566px\" \/>\t\t\t\t\t\t\t\t\t\t\t\t\t\t\t<\/div>\n\t\t\t\t<\/div>\n\t\t\t\t<\/div>\n\t\t<a class=\"elementor-element elementor-element-7f673a5 e-con-full e-flex e-con e-child\" data-id=\"7f673a5\" data-element_type=\"container\" data-e-type=\"container\" data-settings=\"{&quot;background_background&quot;:&quot;classic&quot;}\" href=\"https:\/\/dat.worldticket.net\/booking\/rnn-cph?currency=DKK&#038;___store=da\">\n\t\t\t\t<div class=\"elementor-element elementor-element-d1d6612 elementor-widget elementor-widget-heading\" data-id=\"d1d6612\" data-element_type=\"widget\" data-e-type=\"widget\" data-widget_type=\"heading.default\">\n\t\t\t\t<div class=\"elementor-widget-container\">\n\t\t\t\t\t<h2 class=\"elementor-heading-title elementor-size-default\">Jetzt buchen<br>\nEUR 99,-<\/h2>\t\t\t\t<\/div>\n\t\t\t\t<\/div>\n\t\t\t\t<div class=\"elementor-element elementor-element-7e05029 elementor-widget elementor-widget-heading\" data-id=\"7e05029\" data-element_type=\"widget\" data-e-type=\"widget\" data-widget_type=\"heading.default\">\n\t\t\t\t<div class=\"elementor-widget-container\">\n\t\t\t\t\t<div class=\"elementor-heading-title elementor-size-default\">One-way inkl. handgep\u00e4ck<\/div>\t\t\t\t<\/div>\n\t\t\t\t<\/div>\n\t\t\t\t<\/a>\n\t\t\t\t<\/div>\n\t\t\t\t\t<\/div>\n\t\t\t\t<\/div>\n\t\t\t\t<\/div>\n\t\t\t\t<\/div>\n\t\t","protected":false},"excerpt":{"rendered":"<p>Der Januar kann sich endlos anf\u00fchlen&#8230; Eigentlich h\u00e4ttest du f\u00fcr jeden Tag, den du \u00fcberstehst, eine Medaille verdient. Du hast dir etwas verdient, worauf du dich freuen kannst! Entdecke Hamburg Genie\u00dfe das maritime Flair am Hafen und die exzellenten Shopping-M\u00f6glichkeiten in der Hansestadt. \ud83d\udc49 Erkunde die M\u00f6glichkeiten bei Visit Hamburg Ticketbedingungen: 8 kg Handgep\u00e4ck inklusive [&hellip;]<\/p>\n","protected":false},"author":14,"featured_media":12065,"parent":10214,"menu_order":0,"comment_status":"closed","ping_status":"closed","template":"","meta":{"_acf_changed":false,"_seopress_robots_primary_cat":"","_seopress_titles_title":"Januar sale","_seopress_titles_desc":"Der Januar kann sich unendlich lang anf\u00fchlen \u2013 buche jetzt deine Vorfreude! Fl\u00fcge ab 99,\u2013 \u20ac","_seopress_robots_index":"","footnotes":""},"region":[56,57,57],"class_list":["post-12064","page","type-page","status-publish","has-post-thumbnail","hentry","region-da","region-de"],"acf":[],"_links":{"self":[{"href":"https:\/\/dat.dk\/de\/wp-json\/wp\/v2\/pages\/12064","targetHints":{"allow":["GET"]}}],"collection":[{"href":"https:\/\/dat.dk\/de\/wp-json\/wp\/v2\/pages"}],"about":[{"href":"https:\/\/dat.dk\/de\/wp-json\/wp\/v2\/types\/page"}],"author":[{"embeddable":true,"href":"https:\/\/dat.dk\/de\/wp-json\/wp\/v2\/users\/14"}],"replies":[{"embeddable":true,"href":"https:\/\/dat.dk\/de\/wp-json\/wp\/v2\/comments?post=12064"}],"version-history":[{"count":3,"href":"https:\/\/dat.dk\/de\/wp-json\/wp\/v2\/pages\/12064\/revisions"}],"predecessor-version":[{"id":12077,"href":"https:\/\/dat.dk\/de\/wp-json\/wp\/v2\/pages\/12064\/revisions\/12077"}],"up":[{"embeddable":true,"href":"https:\/\/dat.dk\/de\/wp-json\/wp\/v2\/pages\/10214"}],"wp:featuredmedia":[{"embeddable":true,"href":"https:\/\/dat.dk\/de\/wp-json\/wp\/v2\/media\/12065"}],"wp:attachment":[{"href":"https:\/\/dat.dk\/de\/wp-json\/wp\/v2\/media?parent=12064"}],"wp:term":[{"taxonomy":"region","embeddable":true,"href":"https:\/\/dat.dk\/de\/wp-json\/wp\/v2\/region?post=12064"}],"curies":[{"name":"wp","href":"https:\/\/api.w.org\/{rel}","templated":true}]}}