{"id":11966,"date":"2026-01-08T15:19:14","date_gmt":"2026-01-08T13:19:14","guid":{"rendered":"https:\/\/dat.dk\/?page_id=11966"},"modified":"2026-03-24T19:11:03","modified_gmt":"2026-03-24T17:11:03","slug":"romantisk-get-away-paa-begge-sider-af-oestersoeen","status":"publish","type":"page","link":"https:\/\/dat.dk\/de\/kampagner\/romantisk-get-away-paa-begge-sider-af-oestersoeen\/","title":{"rendered":"Romantisk get-away p\u00e5 begge sider af \u00d8sters\u00f8en"},"content":{"rendered":"\t\t<div data-elementor-type=\"wp-page\" data-elementor-id=\"11966\" class=\"elementor elementor-11966\">\n\t\t\t\t<div class=\"elementor-element elementor-element-60396d7 e-con-full e-flex e-con e-parent\" data-id=\"60396d7\" data-element_type=\"container\" data-e-type=\"container\" data-settings=\"{&quot;background_background&quot;:&quot;classic&quot;}\">\n\t\t<div class=\"elementor-element elementor-element-b341249 e-flex e-con-boxed e-con e-child\" data-id=\"b341249\" data-element_type=\"container\" data-e-type=\"container\">\n\t\t\t\t\t<div class=\"e-con-inner\">\n\t\t<div class=\"elementor-element elementor-element-1d4e531 e-con-full e-flex e-con e-child\" data-id=\"1d4e531\" data-element_type=\"container\" data-e-type=\"container\">\n\t\t\t\t<div class=\"elementor-element elementor-element-c2ea9b1 elementor-widget elementor-widget-heading\" data-id=\"c2ea9b1\" data-element_type=\"widget\" data-e-type=\"widget\" data-widget_type=\"heading.default\">\n\t\t\t\t<div class=\"elementor-widget-container\">\n\t\t\t\t\t<h1 class=\"elementor-heading-title elementor-size-default\">Romantisk get-away p\u00e5 begge sider af \u00d8sters\u00f8en <\/h1>\t\t\t\t<\/div>\n\t\t\t\t<\/div>\n\t\t\t\t<div class=\"elementor-element elementor-element-f185eb6 elementor-widget elementor-widget-text-editor\" data-id=\"f185eb6\" data-element_type=\"widget\" data-e-type=\"widget\" data-widget_type=\"text-editor.default\">\n\t\t\t\t<div class=\"elementor-widget-container\">\n\t\t\t\t\t\t\t\t\t<p><span data-contrast=\"auto\">Uanset om I tr\u00e6nger til storbyeventyr eller Bornholms stilhed og r\u00e5 natur, har vi samlet de bedste tips til en romantisk weekend get-away I sent vil glemme.<\/span><span data-ccp-props=\"{&quot;335559738&quot;:240,&quot;335559739&quot;:240}\">\u00a0<\/span><\/p><h2 aria-level=\"4\"><b>K\u00f8benhavn:\u00a0Storbyens\u00a0magi<\/b>\u00a0<\/h2><p><b><span data-contrast=\"auto\">Copenhagen Light Festival:<\/span><\/b><span data-contrast=\"auto\">\u00a0Byen transformeres til et lyshav fra d. 30. januar til 22. februar. Tag en romantisk kanalrundfart under et lunt t\u00e6ppe eller g\u00e5 ruten gennem de indre gader med et glas gl\u00f8gg eller varm kakao i h\u00e5nden.<\/span>\u00a0<br \/><span data-contrast=\"auto\">Link:\u00a0<\/span><a href=\"https:\/\/copenhagenlightfestival.org\/da\/\"><span data-contrast=\"none\">https:\/\/copenhagenlightfestival.org\/da\/<\/span><\/a>\u00a0<br \/><span data-ccp-props=\"{&quot;335559738&quot;:240,&quot;335559739&quot;:240}\">\u00a0<\/span><\/p><p><b>Dining\u00a0Week<\/b><b>:<\/b><span data-contrast=\"auto\"> I uge 7 og 8 kan I nyde fantastiske restaurantoplevelser til en helt s\u00e6rlig pris. Det er den perfekte undskyldning for at pr\u00f8ve den der restaurant, I altid har talt om.<\/span>\u00a0<br \/><span data-contrast=\"auto\">Link:\u00a0<\/span><a href=\"https:\/\/diningweek.dk\/\"><span data-contrast=\"none\">https:\/\/diningweek.dk\/<\/span><\/a>\u00a0<br \/><span data-ccp-props=\"{&quot;335559738&quot;:240,&quot;335559739&quot;:240}\">\u00a0<\/span><\/p><p><b><span data-contrast=\"auto\">Winter Jazz:<\/span><\/b><span data-contrast=\"auto\">\u00a0Hele februar summer K\u00f8benhavn af jazz. Med over 600 koncerter fordelt p\u00e5 byens mest intime scener, er der garanti for god stemning og spr\u00f8de toner.<\/span>\u00a0<br \/><span data-contrast=\"auto\">Link:\u00a0<\/span><a href=\"https:\/\/jazz.dk\/vinterjazz-2026\/forside\/\"><span data-contrast=\"none\">https:\/\/jazz.dk\/vinterjazz-2026\/forside\/<\/span><\/a><span data-ccp-props=\"{&quot;335559738&quot;:240,&quot;335559739&quot;:240}\">\u00a0<\/span><\/p><h2 aria-level=\"4\"><b>Bornholm: Ro,\u00a0m\u00f8rke\u00a0og\u00a0r\u00e5\u00a0natur<\/b>\u00a0<\/h2><p><b><span data-contrast=\"auto\">Griffen Spahotel:<\/span><\/b><span data-contrast=\"auto\">\u00a0N\u00e5r kulden bider, lokker &#8222;Den Bornholmske Diamantspa&#8220;. Der er noget helt unikt over at sidde i de varme bade og kigge ud over et opr\u00f8rt og vinterkoldt \u00d8sters\u00f8en.\u00a0Det er selvfork\u00e6lelse p\u00e5 h\u00f8jeste niveau.<\/span>\u00a0<br \/><span data-contrast=\"auto\">Link:\u00a0<\/span><a href=\"https:\/\/bornholmhotels.dk\/griffen-spa-hotel\/\"><span data-contrast=\"none\">https:\/\/bornholmhotels.dk\/griffen-spa-hotel\/<\/span><\/a>\u00a0<br \/><span data-ccp-props=\"{&quot;335559738&quot;:240,&quot;335559739&quot;:240}\">\u00a0<\/span><\/p><p><b><span data-contrast=\"auto\">Dark Sky-oplevelser:<\/span><\/b><span data-contrast=\"auto\">\u00a0I februar er nattehimlen over Bornholm noget af det klareste, du kan opleve i Danmark. Find et t\u00e6ppe\u00a0og varmt t\u00f8j\u00a0frem og tag til Dueodde eller H\u00f8jlyngen \u2013 uden byens lysforurening st\u00e5r stjernerne og M\u00e6lkevejen s\u00e5 skarpt, at det tager pusten fra en.<\/span>\u00a0<br \/><span data-ccp-props=\"{&quot;335559738&quot;:240,&quot;335559739&quot;:240}\">\u00a0<\/span><\/p><p><b><span data-contrast=\"auto\">Naturens\u00a0r\u00e5\u00a0kr\u00e6fter:<\/span><\/b><span data-contrast=\"auto\"> Tag en tur ad kyststien ved Vang, m\u00e6rk den mystiske stemning i Troldeskoven, eller bes\u00f8g D\u00f8ndalen. Danmarks h\u00f8jeste vandfald er smukkest netop nu, hvor vinterens vandm\u00e6ngder buldrer gennem spr\u00e6kkedalen.<\/span><span data-ccp-props=\"{&quot;335559738&quot;:240,&quot;335559739&quot;:240}\">\u00a0<\/span><\/p><p><strong>F\u00e5 flere tips til oplevelser p\u00e5 Bornholm i vinterm\u00e5nederne her<\/strong>: <br \/><a href=\"https:\/\/bornholm.info\/vinter-paa-bornholm\/\">https:\/\/bornholm.info\/vinter-paa-bornholm\/<\/a><\/p>\t\t\t\t\t\t\t\t<\/div>\n\t\t\t\t<\/div>\n\t\t\t\t<\/div>\n\t\t<div class=\"elementor-element elementor-element-309d55e e-con-full e-flex e-con e-child\" data-id=\"309d55e\" data-element_type=\"container\" data-e-type=\"container\">\n\t\t<div class=\"elementor-element elementor-element-9d7bbf2 e-con-full e-flex e-con e-child\" data-id=\"9d7bbf2\" data-element_type=\"container\" data-e-type=\"container\">\n\t\t\t\t<div class=\"elementor-element elementor-element-b461ad2 elementor-widget elementor-widget-image\" data-id=\"b461ad2\" data-element_type=\"widget\" data-e-type=\"widget\" data-widget_type=\"image.default\">\n\t\t\t\t<div class=\"elementor-widget-container\">\n\t\t\t\t\t\t\t\t\t\t\t\t\t\t\t<img alt=\"\" fetchpriority=\"high\" decoding=\"async\" width=\"500\" height=\"500\" src=\"https:\/\/dat.dk\/wp-content\/uploads\/2026\/01\/romantisk-get-away.jpg\" class=\"attachment-large size-large wp-image-11967\" alt=\"\" srcset=\"https:\/\/dat.dk\/wp-content\/uploads\/2026\/01\/romantisk-get-away.jpg 500w, https:\/\/dat.dk\/wp-content\/uploads\/2026\/01\/romantisk-get-away-300x300.jpg 300w, https:\/\/dat.dk\/wp-content\/uploads\/2026\/01\/romantisk-get-away-150x150.jpg 150w, https:\/\/dat.dk\/wp-content\/uploads\/2026\/01\/romantisk-get-away-200x200.jpg 200w\" sizes=\"(max-width: 500px) 100vw, 500px\" \/>\t\t\t\t\t\t\t\t\t\t\t\t\t\t\t<\/div>\n\t\t\t\t<\/div>\n\t\t\t\t<\/div>\n\t\t<div class=\"elementor-element elementor-element-3a1eef6 e-con-full e-flex e-con e-child\" data-id=\"3a1eef6\" data-element_type=\"container\" data-e-type=\"container\">\n\t\t\t\t<div class=\"elementor-element elementor-element-b7429ca elementor-widget elementor-widget-text-editor\" data-id=\"b7429ca\" data-element_type=\"widget\" data-e-type=\"widget\" data-widget_type=\"text-editor.default\">\n\t\t\t\t<div class=\"elementor-widget-container\">\n\t\t\t\t\t\t\t\t\t<p aria-level=\"3\"><b><span data-contrast=\"none\">Vi\u00a0ses\u00a0i\u00a0skyerne\u00a0\u2708\ufe0f<\/span><\/b><span data-ccp-props=\"{&quot;134245418&quot;:true,&quot;134245529&quot;:true,&quot;335559738&quot;:281,&quot;335559739&quot;:281}\">\u00a0<\/span><\/p><p><span data-contrast=\"auto\">Uanset om jeres hjerter banker for storbyens pulserende lys, Dining Week og jazzede n\u00e6tter, eller om I s\u00f8ger den dybe, bornholmske stilhed under stjernerne, s\u00e5 st\u00e5r vi klar til at bringe jer sikkert frem.<\/span><span data-ccp-props=\"{&quot;335559738&quot;:240,&quot;335559739&quot;:240}\">\u00a0<\/span><\/p><p><span data-contrast=\"auto\">Book din\u00a0februar\u00a0get-away\u00a0nu<\/span><\/p>\t\t\t\t\t\t\t\t<\/div>\n\t\t\t\t<\/div>\n\t\t\t\t<div class=\"elementor-element elementor-element-9479112 elementor-align-left elementor-widget elementor-widget-button\" data-id=\"9479112\" data-element_type=\"widget\" data-e-type=\"widget\" data-widget_type=\"button.default\">\n\t\t\t\t<div class=\"elementor-widget-container\">\n\t\t\t\t\t\t\t\t\t<div class=\"elementor-button-wrapper\">\n\t\t\t\t\t<a class=\"elementor-button elementor-button-link elementor-size-sm\" href=\"https:\/\/dat.dk\/\">\n\t\t\t\t\t\t<span class=\"elementor-button-content-wrapper\">\n\t\t\t\t\t\t\t\t\t<span class=\"elementor-button-text\">Book nu<\/span>\n\t\t\t\t\t<\/span>\n\t\t\t\t\t<\/a>\n\t\t\t\t<\/div>\n\t\t\t\t\t\t\t\t<\/div>\n\t\t\t\t<\/div>\n\t\t\t\t<div class=\"elementor-element elementor-element-75e44ac elementor-widget elementor-widget-text-editor\" data-id=\"75e44ac\" data-element_type=\"widget\" data-e-type=\"widget\" data-widget_type=\"text-editor.default\">\n\t\t\t\t<div class=\"elementor-widget-container\">\n\t\t\t\t\t\t\t\t\t<p><span class=\"TextRun SCXW24370907 BCX0\" lang=\"DA-DK\" xml:lang=\"DA-DK\" data-contrast=\"auto\"><span class=\"NormalTextRun SCXW24370907 BCX0\">P.S. \u2013 vidste du, at du ogs\u00e5 kan\u00a0<\/span><span class=\"NormalTextRun SCXW24370907 BCX0\">booke hotel<\/span><span class=\"NormalTextRun SCXW24370907 BCX0\">ler og lejebiler via vores hjemmeside?<\/span><\/span><span class=\"EOP SCXW24370907 BCX0\" data-ccp-props=\"{}\">\u00a0<\/span><\/p>\t\t\t\t\t\t\t\t<\/div>\n\t\t\t\t<\/div>\n\t\t\t\t<\/div>\n\t\t\t\t<\/div>\n\t\t\t\t\t<\/div>\n\t\t\t\t<\/div>\n\t\t\t\t<\/div>\n\t\t\t\t<\/div>\n\t\t","protected":false},"excerpt":{"rendered":"<p>Romantisk get-away p\u00e5 begge sider af \u00d8sters\u00f8en Uanset om I tr\u00e6nger til storbyeventyr eller Bornholms stilhed og r\u00e5 natur, har vi samlet de bedste tips til en romantisk weekend get-away I sent vil glemme.\u00a0 K\u00f8benhavn:\u00a0Storbyens\u00a0magi\u00a0 Copenhagen Light Festival:\u00a0Byen transformeres til et lyshav fra d. 30. januar til 22. februar. Tag en romantisk kanalrundfart under et [&hellip;]<\/p>\n","protected":false},"author":14,"featured_media":11967,"parent":1204,"menu_order":0,"comment_status":"closed","ping_status":"closed","template":"","meta":{"_acf_changed":false,"_seopress_robots_primary_cat":"","_seopress_titles_title":"Romantisk get-away p\u00e5 begge sider af \u00d8sters\u00f8en","_seopress_titles_desc":"Uanset om I tr\u00e6nger til K\u00f8benhavns storbyeventyr eller Bornholms stilhed, har vi samlet de bedste tips til en romantisk weekend get-away.\u00a0","_seopress_robots_index":"","footnotes":""},"region":[60,60],"class_list":["post-11966","page","type-page","status-publish","has-post-thumbnail","hentry","region-da"],"acf":[],"_links":{"self":[{"href":"https:\/\/dat.dk\/de\/wp-json\/wp\/v2\/pages\/11966","targetHints":{"allow":["GET"]}}],"collection":[{"href":"https:\/\/dat.dk\/de\/wp-json\/wp\/v2\/pages"}],"about":[{"href":"https:\/\/dat.dk\/de\/wp-json\/wp\/v2\/types\/page"}],"author":[{"embeddable":true,"href":"https:\/\/dat.dk\/de\/wp-json\/wp\/v2\/users\/14"}],"replies":[{"embeddable":true,"href":"https:\/\/dat.dk\/de\/wp-json\/wp\/v2\/comments?post=11966"}],"version-history":[{"count":3,"href":"https:\/\/dat.dk\/de\/wp-json\/wp\/v2\/pages\/11966\/revisions"}],"predecessor-version":[{"id":11975,"href":"https:\/\/dat.dk\/de\/wp-json\/wp\/v2\/pages\/11966\/revisions\/11975"}],"up":[{"embeddable":true,"href":"https:\/\/dat.dk\/de\/wp-json\/wp\/v2\/pages\/1204"}],"wp:featuredmedia":[{"embeddable":true,"href":"https:\/\/dat.dk\/de\/wp-json\/wp\/v2\/media\/11967"}],"wp:attachment":[{"href":"https:\/\/dat.dk\/de\/wp-json\/wp\/v2\/media?parent=11966"}],"wp:term":[{"taxonomy":"region","embeddable":true,"href":"https:\/\/dat.dk\/de\/wp-json\/wp\/v2\/region?post=11966"}],"curies":[{"name":"wp","href":"https:\/\/api.w.org\/{rel}","templated":true}]}}