{"id":1175,"date":"2024-03-08T09:37:29","date_gmt":"2024-03-08T09:37:29","guid":{"rendered":"http:\/\/dat.dk\/?page_id=1175"},"modified":"2026-03-10T08:33:14","modified_gmt":"2026-03-10T06:33:14","slug":"folkemodet","status":"publish","type":"page","link":"https:\/\/dat.dk\/de\/kampagner\/folkemodet\/","title":{"rendered":"Folkem\u00f8det"},"content":{"rendered":"\t\t<div data-elementor-type=\"wp-page\" data-elementor-id=\"1175\" class=\"elementor elementor-1175\">\n\t\t\t\t<div class=\"elementor-element elementor-element-60396d7 e-con-full e-flex e-con e-parent\" data-id=\"60396d7\" data-element_type=\"container\" data-e-type=\"container\" data-settings=\"{&quot;background_background&quot;:&quot;classic&quot;}\">\n\t\t<div class=\"elementor-element elementor-element-b341249 e-flex e-con-boxed e-con e-child\" data-id=\"b341249\" data-element_type=\"container\" data-e-type=\"container\">\n\t\t\t\t\t<div class=\"e-con-inner\">\n\t\t<div class=\"elementor-element elementor-element-1d4e531 e-con-full e-flex e-con e-child\" data-id=\"1d4e531\" data-element_type=\"container\" data-e-type=\"container\">\n\t\t\t\t<div class=\"elementor-element elementor-element-c2ea9b1 elementor-widget elementor-widget-heading\" data-id=\"c2ea9b1\" data-element_type=\"widget\" data-e-type=\"widget\" data-widget_type=\"heading.default\">\n\t\t\t\t<div class=\"elementor-widget-container\">\n\t\t\t\t\t<h1 class=\"elementor-heading-title elementor-size-default\">Den hurtigste vej til Folkem\u00f8det<\/h1>\t\t\t\t<\/div>\n\t\t\t\t<\/div>\n\t\t\t\t<div class=\"elementor-element elementor-element-f185eb6 elementor-widget elementor-widget-text-editor\" data-id=\"f185eb6\" data-element_type=\"widget\" data-e-type=\"widget\" data-widget_type=\"text-editor.default\">\n\t\t\t\t<div class=\"elementor-widget-container\">\n\t\t\t\t\t\t\t\t\t<p><span data-contrast=\"auto\">I 2026 afholdes Folkem\u00f8det p\u00e5 Bornholm fra den 11. juni til den 13. juni. Vi flyver direkte fra b\u00e5de K\u00f8benhavn, Aalborg og Billund.<\/span><\/p><p><span data-contrast=\"auto\">DAT bringer danskerne til Folkem\u00f8det fra hele landet. Vi er stolt hovedsponsor af Folkem\u00f8det. Hvert \u00e5r v\u00e6lger n\u00e6sten 13.000 passagerer den hurtigste vej til Folkem\u00f8det, med DAT.<\/span><\/p><p><span data-contrast=\"auto\">Folkem\u00f8det er hele Danmarks demokratifest. Her m\u00f8des borger og beslutningstager i smukke rammer og dyrker dialogen, samtalen, deltagelsen og f\u00e6llesskabet. Folkem\u00f8det bliver skabt i samarbejde mellem politiske partier, gr\u00e6sr\u00f8dder og forenings-, erhvervs- &amp; kulturlivet. Deltag i sp\u00e6ndende debatter, opl\u00e6g, kulturelle arrangementer, taler, workshops og meget mere. Omkring 60.000 mennesker str\u00f8mmer hvert \u00e5r til nordspidsen af Bornholm for at deltage i Folkem\u00f8det i Allinge.<\/span><span data-ccp-props=\"{&quot;134233117&quot;:false,&quot;134233118&quot;:false,&quot;335559738&quot;:240,&quot;335559739&quot;:240}\">\u00a0<\/span><\/p><p><span data-contrast=\"auto\">Folkem\u00f8det er \u00e5bent for alle, og som g\u00e6st er det gratis at deltage.<\/span><span data-ccp-props=\"{&quot;134233117&quot;:false,&quot;134233118&quot;:false,&quot;335559738&quot;:240,&quot;335559739&quot;:240}\">\u00a0<\/span><\/p><p><span data-contrast=\"auto\">Hold \u00f8je med programmet <\/span><a href=\"https:\/\/programoversigt.folkemoedet.dk\/\"><span data-contrast=\"none\">her.<\/span><\/a><span data-ccp-props=\"{&quot;134233117&quot;:false,&quot;134233118&quot;:false,&quot;335559738&quot;:240,&quot;335559739&quot;:240}\">\u00a0<\/span><\/p>\t\t\t\t\t\t\t\t<\/div>\n\t\t\t\t<\/div>\n\t\t\t\t<\/div>\n\t\t<div class=\"elementor-element elementor-element-309d55e e-con-full e-flex e-con e-child\" data-id=\"309d55e\" data-element_type=\"container\" data-e-type=\"container\">\n\t\t<div class=\"elementor-element elementor-element-9d7bbf2 e-con-full e-flex e-con e-child\" data-id=\"9d7bbf2\" data-element_type=\"container\" data-e-type=\"container\">\n\t\t\t\t<div class=\"elementor-element elementor-element-3ea9c4a elementor-widget elementor-widget-image\" data-id=\"3ea9c4a\" data-element_type=\"widget\" data-e-type=\"widget\" data-widget_type=\"image.default\">\n\t\t\t\t<div class=\"elementor-widget-container\">\n\t\t\t\t\t\t\t\t\t\t\t\t\t\t\t<img alt=\"\" fetchpriority=\"high\" decoding=\"async\" width=\"567\" height=\"512\" src=\"https:\/\/dat.dk\/wp-content\/uploads\/2025\/11\/slider_fm26.webp\" class=\"attachment-large size-large wp-image-11151\" alt=\"\" srcset=\"https:\/\/dat.dk\/wp-content\/uploads\/2025\/11\/slider_fm26.webp 567w, https:\/\/dat.dk\/wp-content\/uploads\/2025\/11\/slider_fm26-300x271.webp 300w, https:\/\/dat.dk\/wp-content\/uploads\/2025\/11\/slider_fm26-221x200.webp 221w\" sizes=\"(max-width: 567px) 100vw, 567px\" \/>\t\t\t\t\t\t\t\t\t\t\t\t\t\t\t<\/div>\n\t\t\t\t<\/div>\n\t\t\t\t<\/div>\n\t\t\t\t<\/div>\n\t\t\t\t\t<\/div>\n\t\t\t\t<\/div>\n\t\t<div class=\"elementor-element elementor-element-8a902a0 e-flex e-con-boxed e-con e-child\" data-id=\"8a902a0\" data-element_type=\"container\" data-e-type=\"container\">\n\t\t\t\t\t<div class=\"e-con-inner\">\n\t\t<div class=\"elementor-element elementor-element-b4bbaea e-flex e-con-boxed e-con e-child\" data-id=\"b4bbaea\" data-element_type=\"container\" data-e-type=\"container\" data-settings=\"{&quot;background_background&quot;:&quot;classic&quot;}\">\n\t\t\t\t\t<div class=\"e-con-inner\">\n\t\t\t\t<div class=\"elementor-element elementor-element-85087da elementor-widget elementor-widget-heading\" data-id=\"85087da\" data-element_type=\"widget\" data-e-type=\"widget\" data-widget_type=\"heading.default\">\n\t\t\t\t<div class=\"elementor-widget-container\">\n\t\t\t\t\t<h2 class=\"elementor-heading-title elementor-size-default\">Folkem\u00f8det 2026 program (10. - 14. juni): <\/h2>\t\t\t\t<\/div>\n\t\t\t\t<\/div>\n\t\t<div class=\"elementor-element elementor-element-2702c58 e-flex e-con-boxed e-con e-child\" data-id=\"2702c58\" data-element_type=\"container\" data-e-type=\"container\">\n\t\t\t\t\t<div class=\"e-con-inner\">\n\t\t\t\t<div data-raven-element-link=\"{&quot;url&quot;:&quot;https:\\\/\\\/book.dat.dk\\\/direct-flight-search?language=da&amp;cityPair=CPH-RNN&quot;,&quot;is_external&quot;:&quot;&quot;,&quot;nofollow&quot;:&quot;&quot;,&quot;custom_attributes&quot;:&quot;&quot;}\" style=\"cursor: pointer\" class=\"elementor-element elementor-element-5e176cb elementor-widget__width-initial elementor-widget-mobile__width-inherit elementor-widget elementor-widget-text-editor\" data-id=\"5e176cb\" data-element_type=\"widget\" data-e-type=\"widget\" data-widget_type=\"text-editor.default\">\n\t\t\t\t<div class=\"elementor-widget-container\">\n\t\t\t\t\t\t\t\t\t<h4>K\u00f8benhavn \u2013 Bornholm<\/h4><p><span class=\"NormalTextRun SCXW91444230 BCX0\">fra<\/span> <span class=\"NormalTextRun SCXW91444230 BCX0\">825<\/span><span class=\"NormalTextRun SCXW91444230 BCX0\"> pr. <\/span><span class=\"NormalTextRun SCXW91444230 BCX0\">vej<\/span><\/p>\t\t\t\t\t\t\t\t<\/div>\n\t\t\t\t<\/div>\n\t\t\t\t<div data-raven-element-link=\"{&quot;url&quot;:&quot;https:\\\/\\\/book.dat.dk\\\/direct-flight-search?language=da&amp;cityPair=BLL-RNN&quot;,&quot;is_external&quot;:&quot;&quot;,&quot;nofollow&quot;:&quot;&quot;,&quot;custom_attributes&quot;:&quot;&quot;}\" style=\"cursor: pointer\" class=\"elementor-element elementor-element-8fefd3f elementor-widget__width-initial elementor-widget-mobile__width-inherit elementor-widget elementor-widget-text-editor\" data-id=\"8fefd3f\" data-element_type=\"widget\" data-e-type=\"widget\" data-widget_type=\"text-editor.default\">\n\t\t\t\t<div class=\"elementor-widget-container\">\n\t\t\t\t\t\t\t\t\t<h4>Billund \u2013 Bornholm<\/h4><p><span class=\"NormalTextRun SCXW73659427 BCX0\">fra<\/span> <span class=\"NormalTextRun SCXW73659427 BCX0\">749<\/span><span class=\"NormalTextRun SCXW73659427 BCX0\"> pr. <\/span><span class=\"NormalTextRun SCXW73659427 BCX0\">vej<\/span><\/p>\t\t\t\t\t\t\t\t<\/div>\n\t\t\t\t<\/div>\n\t\t\t\t<div data-raven-element-link=\"{&quot;url&quot;:&quot;https:\\\/\\\/book.dat.dk\\\/direct-flight-search?language=da&amp;cityPair=AAL-RNN&quot;,&quot;is_external&quot;:&quot;&quot;,&quot;nofollow&quot;:&quot;&quot;,&quot;custom_attributes&quot;:&quot;&quot;}\" style=\"cursor: pointer\" class=\"elementor-element elementor-element-d5bd3ab elementor-widget__width-initial elementor-widget-mobile__width-inherit elementor-widget elementor-widget-text-editor\" data-id=\"d5bd3ab\" data-element_type=\"widget\" data-e-type=\"widget\" data-widget_type=\"text-editor.default\">\n\t\t\t\t<div class=\"elementor-widget-container\">\n\t\t\t\t\t\t\t\t\t<h4>Aalborg \u2013 Bornholm<\/h4><p><span class=\"NormalTextRun SCXW183876878 BCX0\">fra<\/span> <span class=\"NormalTextRun SCXW183876878 BCX0\">749<\/span><span class=\"NormalTextRun SCXW183876878 BCX0\"> pr. <\/span><span class=\"NormalTextRun SCXW183876878 BCX0\">vej<\/span><\/p>\t\t\t\t\t\t\t\t<\/div>\n\t\t\t\t<\/div>\n\t\t\t\t\t<\/div>\n\t\t\t\t<\/div>\n\t\t\t\t\t<\/div>\n\t\t\t\t<\/div>\n\t\t<div class=\"elementor-element elementor-element-cacaf8b e-flex e-con-boxed e-con e-child\" data-id=\"cacaf8b\" data-element_type=\"container\" data-e-type=\"container\">\n\t\t\t\t\t<div class=\"e-con-inner\">\n\t\t\t\t<div class=\"elementor-element elementor-element-847d6f2 elementor-widget__width-inherit elementor-widget elementor-widget-text-editor\" data-id=\"847d6f2\" data-element_type=\"widget\" data-e-type=\"widget\" data-widget_type=\"text-editor.default\">\n\t\t\t\t<div class=\"elementor-widget-container\">\n\t\t\t\t\t\t\t\t\t<h2>Folkem\u00f8det Flex<\/h2><h6>Full Flex, men billigere! F\u00e5 fuld fleksibilitet til dine rejser under Folkem\u00f8det.<\/h6><p><span class=\"TextRun SCXW218340061 BCX0\" lang=\"DA-DK\" xml:lang=\"DA-DK\" data-contrast=\"auto\"><span class=\"NormalTextRun SCXW218340061 BCX0\">DAT <\/span><span class=\"NormalTextRun SCXW218340061 BCX0\">tilbyder<\/span> <span class=\"NormalTextRun SCXW218340061 BCX0\">en<\/span> <span class=\"NormalTextRun SCXW218340061 BCX0\">speciel<\/span> <span class=\"NormalTextRun SCXW218340061 BCX0\">billettype<\/span> <span class=\"NormalTextRun SCXW218340061 BCX0\">til<\/span> <span class=\"NormalTextRun SCXW218340061 BCX0\">passagerer<\/span><span class=\"NormalTextRun SCXW218340061 BCX0\"> under <\/span><span class=\"NormalTextRun SCXW218340061 BCX0\">Folkem\u00f8det<\/span> <span class=\"NormalTextRun SCXW218340061 BCX0\">som<\/span> <span class=\"NormalTextRun SCXW218340061 BCX0\">kaldes<\/span> <\/span><span class=\"TextRun SCXW218340061 BCX0\" lang=\"DA-DK\" xml:lang=\"DA-DK\" data-contrast=\"auto\"><em><span class=\"NormalTextRun SCXW218340061 BCX0\">Folkem\u00f8det<\/span><\/em><span class=\"NormalTextRun SCXW218340061 BCX0\"><em> Flex<\/em>. <\/span><\/span><span class=\"TextRun SCXW218340061 BCX0\" lang=\"DA-DK\" xml:lang=\"DA-DK\" data-contrast=\"auto\"><span class=\"NormalTextRun SCXW218340061 BCX0\">Denne <\/span><span class=\"NormalTextRun SCXW218340061 BCX0\">billettype<\/span><span class=\"NormalTextRun SCXW218340061 BCX0\"> er <\/span><span class=\"NormalTextRun SCXW218340061 BCX0\">kun<\/span> <span class=\"NormalTextRun SCXW218340061 BCX0\">g\u00e6ldende<\/span> <span class=\"NormalTextRun SCXW218340061 BCX0\">til<\/span> <span class=\"NormalTextRun SCXW218340061 BCX0\">rejser<\/span><span class=\"NormalTextRun SCXW218340061 BCX0\"> under <\/span><span class=\"NormalTextRun SCXW218340061 BCX0\">Folkem\u00f8det<\/span><span class=\"NormalTextRun SCXW218340061 BCX0\">.<\/span><\/span><\/p><p><span class=\"TextRun SCXW74771191 BCX0\" lang=\"DA-DK\" xml:lang=\"DA-DK\" data-contrast=\"auto\"><span class=\"NormalTextRun SCXW74771191 BCX0\">Denne billet <\/span><span class=\"NormalTextRun SCXW74771191 BCX0\">kan<\/span> <span class=\"NormalTextRun SCXW74771191 BCX0\">ikke<\/span> <span class=\"NormalTextRun SCXW74771191 BCX0\">ombyttes<\/span> <span class=\"NormalTextRun SCXW74771191 BCX0\">til<\/span> <span class=\"NormalTextRun SCXW74771191 BCX0\">en<\/span> <span class=\"NormalTextRun SCXW74771191 BCX0\">almindelig<\/span><span class=\"NormalTextRun SCXW74771191 BCX0\"> Full Flex-billet.<\/span><\/span><span class=\"EOP SCXW74771191 BCX0\" data-ccp-props=\"{&quot;134233117&quot;:false,&quot;134233118&quot;:false,&quot;335559738&quot;:240,&quot;335559739&quot;:240}\">\u00a0<\/span><\/p>\t\t\t\t\t\t\t\t<\/div>\n\t\t\t\t<\/div>\n\t\t\t\t<div class=\"elementor-element elementor-element-d252ec0 elementor-widget-tablet__width-initial elementor-widget-mobile__width-inherit elementor-widget elementor-widget-text-editor\" data-id=\"d252ec0\" data-element_type=\"widget\" data-e-type=\"widget\" data-widget_type=\"text-editor.default\">\n\t\t\t\t<div class=\"elementor-widget-container\">\n\t\t\t\t\t\t\t\t\t<h4>Folkem\u00f8det Flex betingelser:<\/h4><ul><li data-leveltext=\"\uf0b7\" data-font=\"Symbol\" data-listid=\"2\" data-list-defn-props=\"{&quot;335552541&quot;:1,&quot;335559685&quot;:720,&quot;335559991&quot;:360,&quot;469769226&quot;:&quot;Symbol&quot;,&quot;469769242&quot;:[8226],&quot;469777803&quot;:&quot;left&quot;,&quot;469777804&quot;:&quot;\uf0b7&quot;,&quot;469777815&quot;:&quot;hybridMultilevel&quot;}\" aria-setsize=\"-1\" data-aria-posinset=\"1\" data-aria-level=\"1\"><span data-contrast=\"auto\">G\u00e6lder kun for afrejse mellem d. 10. &#8211; 14. juni 2026<\/span><span data-ccp-props=\"{&quot;134233117&quot;:false,&quot;134233118&quot;:false,&quot;335559738&quot;:0,&quot;335559739&quot;:0}\">\u00a0<\/span><\/li><\/ul><ul><li data-leveltext=\"\uf0b7\" data-font=\"Symbol\" data-listid=\"2\" data-list-defn-props=\"{&quot;335552541&quot;:1,&quot;335559685&quot;:720,&quot;335559991&quot;:360,&quot;469769226&quot;:&quot;Symbol&quot;,&quot;469769242&quot;:[8226],&quot;469777803&quot;:&quot;left&quot;,&quot;469777804&quot;:&quot;\uf0b7&quot;,&quot;469777815&quot;:&quot;hybridMultilevel&quot;}\" aria-setsize=\"-1\" data-aria-posinset=\"2\" data-aria-level=\"1\"><span data-contrast=\"auto\">Gratis ombooking og navne\u00e6ndring<\/span><span data-ccp-props=\"{&quot;134233117&quot;:false,&quot;134233118&quot;:false,&quot;335559738&quot;:0,&quot;335559739&quot;:0}\">\u00a0<\/span><\/li><\/ul><ul><li data-leveltext=\"\uf0b7\" data-font=\"Symbol\" data-listid=\"2\" data-list-defn-props=\"{&quot;335552541&quot;:1,&quot;335559685&quot;:720,&quot;335559991&quot;:360,&quot;469769226&quot;:&quot;Symbol&quot;,&quot;469769242&quot;:[8226],&quot;469777803&quot;:&quot;left&quot;,&quot;469777804&quot;:&quot;\uf0b7&quot;,&quot;469777815&quot;:&quot;hybridMultilevel&quot;}\" aria-setsize=\"-1\" data-aria-posinset=\"3\" data-aria-level=\"1\"><span data-contrast=\"auto\">1 x 23kg indchecket bagage og 1 x 8kg h\u00e5ndbagage inkluderet<\/span><span data-ccp-props=\"{&quot;134233117&quot;:false,&quot;134233118&quot;:false,&quot;335559738&quot;:0,&quot;335559739&quot;:0}\">\u00a0<\/span><\/li><\/ul><ul><li data-leveltext=\"\uf0b7\" data-font=\"Symbol\" data-listid=\"2\" data-list-defn-props=\"{&quot;335552541&quot;:1,&quot;335559685&quot;:720,&quot;335559991&quot;:360,&quot;469769226&quot;:&quot;Symbol&quot;,&quot;469769242&quot;:[8226],&quot;469777803&quot;:&quot;left&quot;,&quot;469777804&quot;:&quot;\uf0b7&quot;,&quot;469777815&quot;:&quot;hybridMultilevel&quot;}\" aria-setsize=\"-1\" data-aria-posinset=\"4\" data-aria-level=\"1\"><span data-contrast=\"auto\">Ved afbestilling refunderes udelukkende skatter og afgifter fratrukket et <\/span><span data-contrast=\"auto\">administrationsgebyr p\u00e5 DKK 45 per str\u00e6kning<\/span><span data-ccp-props=\"{&quot;134233117&quot;:false,&quot;134233118&quot;:false,&quot;335559738&quot;:0,&quot;335559739&quot;:0}\">\u00a0<\/span><\/li><\/ul><ul><li data-leveltext=\"\uf0b7\" data-font=\"Symbol\" data-listid=\"2\" data-list-defn-props=\"{&quot;335552541&quot;:1,&quot;335559685&quot;:720,&quot;335559991&quot;:360,&quot;469769226&quot;:&quot;Symbol&quot;,&quot;469769242&quot;:[8226],&quot;469777803&quot;:&quot;left&quot;,&quot;469777804&quot;:&quot;\uf0b7&quot;,&quot;469777815&quot;:&quot;hybridMultilevel&quot;}\" aria-setsize=\"-1\" data-aria-posinset=\"6\" data-aria-level=\"1\"><span data-contrast=\"auto\">Denne billet kan ikke ombyttes til en almindelig Full Flex-billet<\/span><\/li><\/ul>\t\t\t\t\t\t\t\t<\/div>\n\t\t\t\t<\/div>\n\t\t<a class=\"elementor-element elementor-element-8433244 e-con-full e-flex e-con e-child\" data-id=\"8433244\" data-element_type=\"container\" data-e-type=\"container\" data-settings=\"{&quot;background_background&quot;:&quot;classic&quot;}\" href=\"https:\/\/book.dat.dk\/?language=da\">\n\t\t\t\t<div class=\"elementor-element elementor-element-d6fec1b elementor-widget elementor-widget-heading\" data-id=\"d6fec1b\" data-element_type=\"widget\" data-e-type=\"widget\" data-widget_type=\"heading.default\">\n\t\t\t\t<div class=\"elementor-widget-container\">\n\t\t\t\t\t<h5 class=\"elementor-heading-title elementor-size-default\">Pris fra<\/h5>\t\t\t\t<\/div>\n\t\t\t\t<\/div>\n\t\t\t\t<div class=\"elementor-element elementor-element-8b1db7b elementor-widget elementor-widget-heading\" data-id=\"8b1db7b\" data-element_type=\"widget\" data-e-type=\"widget\" data-widget_type=\"heading.default\">\n\t\t\t\t<div class=\"elementor-widget-container\">\n\t\t\t\t\t<h1 class=\"elementor-heading-title elementor-size-default\">1.945,- DKK<\/h1>\t\t\t\t<\/div>\n\t\t\t\t<\/div>\n\t\t\t\t<div class=\"elementor-element elementor-element-f44f4ae elementor-widget elementor-widget-heading\" data-id=\"f44f4ae\" data-element_type=\"widget\" data-e-type=\"widget\" data-widget_type=\"heading.default\">\n\t\t\t\t<div class=\"elementor-widget-container\">\n\t\t\t\t\t<h5 class=\"elementor-heading-title elementor-size-default\">per vej<\/h5>\t\t\t\t<\/div>\n\t\t\t\t<\/div>\n\t\t\t\t<\/a>\n\t\t\t\t\t<\/div>\n\t\t\t\t<\/div>\n\t\t<div class=\"elementor-element elementor-element-6c4eb44 e-flex e-con-boxed e-con e-child\" data-id=\"6c4eb44\" data-element_type=\"container\" data-e-type=\"container\" data-settings=\"{&quot;background_background&quot;:&quot;classic&quot;}\">\n\t\t\t\t\t<div class=\"e-con-inner\">\n\t\t<div class=\"elementor-element elementor-element-de48efc e-con-full e-flex e-con e-child\" data-id=\"de48efc\" data-element_type=\"container\" data-e-type=\"container\" data-settings=\"{&quot;background_background&quot;:&quot;classic&quot;}\">\n\t\t\t\t<\/div>\n\t\t<div class=\"elementor-element elementor-element-db0bf6b e-flex e-con-boxed e-con e-child\" data-id=\"db0bf6b\" data-element_type=\"container\" data-e-type=\"container\">\n\t\t\t\t\t<div class=\"e-con-inner\">\n\t\t\t\t<div class=\"elementor-element elementor-element-57d9461 elementor-widget elementor-widget-heading\" data-id=\"57d9461\" data-element_type=\"widget\" data-e-type=\"widget\" data-widget_type=\"heading.default\">\n\t\t\t\t<div class=\"elementor-widget-container\">\n\t\t\t\t\t<h2 class=\"elementor-heading-title elementor-size-default\">Flyvetider til Bornholm<\/h2>\t\t\t\t<\/div>\n\t\t\t\t<\/div>\n\t\t\t\t<div class=\"elementor-element elementor-element-9abf225 elementor-hidden-mobile elementor-widget elementor-widget-raven-price-list\" data-id=\"9abf225\" data-element_type=\"widget\" data-e-type=\"widget\" data-settings=\"{&quot;separator_style&quot;:&quot;solid&quot;}\" data-widget_type=\"raven-price-list.default\">\n\t\t\t\t<div class=\"elementor-widget-container\">\n\t\t\t\t\t\n\t\t<ul class=\"raven-price-list\">\n\n\t\t\t\t\t\t\t\t\t\t\t\t<li class=\"raven-price-list-item\">\t\t\t\t\t\n\t\t\t\t\t<div class=\"raven-price-list-text\">\n\t\t\t\t\t\t\t\t\t\t\t\t\t<div class=\"raven-price-list-header\">\n\t\t\t\t\t\t\t\t\t\t\t\t\t\t\t\t\t<span class=\"raven-price-list-title\">K\u00f8benhavn (CPH)<\/span>\n\t\t\t\t\t\t\t\t\t\t\t\t\t\t\t\t\t\t\t\t\t\t\t\t\t<span class=\"raven-price-list-separator\"><\/span>\n\t\t\t\t\t\t\t\t\t\t\t\t\t\t\t\t\t\t\t\t\t\t\t\t\t<span class=\"raven-price-list-price\">40 min.<\/span>\n\t\t\t\t\t\t\t\t\t\t\t\t\t\t\t<\/div>\n\t\t\t\t\t\t\t\t\t\t\t\t\t\t\t\t\t<\/div>\n\t\t\t\t\t<\/li>\t\t\t\t\t\t\t\t\t\t\t\t\t\t\t\t<li class=\"raven-price-list-item\">\t\t\t\t\t\n\t\t\t\t\t<div class=\"raven-price-list-text\">\n\t\t\t\t\t\t\t\t\t\t\t\t\t<div class=\"raven-price-list-header\">\n\t\t\t\t\t\t\t\t\t\t\t\t\t\t\t\t\t<span class=\"raven-price-list-title\">Billund (BLL)<\/span>\n\t\t\t\t\t\t\t\t\t\t\t\t\t\t\t\t\t\t\t\t\t\t\t\t\t<span class=\"raven-price-list-separator\"><\/span>\n\t\t\t\t\t\t\t\t\t\t\t\t\t\t\t\t\t\t\t\t\t\t\t\t\t<span class=\"raven-price-list-price\">1 h 5 min.<\/span>\n\t\t\t\t\t\t\t\t\t\t\t\t\t\t\t<\/div>\n\t\t\t\t\t\t\t\t\t\t\t\t\t\t\t\t\t<\/div>\n\t\t\t\t\t<\/li>\t\t\t\t\t\t\t\t\t\t\t\t\t\t\t\t<li class=\"raven-price-list-item\">\t\t\t\t\t\n\t\t\t\t\t<div class=\"raven-price-list-text\">\n\t\t\t\t\t\t\t\t\t\t\t\t\t<div class=\"raven-price-list-header\">\n\t\t\t\t\t\t\t\t\t\t\t\t\t\t\t\t\t<span class=\"raven-price-list-title\">Aalborg (AAL)<\/span>\n\t\t\t\t\t\t\t\t\t\t\t\t\t\t\t\t\t\t\t\t\t\t\t\t\t<span class=\"raven-price-list-separator\"><\/span>\n\t\t\t\t\t\t\t\t\t\t\t\t\t\t\t\t\t\t\t\t\t\t\t\t\t<span class=\"raven-price-list-price\">1 h 15 min.<\/span>\n\t\t\t\t\t\t\t\t\t\t\t\t\t\t\t<\/div>\n\t\t\t\t\t\t\t\t\t\t\t\t\t\t\t\t\t<\/div>\n\t\t\t\t\t<\/li>\t\t\t\t\t\t\t\n\t\t<\/ul>\n\n\t\t\t\t\t\t<\/div>\n\t\t\t\t<\/div>\n\t\t\t\t<div class=\"elementor-element elementor-element-0f1c72d elementor-widget elementor-widget-text-editor\" data-id=\"0f1c72d\" data-element_type=\"widget\" data-e-type=\"widget\" data-widget_type=\"text-editor.default\">\n\t\t\t\t<div class=\"elementor-widget-container\">\n\t\t\t\t\t\t\t\t\t<h5>Praktisk Information<\/h5>\n<p>N\u00e5r du ankommer til Bornholms Lufthavn k\u00f8rer \u00f8ens busselskab,&nbsp;<a href=\"https:\/\/bat.dk\/ruter\/regionale-ruter\/\">BAT<\/a>, dig til Allinge eller dit overnatningssted. Alle bussernes k\u00f8replaner og ruter findes p\u00e5&nbsp;<a href=\"https:\/\/www.rejseplanen.dk\/\" target=\"_blank\" rel=\"noopener\">Rejseplanen.dk<\/a>. Busbilletter kan k\u00f8bes p\u00e5&nbsp;<a href=\"https:\/\/www.rejseplanen.dk\/\" target=\"_blank\" rel=\"noopener\">Rejseplanen.dk<\/a>. I busserne er kun muligt at k\u00f8be enkeltbilletter med kontakter. Klippekort kan k\u00f8bes hos et af de mange kortsalgssteder p\u00e5 Bornholm.&nbsp;&nbsp;<\/p>\n<p>Bem\u00e6rk, at Allinge er lukket for gennemk\u00f8rende trafik.&nbsp;<\/p><p>Taxa kan bestilles hos DanTaxi p\u00e5 +45 4848 4848.&nbsp;<\/p>\t\t\t\t\t\t\t\t<\/div>\n\t\t\t\t<\/div>\n\t\t\t\t\t<\/div>\n\t\t\t\t<\/div>\n\t\t\t\t\t<\/div>\n\t\t\t\t<\/div>\n\t\t\t\t\t<\/div>\n\t\t\t\t<\/div>\n\t\t\t\t<\/div>\n\t\t\t\t<\/div>\n\t\t","protected":false},"excerpt":{"rendered":"<p>Den hurtigste vej til Folkem\u00f8det I 2026 afholdes Folkem\u00f8det p\u00e5 Bornholm fra den 11. juni til den 13. juni. Vi flyver direkte fra b\u00e5de K\u00f8benhavn, Aalborg og Billund. DAT bringer danskerne til Folkem\u00f8det fra hele landet. Vi er stolt hovedsponsor af Folkem\u00f8det. Hvert \u00e5r v\u00e6lger n\u00e6sten 13.000 passagerer den hurtigste vej til Folkem\u00f8det, med DAT. [&hellip;]<\/p>\n","protected":false},"author":2,"featured_media":11151,"parent":1204,"menu_order":0,"comment_status":"closed","ping_status":"closed","template":"","meta":{"_acf_changed":false,"_seopress_robots_primary_cat":"","_seopress_titles_title":"Den hurtigste vej til Folkem\u00f8det","_seopress_titles_desc":"Flyv til Folkem\u00f8det med DAT - vi flyver fra hele Danmark, p\u00e5 en time. Velkommen ombord!","_seopress_robots_index":"","footnotes":""},"region":[52],"class_list":["post-1175","page","type-page","status-publish","has-post-thumbnail","hentry","region-da"],"acf":[],"_links":{"self":[{"href":"https:\/\/dat.dk\/de\/wp-json\/wp\/v2\/pages\/1175","targetHints":{"allow":["GET"]}}],"collection":[{"href":"https:\/\/dat.dk\/de\/wp-json\/wp\/v2\/pages"}],"about":[{"href":"https:\/\/dat.dk\/de\/wp-json\/wp\/v2\/types\/page"}],"author":[{"embeddable":true,"href":"https:\/\/dat.dk\/de\/wp-json\/wp\/v2\/users\/2"}],"replies":[{"embeddable":true,"href":"https:\/\/dat.dk\/de\/wp-json\/wp\/v2\/comments?post=1175"}],"version-history":[{"count":9,"href":"https:\/\/dat.dk\/de\/wp-json\/wp\/v2\/pages\/1175\/revisions"}],"predecessor-version":[{"id":12768,"href":"https:\/\/dat.dk\/de\/wp-json\/wp\/v2\/pages\/1175\/revisions\/12768"}],"up":[{"embeddable":true,"href":"https:\/\/dat.dk\/de\/wp-json\/wp\/v2\/pages\/1204"}],"wp:featuredmedia":[{"embeddable":true,"href":"https:\/\/dat.dk\/de\/wp-json\/wp\/v2\/media\/11151"}],"wp:attachment":[{"href":"https:\/\/dat.dk\/de\/wp-json\/wp\/v2\/media?parent=1175"}],"wp:term":[{"taxonomy":"region","embeddable":true,"href":"https:\/\/dat.dk\/de\/wp-json\/wp\/v2\/region?post=1175"}],"curies":[{"name":"wp","href":"https:\/\/api.w.org\/{rel}","templated":true}]}}