{"id":10086,"date":"2024-04-17T12:02:01","date_gmt":"2024-04-17T10:02:01","guid":{"rendered":"https:\/\/dat.dk\/travelcredit\/"},"modified":"2026-03-12T11:49:42","modified_gmt":"2026-03-12T09:49:42","slug":"travelcredit","status":"publish","type":"page","link":"https:\/\/dat.dk\/de\/travelcredit\/","title":{"rendered":"Travel Credit"},"content":{"rendered":"\t\t<div data-elementor-type=\"wp-page\" data-elementor-id=\"10086\" class=\"elementor elementor-10086 elementor-3158\">\n\t\t\t\t<div class=\"elementor-element elementor-element-60396d7 e-con-full e-flex e-con e-parent\" data-id=\"60396d7\" data-element_type=\"container\" data-e-type=\"container\" data-settings=\"{&quot;background_background&quot;:&quot;classic&quot;}\">\n\t\t<div class=\"elementor-element elementor-element-b341249 e-flex e-con-boxed e-con e-child\" data-id=\"b341249\" data-element_type=\"container\" data-e-type=\"container\">\n\t\t\t\t\t<div class=\"e-con-inner\">\n\t\t<div class=\"elementor-element elementor-element-1d4e531 e-con-full e-flex e-con e-child\" data-id=\"1d4e531\" data-element_type=\"container\" data-e-type=\"container\">\n\t\t\t\t<div class=\"elementor-element elementor-element-c2ea9b1 elementor-widget elementor-widget-heading\" data-id=\"c2ea9b1\" data-element_type=\"widget\" data-e-type=\"widget\" data-widget_type=\"heading.default\">\n\t\t\t\t<div class=\"elementor-widget-container\">\n\t\t\t\t\t<h1 class=\"elementor-heading-title elementor-size-default\">Travel Credits<\/h1>\t\t\t\t<\/div>\n\t\t\t\t<\/div>\n\t\t\t\t<div class=\"elementor-element elementor-element-f185eb6 elementor-widget elementor-widget-text-editor\" data-id=\"f185eb6\" data-element_type=\"widget\" data-e-type=\"widget\" data-widget_type=\"text-editor.default\">\n\t\t\t\t<div class=\"elementor-widget-container\">\n\t\t\t\t\t\t\t\t\t<p data-start=\"43\" data-end=\"225\"><strong>Fliegen Sie mehr mit Rabatt!<\/strong><\/p><p>Mit den vorausbezahlten Travel Credits von DAT erh\u00e4lt Ihr Unternehmen ein zus\u00e4tzliches Budget und gr\u00f6\u00dfere Flexibilit\u00e4t bei der Buchung von Flugtickets.<\/p><p>Im Gegensatz zu unseren Mehrfachtickets, die 90 Tage g\u00fcltig sind, gelten die Travel Credits volle 12 Monate ab dem Aktivierungsdatum. Das Angebot richtet sich insbesondere an Unternehmen mit hoher Reiset\u00e4tigkeit, deren Bedarf jedoch im Laufe des Jahres variieren kann \u2013 und die sich daher sowohl Flexibilit\u00e4t als auch eine l\u00e4ngere G\u00fcltigkeit w\u00fcnschen.<\/p>\t\t\t\t\t\t\t\t<\/div>\n\t\t\t\t<\/div>\n\t\t\t\t<\/div>\n\t\t<div class=\"elementor-element elementor-element-42c5ae0 e-con-full e-flex e-con e-child\" data-id=\"42c5ae0\" data-element_type=\"container\" data-e-type=\"container\">\n\t\t\t\t<div class=\"elementor-element elementor-element-aa84114 elementor-widget elementor-widget-image\" data-id=\"aa84114\" data-element_type=\"widget\" data-e-type=\"widget\" data-widget_type=\"image.default\">\n\t\t\t\t<div class=\"elementor-widget-container\">\n\t\t\t\t\t\t\t\t\t\t\t\t\t\t\t<img alt=\"\" fetchpriority=\"high\" decoding=\"async\" width=\"768\" height=\"512\" src=\"https:\/\/dat.dk\/wp-content\/uploads\/2025\/08\/credit-henrik-langaard-4-768x512.jpg\" class=\"attachment-medium_large size-medium_large wp-image-9654\" alt=\"\" srcset=\"https:\/\/dat.dk\/wp-content\/uploads\/2025\/08\/credit-henrik-langaard-4-768x512.jpg 768w, https:\/\/dat.dk\/wp-content\/uploads\/2025\/08\/credit-henrik-langaard-4-300x200.jpg 300w, https:\/\/dat.dk\/wp-content\/uploads\/2025\/08\/credit-henrik-langaard-4-1024x683.jpg 1024w, https:\/\/dat.dk\/wp-content\/uploads\/2025\/08\/credit-henrik-langaard-4-1536x1024.jpg 1536w, https:\/\/dat.dk\/wp-content\/uploads\/2025\/08\/credit-henrik-langaard-4-2048x1365.jpg 2048w\" sizes=\"(max-width: 768px) 100vw, 768px\" \/>\t\t\t\t\t\t\t\t\t\t\t\t\t\t\t<\/div>\n\t\t\t\t<\/div>\n\t\t\t\t<div class=\"elementor-element elementor-element-056a45e elementor-widget elementor-widget-text-editor\" data-id=\"056a45e\" data-element_type=\"widget\" data-e-type=\"widget\" data-widget_type=\"text-editor.default\">\n\t\t\t\t<div class=\"elementor-widget-container\">\n\t\t\t\t\t\t\t\t\t<p>Foto: Henrik Langg\u00e5rd<\/p>\t\t\t\t\t\t\t\t<\/div>\n\t\t\t\t<\/div>\n\t\t\t\t<\/div>\n\t\t\t\t\t<\/div>\n\t\t\t\t<\/div>\n\t\t\t\t<div class=\"elementor-element elementor-element-2c4b87a elementor-widget elementor-widget-text-editor\" data-id=\"2c4b87a\" data-element_type=\"widget\" data-e-type=\"widget\" data-widget_type=\"text-editor.default\">\n\t\t\t\t<div class=\"elementor-widget-container\">\n\t\t\t\t\t\t\t\t\t<p data-start=\"39\" data-end=\"376\"><strong>So funktioniert es:<\/strong><br data-start=\"58\" data-end=\"61\" \/><span data-teams=\"true\">Ihr Unternehmen w\u00e4hlt einen Betrag aus den untenstehenden Optionen und zahlt diesen im Voraus. Anschlie\u00dfend legt DAT einen Bonus obendrauf, sodass Ihr Reisebudget erh\u00f6ht wird. Der gesamte Betrag Ihrer Travel Credits kann f\u00fcr den Kauf von Tickets verwendet werden und ist 12 Monate ab dem Aktivierungsdatum g\u00fcltig.<\/span><\/p><p data-start=\"39\" data-end=\"376\">\u00a0<\/p><p data-start=\"378\" data-end=\"398\" data-is-last-node=\"\" data-is-only-node=\"\"><strong>Verf\u00fcgbare Pakete:<\/strong><\/p>\t\t\t\t\t\t\t\t<\/div>\n\t\t\t\t<\/div>\n\t\t<div class=\"elementor-element elementor-element-8a902a0 e-flex e-con-boxed e-con e-child\" data-id=\"8a902a0\" data-element_type=\"container\" data-e-type=\"container\">\n\t\t\t\t\t<div class=\"e-con-inner\">\n\t\t<div class=\"elementor-element elementor-element-f103619 e-con-full e-flex e-con e-child\" data-id=\"f103619\" data-element_type=\"container\" data-e-type=\"container\">\n\t\t\t\t<div class=\"elementor-element elementor-element-1f89d17 elementor-widget__width-initial elementor-widget elementor-widget-raven-pricing-table\" data-id=\"1f89d17\" data-element_type=\"widget\" data-e-type=\"widget\" data-widget_type=\"raven-pricing-table.default\">\n\t\t\t\t<div class=\"elementor-widget-container\">\n\t\t\t\t\t\t\t<div class=\"raven-pricing-table\">\n\t\t\t\t\t<div class=\"raven-pricing-table__header\">\n\t\t\t\t\t<h3 class=\"raven-pricing-table__heading\">\t\t\tBasic\t\t\t<\/h3>\n\t\t\t\t\t\t<\/div>\n\t\t\t\t<div class=\"raven-pricing-table__price\">\n\t\t\t\t\t\t<span class=\"raven-pricing-table__integer-part\">\n\t\t\t\t6.800\t\t\t<\/span>\n\t\t\t<span class=\"raven-pricing-table__currency\">EUR<\/span>\t\t<\/div>\n\t\t\t\t\t<ul class=\"raven-pricing-table__features-list\">\n\t\t\t\t\t\t\t\t\t<li class=\"elementor-repeater-item-0637010\">\n\t\t\t\t\t\t<div class=\"raven-pricing-table__feature-inner\">\n\t\t\t\t\t\t\t<svg aria-hidden=\"true\" class=\"e-font-icon-svg e-fas-coins\" viewBox=\"0 0 512 512\" xmlns=\"http:\/\/www.w3.org\/2000\/svg\"><path d=\"M0 405.3V448c0 35.3 86 64 192 64s192-28.7 192-64v-42.7C342.7 434.4 267.2 448 192 448S41.3 434.4 0 405.3zM320 128c106 0 192-28.7 192-64S426 0 320 0 128 28.7 128 64s86 64 192 64zM0 300.4V352c0 35.3 86 64 192 64s192-28.7 192-64v-51.6c-41.3 34-116.9 51.6-192 51.6S41.3 334.4 0 300.4zm416 11c57.3-11.1 96-31.7 96-55.4v-42.7c-23.2 16.4-57.3 27.6-96 34.5v63.6zM192 160C86 160 0 195.8 0 240s86 80 192 80 192-35.8 192-80-86-80-192-80zm219.3 56.3c60-10.8 100.7-32 100.7-56.3v-42.7c-35.5 25.1-96.5 38.6-160.7 41.8 29.5 14.3 51.2 33.5 60 57.2z\"><\/path><\/svg>\t\t\t\t\t\t\t\t<span >\n\t\t\t\t\t\t\t\t\tGesamtwert: 7.480\t\t\t\t\t\t\t\t<\/span>\n\t\t\t\t\t\t\t\t\t\t\t\t\t\t<\/div>\n\t\t\t\t\t<\/li>\n\t\t\t\t\t\t\t<\/ul>\n\t\t\t\t\t<div class=\"raven-pricing-table__footer\">\n\t\t\t\t\t\t\t<a class=\"raven-pricing-table__button raven-button raven-size-md\" href=\"mailto:kundeservice@dat.dk?subject=Travel%20credits%2050.000DKK\">\n\t\t\t\t\tHier buchen\t\t\t\t<\/a>\n\t\t\t\n\t\t\t\t\t\t\t<div class=\"raven-pricing-table__additional_info\">\n\t\t\t\t\tBonus: 680\t\t\t\t<\/div>\n\t\t\t\t\t<\/div>\n\t\t\t\t<\/div>\n\t\t\t\t<div class=\"raven-pricing-table__ribbon\">\n\t\t\t<div class=\"raven-pricing-table__ribbon-inner\">\n\t\t\t\t10% bonus\t\t\t<\/div>\n\t\t<\/div>\n\t\t\t\t\t\t<\/div>\n\t\t\t\t<\/div>\n\t\t\t\t<div class=\"elementor-element elementor-element-0ca0913 elementor-widget__width-initial elementor-widget elementor-widget-raven-pricing-table\" data-id=\"0ca0913\" data-element_type=\"widget\" data-e-type=\"widget\" data-widget_type=\"raven-pricing-table.default\">\n\t\t\t\t<div class=\"elementor-widget-container\">\n\t\t\t\t\t\t\t<div class=\"raven-pricing-table\">\n\t\t\t\t\t<div class=\"raven-pricing-table__header\">\n\t\t\t\t\t<h3 class=\"raven-pricing-table__heading\">\t\t\tPlus\t\t\t<\/h3>\n\t\t\t\t\t\t<\/div>\n\t\t\t\t<div class=\"raven-pricing-table__price\">\n\t\t\t\t\t\t<span class=\"raven-pricing-table__integer-part\">\n\t\t\t\t10.200\t\t\t<\/span>\n\t\t\t<span class=\"raven-pricing-table__currency\">EUR<\/span>\t\t<\/div>\n\t\t\t\t\t<ul class=\"raven-pricing-table__features-list\">\n\t\t\t\t\t\t\t\t\t<li class=\"elementor-repeater-item-0637010\">\n\t\t\t\t\t\t<div class=\"raven-pricing-table__feature-inner\">\n\t\t\t\t\t\t\t<svg aria-hidden=\"true\" class=\"e-font-icon-svg e-fas-coins\" viewBox=\"0 0 512 512\" xmlns=\"http:\/\/www.w3.org\/2000\/svg\"><path d=\"M0 405.3V448c0 35.3 86 64 192 64s192-28.7 192-64v-42.7C342.7 434.4 267.2 448 192 448S41.3 434.4 0 405.3zM320 128c106 0 192-28.7 192-64S426 0 320 0 128 28.7 128 64s86 64 192 64zM0 300.4V352c0 35.3 86 64 192 64s192-28.7 192-64v-51.6c-41.3 34-116.9 51.6-192 51.6S41.3 334.4 0 300.4zm416 11c57.3-11.1 96-31.7 96-55.4v-42.7c-23.2 16.4-57.3 27.6-96 34.5v63.6zM192 160C86 160 0 195.8 0 240s86 80 192 80 192-35.8 192-80-86-80-192-80zm219.3 56.3c60-10.8 100.7-32 100.7-56.3v-42.7c-35.5 25.1-96.5 38.6-160.7 41.8 29.5 14.3 51.2 33.5 60 57.2z\"><\/path><\/svg>\t\t\t\t\t\t\t\t<span >\n\t\t\t\t\t\t\t\t\tGesamtwert: 11.526\t\t\t\t\t\t\t\t<\/span>\n\t\t\t\t\t\t\t\t\t\t\t\t\t\t<\/div>\n\t\t\t\t\t<\/li>\n\t\t\t\t\t\t\t<\/ul>\n\t\t\t\t\t<div class=\"raven-pricing-table__footer\">\n\t\t\t\t\t\t\t<a class=\"raven-pricing-table__button raven-button raven-size-md\" href=\"mailto:kundeservice@dat.dk?subject=Travel%20credits%2075.000DKK\">\n\t\t\t\t\tHier buchen\t\t\t\t<\/a>\n\t\t\t\n\t\t\t\t\t\t\t<div class=\"raven-pricing-table__additional_info\">\n\t\t\t\t\tBonus: 1.326\t\t\t\t<\/div>\n\t\t\t\t\t<\/div>\n\t\t\t\t<\/div>\n\t\t\t\t<div class=\"raven-pricing-table__ribbon\">\n\t\t\t<div class=\"raven-pricing-table__ribbon-inner\">\n\t\t\t\t13% bonus\t\t\t<\/div>\n\t\t<\/div>\n\t\t\t\t\t\t<\/div>\n\t\t\t\t<\/div>\n\t\t\t\t<div class=\"elementor-element elementor-element-c7d7729 elementor-widget__width-initial elementor-widget elementor-widget-raven-pricing-table\" data-id=\"c7d7729\" data-element_type=\"widget\" data-e-type=\"widget\" data-widget_type=\"raven-pricing-table.default\">\n\t\t\t\t<div class=\"elementor-widget-container\">\n\t\t\t\t\t\t\t<div class=\"raven-pricing-table\">\n\t\t\t\t\t<div class=\"raven-pricing-table__header\">\n\t\t\t\t\t<h3 class=\"raven-pricing-table__heading\">\t\t\tPro\t\t\t<\/h3>\n\t\t\t\t\t\t<\/div>\n\t\t\t\t<div class=\"raven-pricing-table__price\">\n\t\t\t\t\t\t<span class=\"raven-pricing-table__integer-part\">\n\t\t\t\t13.500\t\t\t<\/span>\n\t\t\t<span class=\"raven-pricing-table__currency\">EUR<\/span>\t\t<\/div>\n\t\t\t\t\t<ul class=\"raven-pricing-table__features-list\">\n\t\t\t\t\t\t\t\t\t<li class=\"elementor-repeater-item-0637010\">\n\t\t\t\t\t\t<div class=\"raven-pricing-table__feature-inner\">\n\t\t\t\t\t\t\t<svg aria-hidden=\"true\" class=\"e-font-icon-svg e-fas-coins\" viewBox=\"0 0 512 512\" xmlns=\"http:\/\/www.w3.org\/2000\/svg\"><path d=\"M0 405.3V448c0 35.3 86 64 192 64s192-28.7 192-64v-42.7C342.7 434.4 267.2 448 192 448S41.3 434.4 0 405.3zM320 128c106 0 192-28.7 192-64S426 0 320 0 128 28.7 128 64s86 64 192 64zM0 300.4V352c0 35.3 86 64 192 64s192-28.7 192-64v-51.6c-41.3 34-116.9 51.6-192 51.6S41.3 334.4 0 300.4zm416 11c57.3-11.1 96-31.7 96-55.4v-42.7c-23.2 16.4-57.3 27.6-96 34.5v63.6zM192 160C86 160 0 195.8 0 240s86 80 192 80 192-35.8 192-80-86-80-192-80zm219.3 56.3c60-10.8 100.7-32 100.7-56.3v-42.7c-35.5 25.1-96.5 38.6-160.7 41.8 29.5 14.3 51.2 33.5 60 57.2z\"><\/path><\/svg>\t\t\t\t\t\t\t\t<span >\n\t\t\t\t\t\t\t\t\tGesamtwert: 15.525\t\t\t\t\t\t\t\t<\/span>\n\t\t\t\t\t\t\t\t\t\t\t\t\t\t<\/div>\n\t\t\t\t\t<\/li>\n\t\t\t\t\t\t\t<\/ul>\n\t\t\t\t\t<div class=\"raven-pricing-table__footer\">\n\t\t\t\t\t\t\t<a class=\"raven-pricing-table__button raven-button raven-size-md\" href=\"mailto:kundeservice@dat.dk?subject=Travel%20credits%20100.000DKK\">\n\t\t\t\t\tHier buchen\t\t\t\t<\/a>\n\t\t\t\n\t\t\t\t\t\t\t<div class=\"raven-pricing-table__additional_info\">\n\t\t\t\t\tBonus: 2.025\t\t\t\t<\/div>\n\t\t\t\t\t<\/div>\n\t\t\t\t<\/div>\n\t\t\t\t<div class=\"raven-pricing-table__ribbon\">\n\t\t\t<div class=\"raven-pricing-table__ribbon-inner\">\n\t\t\t\t15% bonus\t\t\t<\/div>\n\t\t<\/div>\n\t\t\t\t\t\t<\/div>\n\t\t\t\t<\/div>\n\t\t\t\t<\/div>\n\t\t<div class=\"elementor-element elementor-element-b4bbaea e-flex e-con-boxed e-con e-child\" data-id=\"b4bbaea\" data-element_type=\"container\" data-e-type=\"container\" data-settings=\"{&quot;background_background&quot;:&quot;classic&quot;}\">\n\t\t\t\t\t<div class=\"e-con-inner\">\n\t\t<div class=\"elementor-element elementor-element-2702c58 e-flex e-con-boxed e-con e-child\" data-id=\"2702c58\" data-element_type=\"container\" data-e-type=\"container\">\n\t\t\t\t\t<div class=\"e-con-inner\">\n\t\t\t\t<div class=\"elementor-element elementor-element-442fcd2 elementor-widget elementor-widget-text-editor\" data-id=\"442fcd2\" data-element_type=\"widget\" data-e-type=\"widget\" data-widget_type=\"text-editor.default\">\n\t\t\t\t<div class=\"elementor-widget-container\">\n\t\t\t\t\t\t\t\t\t<p data-start=\"39\" data-end=\"57\"><strong data-start=\"39\" data-end=\"55\">Bedingungen:<\/strong><\/p><ul><li data-start=\"59\" data-end=\"273\"><p data-start=\"39\" data-end=\"103\">Travel Credits sind 12 Monate ab dem Aktivierungsdatum g\u00fcltig.<\/p><\/li><li data-start=\"59\" data-end=\"273\"><p data-start=\"39\" data-end=\"103\">Nicht genutzte Travel Credits werden nicht erstattet.<\/p><\/li><li data-start=\"59\" data-end=\"273\"><p data-start=\"39\" data-end=\"103\">Travel Credits k\u00f6nnen nicht zum Kauf von erm\u00e4\u00dfigten Tickets verwendet werden, einschlie\u00dflich Aktions-\/Promotionstarifen oder sozialen Erm\u00e4\u00dfigungen (Senioren-, Milit\u00e4r- oder Studententickets).<\/p><\/li><li data-start=\"59\" data-end=\"273\"><p data-start=\"39\" data-end=\"103\">Es kann nur ein Paket gleichzeitig aktiv sein. Neue Pakete k\u00f6nnen erworben werden, sobald das aktuelle Guthaben an Travel Credits aufgebraucht ist.<\/p><\/li><li data-start=\"59\" data-end=\"273\"><p data-start=\"39\" data-end=\"103\">Travel Credits k\u00f6nnen nur auf DATs d\u00e4nischen und norwegischen Linienfl\u00fcgen sowie auf den deutschen Strecken ab Saarbr\u00fccken (SCN) und unserer Route von Linz nach Frankfurt verwendet werden.<\/p><\/li><li data-start=\"59\" data-end=\"273\"><p data-start=\"39\" data-end=\"103\">Reiseb\u00fcros und \u00e4hnliche Vermittler d\u00fcrfen keine Travel Credits verwenden. Solche Parteien m\u00fcssen stattdessen einen Agenturvertrag beantragen.<\/p><\/li><li data-start=\"59\" data-end=\"273\"><p data-start=\"39\" data-end=\"103\">Mit Travel Credits gekaufte Tickets d\u00fcrfen nicht weiterverkauft werden. Ein Versto\u00df gegen diese Regel f\u00fchrt zur sofortigen Schlie\u00dfung des Benutzerkontos.<\/p><\/li><\/ul>\t\t\t\t\t\t\t\t<\/div>\n\t\t\t\t<\/div>\n\t\t\t\t\t<\/div>\n\t\t\t\t<\/div>\n\t\t\t\t\t<\/div>\n\t\t\t\t<\/div>\n\t\t\t\t\t<\/div>\n\t\t\t\t<\/div>\n\t\t\t\t<\/div>\n\t\t<div class=\"elementor-element elementor-element-c95e43d e-flex e-con-boxed e-con e-parent\" data-id=\"c95e43d\" data-element_type=\"container\" data-e-type=\"container\">\n\t\t\t\t\t<div class=\"e-con-inner\">\n\t\t\t\t<div class=\"elementor-element elementor-element-b2933b8 elementor-widget elementor-widget-text-editor\" data-id=\"b2933b8\" data-element_type=\"widget\" data-e-type=\"widget\" data-widget_type=\"text-editor.default\">\n\t\t\t\t<div class=\"elementor-widget-container\">\n\t\t\t\t\t\t\t\t\t<h3>So bestellen Sie:<\/h3><p data-start=\"64\" data-end=\"162\">Kontaktieren Sie unseren Kundenservice unter <strong data-start=\"109\" data-end=\"132\"><a class=\"decorated-link cursor-pointer\" rel=\"noopener\" data-start=\"111\" data-end=\"130\">kundeservice@dat.dk<\/a><\/strong> und geben Sie Folgendes an:<\/p><ul data-start=\"164\" data-end=\"312\"><li data-start=\"164\" data-end=\"194\"><p data-start=\"166\" data-end=\"194\">Gew\u00fcnschtes Paket (Betrag)<\/p><\/li><li data-start=\"195\" data-end=\"220\"><p data-start=\"197\" data-end=\"220\">Name des Unternehmens<\/p><\/li><li data-start=\"221\" data-end=\"312\"><p data-start=\"223\" data-end=\"312\">Name sowie Kontaktdaten des Mitarbeiters oder Agenten, der die Tickets reservieren soll<\/p><\/li><\/ul><p data-start=\"314\" data-end=\"496\" data-is-last-node=\"\" data-is-only-node=\"\">Unser Kundenservice wird sich anschlie\u00dfend mit den n\u00e4chsten Schritten im Prozess bei Ihnen melden, einschlie\u00dflich relevanter Links und Anleitungen, wie die Tickets reserviert werden.<\/p>\t\t\t\t\t\t\t\t<\/div>\n\t\t\t\t<\/div>\n\t\t\t\t\t<\/div>\n\t\t\t\t<\/div>\n\t\t\t\t<\/div>\n\t\t","protected":false},"excerpt":{"rendered":"<p>Travel Credits Fliegen Sie mehr mit Rabatt! Mit den vorausbezahlten Travel Credits von DAT erh\u00e4lt Ihr Unternehmen ein zus\u00e4tzliches Budget und gr\u00f6\u00dfere Flexibilit\u00e4t bei der Buchung von Flugtickets. Im Gegensatz zu unseren Mehrfachtickets, die 90 Tage g\u00fcltig sind, gelten die Travel Credits volle 12 Monate ab dem Aktivierungsdatum. Das Angebot richtet sich insbesondere an Unternehmen [&hellip;]<\/p>\n","protected":false},"author":2,"featured_media":9654,"parent":0,"menu_order":0,"comment_status":"closed","ping_status":"closed","template":"elementor_theme","meta":{"_acf_changed":false,"_seopress_robots_primary_cat":"","_seopress_titles_title":"","_seopress_titles_desc":"","_seopress_robots_index":"","footnotes":""},"region":[56,57,59],"class_list":["post-10086","page","type-page","status-publish","has-post-thumbnail","hentry","region-da","region-de","region-no"],"acf":[],"_links":{"self":[{"href":"https:\/\/dat.dk\/de\/wp-json\/wp\/v2\/pages\/10086","targetHints":{"allow":["GET"]}}],"collection":[{"href":"https:\/\/dat.dk\/de\/wp-json\/wp\/v2\/pages"}],"about":[{"href":"https:\/\/dat.dk\/de\/wp-json\/wp\/v2\/types\/page"}],"author":[{"embeddable":true,"href":"https:\/\/dat.dk\/de\/wp-json\/wp\/v2\/users\/2"}],"replies":[{"embeddable":true,"href":"https:\/\/dat.dk\/de\/wp-json\/wp\/v2\/comments?post=10086"}],"version-history":[{"count":6,"href":"https:\/\/dat.dk\/de\/wp-json\/wp\/v2\/pages\/10086\/revisions"}],"predecessor-version":[{"id":12859,"href":"https:\/\/dat.dk\/de\/wp-json\/wp\/v2\/pages\/10086\/revisions\/12859"}],"wp:featuredmedia":[{"embeddable":true,"href":"https:\/\/dat.dk\/de\/wp-json\/wp\/v2\/media\/9654"}],"wp:attachment":[{"href":"https:\/\/dat.dk\/de\/wp-json\/wp\/v2\/media?parent=10086"}],"wp:term":[{"taxonomy":"region","embeddable":true,"href":"https:\/\/dat.dk\/de\/wp-json\/wp\/v2\/region?post=10086"}],"curies":[{"name":"wp","href":"https:\/\/api.w.org\/{rel}","templated":true}]}}